{"id":860,"date":"2023-09-14T19:36:40","date_gmt":"2023-09-14T19:36:40","guid":{"rendered":"https:\/\/huisheuro.wpengine.com\/product\/oceanic-dive-housing\/"},"modified":"2026-04-15T05:31:05","modified_gmt":"2026-04-15T05:31:05","slug":"oceanic-dive-housing","status":"publish","type":"product","link":"https:\/\/eu.oceanicworldwide.com\/sv\/produkt\/oceanic-dive-housing\/","title":{"rendered":"Oceanic+ Dive Housing"},"content":{"rendered":"<p><img loading=\"lazy\" decoding=\"async\" class=\"alignnone size-full wp-image-114912\" src=\"https:\/\/eu.oceanicworldwide.com\/wp-content\/uploads\/2023\/11\/SWE-Oceanic-Plus-Dive-Housing-Overview.png\" alt=\"\" width=\"1920\" height=\"1080\" \/><\/p>\n<p>Produktvikt: 975 g\/Produktm\u00e5tt:\u00a024,6 cm B x 11,2 cm H x 6,9 cm D<\/p>\n<p>Temperaturomr\u00e5de f\u00f6r drift: 4\u00b0 TILL 35\u00b0 C. \u00d6verskrid aldrig den l\u00e4gsta eller den h\u00f6gsta driftstemperaturen f\u00f6r din iOS-enhet.<\/p>\n<p><span style=\"font-family: 'Ubuntu',sans-serif; color: black;\">Vad finns i den medf\u00f6ljande reservdelssatsen?<\/span><\/p>\n<ul>\n<li>5x Torkmedel<\/li>\n<li>1x F\u00f6rpackning med fett<\/li>\n<li>1x O-ring<\/li>\n<li>1x O-ringsverktyg<\/li>\n<li>2x Gummikuddar<\/li>\n<\/ul>\n<p>&nbsp;<\/p>\n","protected":false},"excerpt":{"rendered":"<p><strong><img decoding=\"async\" class=\"alignnone wp-image-130452 size-medium\" src=\"https:\/\/www.oceanicworldwide.com\/wp-content\/uploads\/sites\/6\/2023\/02\/PD2024_RD_t-300x176.png\" alt=\"\" width=\"150\" data-wp-editing=\"1\" \/><\/strong><\/p>\n<p><strong>Ditt<strong style=\"color: #0075ff;\">Dyk<\/strong><\/strong><strong>Din<strong style=\"color: #0075ff;\">Ber\u00e4ttelse<\/strong><\/strong><\/p>\n<p class=\"p1\">Nu kan du anv\u00e4nda din iPhone b\u00e5de som en undervattenskamera och en dykdator!<\/p>\n<p>Det patents\u00f6kta Oceanic+ Dive Housing l\u00e5ter dig ta fantastiska bilder med automatisk f\u00e4rgkorrigering p\u00e5 din iPhone n\u00e4r du dyker eller under vatten\u00e4ventyr.<\/p>\n<p>Med appen Oceanic+ och Dive Housing blir din iPhone \u00e4ven en komplett dykdator.<\/p>\n<p>En app, ett abonnemang, tv\u00e5 enheter! Med appen Oceanic+ kan du anv\u00e4nda samma abonnemang f\u00f6r b\u00e5de Apple Watch Ultra och iPhone. Detta inneb\u00e4r att du kan spara pengar genom att ha tv\u00e5 enheter som delar samma abonnemang. Men Oceanic+ Dive Housing inneb\u00e4r ocks\u00e5 att du inte beh\u00f6ver dyka med b\u00e5de Apple Watch Ultra och iPhone, I slutet av varje dyk v\u00e4ljs den prim\u00e4ra datorn f\u00f6r dina dykdata.<\/p>\n<p><strong>Titta p\u00e5 produktlanseringsvideon <a href=\"https:\/\/www.youtube.com\/watch?v=lVRbcagnwkA\"><u>h\u00e4r.<\/u><\/a><\/strong><\/p>\n<p><a href=\"#compatible\"><strong>\u00c4r min iPhone kompatibel? Kontrollera h\u00e4r.<\/strong><\/a><\/p>\n<p><strong>Tillg\u00e4nglig att best\u00e4lla enbart i l\u00e4nder som \u00e4r med i EU.<\/strong><\/p>\n<p>Om du befinner dig i ett annat land ska du <a href=\"https:\/\/www.oceanicworldwide.com\/international\/\"><u>klicka h\u00e4r<\/u><\/a> f\u00f6r att kontakta din lokala \u00e5terf\u00f6rs\u00e4ljare.<\/p>\n","protected":false},"featured_media":2382,"comment_status":"open","ping_status":"closed","template":"","meta":{"_acf_changed":false},"product_cat":[120,121,122],"product_tag":[],"class_list":{"0":"post-860","1":"product","2":"type-product","3":"status-publish","4":"has-post-thumbnail","6":"product_cat-computers-sv","7":"product_cat-oceanic-plus-accessories-sv","8":"product_cat-oceanic-team-picks-sv","10":"first","11":"instock","12":"featured","13":"taxable","14":"shipping-taxable","15":"purchasable","16":"product-type-simple"},"acf":[],"_links":{"self":[{"href":"https:\/\/eu.oceanicworldwide.com\/sv\/wp-json\/wp\/v2\/product\/860","targetHints":{"allow":["GET"]}}],"collection":[{"href":"https:\/\/eu.oceanicworldwide.com\/sv\/wp-json\/wp\/v2\/product"}],"about":[{"href":"https:\/\/eu.oceanicworldwide.com\/sv\/wp-json\/wp\/v2\/types\/product"}],"replies":[{"embeddable":true,"href":"https:\/\/eu.oceanicworldwide.com\/sv\/wp-json\/wp\/v2\/comments?post=860"}],"wp:featuredmedia":[{"embeddable":true,"href":"https:\/\/eu.oceanicworldwide.com\/sv\/wp-json\/wp\/v2\/media\/2382"}],"wp:attachment":[{"href":"https:\/\/eu.oceanicworldwide.com\/sv\/wp-json\/wp\/v2\/media?parent=860"}],"wp:term":[{"taxonomy":"product_cat","embeddable":true,"href":"https:\/\/eu.oceanicworldwide.com\/sv\/wp-json\/wp\/v2\/product_cat?post=860"},{"taxonomy":"product_tag","embeddable":true,"href":"https:\/\/eu.oceanicworldwide.com\/sv\/wp-json\/wp\/v2\/product_tag?post=860"}],"curies":[{"name":"wp","href":"https:\/\/api.w.org\/{rel}","templated":true}]}}