{"id":822,"date":"2023-11-10T19:11:28","date_gmt":"2023-11-10T19:11:28","guid":{"rendered":"https:\/\/huisheuro.wpengine.com\/?page_id=822"},"modified":"2023-11-10T19:26:20","modified_gmt":"2023-11-10T19:26:20","slug":"oceanic-villkor-och-bestammelser-2","status":"publish","type":"page","link":"https:\/\/eu.oceanicworldwide.com\/sv\/oceanic-villkor-och-bestammelser-2\/","title":{"rendered":"Oceanic villkor och best\u00e4mmelser"},"content":{"rendered":"\n<div class=\"container\">\n<div class=\"row\">\n<div class=\"col\">\n<p>Oceanic villkor och best\u00e4mmelser<\/p>\n\n\n\n<p>V\u00e4lkommen till webbplatsen eu.OceanicWorldwide.com (\u201dPlatsen\u201d). Oceanic tillhandah\u00e5ller tj\u00e4nster till dig enligt de meddelanden, villkor och best\u00e4mmelser som anges i detta avtal (&#8220;Avtalet&#8221;).Dessutom, n\u00e4r du anv\u00e4nder n\u00e5gon av v\u00e5ra tj\u00e4nster (t.ex. kundrecensioner), omfattas du av de regler, riktlinjer, policyer samt de villkor och best\u00e4mmelser som \u00e4r till\u00e4mpliga p\u00e5 s\u00e5dan tj\u00e4nst, och de inf\u00f6rlivas i detta avtal genom denna referens. Vi f\u00f6rbeh\u00e5ller oss r\u00e4tten att \u00e4ndra denna webbplats och dessa villkor n\u00e4r som helst.&nbsp;<strong>N\u00c4R DU KOMMER \u00c5T, BL\u00c4DDRAR ELLER P\u00c5 ANNAT S\u00c4TT ANV\u00c4NDER WEBBPLATSEN INDIKERAR DU ATT DU GODTAR ALLA VILLKOR OCH BEST\u00c4MMELSER I DETTA AVTAL, S\u00c5 L\u00c4S DETTA AVTAL NOGGRANT INNAN DU FORTS\u00c4TTER.<\/strong><\/p>\n\n\n\n<p><strong>ANV\u00c4NDNING AV PLATSEN<\/strong><strong><br><\/strong>Du intygar och garanterar att du \u00e4r minst 18 \u00e5r gammal eller bes\u00f6ker webbplatsen under \u00f6verinseende av en f\u00f6r\u00e4lder eller v\u00e5rdnadshavare.<\/p>\n\n\n\n<p>I enlighet med villkoren i detta avtal ger vi dig h\u00e4rmed en begr\u00e4nsad, \u00e5terkallbar, icke-\u00f6verl\u00e5tbar och icke-exklusiv licens att komma \u00e5t och anv\u00e4nda webbplatsen genom att visa den i din webbl\u00e4sare endast i syfte att handla personliga f\u00f6rem\u00e5l som s\u00e5lts p\u00e5 webbplatsen och inte f\u00f6r kommersiellt bruk eller anv\u00e4ndning p\u00e5 uppdrag av n\u00e5gon tredje part, f\u00f6rutom vad som uttryckligen till\u00e5ts av oss i f\u00f6rv\u00e4g. Varje \u00f6vertr\u00e4delse av detta avtal resulterar i omedelbar \u00e5terkallelse av licensen som beviljats \u200bi denna paragraf utan f\u00f6reg\u00e5ende meddelande till dig.<\/p>\n\n\n\n<p>F\u00f6rutom vad som \u00e4r till\u00e5tet i stycket ovan f\u00e5r du inte reproducera, distribuera, visa, s\u00e4lja, leasa, \u00f6verf\u00f6ra, skapa h\u00e4rledda verk fr\u00e5n, \u00f6vers\u00e4tta, modifiera, omv\u00e4nda, demontera, dekompilera eller p\u00e5 annat s\u00e4tt utnyttja denna webbplats eller n\u00e5gon del av den s\u00e5vida inte det uttryckligen till\u00e5tits av oss skriftligen. Du f\u00e5r inte anv\u00e4nda informationen som tillhandah\u00e5lls p\u00e5 webbplatsen i kommersiellt syfte eller anv\u00e4nda webbplatsen till f\u00f6rm\u00e5n f\u00f6r ett annat f\u00f6retag s\u00e5vida det inte uttryckligen till\u00e5tits av oss p\u00e5 f\u00f6rhand. Vi f\u00f6rbeh\u00e5ller oss r\u00e4tten att v\u00e4gra service, avsluta konton och\/eller avbryta best\u00e4llningar efter eget gottfinnande, inklusive, utan begr\u00e4nsning, om vi anser att ett kundbeteende bryter mot till\u00e4mplig lag eller \u00e4r skadligt f\u00f6r v\u00e5ra intressen.<\/p>\n\n\n\n<p>Du f\u00e5r inte ladda upp till, distribuera eller p\u00e5 annat s\u00e4tt publicera genom denna webbplats n\u00e5got inneh\u00e5ll, information eller annat material som (a) bryter mot eller g\u00f6r intr\u00e5ng i n\u00e5gon persons upphovsr\u00e4tt, patent, varum\u00e4rken, servicem\u00e4rken, aff\u00e4rshemligheter eller andra \u00e4gander\u00e4tter; (b) \u00e4r \u00e4rekr\u00e4nkande, hotfullt, obscent, oanst\u00e4ndigt, pornografiskt eller som kan ge upphov till civilr\u00e4ttsligt eller straffr\u00e4ttsligt ansvar enligt amerikansk eller internationell lag; eller (c) inkluderar buggar, virus, maskar, falld\u00f6rrar, trojanska h\u00e4star eller annan skadlig kod eller egenskaper.<\/p>\n\n\n\n<p>Inneh\u00e5ll som tillhandah\u00e5lls p\u00e5 denna webbplats \u00e4r endast i informationssyfte. Det \u00e4r ditt eget ansvar att konsultera en legitimerad l\u00e4kare eller kvalificerad sjukv\u00e5rdspersonal f\u00f6r r\u00e5d, diagnos och\/eller behandling av n\u00e5got h\u00e4lsorelaterat tillst\u00e5nd. Poster eller \u00e5sikter som uttrycks p\u00e5 denna webbplats tillh\u00f6r enbart den person som skickar in eller uttrycker sin \u00e5sikt och \u00e5terspeglar inte n\u00f6dv\u00e4ndigtvis v\u00e5ra \u00e5sikter. Produktrepresentationer som uttrycks p\u00e5 denna webbplats \u00e4r leverant\u00f6rens och g\u00f6rs inte av oss.<\/p>\n\n\n\n<p>Vi kan tilldela dig ett l\u00f6senord och kontoidentifiering f\u00f6r att du ska kunna komma \u00e5t och anv\u00e4nda vissa delar av denna webbplats. Varje g\u00e5ng du anv\u00e4nder ett l\u00f6senord eller identifieringen anses du ha beh\u00f6righet att komma \u00e5t och anv\u00e4nda webbplatsen p\u00e5 ett s\u00e4tt som \u00f6verensst\u00e4mmer med villkoren i detta avtal, och vi har ingen skyldighet att unders\u00f6ka auktoriseringen eller k\u00e4llan till s\u00e5dan \u00e5tkomst. eller anv\u00e4ndning av webbplatsen.<strong>DU BLIR ENSAM ANSVARIG F\u00d6R ALL \u00c5TKOMST TILL OCH ANV\u00c4NDNING AV DENNA WEBBPLATS AV EN PERSON SOM ANV\u00c4NDER L\u00d6SENORDET OCH IDENTIFIERINGEN SOM URSPRUNGLIGEN TILLDELADES DIG OAVSETT OM S\u00c5DAN \u00c5TKOMST TILL OCH ANV\u00c4NDNING AV DENNA WEBBPLATS AUKTORISERAS AV DIG, INKLUSIVE UTAN BEGR\u00c4NSNINGAR, ALLA KOMMUNIKATIONER OCH \u00d6VERF\u00d6RINGAR SAMT ALLA SKYLDIGHETER (INKLUSIVE UTAN BEGR\u00c4NSNING FINANSIELLA F\u00d6RPLIKTELSER) SOM UPPST\u00c5R GENOM S\u00c5DAN \u00c5TKOMST ELLER ANV\u00c4NDNING.<\/strong>&nbsp;Du \u00e4r ensam ansvarig f\u00f6r att skydda l\u00f6senordet och identifieringen som tilldelats dig. Du ska omedelbart meddela oss om all obeh\u00f6rig anv\u00e4ndning av ditt l\u00f6senord eller din identifiering eller n\u00e5gon annat \u00f6vertr\u00e4delse eller hot mot webbplatens s\u00e4kerhet.<\/p>\n\n\n\n<p><strong>RECENSIONER OCH KOMMENTARER<\/strong><strong><br><\/strong>Om inte annat anges p\u00e5 annat h\u00e5ll i detta avtal eller p\u00e5 webbplatsen, \u00e4r allt som du skickar in eller publicerar p\u00e5 webbplatsen och\/eller tillhandah\u00e5ller oss, inklusive utan begr\u00e4nsning, id\u00e9er, know-how, tekniker, fr\u00e5gor, recensioner, kommentarer och f\u00f6rslag (tillsammans ben\u00e4mnda \u201dInskickningar&#8221;) och kommer att behandlas som icke-konfidentiella och icke-\u00e4gander\u00e4ttsskyddade, och vi ska ha den royaltyfria, v\u00e4rldsomsp\u00e4nnande, eviga, o\u00e5terkalleliga och \u00f6verf\u00f6rbara r\u00e4tten att anv\u00e4nda, kopiera, distribuera, visa, publicera, framf\u00f6ra, s\u00e4lja , leasa, \u00f6verf\u00f6ra, anpassa och skapa h\u00e4rledda verk fr\u00e5n s\u00e5dana inl\u00e4mningar p\u00e5 alla s\u00e4tt och i vilken form som helst samt att \u00f6vers\u00e4tta, modifiera, bak\u00e5tkonstruera, plocka is\u00e4r eller dekompilera s\u00e5dana inskickningar. Alla inskickningar blir automatiskt enbart och exklusivt v\u00e5r egendom och ska inte returneras till dig.<\/p>\n\n\n\n<p>Ut\u00f6ver de r\u00e4ttigheter som \u00e4r till\u00e4mpliga p\u00e5 alla inskickningar, n\u00e4r du postar kommentarer eller recensioner p\u00e5 webbplatsen, ger du oss ocks\u00e5 r\u00e4tten att anv\u00e4nda namnet som du skickar in i samband med eventuell recension, kommentar eller annat inneh\u00e5ll. Du intygar och garanterar att du \u00e4ger eller p\u00e5 annat s\u00e4tt kontrollerar alla r\u00e4ttigheter till recensioner, kommentarer och annat inneh\u00e5ll som du publicerar p\u00e5 denna webbplats och att anv\u00e4ndningen av dina recensioner, kommentarer eller annat inneh\u00e5ll av oss inte kommer att g\u00f6ra intr\u00e5ng i eller kr\u00e4nka r\u00e4ttigheterna av n\u00e5gon tredje part. Du f\u00e5r inte anv\u00e4nda en falsk e-postadress, l\u00e5tsas vara n\u00e5gon annan \u00e4n dig sj\u00e4lv eller p\u00e5 annat s\u00e4tt vilseleda oss eller tredje part i fr\u00e5gan om ursprunget till inl\u00e4gg eller inneh\u00e5ll. Vi kan, men ska inte vara skyldiga att, ta bort eller redigera inl\u00e4gg (inklusive kommentarer eller recensioner) av n\u00e5gon anledning.<\/p>\n\n\n\n<p><strong>IMMATERIELL EGENDOM<\/strong><strong><br><\/strong>Allt inneh\u00e5ll p\u00e5 denna webbplats, inklusive men inte begr\u00e4nsat till text, grafik, bilder och kod, s\u00e5v\u00e4l som enskilda bilder eller fotografier, \u00e4r upphovsr\u00e4ttsskyddat enligt USA:s lagar samt andra upphovsr\u00e4ttslagar, och tillh\u00f6r uteslutande Oceanic \u00f6ver hela v\u00e4rlden. All anv\u00e4ndning, inklusive all reproduktion, distribution, visning eller \u00f6verf\u00f6ring av inneh\u00e5llet p\u00e5 denna webbplats eller enskilda bilder eller fotografier p\u00e5 denna webbplats \u00e4r str\u00e4ngt f\u00f6rbjuden.<\/p>\n\n\n\n<p>Alla andra f\u00f6retag, varum\u00e4rken och produktnamn \u00e4r varum\u00e4rken som tillh\u00f6r sina respektive \u00e4gare. Denna webbsida har ingen anknytning till, och \u00e4r inte associerad eller sponsrad av n\u00e5gon av dessa varum\u00e4rkes\u00e4gare.<\/p>\n\n\n\n<p>\u00c4ven om alla anstr\u00e4ngningar g\u00f6rs f\u00f6r att s\u00e4kerst\u00e4lla att informationen p\u00e5 denna webbplats \u00e4r korrekt, kan design, funktioner, komponentdelar, f\u00e4rger och priser \u00e4ndras.<\/p>\n\n\n\n<p><strong>INTEGRITETSPOLICY<\/strong><\/p>\n\n\n\n<p>L\u00e4s v\u00e5r Sekretesspolicy, som \u00e4ven styr ditt bes\u00f6k till den h\u00e4r platsen, f\u00f6r att f\u00f6rst\u00e5 v\u00e5r praxis.<\/p>\n\n\n\n<p><strong>UPPS\u00c4GNING OCH EFFEKT AV UPPS\u00c4GNING<\/strong><strong><br><\/strong>Ut\u00f6ver alla andra r\u00e4ttsliga eller sk\u00e4liga \u00e5tg\u00e4rder kan vi, utan f\u00f6reg\u00e5ende meddelande till dig, omedelbart s\u00e4ga upp avtalet eller \u00e5terkalla n\u00e5gon eller alla av dina r\u00e4ttigheter som beviljats \u200b\u200benligt detta avtal. Vid upps\u00e4gning av detta avtal ska du omedelbart upph\u00f6ra med all \u00e5tkomst till och anv\u00e4ndning av webbplatsen och vi ska, ut\u00f6ver alla andra r\u00e4ttsliga eller sk\u00e4liga \u00e5tg\u00e4rder, omedelbart \u00e5terkalla alla l\u00f6senord och kontoidentifiering som utf\u00e4rdats till dig och neka \u00e5tkomst till och anv\u00e4ndning av denna webbplats helt eller delvis. Varje upps\u00e4gning av detta avtal ska inte p\u00e5verka parternas respektive r\u00e4ttigheter och skyldigheter (inklusive utan begr\u00e4nsning betalningsskyldigheter) som uppst\u00e5r f\u00f6re upps\u00e4gningsdatumet.<\/p>\n\n\n\n<p><strong>INTERNATIONELL \u00c5TKOMST<\/strong><strong><br><\/strong>Denna webbplats (dom\u00e4n och underdom\u00e4ner) kan n\u00e5s fr\u00e5n andra l\u00e4nder \u00e4n USA. Webbplatsen kan inneh\u00e5lla produkter eller referenser till produkter som inte \u00e4r tillg\u00e4ngliga utanf\u00f6r USA. S\u00e5dana referenser inneb\u00e4r inte att s\u00e5dana produkter kommer att g\u00f6ras tillg\u00e4ngliga utanf\u00f6r USA. Om du bes\u00f6ker och anv\u00e4nder denna webbplats utanf\u00f6r USA \u00e4r du ansvarig f\u00f6r att f\u00f6lja dina lokala lagar och f\u00f6rordningar.<\/p>\n\n\n\n<p><strong>FRISKRIVNING FR\u00c5N GARANTI<\/strong><strong><br><\/strong>Oceanic garanterar inte att inneh\u00e5llet p\u00e5 webbplatsen \u00e4r korrekt, eller att webbplatsens funktion kommer att vara felfri eller oavbruten, eller att den kommer att vara fri fr\u00e5n virus eller andra skadliga komponenter. Du anv\u00e4nder platsen p\u00e5 egen risk. Oceanic garanterar inte att din anv\u00e4ndning av material som visas p\u00e5 denna webbplats inte kommer att g\u00f6ra intr\u00e5ng i tredje parts r\u00e4ttigheter. Information som publiceras p\u00e5 denna webbplats kan h\u00e4nvisa till produkter, program eller tj\u00e4nster som inte \u00e4r tillg\u00e4ngliga i ditt land. Utan att begr\u00e4nsa det f\u00f6reg\u00e5ende tillhandah\u00e5lls webbplatsen &#8220;I BEFINTLIGT SKICK&#8221; och utan garantier av n\u00e5got slag, varken uttryckliga eller underf\u00f6rst\u00e5dda, inklusive, men inte begr\u00e4nsat till, underf\u00f6rst\u00e5dda garantier om s\u00e4ljbarhet, l\u00e4mplighet f\u00f6r ett visst \u00e4ndam\u00e5l eller icke-intr\u00e5ng. En del jurisdiktioner kanske inte till\u00e5ter uteslutning av underf\u00f6rst\u00e5dda garantier, s\u00e5 vissa av ovanst\u00e5ende undantag kanske inte g\u00e4ller dig.<\/p>\n\n\n\n<p><strong>BEGR\u00c4NSNING AV SKADEST\u00c5NDSANSVAR<\/strong><strong><br><\/strong>Varken Oceanic eller en tredje part som \u00e4r involverad i att skapa eller leverera webbplatsen kommer att h\u00e5llas ansvariga oavsett teori (inklusive v\u00e5rdsl\u00f6shet) f\u00f6r n\u00e5gra som helst tillf\u00e4lliga, f\u00f6ljdskador, indirekta, speciella eller straffskador som uppst\u00e5r till f\u00f6ljd av din \u00e5tkomst till eller anv\u00e4ndning av webbplatsen, \u00e4ven om Oceanic har informerats om m\u00f6jligheten till s\u00e5dana skador.<\/p>\n\n\n\n<p><strong>TYPOGRAFISKA FEL<\/strong><strong><br><\/strong>Om en produkt \u00e4r listad till ett felaktigt pris eller med felaktig information p\u00e5 grund av typografiska fel eller fel i priss\u00e4ttning eller produktinformation som erh\u00e5llits fr\u00e5n v\u00e5ra leverant\u00f6rer, har vi r\u00e4tt att v\u00e4gra eller annullera alla best\u00e4llningar som gjorts f\u00f6r produkter listade till felaktigt pris. Vi har r\u00e4tt att v\u00e4gra eller annullera s\u00e5dana best\u00e4llningar oavsett om best\u00e4llningen har bekr\u00e4ftats och ditt kreditkort debiterats eller inte. Om ditt kreditkort redan har debiterats f\u00f6r k\u00f6pet och din best\u00e4llning annulleras kommer vi omedelbart att kreditera ditt kreditkortskonto motsvarande beloppet f\u00f6r debiteringen.<\/p>\n\n\n\n<p><strong>L\u00c4NKAR<\/strong><strong><br><\/strong>Denna webbplats kan inneh\u00e5lla l\u00e4nkar till andra webbplatser p\u00e5 internet som \u00e4gs och drivs av tredje part. Du bekr\u00e4ftar att vi inte \u00e4r ansvariga f\u00f6r driften av eller inneh\u00e5ll som finns p\u00e5 eller via en s\u00e5dan webbplats.<\/p>\n\n\n\n<p><strong>KLAGOM\u00c5L OM COPYRIGHT<\/strong><strong><br><\/strong>Vi respekterar andras immateriella r\u00e4ttigheter. Om du tror att ditt verk har kopierats p\u00e5 ett s\u00e4tt som utg\u00f6r upphovsr\u00e4ttsintr\u00e5ng ska du kontakta oss.<\/p>\n\n\n\n<p><strong>\u00c5TG\u00c4RDER<\/strong><strong><br><\/strong>Du samtycker till att v\u00e5rt r\u00e4ttsmedel enligt lag f\u00f6r eventuella faktiska eller hotade \u00f6vertr\u00e4delser mot detta avtal skulle vara otillr\u00e4ckliga och att vi ska ha r\u00e4tt till specifik representation eller f\u00f6rel\u00e4ggande, eller b\u00e5da, ut\u00f6ver eventuella skadest\u00e5nd som vi kan ha laglig r\u00e4tt att \u00e5terkr\u00e4va, tillsammans med rimliga kostnader f\u00f6r n\u00e5gon form av tvistl\u00f6sning, inklusive, utan begr\u00e4nsning, advokatarvoden.<\/p>\n\n\n\n<p>Ingen r\u00e4tt eller gottg\u00f6relse fr\u00e5n v\u00e5r sida ska utesluta n\u00e5gon annan, vare sig enligt lag eller i kapital, inklusive men inte begr\u00e4nsat till skadest\u00e5ndsf\u00f6rel\u00e4ggande, advokatarvoden och utgifter.<\/p>\n\n\n\n<p>Inget avst\u00e5ende fr\u00e5n oss av v\u00e5ra r\u00e4ttigheter eller gottg\u00f6relser enligt dessa villkor ska inneb\u00e4ra n\u00e5gon skyldighet att bevilja n\u00e5got liknande, i framtiden eller annat avst\u00e5ende.<\/p>\n\n\n\n<p><strong>V\u00c5R ADRESS<\/strong><strong><br><\/strong>V\u00e4nligen skicka eventuella fr\u00e5gor eller kommentarer (inklusive alla f\u00f6rfr\u00e5gningar som inte \u00e4r relaterade till upphovsr\u00e4ttsintr\u00e5ng) ang\u00e5ende denna webbplats till:<\/p>\n\n\n\n<p><strong>Oceanic<\/strong><br>1540 N 2200 W<br>Salt Lake City, UT. 84116&nbsp; USA<\/p>\n<\/div>\n<\/div>\n<\/div>\n","protected":false},"excerpt":{"rendered":"","protected":false},"author":11,"featured_media":0,"parent":0,"menu_order":0,"comment_status":"closed","ping_status":"closed","template":"page-fullwidth-fluid.php","meta":{"_acf_changed":false,"footnotes":""},"class_list":["post-822","page","type-page","status-publish","hentry"],"acf":[],"_links":{"self":[{"href":"https:\/\/eu.oceanicworldwide.com\/sv\/wp-json\/wp\/v2\/pages\/822","targetHints":{"allow":["GET"]}}],"collection":[{"href":"https:\/\/eu.oceanicworldwide.com\/sv\/wp-json\/wp\/v2\/pages"}],"about":[{"href":"https:\/\/eu.oceanicworldwide.com\/sv\/wp-json\/wp\/v2\/types\/page"}],"author":[{"embeddable":true,"href":"https:\/\/eu.oceanicworldwide.com\/sv\/wp-json\/wp\/v2\/users\/11"}],"replies":[{"embeddable":true,"href":"https:\/\/eu.oceanicworldwide.com\/sv\/wp-json\/wp\/v2\/comments?post=822"}],"version-history":[{"count":0,"href":"https:\/\/eu.oceanicworldwide.com\/sv\/wp-json\/wp\/v2\/pages\/822\/revisions"}],"wp:attachment":[{"href":"https:\/\/eu.oceanicworldwide.com\/sv\/wp-json\/wp\/v2\/media?parent=822"}],"curies":[{"name":"wp","href":"https:\/\/api.w.org\/{rel}","templated":true}]}}