{"id":777,"date":"2020-04-04T07:08:11","date_gmt":"2020-04-04T07:08:11","guid":{"rendered":"https:\/\/huisheuro.wpengine.com\/warranty\/"},"modified":"2024-02-23T23:16:36","modified_gmt":"2024-02-23T23:16:36","slug":"warranty","status":"publish","type":"page","link":"https:\/\/eu.oceanicworldwide.com\/sv\/warranty\/","title":{"rendered":"Oceanics garanti"},"content":{"rendered":"\n<h2 class=\"wp-block-heading\"><strong>Oceanics garanti<\/strong><\/h2>\n\n\n\n<p><strong>V\u00e5rt engagemang upph\u00f6r inte n\u00e4r du k\u00f6per en Oceanic-produkt. Vi tillhandah\u00e5ller snabb och professionell eftermarknadsservice och garantier f\u00f6r att h\u00e5lla din utrustning fungerande och i gott skick l\u00e5ngt efter f\u00f6rs\u00e4ljningen.<\/strong><\/p>\n\n\n\n<h3 class=\"wp-block-heading\"><strong>Produktregistrering:<\/strong><\/h3>\n\n\n\n<p><strong><em>Du beh\u00f6ver INTE registrera din Oceanic+ Dive Housing h\u00e4r. Registrering sker automatiskt via Oceanic+-appen f\u00f6rsta g\u00e5ngen du parar din Dive Housing till din iPhone.<\/em><\/strong><\/p>\n\n\n\n<p><a href=\"https:\/\/my.huishoutdoors.com\/?utm_source=oceanic&amp;utm_medium=referral&amp;utm_campaign=registration\">Produktregistrering<\/a>\u00a0\u00e4r ett viktigt steg mot att f\u00e5 ut det mesta av din nya Oceanic Product. Registrering hj\u00e4lper oss att hantera garantiservice och ger oss tillst\u00e5nd att kontakta dig om din produkt skulle beh\u00f6va en uppdatering eller annan service.<\/p>\n\n\n\n<p>DINA GARANTIR\u00c4TTIGHETER MINSKAR INTE OM DU V\u00c4LJER ATT INTE REGISTRERA DIN PRODUKT.<\/p>\n\n\n\n<p>Spara det ursprungliga kvittot med datum f\u00f6r k\u00f6pet. F\u00f6r att anv\u00e4nda garantin f\u00f6r din Oceanic-produkt m\u00e5ste du kunna tillhandah\u00e5lla en kopia p\u00e5 ditt daterade kvitto fr\u00e5n en auktoriserad Oceanic-\u00e5terf\u00f6rs\u00e4ljare.<\/p>\n\n\n\n<p>N\u00e4r du k\u00f6per online p\u00e5 EU.Oceanicworldwide.com \u00e4r f\u00f6rpackningssedeln som skickas med leveransen ditt kvitto. Om du k\u00f6pte en Oceanic-produkt via en auktoriserad Oceanic-\u00e5terf\u00f6rs\u00e4ljaren utg\u00f6r kvittot fr\u00e5n dem ditt ink\u00f6psbevis.<\/p>\n\n\n\n<h3 class=\"wp-block-heading\"><strong>Produktspecifik t\u00e4ckning<\/strong><\/h3>\n\n\n\n<figure class=\"wp-block-table\"><table><tbody><tr><td>Oceanic+ Dive Housing<\/td><td>Material och utf\u00f6rande<\/td><td>Begr\u00e4nsad garanti p\u00e5 1 \u00e5r enbart p\u00e5 Dive Housing.<\/td><\/tr><\/tbody><\/table><\/figure>\n\n\n\n<h3 class=\"wp-block-heading\"><strong><strong>OCEANIC+ DIVE HOUSING BEGR\u00c4NSAD 1 \u00c5RS GARANTI<\/strong><\/strong><\/h3>\n\n\n\n<p>Oceanic+ tillhandah\u00e5ller ett \u00e5rs garanti f\u00f6r Oceanic+ Dive Housing och relaterade tillbeh\u00f6r som s\u00e4ljs av Oceanic. Denna garanti t\u00e4cker fel i material och utf\u00f6rande vid normal anv\u00e4ndning, i enlighet med de publicerade specifikationerna. Garantin g\u00e4ller endast f\u00f6r den ursprungliga k\u00f6paren och kan inte \u00f6verl\u00e5tas. Om produkten visar sig vara defekt inom garantiperioden kommer Oceanic+ antingen att reparera eller byta ut produkten efter eget gottfinnande, utan kostnad. Produkten repareras eller ers\u00e4tts med en ny eller renoverad produkt av samma v\u00e4rde. F\u00f6r information om ut\u00f6kad garanti, se avsnittet om ut\u00f6kad garanti.<\/p>\n\n\n\n<p><strong>Exkluderingar:<\/strong>Garantien t\u00e4cker inte n\u00e5gon skada p\u00e5 smarttelefoner, andra elektroniska enheter eller produkter som anv\u00e4nds i anslutning till Oceanic+ Dive Housing. Anv\u00e4ndaren tar p\u00e5 sig risken f\u00f6r vattenintr\u00e5ng eller andra fel n\u00e4r produkten anv\u00e4nds. Garantin t\u00e4cker inte skador som uppst\u00e5r p\u00e5 grund av felaktig anv\u00e4ndning, missbruk, normalt slitage eller obeh\u00f6riga modifieringar eller reparationer. Den t\u00e4cker inte heller n\u00e5gra f\u00f6ljdskador eller of\u00f6rutsedda skador som uppst\u00e5r vid anv\u00e4ndning av produkten.<\/p>\n\n\n\n<p><strong>Garantianspr\u00e5k:<\/strong>Anv\u00e4ndaren ansvarar f\u00f6r att skicka produkten till Oceanic+ f\u00f6r eventuella garantianspr\u00e5k. Oceanic+ st\u00e5r f\u00f6r kostnaden f\u00f6r returfrakten. F\u00f6r att l\u00e4mna in ett garantianspr\u00e5k ska anv\u00e4ndaren kontakta Oceanic+ kundtj\u00e4nst f\u00f6r instruktioner om hur man returnerar produkten. Oceanic+ f\u00f6rbeh\u00e5ller sig r\u00e4tten att beg\u00e4ra ytterligare information eller dokumentation f\u00f6r att verifiera garantianspr\u00e5ket.<\/p>\n\n\n\n<p>Denna garanti ers\u00e4tter alla andra garantier, vare sig uttryckliga eller underf\u00f6rst\u00e5dda, inklusive alla garantier om s\u00e4ljbarhet eller l\u00e4mplighet f\u00f6r ett visst \u00e4ndam\u00e5l. Oceanic+ ska inte h\u00e5llas ansvarigt f\u00f6r n\u00e5gra s\u00e4rskilda, of\u00f6rutsedda skador eller f\u00f6ljdskador som uppst\u00e5r till f\u00f6ljd av anv\u00e4ndningen av denna produkt, \u00e4ven om de informeras om m\u00f6jligheten till s\u00e5dana skador.<\/p>\n","protected":false},"excerpt":{"rendered":"<p>Oceanics garanti V\u00e5rt engagemang upph\u00f6r inte n\u00e4r du k\u00f6per en Oceanic-produkt. Vi tillhandah\u00e5ller snabb och professionell eftermarknadsservice och garantier f\u00f6r att h\u00e5lla din utrustning fungerande och i gott skick l\u00e5ngt efter f\u00f6rs\u00e4ljningen. Produktregistrering: Du beh\u00f6ver INTE registrera din Oceanic+ Dive Housing h\u00e4r. Registrering sker automatiskt via Oceanic+-appen f\u00f6rsta g\u00e5ngen du parar din Dive Housing till [&hellip;]<\/p>\n","protected":false},"author":1,"featured_media":1076,"parent":0,"menu_order":0,"comment_status":"open","ping_status":"open","template":"","meta":{"_acf_changed":false,"footnotes":""},"class_list":["post-777","page","type-page","status-publish","has-post-thumbnail","hentry"],"acf":[],"_links":{"self":[{"href":"https:\/\/eu.oceanicworldwide.com\/sv\/wp-json\/wp\/v2\/pages\/777","targetHints":{"allow":["GET"]}}],"collection":[{"href":"https:\/\/eu.oceanicworldwide.com\/sv\/wp-json\/wp\/v2\/pages"}],"about":[{"href":"https:\/\/eu.oceanicworldwide.com\/sv\/wp-json\/wp\/v2\/types\/page"}],"author":[{"embeddable":true,"href":"https:\/\/eu.oceanicworldwide.com\/sv\/wp-json\/wp\/v2\/users\/1"}],"replies":[{"embeddable":true,"href":"https:\/\/eu.oceanicworldwide.com\/sv\/wp-json\/wp\/v2\/comments?post=777"}],"version-history":[{"count":0,"href":"https:\/\/eu.oceanicworldwide.com\/sv\/wp-json\/wp\/v2\/pages\/777\/revisions"}],"wp:featuredmedia":[{"embeddable":true,"href":"https:\/\/eu.oceanicworldwide.com\/sv\/wp-json\/wp\/v2\/media\/1076"}],"wp:attachment":[{"href":"https:\/\/eu.oceanicworldwide.com\/sv\/wp-json\/wp\/v2\/media?parent=777"}],"curies":[{"name":"wp","href":"https:\/\/api.w.org\/{rel}","templated":true}]}}