{"id":743,"date":"2023-10-13T18:12:05","date_gmt":"2023-10-13T18:12:05","guid":{"rendered":"https:\/\/huisheuro.wpengine.com\/policies\/"},"modified":"2023-11-29T22:22:24","modified_gmt":"2023-11-29T22:22:24","slug":"policies","status":"publish","type":"page","link":"https:\/\/eu.oceanicworldwide.com\/sv\/policies\/","title":{"rendered":"Policies"},"content":{"rendered":"\n<div class=\"container\">\n<div class=\"row\">\n<div class=\"col col-12 pb-5\">\n<h2 class=\"wp-block-heading\">Shipping Policies<\/h2>\n\n\n\n<h3 class=\"wp-block-heading\"><strong>Fri frakt<\/strong><\/h3>\n\n\n\n<p>Oceanicworldwide.com erbjuder fri frakt med FedEx i alla europeiska l\u00e4nder f\u00f6r best\u00e4llningar p\u00e5 \u20ac199 och \u00f6ver. Best\u00e4llningar skickas fr\u00e5n v\u00e5rt lager i Valletta, Malta, och det kan ta flera arbetsdagar innan de anl\u00e4nder.<\/p>\n\n\n\n<h3 class=\"wp-block-heading pt-4\"><strong>LEVERANSDATUM<\/strong><\/h3>\n\n\n\n<p>P\u00e5 Oceanic Worldwide str\u00e4var vi efter att ge v\u00e5ra kunder den b\u00e4sta m\u00f6jliga shoppingupplevelsen.<\/p>\n\n\n\n<p>Best\u00e4llningar som tagits emot senast kl. 12:00 CET m\u00e5ndag-fredag (utom helgdagar) skickas samma dag, f\u00f6rutsatt att kreditkortet har godk\u00e4nts och verifierats.<\/p>\n\n\n\n<p>Best\u00e4llningar som tas emot efter kl. 12:00 CET m\u00e5ndag-fredag (utom helgdagar) skickas n\u00e4sta arbetsdag, f\u00f6rutsatt att kreditkortet har godk\u00e4nts och verifierats.<\/p>\n\n\n\n<p>Best\u00e4llningar som gjorts p\u00e5 l\u00f6rdagar och s\u00f6ndagar skickas f\u00f6ljande m\u00e5ndag (utom helgdagar).<\/p>\n<\/div>\n<\/div>\n\n\n\n<div class=\"row pt-4\">\n<div class=\"col col-12\">\n<h2 class=\"wp-block-heading\"><strong>EU.OCEANICWORLDWIDE.COM RETURPOLICY<\/strong><\/h2>\n\n\n\n<h3 class=\"wp-block-heading\"><strong>Standard returpolicy<\/strong><\/h3>\n\n\n\n<p>Om du inte \u00e4r n\u00f6jd med dina produkt fr\u00e5n Oceanic Worldwide kan du returnera ditt k\u00f6p, s\u00e5 l\u00e4nge den \u00e4r <em>oanv\u00e4nd<\/em>, men v\u00e4nligen notera f\u00f6ljande:<\/p>\n\n\n\n<ul class=\"wp-block-list\">\n<li>Artiklar som k\u00f6pts online p\u00e5 OceanicWorldwide.com m\u00e5ste returneras inom 14 dagar fr\u00e5n k\u00f6pet.<\/li>\n\n\n\n<li>Alla returer m\u00e5ste inkludera originalf\u00f6rpackningen med taggar och\/eller etiketter.<\/li>\n\n\n\n<li>Dokument: Ett originalkvitto eller ordernummer m\u00e5ste skickas in f\u00f6r att slutf\u00f6ra returprocessen.<\/li>\n\n\n\n<li>Artiklar som k\u00f6pts hos en fysisk \u00e5terf\u00f6rs\u00e4ljare eller p\u00e5 en tredje parts webbplats kan inte returneras via EU.OceanicWorldwide.com utan m\u00e5ste returneras till det ursprungliga ink\u00f6psst\u00e4llet (enligt returpolicyn f\u00f6r ink\u00f6psst\u00e4llet).<\/li>\n<\/ul>\n\n\n\n<p>V\u00e4nligen notera: Kostnader f\u00f6r returfrakt betalas av k\u00f6paren.<\/p>\n\n\n\n<h3 class=\"wp-block-heading pt-4\"><strong>RETURNERAN ETT K\u00d6P P\u00c5 EU.OCEANICWORLDWIDE.COM<\/strong><\/h3>\n\n\n\n<p>G\u00e5 till <a href=\"https:\/\/eu.oceanicworldwide.com\/request-return-authorization\/\">Oceanic Worldwide returformul\u00e4r<\/a>\u00a0och komplettera de beg\u00e4rda uppgifterna. L\u00e4nken till returformul\u00e4ret kan \u00e4ven hittas i ditt e-postmeddelande med best\u00e4llningsbekr\u00e4ftelsen. I din best\u00e4llningsbekr\u00e4ftelse finner du \u00e4ven fraktanvisningar.<\/p>\n\n\n\n<ol class=\"wp-block-list\" style=\"list-style-type:1\">\n<li>Ett returnummer (RA #) kommer att utf\u00e4rdas n\u00e4r du har fyllt i och skickat in returformul\u00e4ret.<\/li>\n\n\n\n<li>Skriv ut ditt originalkvitto och skriv returnumret (RA #) p\u00e5 kvittot.<\/li>\n\n\n\n<li>F\u00f6rpacka din artikel p\u00e5 ett s\u00e4kert s\u00e4tt och inkludera kvittot och RA# i paketet.<\/li>\n<\/ol>\n\n\n\n<p>V\u00e4nligen notera: Kostnader f\u00f6r returfrakt betalas av k\u00f6paren.<\/p>\n\n\n\n<h3 class=\"wp-block-heading pt-4\"><strong>KREDIT<\/strong><\/h3>\n\n\n\n<p>N\u00e4r vi tagit emot din retur kommer vi att inspektera artiklarna och utf\u00e4rda din kredit (f\u00f6rutom de ursprungliga fraktkostnaderna) inom 1-2 arbetsdagar. Huish Outdoors ansvarar inte f\u00f6r artiklar som f\u00f6rsvunnit under transport.<\/p>\n<\/div>\n\n\n\n<div class=\"col\"><\/div>\n\n\n\n<div class=\"col\"><\/div>\n\n\n\n<div class=\"col\"><\/div>\n<\/div>\n<\/div>\n","protected":false},"excerpt":{"rendered":"","protected":false},"author":11,"featured_media":0,"parent":0,"menu_order":0,"comment_status":"closed","ping_status":"closed","template":"","meta":{"_acf_changed":false,"footnotes":""},"class_list":["post-743","page","type-page","status-publish","hentry"],"acf":[],"_links":{"self":[{"href":"https:\/\/eu.oceanicworldwide.com\/sv\/wp-json\/wp\/v2\/pages\/743","targetHints":{"allow":["GET"]}}],"collection":[{"href":"https:\/\/eu.oceanicworldwide.com\/sv\/wp-json\/wp\/v2\/pages"}],"about":[{"href":"https:\/\/eu.oceanicworldwide.com\/sv\/wp-json\/wp\/v2\/types\/page"}],"author":[{"embeddable":true,"href":"https:\/\/eu.oceanicworldwide.com\/sv\/wp-json\/wp\/v2\/users\/11"}],"replies":[{"embeddable":true,"href":"https:\/\/eu.oceanicworldwide.com\/sv\/wp-json\/wp\/v2\/comments?post=743"}],"version-history":[{"count":0,"href":"https:\/\/eu.oceanicworldwide.com\/sv\/wp-json\/wp\/v2\/pages\/743\/revisions"}],"wp:attachment":[{"href":"https:\/\/eu.oceanicworldwide.com\/sv\/wp-json\/wp\/v2\/media?parent=743"}],"curies":[{"name":"wp","href":"https:\/\/api.w.org\/{rel}","templated":true}]}}