{"id":699,"date":"2023-10-23T18:49:57","date_gmt":"2023-10-23T18:49:57","guid":{"rendered":"https:\/\/huisheuro.wpengine.com\/?page_id=699"},"modified":"2023-10-23T20:05:23","modified_gmt":"2023-10-23T20:05:23","slug":"oceanic-och-dina-uppgifter","status":"publish","type":"page","link":"https:\/\/eu.oceanicworldwide.com\/sv\/oceanic-och-dina-uppgifter\/","title":{"rendered":"Oceanic+ och Dina Uppgifter"},"content":{"rendered":"\n<h2 class=\"wp-block-heading\">Oceanic+ och Dina Uppgifter<br><br><\/h2>\n\n\n\n<p>Den h\u00e4r integritetspolicyn beskriver V\u00e5ra policyer och procedurer avseende insamling, anv\u00e4ndning och avsl\u00f6jande av Dina uppgifter n\u00e4r du anv\u00e4nder Tj\u00e4nsten samt beskriver Dina r\u00e4ttigheter i samband med integritet samt hur lagen skyddar Dig.<\/p>\n\n\n\n<p>Vi anv\u00e4nder Dina personuppgifter till att f\u00f6rb\u00e4ttra Tj\u00e4nsten. Genom att anv\u00e4nda Tj\u00e4nsten g\u00e5r du med p\u00e5 att Dina uppgifter samlas in och anv\u00e4nds i enlighet med den h\u00e4r Integritetspolicyn. Integritetspolicyn har skapats med hj\u00e4lp av <a href=\"https:\/\/www.privacypolicies.com\/privacy-policy-generator\/\">Privacy Policy Generator<\/a>.<\/p>\n\n\n\n<p>Tolkning och definitioner<\/p>\n\n\n\n<h2 class=\"wp-block-heading\">Tolkning<\/h2>\n\n\n\n<p>Ord som b\u00f6rjar med stor bokstav har en betydelse som definieras under f\u00f6ljande f\u00f6rh\u00e5llanden. F\u00f6ljande definitioner ska ha samma betydelse oavsett om de st\u00e5r i singular eller plural.<\/p>\n\n\n\n<h2 class=\"wp-block-heading\">Definitioner<\/h2>\n\n\n\n<p>I samband med den h\u00e4r Integritetspolicyn:<\/p>\n\n\n\n<p><strong>Konto<\/strong> h\u00e4nvisar till ett unikt konto som skapats f\u00f6r att Du ska f\u00e5 \u00e5tkomst till v\u00e5r Service eller delar av v\u00e5r Service.<\/p>\n\n\n\n<p><strong>Dotterbolag<\/strong> h\u00e4nvisar till en enhet som styrs av eller styrs gemensamt med en partner, d\u00e4r \u201dstyr\u201d h\u00e4nvisar till \u00e4garskap av 50 procent eller mer av aktierna, eget kapitalandelarna eller andra s\u00e4kerheter som inneb\u00e4r r\u00f6str\u00e4tt vid val av direkt\u00f6rer eller andra ledningsmedlemmar.<\/p>\n\n\n\n<p><strong>Applikation<\/strong> h\u00e4nvisar till den programvara som F\u00f6retaget tillhandah\u00e5ller och som Du laddar ner p\u00e5 en elektronisk enhet, och som heter Oceanic+ App.<\/p>\n\n\n\n<p><strong>F\u00f6retaget<\/strong> (ben\u00e4mns antingen \u201dF\u00f6retaget&#8221;, \u201dVi&#8221;, \u201dOss&#8221; eller \u201dV\u00e5r\u201d i det h\u00e4r Avtalet) h\u00e4nvisar till Huish Outdoors, LLC, 1540 North 2200 West, Salt Lake City, UT 84116.<\/p>\n\n\n\n<p><strong>Land<\/strong> h\u00e4nvisar till: Utah, USA<\/p>\n\n\n\n<p><strong>Enhet<\/strong> h\u00e4nvisar till alla enheter som kan komma \u00e5t Oceanic+ App, inklusive, men ej begr\u00e4nsat till en mobil enhet eller klocka.<\/p>\n\n\n\n<p><strong>Personuppgift<\/strong> h\u00e4nvisar till all information som relaterar till en identifierad eller identifierbar enskild person.<\/p>\n\n\n\n<p><strong>Tj\u00e4nst<\/strong> h\u00e4nvisar till Applikationen.<\/p>\n\n\n\n<p><strong>Tj\u00e4nsteleverant\u00f6r<\/strong> h\u00e4nvisar till en naturlig eller juridisk person som bearbetar uppgifterna p\u00e5 F\u00f6retagets v\u00e4gnar. Det h\u00e4nvisar till tredjeparts-f\u00f6retag eller enskilda personer som anst\u00e4lls av F\u00f6retaget f\u00f6r att tillhandah\u00e5lla Tj\u00e4nsten p\u00e5 f\u00f6retagets v\u00e4gnar, i syfte att utf\u00f6ra tj\u00e4nster som relaterar till Tj\u00e4nsten eller hj\u00e4lpa F\u00f6retaget att analysera hur Tj\u00e4nsten anv\u00e4nds.<\/p>\n\n\n\n<p><strong>Sociala medier fr\u00e5n tredje part<\/strong> h\u00e4nvisar till en webbplats eller sociala n\u00e4tverk via vilken en Anv\u00e4ndare kan logga in och skapa ett konto f\u00f6r att anv\u00e4nda Tj\u00e4nsten.<\/p>\n\n\n\n<p><strong>Uppgifter om anv\u00e4ndningen<\/strong> h\u00e4nvisar till data som samlas in automatiskt, eller som skapas genom anv\u00e4ndning av Tj\u00e4nsten eller genom Tj\u00e4nstens sj\u00e4lva infrastruktur (till exempel, hur l\u00e5ng tid som tillbringades p\u00e5 en sida).<\/p>\n\n\n\n<p><strong>Du<\/strong> h\u00e4nvisar till den enskilda person som kommer \u00e5t eller anv\u00e4nder Tj\u00e4nsten, eller f\u00f6retaget, eller annan juridisk enhet p\u00e5 vilkens v\u00e4gnar en s\u00e5dan enskild person anv\u00e4nder Tj\u00e4nsten, som till\u00e4mpligt.<\/p>\n\n\n\n<p>Insamling och anv\u00e4ndning av Dina Personuppgifter<\/p>\n\n\n\n<h2 class=\"wp-block-heading\">Typ av uppgifter som samlas in<\/h2>\n\n\n\n<h3 class=\"wp-block-heading\">Personuppgifter<\/h3>\n\n\n\n<p>Medan Du anv\u00e4nder V\u00e5r Tj\u00e4nst kanske Vi ber Dig att tillhandah\u00e5lla Oss med vissa personuppgifter som kan anv\u00e4ndas f\u00f6r att kontakta eller identifiera Dig. Personuppgifter kan inkludera, men begr\u00e4nsas ej till:<\/p>\n\n\n\n<p>E-postadress<\/p>\n\n\n\n<p>F\u00f6rnamn och efternamn<\/p>\n\n\n\n<p>Telefonnummer<\/p>\n\n\n\n<p>Anv\u00e4ndningsuppgifter<\/p>\n\n\n\n<h3 class=\"wp-block-heading\">Anv\u00e4ndningsuppgifter<\/h3>\n\n\n\n<p>Anv\u00e4ndningsuppgifter samlas in automatiskt medan du anv\u00e4nder Tj\u00e4nsten.<\/p>\n\n\n\n<p>N\u00e4r Du kommer \u00e5t Tj\u00e4nsten via eller genom en mobil enhet, kan Vi samla in vissa uppgifter automatiskt, inklusive, men ej begr\u00e4nsat till, vilken typ av mobil enhet Du anv\u00e4nder, Din mobila enhets unika id, IP-adressen till Din mobila enhet, Ditt mobila operativsystem, vilken webbl\u00e4sare du anv\u00e4nder, unika enhetsidentifierare samt andra diagnostiska data.<\/p>\n\n\n\n<p>Vi kan ocks\u00e5 samla in information som Din webbl\u00e4sare skickar n\u00e4r Du bes\u00f6ker v\u00e5r Tj\u00e4nst eller n\u00e4r Du kommer \u00e5t Tj\u00e4nsten via eller genom en mobil enhet.<\/p>\n\n\n\n<h3 class=\"wp-block-heading\">Information om Sociala medier fr\u00e5n tredje part<\/h3>\n\n\n\n<p>F\u00f6retaget kan l\u00e5ta Dig skapa ett konto och logga in p\u00e5 Tj\u00e4nsten via Sociala medier fr\u00e5n tredje part:<\/p>\n\n\n\n<ul class=\"wp-block-list\">\n<li>Apple\/IOS<\/li>\n<\/ul>\n\n\n\n<p>Om Du best\u00e4mmer dig f\u00f6r att registrera dig genom, eller ge oss \u00e5tkomst till en Tj\u00e4nst fr\u00e5n tredje part, kan vi samla in Personuppgifter som redan gjorts tillg\u00e4ngliga i samband med ditt konto hos Tj\u00e4nsten fr\u00e5n tredje part, som till exempel Ditt namn, Din e-postadress, Dina aktiviteter eller kontaktlista i samband med det kontot.<\/p>\n\n\n\n<p>Du kan ocks\u00e5 ha m\u00f6jligheten att dela ytterligare information med F\u00f6retaget via ditt konto p\u00e5 Sociala medier fr\u00e5n tredje part. Om du v\u00e4ljer att tillhandah\u00e5lla s\u00e5dan information och Personuppgifter, vid registrering eller p\u00e5 annat s\u00e4tt, ger du F\u00f6retaget tillst\u00e5nd att anv\u00e4nda, dela och spara dem p\u00e5 ett s\u00e4tt som \u00f6verensst\u00e4mmer med den h\u00e4r Integritetspolicyn.<\/p>\n\n\n\n<h3 class=\"wp-block-heading\">Information som samlas in medan Du anv\u00e4nder Applikationen<\/h3>\n\n\n\n<p>Medan Du anv\u00e4nder V\u00e5r applikation, f\u00f6r att kunna tillhandah\u00e5lla funktioner som till exempel V\u00e5r applikation, kan Vi samla in, med f\u00f6reg\u00e5ende tillst\u00e5nd ifr\u00e5n Dig:<\/p>\n\n\n\n<ul class=\"wp-block-list\">\n<li>Information ang\u00e5ende din GPS-lokalisering<\/li>\n<\/ul>\n\n\n\n<p>Vi anv\u00e4nder den h\u00e4r informationen f\u00f6r att tillhandah\u00e5lla funktioner i V\u00e5r Tj\u00e4nst, f\u00f6r att f\u00f6rb\u00e4ttra och anpassa V\u00e5r Tj\u00e4nst. Du kan n\u00e4r som helst aktivera eller inaktivera GPS-lokaliserigen genom V\u00e5ra enhetsinst\u00e4llningar. Om funktionen \u00e4r aktiverad sparas den p\u00e5 molnet och Din enhet. Dykdata sparas alltid p\u00e5 molnet och Din enhet.<\/p>\n\n\n\n<h2 class=\"wp-block-heading\">Anv\u00e4ndning av Dina Personuppgifter<\/h2>\n\n\n\n<p>F\u00f6retaget kan anv\u00e4nda Personuppgifter i f\u00f6ljande syften:<\/p>\n\n\n\n<p><strong>F\u00f6r att tillhandah\u00e5lla och underh\u00e5lla v\u00e5r Tj\u00e4nst<\/strong>, inklusive \u00f6vervakning av hur V\u00e5r Tj\u00e4nst anv\u00e4nds.<\/p>\n\n\n\n<p><strong>F\u00f6r att hantera Ditt Konto:<\/strong> f\u00f6r att hantera Din registrering som anv\u00e4ndare av Tj\u00e4nsten. De Personuppgifter Du tillhandah\u00e5ller kan ge Dig \u00e5tkomst till olika funktioner i Tj\u00e4nsten som finns tillg\u00e4ngliga f\u00f6r Dig som registrerad anv\u00e4ndare.<\/p>\n\n\n\n<p><strong>F\u00f6r verkst\u00e4llande av avtalet:<\/strong> utveckling, efterlevnad och verkst\u00e4llande av ink\u00f6psavtalet f\u00f6r produkterna, tj\u00e4nster Du har k\u00f6pt eller n\u00e5got annat kontrakt som du ing\u00e5tt med Oss via Tj\u00e4nsten.<\/p>\n\n\n\n<p><strong>F\u00f6r att kontakta Dig:<\/strong> F\u00f6r att kontakta Dig via e-post, telefon, SMS, eller annan liknande form av elektronisk kommunikations, som till exempel pushnotifieringar fr\u00e5n Applikationen ang\u00e5ende uppdateringar eller informativa kommunikationer relaterade till funktioner, produkter eller avtalsbelagda tj\u00e4nster, inklusive s\u00e4kerhetsuppdateringar, i de fall det \u00e4r n\u00f6dv\u00e4ndigt eller sk\u00e4ligt f\u00f6r att de ska kunna implementeras.<\/p>\n\n\n\n<p><strong>F\u00f6r att tillhandah\u00e5lla Dig<\/strong> <strong>med nyheter<\/strong>, s\u00e4rskilda erbjudanden och allm\u00e4n information om andra varor, tj\u00e4nster och evenemang som vi erbjuder och som liknar de som du redan har k\u00f6pt eller fr\u00e5gat om, s\u00e5vida inte du har bett om att inte ta emot s\u00e5dan information.<\/p>\n\n\n\n<p><strong>F\u00f6r att hantera Dina f\u00f6rfr\u00e5gningar:<\/strong> F\u00f6r att tillgodose och hantera Dina f\u00f6rfr\u00e5gningar till Oss.<\/p>\n\n\n\n<p><strong>F\u00f6r f\u00f6retags\u00f6verf\u00f6ringar:<\/strong> Vi kan anv\u00e4nda Dina uppgifter i syfte att utv\u00e4rdera eller utf\u00f6ra en sammanslagning, avveckling, omstrukturering, omorganisation, uppl\u00f6sning, eller annan f\u00f6rs\u00e4ljning eller \u00f6verf\u00f6ring av n\u00e5gra eller alla V\u00e5ra tillg\u00e5ngar, antingen under fortsatt verksamhet eller som en del av en konkurs, likvidation, eller liknande f\u00f6rfaranden, under vilka Personuppgifter som vi har sparat om anv\u00e4ndarna av V\u00e5ra Tj\u00e4nster utg\u00f6r en del av de tillg\u00e5ngar som \u00f6verf\u00f6rs.<\/p>\n\n\n\n<p><strong>I andra syften<\/strong>: Vi kan anv\u00e4nda Dina uppgifter i andra syften, som dataanalyser, identifiering av trender hos anv\u00e4ndare, bed\u00f6ma hur effektiva v\u00e5ra marknadsf\u00f6ringskampanjer \u00e4r samt f\u00f6r att utv\u00e4rdera och f\u00f6rb\u00e4ttra v\u00e5r Tj\u00e4nst, produkter, tj\u00e4nster, marknadsf\u00f6ring och din upplevelse.<\/p>\n\n\n\n<p>Vi kan dela Dina personuppgifter i f\u00f6ljande situationer:<\/p>\n\n\n\n<ul class=\"wp-block-list\">\n<li><strong>Med Tj\u00e4nsteleverant\u00f6rer:<\/strong> Vi kan dela Dina personuppgifter med Tj\u00e4nsteleverant\u00f6rer i syfte att \u00f6vervaka och analysera anv\u00e4ndning av V\u00e5r Tj\u00e4nst, f\u00f6r att kontakta dig.<\/li>\n\n\n\n<li><strong>F\u00f6r f\u00f6retags\u00f6verf\u00f6ringar:<\/strong> Vi kan dela eller \u00f6verf\u00f6ra Dina personuppgifter i samband med, eller under f\u00f6rhandlingar om, en sammanslagning, f\u00f6rs\u00e4ljning av F\u00f6retagets tillg\u00e5ngar, eller f\u00f6rv\u00e4rv av hela eller en del av V\u00e5rt f\u00f6rtag av ett annat f\u00f6retag.<\/li>\n\n\n\n<li><strong>Med Dotterbolag:<\/strong> Vi kan dela Dina personuppgifter med V\u00e5ra dotterbolag, i vilket fall s\u00e5dana dotterbolag m\u00e5ste efterleva den h\u00e4r Integritetspolicyn. Dotterbolag inkluderar V\u00e5rt moderbolag och andra dotterbolag, joint venture partners eller andra f\u00f6retag som Vi styr eller styrs gemensamt av.<\/li>\n\n\n\n<li><strong>Med f\u00f6retagspartners:<\/strong> Vi kan dela dina Personuppgifter med V\u00e5ra f\u00f6retagspartners i syfte att erbjuda Dig visa produkter, tj\u00e4nster eller kampanjerbjudanden.<\/li>\n\n\n\n<li><strong>Med andra anv\u00e4ndare:<\/strong> n\u00e4r Du delar personuppgifter eller p\u00e5 annat s\u00e4tt interagerar med offentliga utrymmen som har andra anv\u00e4ndare, kan s\u00e5dan information visas av alla anv\u00e4ndare och kan distribueras offentligt utanf\u00f6r detta utrymme. Om Du interagerar med andra anv\u00e4ndare eller registrerar dig via en Tredje parts tj\u00e4nst, kan Dina kontakter i den tj\u00e4nsten se Ditt namn, profil, bilder, var du befinner dig samt beskrivning av Din aktivitet. P\u00e5 liknande s\u00e4tt kan andra anv\u00e4ndare se beskrivningar av Din aktivitet, kommunicera med Dig och visa Din profil.<\/li>\n\n\n\n<li><strong>Med ditt tillst\u00e5nd<\/strong>: Vi kan avsl\u00f6ja Dina personuppgifter i andra syften med Ditt tillst\u00e5nd.<\/li>\n<\/ul>\n\n\n\n<h2 class=\"wp-block-heading\"><a>Lagring av Dina Personuppgifter<\/a><\/h2>\n\n\n\n<p>F\u00f6retaget sparar Dina uppgifter om Din personliga profil s\u00e5 l\u00e4nge som det \u00e4r n\u00f6dv\u00e4ndigt f\u00f6r de syften som beskrivs i den h\u00e4r Integritetspolicyn. Vi sparar och anv\u00e4nder informationen om Din personliga profil i den utstr\u00e4ckning det \u00e4r n\u00f6dv\u00e4ndigt f\u00f6r att efterleva v\u00e5ra juridiska \u00e5taganden (till exempel om vi m\u00e5ste spara Dina data f\u00f6r att efterleva g\u00e4llande lagar), l\u00f6sa tvister, och till\u00e4mpa V\u00e5ra juridiska avtal och policyer. Enligt the Oceanic+ Free Plan sparar F\u00f6retaget enbart information om dina tolv senaste loggade aktiviteter.&nbsp; Med abonnemang p\u00e5 Oceanic+ (inklusive dagliga) kan anv\u00e4ndare logga ett obegr\u00e4nsat antal aktiviteter.&nbsp; Den loggade information \u00e4r tillg\u00e4nglig under 365 dagar (1 \u00e5r) utan ett betalt abonnemang.<br><br><\/p>\n\n\n\n<h2 class=\"wp-block-heading\">\u00d6verf\u00f6ring av Dina Personuppgifter<\/h2>\n\n\n\n<p>Din information, inklusive Personuppgifter, bearbetas p\u00e5 F\u00f6retagets kontor och p\u00e5 andra platser d\u00e4r parter som deltar i bearbetningen har sitt s\u00e4te. Detta inneb\u00e4r att informationen kan \u00f6verf\u00f6ras till \u2014 och sparas p\u00e5 \u2014 datorer som finns utanf\u00f6r Din delstat, provins, land, eller annan statlig jurisdiktion d\u00e4r dataskyddslagarna kan skilja sig fr\u00e5n de som g\u00e4ller i Din jurisdiktion.<\/p>\n\n\n\n<p>Ditt godtagande av den h\u00e4r Integritetspolicy f\u00f6ljt av tillhandah\u00e5llande av dig av s\u00e5dana uppgifter representerar Ditt godk\u00e4nnande av en s\u00e5dan \u00f6verf\u00f6ring.<\/p>\n\n\n\n<p>F\u00f6retaget vidtar alla sk\u00e4liga \u00e5tg\u00e4rder f\u00f6r att se till att Dina uppgifter behandlas s\u00e4kert och i enlighet med den h\u00e4r Integritetspolicyn och att ingen \u00f6verf\u00f6ring av Dina personuppgifter \u00e4ger rum till en organisation eller ett land s\u00e5vida inte det finns l\u00e4mpliga kontroller p\u00e5 plats, inklusive s\u00e4kerheten hos Dina personuppgifter och annan personlig information.<\/p>\n\n\n\n<h2 class=\"wp-block-heading\">Avsl\u00f6jande av Dina Personuppgifter<\/h2>\n\n\n\n<h3 class=\"wp-block-heading\">F\u00f6retags\u00f6verf\u00f6ringar<\/h3>\n\n\n\n<p>Om f\u00f6retaget ing\u00e5r i en sammanslagning, ett f\u00f6rv\u00e4rv eller f\u00f6rs\u00e4ljning av tillg\u00e5ngar, Dina Personuppgifter \u00f6verf\u00f6ras. Vi meddelar dig innan Dina personuppgifter \u00f6verf\u00f6rs och b\u00f6rjar lyda under en annan Integritetspolicy.<\/p>\n\n\n\n<h3 class=\"wp-block-heading\">Brottsf\u00f6rebyggande \u00e5tg\u00e4rder<\/h3>\n\n\n\n<p>I vissa fall kanske F\u00f6retaget m\u00e5ste avsl\u00f6ja Dina personuppgifter i de fall d\u00e5 lagen kr\u00e4ver eller i respons till giltiga f\u00f6rfr\u00e5gningar fr\u00e5n offentliga myndigheter (till exempel en domstol eller statlig myndighet).<\/p>\n\n\n\n<h3 class=\"wp-block-heading\">Andra juridiska krav<\/h3>\n\n\n\n<p>F\u00f6retaget kan avsl\u00f6ja Dina Personuppgifter i god tro att det \u00e4r n\u00f6dv\u00e4ndigt i syfte att:<\/p>\n\n\n\n<ul class=\"wp-block-list\">\n<li>Efterleva ett juridiskt krav<\/li>\n\n\n\n<li>Skydda och f\u00f6rsvara F\u00f6retagets r\u00e4ttigheter eller egendom<\/li>\n\n\n\n<li>F\u00f6rhindra eller utreda m\u00f6jliga f\u00f6rseelser i samband med Tj\u00e4nsten<\/li>\n\n\n\n<li>Skydda den personliga s\u00e4kerheten hos anv\u00e4ndare av tj\u00e4nsten eller allm\u00e4nheten<\/li>\n\n\n\n<li>Skydda mot juridiska ansvar<\/li>\n<\/ul>\n\n\n\n<h2 class=\"wp-block-heading\">S\u00e4kerheten hos Dina Personuppgifter<\/h2>\n\n\n\n<p>S\u00e4kerheten hos Dina Personuppgifter \u00e4r viktig f\u00f6r Oss, men t\u00e4nk p\u00e5 att ingen \u00f6verf\u00f6ringsmetod \u00f6ver internet, eller elektronisk f\u00f6rvaring \u00e4r hundra procent s\u00e4ker. Medan Vi str\u00e4var efter att anv\u00e4nda kommersiellt godtagbara metoder f\u00f6r att skydda Dina personuppgifter kan vi inte garantera uppgifternas absoluta s\u00e4kerhet.<\/p>\n\n\n\n<p>Barns integritet<\/p>\n\n\n\n<p>Vi ber att enskilda personer under 13 i USA och under 16 i resten delen av v\u00e4rlden inte tillhandah\u00e5ller Oss med sina Personuppgifter. Vi samlar inte medvetet in identifierbara uppgifter fr\u00e5n n\u00e5gon under dessa \u00e5ldrar. Om Du \u00e4r en f\u00f6r\u00e4lder eller m\u00e5lsman och Du \u00e4r medveten om att Ditt barn har tillhandah\u00e5llit Oss med Personuppgifter ber vi dig kontakta Oss. Om Vi f\u00e5r k\u00e4nnedom om att Vi har samlat in Personuppgifter fr\u00e5n en person under 13 i USA och under 16 i resten delen av v\u00e4rlden utan m\u00e5lsmans godk\u00e4nnande, vidtar Vi \u00e5tg\u00e4rder f\u00f6r att ta bort s\u00e5dan information fr\u00e5n V\u00e5ra servrar.<\/p>\n\n\n\n<p>Om vi m\u00e5ste f\u00f6rlita oss p\u00e5 medgivande som en juridisk grund f\u00f6r att bearbeta Dina uppgifter och om Ditt land kr\u00e4ver medgivande fr\u00e5n m\u00e5lsman kanske Vi m\u00e5ste be om Din m\u00e5lsmans medgivande innan Vi samlar in och anv\u00e4nder s\u00e5dana uppgifter.<\/p>\n\n\n\n<p>L\u00e4nkar till Andra Webbplatser<\/p>\n\n\n\n<p>V\u00e5r Tj\u00e4nst kan inneh\u00e5lla l\u00e4nkar till andra webbplatser som inte drivs av Oss. Om Du klickar p\u00e5 en l\u00e4nk fr\u00e5n tredje part kanske du vidarebefordras till tredjeparts webbplats. Vi r\u00e5der Dig att l\u00e4sa Integritetspolicyn f\u00f6r varje plats Du bes\u00f6ker.<\/p>\n\n\n\n<p>Vi har ingen kontroll \u00f6ver och tar inget ansvar f\u00f6r inneh\u00e5llet, integritetspolicyerna eller metoderna som tredje part anv\u00e4nder p\u00e5 sina platser eller tj\u00e4nster.<\/p>\n\n\n\n<p>\u00c4ndringar till Integritetspolicyn<\/p>\n\n\n\n<p>Fr\u00e5n tid till annan kan vi uppdatera V\u00e5r Integritetspolicy. Vi meddelar Dig om s\u00e5dana \u00e4ndringar genom att posta den nya Integritetspolicyn p\u00e5 den h\u00e4r sidan.<\/p>\n\n\n\n<p>Vi meddelar dig via e-post och\/eller ett tydligt meddelande p\u00e5 V\u00e5r Tj\u00e4nst f\u00f6r \u00e4ndringen tr\u00e4der i kraft och uppdaterar datumet \u201dSenast uppdaterat\u201d h\u00f6gst upp p\u00e5 den h\u00e4r Integritetspolicyn.<\/p>\n\n\n\n<p>Vi r\u00e5der dig att l\u00e4sa igenom Integritetspolicy fr\u00e5n tid till annan f\u00f6r att se vad som har f\u00f6r\u00e4ndrats. \u00c4ndringar till Integritetspolicyn tr\u00e4der i kraft n\u00e4r de postas p\u00e5 den h\u00e4r sidan.<\/p>\n\n\n\n<p>Kontakta oss<\/p>\n\n\n\n<p>Om du har n\u00e5gra fr\u00e5gor om Integritetspolicyn kan Du kontakta oss p\u00e5:<\/p>\n\n\n\n<p>Via e-post: <a href=\"mailto:oceanicplus@huishoutdoors.com\">oceanicplus@huishoutdoors.com<\/a>&nbsp;&nbsp;&nbsp;<\/p>\n\n\n\n<p>Genom att g\u00e5 till den h\u00e4r sidan p\u00e5 v\u00e5r webbplats: <a href=\"http:\/\/www.oceanicworldwide.com\/oceanicplus\">http:\/\/www.oceanicworldwide.com\/oceanicplus<\/a>&nbsp;<\/p>\n","protected":false},"excerpt":{"rendered":"<p>Oceanic+ och Dina Uppgifter Den h\u00e4r integritetspolicyn beskriver V\u00e5ra policyer och procedurer avseende insamling, anv\u00e4ndning och avsl\u00f6jande av Dina uppgifter n\u00e4r du anv\u00e4nder Tj\u00e4nsten samt beskriver Dina r\u00e4ttigheter i samband med integritet samt hur lagen skyddar Dig. Vi anv\u00e4nder Dina personuppgifter till att f\u00f6rb\u00e4ttra Tj\u00e4nsten. Genom att anv\u00e4nda Tj\u00e4nsten g\u00e5r du med p\u00e5 att Dina [&hellip;]<\/p>\n","protected":false},"author":11,"featured_media":731,"parent":0,"menu_order":0,"comment_status":"closed","ping_status":"closed","template":"","meta":{"_acf_changed":false,"footnotes":""},"class_list":["post-699","page","type-page","status-publish","has-post-thumbnail","hentry"],"acf":[],"_links":{"self":[{"href":"https:\/\/eu.oceanicworldwide.com\/sv\/wp-json\/wp\/v2\/pages\/699","targetHints":{"allow":["GET"]}}],"collection":[{"href":"https:\/\/eu.oceanicworldwide.com\/sv\/wp-json\/wp\/v2\/pages"}],"about":[{"href":"https:\/\/eu.oceanicworldwide.com\/sv\/wp-json\/wp\/v2\/types\/page"}],"author":[{"embeddable":true,"href":"https:\/\/eu.oceanicworldwide.com\/sv\/wp-json\/wp\/v2\/users\/11"}],"replies":[{"embeddable":true,"href":"https:\/\/eu.oceanicworldwide.com\/sv\/wp-json\/wp\/v2\/comments?post=699"}],"version-history":[{"count":0,"href":"https:\/\/eu.oceanicworldwide.com\/sv\/wp-json\/wp\/v2\/pages\/699\/revisions"}],"wp:featuredmedia":[{"embeddable":true,"href":"https:\/\/eu.oceanicworldwide.com\/sv\/wp-json\/wp\/v2\/media\/731"}],"wp:attachment":[{"href":"https:\/\/eu.oceanicworldwide.com\/sv\/wp-json\/wp\/v2\/media?parent=699"}],"curies":[{"name":"wp","href":"https:\/\/api.w.org\/{rel}","templated":true}]}}