{"id":1246,"date":"2023-09-14T17:24:07","date_gmt":"2023-09-14T17:24:07","guid":{"rendered":"https:\/\/huisheuro.wpengine.com\/?page_id=1246"},"modified":"2023-11-28T19:17:43","modified_gmt":"2023-11-28T19:17:43","slug":"oceanics-integritetspolicy","status":"publish","type":"page","link":"https:\/\/eu.oceanicworldwide.com\/sv\/oceanics-integritetspolicy\/","title":{"rendered":"Oceanics integritetspolicy"},"content":{"rendered":"\n<p><strong>Integritetspolicy<\/strong><\/p>\n\n\n\n<p>Denna integritetspolicy har sammanst\u00e4llts f\u00f6r de som vill veta mer om hur deras personuppgifter anv\u00e4nds online. Personuppgifter utg\u00f6r information som kan anv\u00e4ndas p\u00e5 egen hand eller tillsammans med annan information f\u00f6r att identifiera, kontakta eller lokalisera en person, eller f\u00f6r att identifiera en person i ett sammanhang. L\u00e4s integritetspolicyn noggrant f\u00f6r att f\u00e5 en tydlig f\u00f6rst\u00e5else av hur vi samlar in, anv\u00e4nder, skyddar eller p\u00e5 annat s\u00e4tt hanterar dina personuppgifter i enlighet med v\u00e5r webbplats.<\/p>\n\n\n\n<p><strong>VILKEN PERSONLIG INFORMATION SAMLAR VI IN FR\u00c5N PERSONER SOM BES\u00d6KER V\u00c5R WEBBPLATS?<\/strong><\/p>\n\n\n\n<p>N\u00e4r du best\u00e4ller eller registrerar dig p\u00e5 v\u00e5r webbplats kan du bli ombedd att ange ditt namn, e-postadress, postadress, telefonnummer, kreditkortsuppgifter eller annan information f\u00f6r att hj\u00e4lpa dig med din upplevelse.<\/p>\n\n\n\n<p><strong>N\u00c4R SAMLAR VI IN UPPGIFTER?<\/strong><\/p>\n\n\n\n<p>Vi samlar in uppgifter fr\u00e5n dig n\u00e4r du g\u00f6r en best\u00e4llning, prenumererar p\u00e5 ett nyhetsbrev, fyller i ett formul\u00e4r eller anger information p\u00e5 v\u00e5r sida eller ger oss feedback om v\u00e5ra produkter eller tj\u00e4nster.&nbsp;<\/p>\n\n\n\n<p><strong>HUR ANV\u00c4NDER VI DINA UPPGIFTER?<\/strong><\/p>\n\n\n\n<p>Vi kan anv\u00e4nda uppgifterna vi samlar in fr\u00e5n dig n\u00e4r du registrerar dig, g\u00f6r ett k\u00f6p, registrerar dig f\u00f6r v\u00e5rt nyhetsbrev, svarar p\u00e5 en unders\u00f6kning eller marknadskommunikation, surfar p\u00e5 webbplatsen eller anv\u00e4nder vissa andra webbplatsfunktioner p\u00e5 f\u00f6ljande s\u00e4tt:<\/p>\n\n\n\n<ul class=\"wp-block-list\">\n<li>F\u00f6r att anpassa din upplevelse och f\u00f6r att g\u00f6ra det m\u00f6jligt f\u00f6r oss att leverera den typ av inneh\u00e5ll och produkterbjudanden som du \u00e4r mest intresserad av.<\/li>\n\n\n\n<li>F\u00f6r att f\u00f6rb\u00e4ttra v\u00e5r webbplats och d\u00e4rmed v\u00e5r service.<\/li>\n\n\n\n<li>F\u00f6r att kunna tillhandah\u00e5lla en b\u00e4ttre service n\u00e4r vi svarar p\u00e5 kundtj\u00e4nstfr\u00e5gor.<\/li>\n\n\n\n<li>F\u00f6r att administrera en t\u00e4vling, marknadsf\u00f6ring, unders\u00f6kning eller annan webbplatsfunktion.<\/li>\n\n\n\n<li>F\u00f6r att bearbeta dina transaktioner snabbt och effektivt.<\/li>\n\n\n\n<li>F\u00f6r att be om recensioner av tj\u00e4nster eller produkter.<\/li>\n<\/ul>\n\n\n\n<p><strong>HUR SKYDDAR VI DINA UPPGIFTER?<\/strong><\/p>\n\n\n\n<p>V\u00e5r webbplats skannas regelbundet efter s\u00e4kerhetsrisker och k\u00e4nda s\u00e5rbarheter f\u00f6r att ditt bes\u00f6k p\u00e5 v\u00e5r webbplats ska ske s\u00e5 s\u00e4kert som m\u00f6jligt.<\/p>\n\n\n\n<p>Vi anv\u00e4nder inte skanning av skadlig programvara.<\/p>\n\n\n\n<p>Dina personuppgifter lagras bakom s\u00e4krade n\u00e4tverk och \u00e4r endast tillg\u00e4nglig f\u00f6r ett begr\u00e4nsat antal personer som har s\u00e4rskilda \u00e5tkomstr\u00e4ttigheter till s\u00e5dana system och som \u00e4r skyldiga att h\u00e5lla informationen konfidentiell. Dessutom \u00e4r all k\u00e4nslig information\/kredituppgifter som du tillhandah\u00e5ller krypterad via SSL-teknik (Secure Socket Layer).<\/p>\n\n\n\n<p>F\u00f6r att uppr\u00e4tth\u00e5lla s\u00e4kerheten f\u00f6r dina personuppgifter implementerar vi en m\u00e4ngd olika s\u00e4kerhets\u00e5tg\u00e4rder n\u00e4r en anv\u00e4ndare g\u00f6r en best\u00e4llning, skickar eller kommer \u00e5t sin information.<\/p>\n\n\n\n<p>Alla transaktioner behandlas genom en gateway-leverant\u00f6r och lagras eller behandlas inte p\u00e5 v\u00e5ra servrar.<\/p>\n\n\n\n<p><strong>ANV\u00c4NDER VI COOKIES?<\/strong><\/p>\n\n\n\n<p>Den h\u00e4r webbplatsen anv\u00e4nder cookies. Vi anv\u00e4nder cookies f\u00f6r att anpassa inneh\u00e5ll och reklam, f\u00f6r att tillhandah\u00e5lla funktioner f\u00f6r sociala medier och analysera v\u00e5r trafik. Vi delar ocks\u00e5 information om din anv\u00e4ndning av v\u00e5r webbplats med v\u00e5ra sociala medier-, reklam- och analyspartners som kan kombinera den med annan information som du har l\u00e4mnat till dem eller som de har samlat in fr\u00e5n din anv\u00e4ndning av deras tj\u00e4nster. Du samtycker till v\u00e5ra cookies om du forts\u00e4tter att anv\u00e4nda webbplatsen.<\/p>\n\n\n\n<p>Cookies \u00e4r sm\u00e5 textfiler som kan anv\u00e4ndas av webbplatser f\u00f6r att g\u00f6ra en anv\u00e4ndares upplevelse mer effektiv.Lagen s\u00e4ger att vi f\u00e5r spara cookies p\u00e5 din enhet om de \u00e4r n\u00f6dv\u00e4ndiga f\u00f6r att vi ska kunna driva platsen. F\u00f6r alla andra typer av cookies beh\u00f6ver vi ditt tillst\u00e5nd.<br><br>Platsen anv\u00e4nder olika typer av cookies. Vissa cookies \u00e4r placerade av tredje part-tj\u00e4nster som visas p\u00e5 v\u00e5ra sidor.<br><br>Du kan n\u00e4r som helst \u00e4ndra eller \u00e5terkalla ditt samtycke till att vi anv\u00e4nder cookies p\u00e5 v\u00e5r webbplats.<br><br>L\u00e4s mer i v\u00e5r sekretesspolicy om vilka vi \u00e4r och hur du kontaktar oss samt om hur vi bearbetar dina personuppgifter.<\/p>\n\n\n\n<p>Ditt samtycke g\u00e4ller f\u00f6r f\u00f6ljande dom\u00e4ner: <a href=\"http:\/\/www.oceanicworldwide.com\">www.oceanicworldwide.com<\/a> och www.eu.oceanicworldwide.com<br><br><\/p>\n\n\n\n<p>Cookiedeklarationen senast uppdaterad 23-07-24 av&nbsp;<a href=\"https:\/\/www.cookiebot.com\/\" target=\"_blank\" rel=\"noreferrer noopener\">Cookiebot<\/a>:<\/p>\n\n\n\n<p><strong>UPPLYSNING OM TREDJE PART<\/strong><\/p>\n\n\n\n<p>Vi s\u00e4ljer inte, byter inte eller p\u00e5 annat s\u00e4tt \u00f6verf\u00f6r dina personuppgifter till externa parter s\u00e5vida vi inte meddelar anv\u00e4ndare p\u00e5 f\u00f6rhand. Detta inkluderar inte webbhotellpartner och andra parter som hj\u00e4lper oss att driva v\u00e5r webbplats, driva v\u00e5r verksamhet eller tillhandah\u00e5lla service till v\u00e5ra anv\u00e4ndare, s\u00e5 l\u00e4nge som dessa parter samtycker till att h\u00e5lla s\u00e5dana uppgifter konfidentiella. Vi kan ocks\u00e5 tillhandah\u00e5lla uppgifter i de fall vi beh\u00f6ver efterleva lagstiftningen, uppr\u00e4tth\u00e5lla v\u00e5r webbplatspolicy, eller skydda v\u00e5ra eller andras r\u00e4ttigheter, egendom och s\u00e4kerhet.&nbsp;<\/p>\n\n\n\n<p>D\u00e4remot kan information om bes\u00f6k till platsen som inte kan anv\u00e4ndas f\u00f6r att identifiera dig l\u00e4mnas till andra parter f\u00f6r marknadsf\u00f6ring, reklam eller annan anv\u00e4ndning.<\/p>\n\n\n\n<p><strong>L\u00c4NKAR TILL TREDJE PART<\/strong><\/p>\n\n\n\n<p>Vi inkluderar inte eller erbjuder produkter eller tj\u00e4nster fr\u00e5n tredje part p\u00e5 v\u00e5r webbplats.<\/p>\n\n\n\n<p><strong>GOOGLE<\/strong><\/p>\n\n\n\n<p>Googles annonseringskrav kan sammanfattas av Googles annonseringsprinciper. De \u00e4r till f\u00f6r att ge anv\u00e4ndarna en positiv upplevelse.<\/p>\n\n\n\n<p><a href=\"https:\/\/support.google.com\/adwordspolicy\/answer\/1316548?hl=en\">https:\/\/support.google.com\/adwordspolicy\/answer\/1316548?hl=en<\/a><\/p>\n\n\n\n<p>Vi anv\u00e4nder Google AdSense Advertising p\u00e5 v\u00e5r webbplats.<\/p>\n\n\n\n<p>Google, i egenskap av trejdepartsleverant\u00f6r anv\u00e4nder cookies f\u00f6r att visa annonser p\u00e5 v\u00e5r webbplats. Googles anv\u00e4ndning av DART-cookien inneb\u00e4r att den kan visa annonser f\u00f6r v\u00e5ra anv\u00e4ndare baserat p\u00e5 tidigare bes\u00f6k p\u00e5 v\u00e5r webbplats samt andra webbplatser p\u00e5 internet. Anv\u00e4ndare kan v\u00e4lja bort anv\u00e4ndningen av DART-cookien genom att bes\u00f6ka Googles sekretesspolicy f\u00f6r annonser och inneh\u00e5llsn\u00e4tverk.<\/p>\n\n\n\n<p><strong>VI HAR IMPLEMENTERAT F\u00d6LJANDE:<\/strong><\/p>\n\n\n\n<ul class=\"wp-block-list\">\n<li>Remarketing med Google AdSense<\/li>\n\n\n\n<li>Visningsrapportering f\u00f6r Googles Display-n\u00e4tverk<\/li>\n\n\n\n<li>Demografi och intresserapportering<\/li>\n\n\n\n<li>Facebook-konverteringssp\u00e5rningspixel<\/li>\n<\/ul>\n\n\n\n<p>Vi anv\u00e4nder &#8220;bes\u00f6ks\u00e5tg\u00e4rdspixlarna&#8221; fr\u00e5n Facebook Inc (1 Hacker Way, Menlo Park, CA 94025, USA, eller, om du \u00e4r baserad i EU, Facebook Ireland Ltd., 4 Grand Canal Square, Grand Canal Harbour, Dublin 2, Irland (&#8220;Facebook&#8221;)) p\u00e5 v\u00e5r webbplats.<\/p>\n\n\n\n<p>Detta g\u00f6r att anv\u00e4ndarnas beteende kan sp\u00e5ras efter att de har omdirigerats till leverant\u00f6rens webbplats genom att klicka p\u00e5 en Facebook-annons. Detta g\u00f6r det m\u00f6jligt f\u00f6r oss att m\u00e4ta effektiviteten av Facebook-annonser f\u00f6r statistiska och marknadsunders\u00f6knings\u00e4ndam\u00e5l. Uppgifterna som samlas in p\u00e5 detta s\u00e4tt \u00e4r anonyma f\u00f6r oss, det vill s\u00e4ga vi ser inte personliga uppgifter f\u00f6r enskilda anv\u00e4ndare. Denna data lagras och behandlas dock av Facebook, varf\u00f6r vi informerar dig, baserat p\u00e5 v\u00e5r kunskap om situationen. Facebook kan l\u00e4nka denna information till ditt Facebook-konto och \u00e4ven anv\u00e4nda den f\u00f6r sina egna marknadsf\u00f6rings\u00e4ndam\u00e5l, i enlighet med Facebooks policy f\u00f6r dataanv\u00e4ndning https:\/\/www.facebook.com\/about\/privacy\/. Du kan till\u00e5ta Facebook och dess partners att placera annonser p\u00e5 och utanf\u00f6r Facebook. En cookie kan ocks\u00e5 lagras p\u00e5 din dator f\u00f6r dessa \u00e4ndam\u00e5l.<\/p>\n\n\n\n<p>Den r\u00e4ttsliga grunden f\u00f6r anv\u00e4ndningen av denna tj\u00e4nst \u00e4r paragraf 6, punkt 1, mening 1, bokstav f GDPR (allm\u00e4n uppgiftsskyddsf\u00f6rordning. Du kan inv\u00e4nda mot insamlingen av dina uppgifter med Facebook-pixel, eller mot anv\u00e4ndningen av dina uppgifter i syfte att visa Facebook-annonser genom att kontakta f\u00f6ljande adress: https:\/\/www.facebook.com\/settings?tab=ads.<\/p>\n\n\n\n<p>Facebook \u00e4r certifierat under Privacy Shield-avtalet och garanterar d\u00e4rmed efterlevnad av europeisk dataskyddslagstiftning (<a href=\"https:\/\/www.privacyshield.gov\/participant?id=a2zt0000000GnywAAC&amp;status=Active)\">https:\/\/www.privacyshield.gov\/participant?id=a2zt0000000GnywAAC&amp;status=Active)<\/a>.<\/p>\n\n\n\n<p>Vi, tillsammans med tredjepartsleverant\u00f6rer som Google, anv\u00e4nder f\u00f6rstapartscookies (s\u00e5som Google Analytics-cookies) och tredjepartscookies (s\u00e5som DoubleClick-cookien) eller andra tredjepartsidentifierare tillsammans f\u00f6r att sammanst\u00e4lla data om anv\u00e4ndarinteraktioner med annonsvisningar och andra annonstj\u00e4nstfunktioner enligt hur de relaterar till v\u00e5r webbplats.<\/p>\n\n\n\n<p><strong>AVST\u00c5:<\/strong><\/p>\n\n\n\n<p>Anv\u00e4ndare kan st\u00e4lla in inst\u00e4llningar f\u00f6r hur Google visar annonser f\u00f6r dig med hj\u00e4lp av sidan Googles annonsinst\u00e4llningar. Alternativt kan du v\u00e4lja bort det genom att bes\u00f6ka Network Advertising Initiative Opt Out-sidan eller genom att anv\u00e4nda Google Analytics Opt Out Browser-till\u00e4gg.<\/p>\n\n\n\n<p><strong>DU MEDDELAS OM \u00c4NDRINGAR SOM G\u00d6RS TILL INTEGRITETSPOLICYN:<\/strong><\/p>\n\n\n\n<p><strong>&nbsp;<\/strong>P\u00e5 integritetspolicysidan<\/p>\n\n\n\n<p><strong>DU KAN \u00c4NDRA DINA PERSONUPPGIFTER:<\/strong><\/p>\n\n\n\n<p><strong>&nbsp;<\/strong>Genom att beg\u00e4ra en \u00e4ndring via e-post: Privacy@huishoutdoors.com<\/p>\n\n\n\n<p><strong>HUR HANTERAR V\u00c5R SIDA DO NOT TRACK-SIGNALER?<\/strong><\/p>\n\n\n\n<p>Vi hedrar Do Not Track-signaler, och sp\u00e5rar inte, placerar inte cookies eller anv\u00e4nder annonser n\u00e4r en Do Not Track-mekanism (DNT) \u00e4r p\u00e5 plats.<\/p>\n\n\n\n<p><strong>TILL\u00c5TER V\u00c5R WEBBPLATS BETEENDESP\u00c5RNING FR\u00c5N TREDJE PART?<\/strong><\/p>\n\n\n\n<p>Det \u00e4r ocks\u00e5 viktigt att notera att vi till\u00e5ter beteendesp\u00e5rning fr\u00e5n tredje part<\/p>\n\n\n\n<p><strong>COPPA (CHILDREN ONLINE PRIVACY PROTECTION ACT)<\/strong><\/p>\n\n\n\n<p>I fr\u00e5gan om insamling av personuppgifter fr\u00e5n barn under 13 \u00e5r, ger Children\u2019s Online Privacy Protection Act (COPPA) f\u00f6r\u00e4ldrarna kontroll. Federal Trade Commission, USA:s konsumentskyddsmyndighet, till\u00e4mpar COPPA-regeln, som anger vad operat\u00f6rer av webbplatser och onlinetj\u00e4nster m\u00e5ste g\u00f6ra f\u00f6r att skydda barns integritet och s\u00e4kerhet online.<\/p>\n\n\n\n<p>Vi marknadsf\u00f6r inte specifikt till barn under 13 \u00e5r.<\/p>\n\n\n\n<p><strong>RIMLIGA INFORMATIONSMETODER<\/strong><\/p>\n\n\n\n<p>Principerna f\u00f6r rimliga informationsmetoder utg\u00f6r ryggraden i integritetslagstiftningen i USA och begreppen de inkluderar har spelat en betydande roll i utvecklingen av dataskyddslagar runt om i v\u00e4rlden. Att f\u00f6rst\u00e5 principerna f\u00f6r rimliga informationsmetoder och hur de b\u00f6r implementeras \u00e4r avg\u00f6rande f\u00f6r att f\u00f6lja de olika integritetslagarna som skyddar personliguppgifter.<\/p>\n\n\n\n<p><strong>F\u00f6r att vara i linje med rimliga informationsmetoder vidtar vi f\u00f6ljande responsiva \u00e5tg\u00e4rder om ett dataintr\u00e5ng skulle intr\u00e4ffa:<\/strong><\/p>\n\n\n\n<p><strong>Vi meddelar dig via e-post:<\/strong><\/p>\n\n\n\n<p>Inom sju arbetsdagar<\/p>\n\n\n\n<p>Vi samtycker ocks\u00e5 till principen om individuell uppr\u00e4ttelse som kr\u00e4ver att individer har r\u00e4tt att lagligt ut\u00f6va verkst\u00e4llbara r\u00e4ttigheter mot uppgiftsinsamlare och registerf\u00f6rare som inte f\u00f6ljer lagen. Denna princip kr\u00e4ver inte bara att individer har verkst\u00e4llbara r\u00e4ttigheter gentemot uppgiftsanv\u00e4ndare, utan ocks\u00e5 att individer kan v\u00e4nda sig till domstolar eller statliga myndigheter f\u00f6r att utreda och\/eller \u00e5tala registerf\u00f6rare som inte f\u00f6ljer efterlevnaden.<\/p>\n\n\n\n<p><strong>CAN SPAM ACT<\/strong><\/p>\n\n\n\n<p>CAN-SPAM Act \u00e4r en lag som anger reglerna f\u00f6r kommersiell e-post, st\u00e4ller krav p\u00e5 kommersiella meddelanden, ger mottagare r\u00e4tt att f\u00e5 e-postmeddelanden stoppade fr\u00e5n att skickas till dem, och anger h\u00e5rda straff f\u00f6r \u00f6vertr\u00e4delser.<\/p>\n\n\n\n<p><strong>Vi samlar in din e-postadress f\u00f6r att:<\/strong><\/p>\n\n\n\n<ul class=\"wp-block-list\">\n<li>Skicka information, svara p\u00e5 f\u00f6rfr\u00e5gningar och\/eller andra f\u00f6rfr\u00e5gningar eller fr\u00e5gor<\/li>\n\n\n\n<li>Bearbeta best\u00e4llningar och att skicka information och uppdateringar om best\u00e4llningar.<\/li>\n\n\n\n<li>Skicka ytterligare information om din produkt och\/eller tj\u00e4nst<\/li>\n\n\n\n<li>Marknadsf\u00f6ring till v\u00e5r e-postlista eller forts\u00e4tta att skicka meddelanden till v\u00e5ra kunder efter att den ursprungliga transaktionen har \u00e4gt rum.<\/li>\n<\/ul>\n\n\n\n<p><strong>I syftet att efterleva CANSPAM g\u00e5r vi med p\u00e5 f\u00f6ljande:<\/strong><\/p>\n\n\n\n<ul class=\"wp-block-list\">\n<li>Att inte anv\u00e4nda falska eller missledande \u00e4mnen eller e-postadresser.<\/li>\n\n\n\n<li>Identifiera meddelandet som reklam p\u00e5 ett rimligt vis.<\/li>\n\n\n\n<li>Inkludera den fysiska adressen f\u00f6r v\u00e5r verksamhet eller v\u00e5rt huvuds\u00e4te.<\/li>\n\n\n\n<li>\u00d6vervaka tredjepartstj\u00e4nster f\u00f6r e-postmarknadsf\u00f6ring f\u00f6r efterlevnad, om en s\u00e5dan anv\u00e4nds.<\/li>\n\n\n\n<li>Att snabbt besvara f\u00f6rfr\u00e5gningar om avregistrering.<\/li>\n\n\n\n<li>L\u00e5ta anv\u00e4ndare avsluta prenumerationen genom att anv\u00e4nda l\u00e4nken l\u00e4ngst ned i varje e-postmeddelande.<\/li>\n<\/ul>\n\n\n\n<p><strong>Om du vid n\u00e5got tillf\u00e4lle inte l\u00e4ngre vill ta emot e-postmeddelanden fr\u00e5n oss kan du skicka meddelande till oss p\u00e5:<\/strong><\/p>\n\n\n\n<p>F\u00f6lj anvisningarna som st\u00e5r l\u00e4ngst ner i varje meddelande s\u00e5 tar vi bort dig fr\u00e5n&nbsp;<strong>ALL<\/strong>&nbsp;korrespondens.<\/p>\n\n\n\n<p><strong>KONTAKTA OSS<\/strong><\/p>\n\n\n\n<p>Om du har n\u00e5gra fr\u00e5gor ang\u00e5ende denna integritetspolicy kan du kontakta oss med hj\u00e4lp av informationen nedan.<\/p>\n\n\n\n<p>www.oceanicworldwide.com<br>1540 North 2200 West<br>Salt Lake City, Utah 84116<br>USA<\/p>\n\n\n\n<p><a href=\"mailto:Privacy@huishoutdoors.com\">Privacy@huishoutdoors.com<\/a><\/p>\n\n\n\n<p>Senast redigerad 2023-11-09<\/p>\n\n\n\n<div class=\"container-fluid\">\n<div class=\"row\">\n<div class=\"col\">\n<h4 class=\"wp-block-heading\">ANV\u00c4NDER VI COOKIES?<\/h4>\n\n\n\n<script id=\"CookieDeclaration\" src=\"https:\/\/consent.cookiebot.com\/1552aead-e1ab-467d-9b17-f8cd3923101e\/cd.js\" type=\"text\/javascript\" async><\/script>\n<\/div>\n<\/div>\n<\/div>\n","protected":false},"excerpt":{"rendered":"<p>Integritetspolicy Denna integritetspolicy har sammanst\u00e4llts f\u00f6r de som vill veta mer om hur deras personuppgifter anv\u00e4nds online. Personuppgifter utg\u00f6r information som kan anv\u00e4ndas p\u00e5 egen hand eller tillsammans med annan information f\u00f6r att identifiera, kontakta eller lokalisera en person, eller f\u00f6r att identifiera en person i ett sammanhang. L\u00e4s integritetspolicyn noggrant f\u00f6r att f\u00e5 en [&hellip;]<\/p>\n","protected":false},"author":11,"featured_media":0,"parent":0,"menu_order":0,"comment_status":"closed","ping_status":"closed","template":"","meta":{"_acf_changed":false,"footnotes":""},"class_list":["post-1246","page","type-page","status-publish","hentry"],"acf":[],"_links":{"self":[{"href":"https:\/\/eu.oceanicworldwide.com\/sv\/wp-json\/wp\/v2\/pages\/1246","targetHints":{"allow":["GET"]}}],"collection":[{"href":"https:\/\/eu.oceanicworldwide.com\/sv\/wp-json\/wp\/v2\/pages"}],"about":[{"href":"https:\/\/eu.oceanicworldwide.com\/sv\/wp-json\/wp\/v2\/types\/page"}],"author":[{"embeddable":true,"href":"https:\/\/eu.oceanicworldwide.com\/sv\/wp-json\/wp\/v2\/users\/11"}],"replies":[{"embeddable":true,"href":"https:\/\/eu.oceanicworldwide.com\/sv\/wp-json\/wp\/v2\/comments?post=1246"}],"version-history":[{"count":0,"href":"https:\/\/eu.oceanicworldwide.com\/sv\/wp-json\/wp\/v2\/pages\/1246\/revisions"}],"wp:attachment":[{"href":"https:\/\/eu.oceanicworldwide.com\/sv\/wp-json\/wp\/v2\/media?parent=1246"}],"curies":[{"name":"wp","href":"https:\/\/api.w.org\/{rel}","templated":true}]}}