{"id":857,"date":"2023-09-14T19:36:40","date_gmt":"2023-09-14T19:36:40","guid":{"rendered":"https:\/\/huisheuro.wpengine.com\/product\/oceanic-dive-housing\/"},"modified":"2026-04-15T05:31:05","modified_gmt":"2026-04-15T05:31:05","slug":"oceanic-dive-housing","status":"publish","type":"product","link":"https:\/\/eu.oceanicworldwide.com\/pt-pt\/produto\/oceanic-dive-housing\/","title":{"rendered":"Oceanic+ Dive Housing"},"content":{"rendered":"<p><img loading=\"lazy\" decoding=\"async\" class=\"alignnone size-full wp-image-114912\" src=\"https:\/\/eu.oceanicworldwide.com\/wp-content\/uploads\/2023\/11\/POR-Oceanic-Plus-Dive-Housing-Overview.png\" alt=\"\" width=\"1920\" height=\"1080\" \/><\/p>\n<p>Peso do produto 975 g \/ Dimens\u00f5es do produto:\u00a024.6 cm L x 11.2 cm A x 6.9 cm P<\/p>\n<p>Faixa de temperatura de servi\u00e7o: 4\u00b0 AT\u00c9 35\u00b0 C. Jamais exceda a temperatura m\u00ednima ou m\u00e1xima de servi\u00e7o do seu aparelho iOS.<\/p>\n<p><span style=\"font-family: 'Ubuntu',sans-serif; color: black;\">O que est\u00e1 incluso no Kit\u00a0de Reposi\u00e7\u00e3o?<\/span><\/p>\n<ul>\n<li>5x Unidades de dessecante<\/li>\n<li>1x Embalagem de graxa<\/li>\n<li>1x O-ring<\/li>\n<li>1x Ferramenta do O-ring<\/li>\n<li>2x Almofadinhas de borracha<\/li>\n<\/ul>\n<p>&nbsp;<\/p>\n","protected":false},"excerpt":{"rendered":"<p><strong><img decoding=\"async\" class=\"alignnone wp-image-130452 size-medium\" src=\"https:\/\/www.oceanicworldwide.com\/wp-content\/uploads\/sites\/6\/2023\/02\/PD2024_RD_t-300x176.png\" alt=\"\" width=\"150\" data-wp-editing=\"1\" \/><\/strong><\/p>\n<p><strong>Seu<strong style=\"color: #0075ff;\">Mergulho<\/strong><\/strong><strong>Sua<strong style=\"color: #0075ff;\">Hist\u00f3ria<\/strong><\/strong><\/p>\n<p class=\"p1\">Agora j\u00e1 pode usar o seu iPhone como c\u00e2mera subaqu\u00e1tica e como computador de mergulho!<\/p>\n<p>O Oceanic+ Dive Housing com patente pendente permite que tire fotos legais com corre\u00e7\u00e3o autom\u00e1tica de cores no seu iPhone, seja mergulhando ou se divertindo na \u00e1gua.<\/p>\n<p>Com o aplicativo Oceanic+ e o Dive Housing, o seu iPhone tamb\u00e9m se torna um computador de mergulho totalmente funcional.<\/p>\n<p>Um aplicativo, um assinatura, dois aparelhos! Com o aplicativo Oceanic+, tamb\u00e9m pode usar a mesma assinatura tanto para o Apple Watch Ultra quanto para o iPhone. Isto permite dispor de dois aparelhos que compartilham a mesma assinatura para poupar o seu dinheiro. Tamb\u00e9m permite uma maior redund\u00e2ncia para mergulhar tanto com o Apple Watch Ultra quanto com o iPhone com o Oceanic+ Dive Housing. Ao final de cada mergulho, o computador principal ser\u00e1 selecionado para os seus dados de mergulho.<\/p>\n<p><strong>Confira o v\u00eddeo de lan\u00e7amento do produto <a href=\"https:\/\/www.youtube.com\/watch?v=lVRbcagnwkA\"><u>aqui.<\/u><\/a><\/strong><\/p>\n<p><a href=\"#compatible\"><strong>O meu iPhone \u00e9 compat\u00edvel? Confira aqui.<\/strong><\/a><\/p>\n<p><strong>Dispon\u00edvel para encomendar somente de pa\u00edses da Uni\u00e3o Europeia.<\/strong><\/p>\n<p>Para outros locais internacionais, <a href=\"https:\/\/www.oceanicworldwide.com\/international\/\"><u>clique aqui<\/u><\/a> para contatar o seu distribuidor local.<\/p>\n","protected":false},"featured_media":2380,"comment_status":"open","ping_status":"closed","template":"","meta":{"_acf_changed":false},"product_cat":[114,115,116],"product_tag":[],"class_list":{"0":"post-857","1":"product","2":"type-product","3":"status-publish","4":"has-post-thumbnail","6":"product_cat-computers-pt-pt","7":"product_cat-oceanic-plus-accessories-pt-pt","8":"product_cat-oceanic-team-picks-pt-pt","10":"first","11":"instock","12":"featured","13":"taxable","14":"shipping-taxable","15":"purchasable","16":"product-type-simple"},"acf":[],"_links":{"self":[{"href":"https:\/\/eu.oceanicworldwide.com\/pt-pt\/wp-json\/wp\/v2\/product\/857","targetHints":{"allow":["GET"]}}],"collection":[{"href":"https:\/\/eu.oceanicworldwide.com\/pt-pt\/wp-json\/wp\/v2\/product"}],"about":[{"href":"https:\/\/eu.oceanicworldwide.com\/pt-pt\/wp-json\/wp\/v2\/types\/product"}],"replies":[{"embeddable":true,"href":"https:\/\/eu.oceanicworldwide.com\/pt-pt\/wp-json\/wp\/v2\/comments?post=857"}],"wp:featuredmedia":[{"embeddable":true,"href":"https:\/\/eu.oceanicworldwide.com\/pt-pt\/wp-json\/wp\/v2\/media\/2380"}],"wp:attachment":[{"href":"https:\/\/eu.oceanicworldwide.com\/pt-pt\/wp-json\/wp\/v2\/media?parent=857"}],"wp:term":[{"taxonomy":"product_cat","embeddable":true,"href":"https:\/\/eu.oceanicworldwide.com\/pt-pt\/wp-json\/wp\/v2\/product_cat?post=857"},{"taxonomy":"product_tag","embeddable":true,"href":"https:\/\/eu.oceanicworldwide.com\/pt-pt\/wp-json\/wp\/v2\/product_tag?post=857"}],"curies":[{"name":"wp","href":"https:\/\/api.w.org\/{rel}","templated":true}]}}