{"id":818,"date":"2023-11-10T19:11:28","date_gmt":"2023-11-10T19:11:28","guid":{"rendered":"https:\/\/huisheuro.wpengine.com\/?page_id=818"},"modified":"2023-11-10T19:24:00","modified_gmt":"2023-11-10T19:24:00","slug":"termos-e-condicoes-da-oceanic","status":"publish","type":"page","link":"https:\/\/eu.oceanicworldwide.com\/pt-pt\/termos-e-condicoes-da-oceanic\/","title":{"rendered":"Termos e Condi\u00e7\u00f5es da Oceanic"},"content":{"rendered":"\n<div class=\"container\">\n<div class=\"row\">\n<div class=\"col\">\n<p>Termos e Condi\u00e7\u00f5es da Oceanic<\/p>\n\n\n\n<p>Bem-vindo(a) ao site eu.OceanicWorldwide.com &nbsp;(doravante, o \u201cSite\u201d). A Oceanic presta servi\u00e7os a voc\u00ea sujeitos \u00e0s notifica\u00e7\u00f5es, termos e condi\u00e7\u00f5es estipulados no presente Acordo (doravante, o \u201cAcordo\u201d). A par disso, quando utilizar os nossos servi\u00e7os (por exemplo, An\u00e1lises de Clientes), estar\u00e1 sujeito(a) \u00e0s regras, diretrizes, pol\u00edticas, termos e condi\u00e7\u00f5es que se aplicarem ao referido servi\u00e7o, sendo os mesmos incorporados ao presente Acordo como refer\u00eancia. Reservamo-nos o direito de, em qualquer altura, proceder a altera\u00e7\u00f5es ao Site e a estes termos e condi\u00e7\u00f5es.&nbsp;<strong>O ACESSO, A NAVEGA\u00c7\u00c3O OU A UTILIZA\u00c7\u00c3O DESTE SITE POR ALGUMA FORMA INDICA A SUA ANU\u00caNCIA AOS PRESENTES TERMOS E CONDI\u00c7\u00d5ES NA \u00cdNTEGRA DESTE ACORDO, PELO QUE RECOMENDAMOS A LEITURA DESTE ACORDO COM ATEN\u00c7\u00c3O ANTES DE PROSSEGUIR.<\/strong><\/p>\n\n\n\n<p><strong>USO DO SITE<\/strong><br>Pelo presente instrumento, voc\u00ea declara para os devidos efeitos legais que tem pelo menos 18&nbsp; anos de idade ou que acessa o Site sob a supervis\u00e3o de um adulto ou respons\u00e1vel.<\/p>\n\n\n\n<p>Sujeito aos termos e condi\u00e7\u00f5es constantes deste Acordo, pelo presente instrumento concedemos a voc\u00ea uma licen\u00e7a limitada, revog\u00e1vel, n\u00e3o-transfer\u00edvel e n\u00e3o-exclusiva para acessar e utilizar o Site, visualizando-o em seu navegador da Internet para o fim espec\u00edfico de compras dos seus itens pessoais vendidos no Site, mas n\u00e3o para nenhum fim comercial nem utiliza\u00e7\u00e3o em nome de terceiros, ressalvados os casos pr\u00e9via e expressamente permitidos por n\u00f3s. A viola\u00e7\u00e3o aos termos do presente Acordo resultar\u00e1 na rescis\u00e3o imediata da licen\u00e7a concedida, objeto destes termos sem notifica\u00e7\u00e3o pr\u00e9via a voc\u00ea.<\/p>\n\n\n\n<p>Ressalvados os casos permitidos nestes termos supra, \u00e9 vedada qualquer reprodu\u00e7\u00e3o, distribui\u00e7\u00e3o, visualiza\u00e7\u00e3o, venda, loca\u00e7\u00e3o, transmiss\u00e3o, cria\u00e7\u00e3o de trabalho derivado, tradu\u00e7\u00e3o, modifica\u00e7\u00e3o, engenharia reversa, desmontagem, descompila\u00e7\u00e3o ou outra forma de utiliza\u00e7\u00e3o do presente Site ou de alguma parte do mesmo, exceto quando expressamente permitido por n\u00f3s por escrito. Vedada qualquer utiliza\u00e7\u00e3o comercial de alguma informa\u00e7\u00e3o disponibilizada no Site ou de sua utiliza\u00e7\u00e3o do Site em prol de outra empresa, ressalvados os casos pr\u00e9via e expressamente permitidos por n\u00f3s. Reservamo-nos o direito de recusar algum servi\u00e7o, encerrar contas, e\/ou cancelar pedidos a nosso crit\u00e9rio, incluindo entre outros, os casos em que acreditemos que a conduta do cliente viola a lei em vigor ou \u00e9 danosa para os nossos interesses.<\/p>\n\n\n\n<p>Vedado igualmente o upload, a distribui\u00e7\u00e3o ou alguma forma de publica\u00e7\u00e3o por este Site de algum Conte\u00fado, de informa\u00e7\u00f5es ou de outro material que (a) viola ou infringe os direitos de autor, patentes, marcas registradas, marcas de servi\u00e7os, sigilos comerciais ou demais direitos exclusivos de alguma pessoa; (b) seja calunioso, amea\u00e7ador, difamat\u00f3rio, obsceno, indecente, pornogr\u00e1fico ou que possa ensejar alguma obriga\u00e7\u00e3o civil ou criminal nos termos da legisla\u00e7\u00e3o dos EUA ou de leis internacionais; ou que (c) inclua algum bug. v\u00edrus, worms, trapdoors, cavalos de Troia ou outros c\u00f3digos ou propriedades prejudiciais.<\/p>\n\n\n\n<p>O conte\u00fado disponibilizado neste site destina-se somente a fins de informa\u00e7\u00e3o. \u00c9 sua responsabilidade exclusiva consultar algum m\u00e9dico habilitado ou outro profissional de sa\u00fade qualificado para alguma orienta\u00e7\u00e3o, diagn\u00f3stico e\/ou tratamento de alguma condi\u00e7\u00e3o de sa\u00fade. As comunica\u00e7\u00f5es ou opini\u00f5es expressas neste Site s\u00e3o provenientes dos indiv\u00edduos que expressarem suas comunica\u00e7\u00f5es ou opini\u00f5es e podem n\u00e3o refletir as nossas opini\u00f5es. As declara\u00e7\u00f5es do produto expressas neste Site s\u00e3o provenientes do fornecedor e n\u00e3o s\u00e3o feitas por n\u00f3s.<\/p>\n\n\n\n<p>Podemos atribuir a voc\u00ea uma senha e um n\u00famero de identifica\u00e7\u00e3o de conta para permitir que voc\u00ea possa acessar e utilizar determinadas \u00e1reas deste Site. Ser\u00e1 considerado que, sempre que utilizar a senha ou a identifica\u00e7\u00e3o, voc\u00ea tem autoriza\u00e7\u00e3o para acessar e utilizar o Site de uma forma consistente com os termos e condi\u00e7\u00f5es deste Acordo, pelo que declinamos qualquer obriga\u00e7\u00e3o de investigar a autoriza\u00e7\u00e3o ou origem de algum acesso ou utiliza\u00e7\u00e3o do Site.&nbsp;<strong>VOC\u00ca SER\u00c1 EXCLUSIVAMENTE RESPONS\u00c1VEL PELO ACESSO INTEGRAL E PELA UTILIZA\u00c7\u00c3O DESTE SITE POR ALGU\u00c9M QUE UTILIZAR A SENHA E O N\u00daMERO DE IDENTIFICA\u00c7\u00c3O QUE TIVEREM SIDO ATRIBU\u00cdDOS ORIGINALMENTE A VOC\u00ca, INDEPENDENTEMENTE DE TAL ACESSO E UTILIZA\u00c7\u00c3O AO SITE TEREM SIDO EFETIVAMENTE AUTORIZADOS POR VOC\u00ca, INCLUINDO ENTRE OUTROS, AS COMUNICA\u00c7\u00d5ES E TRANSMISS\u00d5ES E DEMAIS OBRIGA\u00c7\u00d5ES (INCLUINDO ENTRE OUTRAS, OBRIGA\u00c7\u00d5ES FINANCEIRAS) QUE HOUVEREM SIDO CONTRA\u00cdDAS POR MEIO DO REFERIDO ACESSO OU UTILIZA\u00c7\u00c3O.<\/strong>&nbsp;Voc\u00ea \u00e9 o \u00fanico respons\u00e1vel pela prote\u00e7\u00e3o da seguran\u00e7a e da confidencialidade da senha e identifica\u00e7\u00e3o que lhe forem atribu\u00eddas. Dever\u00e1 comunicar-nos imediatamente a respeito de alguma utiliza\u00e7\u00e3o n\u00e3o autorizada da sua senha ou da sua identifica\u00e7\u00e3o ou de qualquer outra viola\u00e7\u00e3o ou amea\u00e7a de viola\u00e7\u00e3o \u00e0 seguran\u00e7a do Site.<\/p>\n\n\n\n<p><strong>AN\u00c1LISES E COMENT\u00c1RIOS<\/strong><br>Ressalvados os casos expressamente previstos no presente Acordo ou no Site, todo o conte\u00fado que voc\u00ea enviar ou postar no Site e\/ou nos disponibilizar, incluindo entre outros, ideias, conhecimentos, t\u00e9cnicas, quest\u00f5es, an\u00e1lises, coment\u00e1rios e sugest\u00f5es (coletivamente, \u201cComunica\u00e7\u00f5es\u201d) s\u00e3o e ser\u00e3o tratados como conte\u00fados n\u00e3o confidenciais e n\u00e3o exclusivos, pelo que gozaremos do direito a n\u00edvel global, perp\u00e9tuo, irrevog\u00e1vel, transfer\u00edvel e n\u00e3o sujeito a royalties de utilizar, copiar, distribuir, divulgar, publicar, executar, vender, alugar, transmitir, adaptar, criar trabalhos derivados a partir das referidas Comunica\u00e7\u00f5es por qualquer meio e mediante qualquer forma, assim como o direito de traduzir, modificar, proceder a engenharia reversa, desmontar ou descompilar as referidas Comunica\u00e7\u00f5es. As Comunica\u00e7\u00f5es se tornar\u00e3o automaticamente propriedade \u00fanica e exclusiva nossa e n\u00e3o lhe ser\u00e3o devolvidos.<\/p>\n\n\n\n<p>Al\u00e9m dos direitos que se aplicarem a qualquer uma das Comunica\u00e7\u00f5es, sempre que voc\u00ea postar algum coment\u00e1rio ou an\u00e1lise no Site, tamb\u00e9m nos concede o direito de utilizar o nome em que tiver enviado a referida an\u00e1lise, coment\u00e1rio ou outro Conte\u00fado, conforme o caso, vinculado \u00e0 referida an\u00e1lise, coment\u00e1rio ou outro conte\u00fado. Pelo presente instrumento voc\u00ea declara que det\u00e9m ou de alguma forma controla na \u00edntegra os direitos sobre as an\u00e1lises, coment\u00e1rio ou outro Conte\u00fado que voc\u00ea postar no Site e que a utiliza\u00e7\u00e3o dessas an\u00e1lises, coment\u00e1rios ou outro Conte\u00fado feita por n\u00f3s n\u00e3o infringe nem viola os direitos de terceiros. Voc\u00ea n\u00e3o poder\u00e1 utilizar nenhum endere\u00e7o de e-mail falso, passar por outra pessoa ou proceder de alguma forma que nos engane ou engane terceiros relativamente \u00e0 origem das Comunica\u00e7\u00f5es ou do Conte\u00fado. Reservamo-nos o direito, embora n\u00e3o sejamos obrigados a tal, de remover ou de editar alguma das Comunica\u00e7\u00f5es (incluindo coment\u00e1rios ou an\u00e1lises) por algum motivo.<\/p>\n\n\n\n<p><strong>PROPRIEDADE INTELECTUAL<\/strong><br>Todo o conte\u00fado inclu\u00eddo neste website, incluindo entre outros, texto, gr\u00e1ficos, imagens, e c\u00f3digos, assim como outras imagens ou fotografias espec\u00edficas, est\u00e1 sujeito aos direitos de autor de acordo com a legisla\u00e7\u00e3o dos Estados-Unidos e outras legisla\u00e7\u00f5es em mat\u00e9ria de direitos de autor, sendo propriedade exclusiva da Oceanic Worldwide. \u00c9 estritamente proibida qualquer utiliza\u00e7\u00e3o, incluindo a reprodu\u00e7\u00e3o, distribui\u00e7\u00e3o, visualiza\u00e7\u00e3o ou transmiss\u00e3o do conte\u00fado deste site assim como de imagens ou fotografias espec\u00edficas neste site.<\/p>\n\n\n\n<p>Os nomes das demais empresas, marcas e produtos s\u00e3o marcas registradas dos respectivos titulares. Este p\u00e1gina da Internet n\u00e3o est\u00e1 afiliada, n\u00e3o est\u00e1 associada nem \u00e9 patrocinada por nenhum dos titulares das marcas registradas citadas.<\/p>\n\n\n\n<p>Embora tenhamos feito todos os esfor\u00e7os no sentido de garantir que as informa\u00e7\u00f5es presentes neste website sejam exatas, os modelos, caracter\u00edsticas, partes componentes, cores e pre\u00e7os est\u00e3o sujeitos a altera\u00e7\u00f5es.<\/p>\n\n\n\n<p><strong>POL\u00cdTICA DE PRIVACIDADE<\/strong><\/p>\n\n\n\n<p>Consulte a nossa Pol\u00edtica de Privacidade, que tamb\u00e9m rege a sua visita ao Site, para entender as nossas pr\u00e1ticas.<\/p>\n\n\n\n<p><strong>RESCIS\u00c3O E EFEITOS DA RESCIS\u00c3O<\/strong><br>A par de outros recursos legais ou previstos na lei, podemos fazer jus, sem necessidade de comunica\u00e7\u00e3o pr\u00e9via a voc\u00ea, \u00e0 rescis\u00e3o imediata deste Acordo ou revogar alguma parte ou a totalidade dos seus direitos previstos nos termos deste Acordo. Quando da rescis\u00e3o deste Acordo, voc\u00ea dever\u00e1 cessar imediatamente o acesso e a utiliza\u00e7\u00e3o do Site, pelo que n\u00f3s cancelaremos, a par de outros recursos legais ou previstos em lei, todas as senhas e n\u00fameros de identifica\u00e7\u00e3o de contas que tiverem sido atribu\u00eddas a voc\u00ea, al\u00e9m de negar o seu acesso e a utiliza\u00e7\u00e3o a este Site, na totalidade ou parcialmente. A rescis\u00e3o do presente Acordo n\u00e3o afetar\u00e1 os respectivos direitos e obriga\u00e7\u00f5es (incluindo, entre outros, as obriga\u00e7\u00f5es de pagamentos) das respectivas partes que tiverem sido afetadas antes da data da rescis\u00e3o.<\/p>\n\n\n\n<p><strong>ACESSO INTERNACIONAL<\/strong><br>Este Site (dom\u00ednio e subdom\u00ednios) pode ser acessado de outros pa\u00edses al\u00e9m dos Estados-Unidos. Este Site pode conter produtos ou refer\u00eancias a produtos que n\u00e3o estejam dispon\u00edveis fora dos Estados-Unidos. Qualquer refer\u00eancia aos mesmos n\u00e3o implica que os referidos produtos venham a estar dispon\u00edveis fora dos Estados-Unidos. Voc\u00ea se responsabiliza por aderir \u00e0 legisla\u00e7\u00e3o e aos regulamentos locais caso venha a acessar e utilizar este Site fora dos Estados-Unidos.<\/p>\n\n\n\n<p><strong>TERMO DE GARANTIA<\/strong><br>A Oceanic n\u00e3o garante nem declara que o conte\u00fado deste Site esteja exato nem que a opera\u00e7\u00e3o do Site esteja isenta de algum erro ou de alguma interrup\u00e7\u00e3o do servi\u00e7o nem ainda que esteja livre de v\u00edrus ou de outros componentes prejudiciais. A utiliza\u00e7\u00e3o deste Site \u00e9 feita por sua conta e risco. A Oceanic n\u00e3o declara nem garante que a sua utiliza\u00e7\u00e3o dos materiais divulgados neste Site n\u00e3o venha a infringir os direitos de terceiros. As informa\u00e7\u00f5es publicadas neste Site podem fazer alus\u00e3o a produtos, programas ou servi\u00e7os que n\u00e3o estejam dispon\u00edveis no seu pa\u00eds. Sem preju\u00edzo ao disposto anteriormente, o Site \u00e9 disponibilizado \u201cCOMO \u00c9\u201d e sem nenhum tipo de garantia, expressa ou t\u00e1cita, incluindo entre outros, garantias impl\u00edcitas de comercializa\u00e7\u00e3o, de adequa\u00e7\u00e3o a um determinado fim ou de n\u00e3o-viola\u00e7\u00e3o. Algumas juridi\u00e7\u00f5es poder\u00e3o n\u00e3o permitir a exclus\u00e3o das garantias impl\u00edcitas, pelo que algumas das exclus\u00f5es acima podem n\u00e3o se aplicar a voc\u00ea.<\/p>\n\n\n\n<p><strong>LIMITE DAS OBRIGA\u00c7\u00d5ES<\/strong><br>Nem a Oceanic nem terceiros envolvidos na cria\u00e7\u00e3o ou fornecimento do Site ser\u00e3o responsabilizados sob qualquer \u00f3ptica (incluindo a de neglig\u00eancia) ao pagamento de indeniza\u00e7\u00e3o por danos acidentais, danos emergentes, danos indiretos, danos especiais ou indeniza\u00e7\u00e3o punitiva que decorrerem do seu acesso ou utiliza\u00e7\u00e3o do Site, mesmo tendo a Oceanic sido informada sobre a possibilidade de tais danos.<\/p>\n\n\n\n<p><strong>ERROS DE DIGITA\u00c7\u00c3O<\/strong><br>Na eventualidade de um produto ser disponibilizado com um valor incorreto ou com informa\u00e7\u00f5es incorretas em fun\u00e7\u00e3o de erros de digita\u00e7\u00e3o ou ainda erros no pre\u00e7o ou nas informa\u00e7\u00f5es do produto recebidos de nossos fornecedores, poderemos recusar ou cancelar eventuais pedidos feitos para produtos que apresentavam pre\u00e7os incorretos. Reservamo-nos o direito de recusar ou cancelar os referidos pedidos, independentemente de os mesmos terem sido confirmados e de o valor ter sido descontado no seu cart\u00e3o de cr\u00e9dito. Caso o valor da compra tenha sido descontado no seu cart\u00e3o de cr\u00e9dito e o seu pedido tenha sido cancelado, lan\u00e7aremos imediatamente um cr\u00e9dito em seu cart\u00e3o de cr\u00e9dito no valor da compra.<\/p>\n\n\n\n<p><strong>LINKS<\/strong><br>Este site pode conter links para outros sites na Internet que s\u00e3o da titularidade e operados por terceiros. Voc\u00ea est\u00e1 ciente e de acordo em que n\u00e3o nos responsabilizamos pela opera\u00e7\u00e3o nem pelo conte\u00fado que se encontra ou est\u00e1 dispon\u00edvel nesses sites.<\/p>\n\n\n\n<p><strong>RECLAMA\u00c7\u00d5ES POR DIREITOS DE AUTOR<\/strong><br>Respeitamos a propriedade intelectual de terceiros. Caso acredite que o seu trabalho tenha sido copiado de uma forma pass\u00edvel de se constituir como viola\u00e7\u00e3o aos direitos de autor Entre em Contato Conosco.<\/p>\n\n\n\n<p><strong>MEDIDAS JUDICIAIS<\/strong><br>Pelo presente instrumento, voc\u00ea est\u00e1 ciente e de acordo em que as medidas judiciais que nos forem cab\u00edveis por conta de alguma viola\u00e7\u00e3o real ou poss\u00edvel aos termos do presente Acordo seriam insuficientes, pelo que podemos fazer jus \u00e0 execu\u00e7\u00e3o espec\u00edfica ou a uma medida liminar, ou a ambos, a par de eventual indeniza\u00e7\u00e3o que nos seja legalmente cab\u00edvel para a recupera\u00e7\u00e3o do dano, al\u00e9m das custas admiss\u00edveis de algum tipo de media\u00e7\u00e3o de litigio, incluindo entre outras, honor\u00e1rios advocat\u00edcios.<\/p>\n\n\n\n<p>Nenhum direito nem medida judicial a que possamos fazer jus exclui a possibilidade de pleitearmos igualmente outros recursos previstos na lei ou no Direito, incluindo entre outros, medidas liminares, honor\u00e1rios advocat\u00edcios ou custas judiciais.<\/p>\n\n\n\n<p>Nenhum caso de ren\u00fancia da nossa parte a algum dos direitos ou medidas judiciais que nos sejam cab\u00edveis de acordo com estes termos e condi\u00e7\u00f5es implicar\u00e1 quaisquer obriga\u00e7\u00f5es para a concess\u00e3o de uma ren\u00fancia similar no futuro.<\/p>\n\n\n\n<p><strong>NOSSO ENDERE\u00c7O<\/strong><br>Envie as suas d\u00favidas ou coment\u00e1rios (incluindo outras consultas n\u00e3o relacionadas \u00e0 viola\u00e7\u00e3o de direitos de autor) relativos a este Site para:<\/p>\n\n\n\n<p><strong>Oceanic<\/strong><br>1540 N 2200 W<br>Salt Lake City, UT. 84116&nbsp; USA<\/p>\n<\/div>\n<\/div>\n<\/div>\n","protected":false},"excerpt":{"rendered":"","protected":false},"author":11,"featured_media":0,"parent":0,"menu_order":0,"comment_status":"closed","ping_status":"closed","template":"page-fullwidth-fluid.php","meta":{"_acf_changed":false,"footnotes":""},"class_list":["post-818","page","type-page","status-publish","hentry"],"acf":[],"_links":{"self":[{"href":"https:\/\/eu.oceanicworldwide.com\/pt-pt\/wp-json\/wp\/v2\/pages\/818","targetHints":{"allow":["GET"]}}],"collection":[{"href":"https:\/\/eu.oceanicworldwide.com\/pt-pt\/wp-json\/wp\/v2\/pages"}],"about":[{"href":"https:\/\/eu.oceanicworldwide.com\/pt-pt\/wp-json\/wp\/v2\/types\/page"}],"author":[{"embeddable":true,"href":"https:\/\/eu.oceanicworldwide.com\/pt-pt\/wp-json\/wp\/v2\/users\/11"}],"replies":[{"embeddable":true,"href":"https:\/\/eu.oceanicworldwide.com\/pt-pt\/wp-json\/wp\/v2\/comments?post=818"}],"version-history":[{"count":0,"href":"https:\/\/eu.oceanicworldwide.com\/pt-pt\/wp-json\/wp\/v2\/pages\/818\/revisions"}],"wp:attachment":[{"href":"https:\/\/eu.oceanicworldwide.com\/pt-pt\/wp-json\/wp\/v2\/media?parent=818"}],"curies":[{"name":"wp","href":"https:\/\/api.w.org\/{rel}","templated":true}]}}