{"id":741,"date":"2023-10-13T18:12:05","date_gmt":"2023-10-13T18:12:05","guid":{"rendered":"https:\/\/huisheuro.wpengine.com\/policies\/"},"modified":"2023-11-29T22:23:39","modified_gmt":"2023-11-29T22:23:39","slug":"policies","status":"publish","type":"page","link":"https:\/\/eu.oceanicworldwide.com\/pt-pt\/policies\/","title":{"rendered":"Policies"},"content":{"rendered":"\n<div class=\"container\">\n<div class=\"row\">\n<div class=\"col col-12 pb-5\">\n<h2 class=\"wp-block-heading\">Shipping Policies<\/h2>\n\n\n\n<h3 class=\"wp-block-heading\"><strong>Envio Gr\u00e1tis<\/strong><\/h3>\n\n\n\n<p>A Oceanicworldwide.com oferece o envio gr\u00e1tis por &nbsp;FedEx em todos os pa\u00edses da Uni\u00e3o Europeia para os pedidos iguais ou acima de \u20ac199,00. Os pedidos s\u00e3o enviados da nossa unidade em Valletta, Malta e podem demorar alguns dias \u00fateis para chegar.<\/p>\n\n\n\n<h3 class=\"wp-block-heading pt-4\"><strong>PRAZO DO ENVIO<\/strong><\/h3>\n\n\n\n<p>Na Oceanic Worldwide esfor\u00e7amo-nos sempre por disponibilizar aos nossos clientes a melhor experi\u00eancia em compras poss\u00edvel.<\/p>\n\n\n\n<p>Os pedidos recebidos at\u00e9 \u00e0s 12:00 CET de segunda a sexta (exceto feriados) s\u00e3o enviados no mesmo dia \u00fatil, sujeitos \u00e0 autoriza\u00e7\u00e3o e verifica\u00e7\u00e3o do cart\u00e3o de cr\u00e9dito.<\/p>\n\n\n\n<p>Os pedidos recebidos depois das 12:00 CET de segunda a sexta (exceto feriados) s\u00e3o enviados no dia \u00fatil a seguir, sujeitos \u00e0 autoriza\u00e7\u00e3o e verifica\u00e7\u00e3o do cart\u00e3o de cr\u00e9dito.<\/p>\n\n\n\n<p>Os pedidos que forem feitos no s\u00e1bado e no domingo s\u00e3o enviados na segunda-feira a seguir (exceto feriados).<\/p>\n<\/div>\n<\/div>\n\n\n\n<div class=\"row pt-4\">\n<div class=\"col col-12\">\n<h2 class=\"wp-block-heading\"><strong>POL\u00cdTICA DE DEVOLU\u00c7\u00c3O DA EU.OCEANICWORLDWIDE.COM <\/strong><\/h2>\n\n\n\n<h3 class=\"wp-block-heading\"><strong>Pol\u00edtica de Devolu\u00e7\u00e3o Padr\u00e3o<\/strong><\/h3>\n\n\n\n<p>Se n\u00e3o estiver satisfeito(a) com o(s) nosso(s) produto(s) da Oceanic Worldwide, pode sempre devolver os produtos <em>n\u00e3o utilizados<\/em>, por\u00e9m considerando o seguinte:<\/p>\n\n\n\n<ul class=\"wp-block-list\">\n<li>Os itens adquiridos online na OceanicWorldwide.com devem ser devolvidos no prazo de 14 dias ap\u00f3s a aquisi\u00e7\u00e3o.<\/li>\n\n\n\n<li>As devolu\u00e7\u00f5es devem incluir a embalagem original com as etiquetas e\/ou adesivos.<\/li>\n\n\n\n<li>Documentos: A nota fiscal original ou o n\u00famero do pedido deve ser enviado para concluir o processo de devolu\u00e7\u00e3o.<\/li>\n\n\n\n<li>Os itens adquiridos presencialmente junto de um fornecedor ou num site de terceiros n\u00e3o podem ser devolvidos pelo site EU.OceanicWorldwide.com e devem ser devolvidos no local original de aquisi\u00e7\u00e3o (sujeito \u00e0 pol\u00edtica de devolu\u00e7\u00e3o de compras do local).<\/li>\n<\/ul>\n\n\n\n<p>De referir o seguinte: Os custos com o envio da devolu\u00e7\u00e3o ficam a cargo do comprador.<\/p>\n\n\n\n<h3 class=\"wp-block-heading pt-4\"><strong>DEVOLU\u00c7\u00c3O DE UMA COMPRA NO SITE EU.OCEANICWORLDWIDE.COM<\/strong><\/h3>\n\n\n\n<p>Visite o site <a href=\"https:\/\/eu.oceanicworldwide.com\/request-return-authorization\/\">Oceanic Worldwide Return Form<\/a>\u00a0e preencha as informa\u00e7\u00f5es solicitadas. O link para o formul\u00e1rio de devolu\u00e7\u00e3o tamb\u00e9m se encontra no e-mail de confirma\u00e7\u00e3o do seu pedido. As instru\u00e7\u00f5es de envio tamb\u00e9m est\u00e3o inclu\u00eddas no seu e-mail de confirma\u00e7\u00e3o.<\/p>\n\n\n\n<ol class=\"wp-block-list\" style=\"list-style-type:1\">\n<li>O n\u00famero de Autoriza\u00e7\u00e3o da Devolu\u00e7\u00e3o (No. RA) ser\u00e1 emitido assim que tiver preenchido e enviado o formul\u00e1rio de devolu\u00e7\u00e3o.<\/li>\n\n\n\n<li>Imprima a sua nota fiscal original e anote o n\u00famero do RA na mesma.<\/li>\n\n\n\n<li>Embale o seu item de forma segura e inclua a nota fiscal e o n\u00famero do RA dentro da embalagem.<\/li>\n<\/ol>\n\n\n\n<p>De referir o seguinte: Os custos com o envio da devolu\u00e7\u00e3o ficam a cargo do comprador.<\/p>\n\n\n\n<h3 class=\"wp-block-heading pt-4\"><strong>CR\u00c9DITO<\/strong><\/h3>\n\n\n\n<p>Quando do recebimento da sua devolu\u00e7\u00e3o, iremos inspecionar os itens e proceder ao seu cr\u00e9dito (excluindo as taxas de envio originais) no prazo de 1-2 dias \u00fateis. A Huish Outdoors n\u00e3o se responsabiliza pelos itens extraviados em tr\u00e2nsito.<\/p>\n<\/div>\n\n\n\n<div class=\"col\"><\/div>\n\n\n\n<div class=\"col\"><\/div>\n\n\n\n<div class=\"col\"><\/div>\n<\/div>\n<\/div>\n","protected":false},"excerpt":{"rendered":"","protected":false},"author":11,"featured_media":0,"parent":0,"menu_order":0,"comment_status":"closed","ping_status":"closed","template":"","meta":{"_acf_changed":false,"footnotes":""},"class_list":["post-741","page","type-page","status-publish","hentry"],"acf":[],"_links":{"self":[{"href":"https:\/\/eu.oceanicworldwide.com\/pt-pt\/wp-json\/wp\/v2\/pages\/741","targetHints":{"allow":["GET"]}}],"collection":[{"href":"https:\/\/eu.oceanicworldwide.com\/pt-pt\/wp-json\/wp\/v2\/pages"}],"about":[{"href":"https:\/\/eu.oceanicworldwide.com\/pt-pt\/wp-json\/wp\/v2\/types\/page"}],"author":[{"embeddable":true,"href":"https:\/\/eu.oceanicworldwide.com\/pt-pt\/wp-json\/wp\/v2\/users\/11"}],"replies":[{"embeddable":true,"href":"https:\/\/eu.oceanicworldwide.com\/pt-pt\/wp-json\/wp\/v2\/comments?post=741"}],"version-history":[{"count":0,"href":"https:\/\/eu.oceanicworldwide.com\/pt-pt\/wp-json\/wp\/v2\/pages\/741\/revisions"}],"wp:attachment":[{"href":"https:\/\/eu.oceanicworldwide.com\/pt-pt\/wp-json\/wp\/v2\/media?parent=741"}],"curies":[{"name":"wp","href":"https:\/\/api.w.org\/{rel}","templated":true}]}}