{"id":1553,"date":"2023-09-28T19:13:41","date_gmt":"2023-09-28T19:13:41","guid":{"rendered":"https:\/\/huisheuro.wpengine.com\/autorizacao-para-o-pedido-de-devolucao\/"},"modified":"2023-11-29T22:18:51","modified_gmt":"2023-11-29T22:18:51","slug":"autorizacao-para-o-pedido-de-devolucao","status":"publish","type":"page","link":"https:\/\/eu.oceanicworldwide.com\/pt-pt\/autorizacao-para-o-pedido-de-devolucao\/","title":{"rendered":"Autoriza\u00e7\u00e3o para o pedido de devolu\u00e7\u00e3o"},"content":{"rendered":"\n<div class=\"container\">\n<div class=\"row\">\n<div class=\"col col-md-6\">\n<p>Este formul\u00e1rio destina-se exclusivamente \u00e0 devolu\u00e7\u00e3o de produtos adquiridos atrav\u00e9s do site eu.oceanicworldwide.com.<\/p>\n\n\n\n<p>Os itens adquiridos presencialmente junto de um fornecedor ou num site de terceiros n\u00e3o podem ser devolvidos pelo site eu.oceanicworldwide.com e devem ser devolvidos no local original de aquisi\u00e7\u00e3o (sujeito \u00e0 pol\u00edtica de devolu\u00e7\u00e3o de compras do local).<\/p>\n\n\n\n<p><br\/>No caso de outras consultas, utilize a p\u00e1gina de <a href=\"https:\/\/eu.oceanicworldwide.com\/pt-pt\/entre-em-contato-conosco\/\">Entre em contato<\/a> conosco.<\/p>\n\n\n\n<p>Preencha todos os campos. Tem que inserir um documento de identifica\u00e7\u00e3o v\u00e1lido no pedido. O n\u00famero de identifica\u00e7\u00e3o do pedido pode ser consultado na sua nota fiscal ou nos dados de expedi\u00e7\u00e3o.  <\/p>\n<\/div>\n\n\n\n<div class=\"col col-md-6\">\n<div class=\"wpcf7 no-js\" id=\"wpcf7-f583-o1\" lang=\"en-US\" dir=\"ltr\">\n<div class=\"screen-reader-response\"><p role=\"status\" aria-live=\"polite\" aria-atomic=\"true\"><\/p> <ul><\/ul><\/div>\n<form action=\"\/pt-pt\/wp-json\/wp\/v2\/pages\/1553#wpcf7-f583-o1\" method=\"post\" class=\"wpcf7-form init\" aria-label=\"Contact form\" novalidate=\"novalidate\" data-status=\"init\">\n<div style=\"display: none;\">\n<input type=\"hidden\" name=\"_wpcf7\" value=\"583\" \/>\n<input type=\"hidden\" name=\"_wpcf7_version\" value=\"5.9.5\" \/>\n<input type=\"hidden\" name=\"_wpcf7_locale\" value=\"en_US\" \/>\n<input type=\"hidden\" name=\"_wpcf7_unit_tag\" value=\"wpcf7-f583-o1\" \/>\n<input type=\"hidden\" name=\"_wpcf7_container_post\" value=\"0\" \/>\n<input type=\"hidden\" name=\"_wpcf7_posted_data_hash\" value=\"\" \/>\n<\/div>\n<p><label>Your eu.oceanicworldwide.com order number<\/label><br \/>\n<span class=\"wpcf7-form-control-wrap order-id\"><input type=\"text\" class=\"wpcf7-form-control wpcf7-text\" aria-required=\"true\" aria-invalid=\"false\" name=\"order-id\" title=\"WC Order Number\"><\/span><small>You can find this in your order confirmation E-Mail<\/small>\n<\/p>\n<div id=\"order-error\">\n<\/div>\n<p><span class=\"wpcf7-form-control-wrap\" data-name=\"first-name\"><input size=\"40\" class=\"wpcf7-form-control wpcf7-text wpcf7-validates-as-required\" aria-required=\"true\" aria-invalid=\"false\" placeholder=\"First Name\" value=\"\" type=\"text\" name=\"first-name\" \/><\/span><span class=\"wpcf7-form-control-wrap\" data-name=\"last-name\"><input size=\"40\" class=\"wpcf7-form-control wpcf7-text wpcf7-validates-as-required\" aria-required=\"true\" aria-invalid=\"false\" placeholder=\"Last Name\" value=\"\" type=\"text\" name=\"last-name\" \/><\/span><br \/>\n<span class=\"wpcf7-form-control-wrap\" data-name=\"your-email\"><input size=\"40\" class=\"wpcf7-form-control wpcf7-email wpcf7-validates-as-required wpcf7-text wpcf7-validates-as-email\" aria-required=\"true\" aria-invalid=\"false\" placeholder=\"E-Mail Address\" value=\"\" type=\"email\" name=\"your-email\" \/><\/span>\n<\/p>\n<div id=\"spinner\" class=\"d-none mb-3\">\n\t<p><img decoding=\"async\" src=\"\/wp-admin\/images\/spinner-2x.gif\" style=\"width: 30px;\" \/>\n\t<\/p>\n<\/div>\n<div class=\"d-none\" id=\"orderDetails\">\n\t<p><label>Choose the product(s) you wish to return<\/label><br \/>\n<span class=\"wpcf7-form-control-wrap\" data-name=\"wc-product\"><select class=\"wpcf7-form-control wpcf7-select wpcf7-validates-as-required\" aria-required=\"true\" aria-invalid=\"false\" multiple=\"multiple\" name=\"wc-product[]\"><option value=\"choose product\">choose product<\/option><\/select><\/span><small class=\"d-block mt-n3\">You may select multiples by holding ctrl\/cmd key<\/small><br \/>\n\t<input class=\"wpcf7-form-control wpcf7-hidden\" value=\"\" type=\"hidden\" name=\"salesorder\" \/>\n\t<\/p>\n<\/div>\n<p><label>Please specify reason for return<\/label><br \/>\n<span class=\"wpcf7-form-control-wrap\" data-name=\"reason\"><select class=\"wpcf7-form-control wpcf7-select wpcf7-validates-as-required\" aria-required=\"true\" aria-invalid=\"false\" name=\"reason\"><option value=\"\">&#8212;Please choose an option&#8212;<\/option><option value=\"Incorrect size\">Incorrect size<\/option><option value=\"Incorrect product\">Incorrect product<\/option><option value=\"Product did not match description\">Product did not match description<\/option><option value=\"No longer need\">No longer need<\/option><\/select><\/span>\n<\/p>\n<div id=\"counter\">\n\t<p><input type=\"hidden\" value=\"#CO110\" name=\"rma_counter\" id=\"\" class=\"wpcf7-form-control\">\n\t<\/p>\n<\/div>\n<p><input class=\"wpcf7-form-control wpcf7-submit has-spinner btn btn-primary\" type=\"submit\" value=\"Request RMA\" \/>\n<\/p><div class=\"wpcf7-response-output\" aria-hidden=\"true\"><\/div>\n<\/form>\n<\/div>\n\n<\/div>\n<\/div>\n<\/div>\n","protected":false},"excerpt":{"rendered":"","protected":false},"author":11,"featured_media":0,"parent":0,"menu_order":0,"comment_status":"closed","ping_status":"closed","template":"","meta":{"_acf_changed":false,"footnotes":""},"class_list":["post-1553","page","type-page","status-publish","hentry"],"acf":[],"_links":{"self":[{"href":"https:\/\/eu.oceanicworldwide.com\/pt-pt\/wp-json\/wp\/v2\/pages\/1553","targetHints":{"allow":["GET"]}}],"collection":[{"href":"https:\/\/eu.oceanicworldwide.com\/pt-pt\/wp-json\/wp\/v2\/pages"}],"about":[{"href":"https:\/\/eu.oceanicworldwide.com\/pt-pt\/wp-json\/wp\/v2\/types\/page"}],"author":[{"embeddable":true,"href":"https:\/\/eu.oceanicworldwide.com\/pt-pt\/wp-json\/wp\/v2\/users\/11"}],"replies":[{"embeddable":true,"href":"https:\/\/eu.oceanicworldwide.com\/pt-pt\/wp-json\/wp\/v2\/comments?post=1553"}],"version-history":[{"count":0,"href":"https:\/\/eu.oceanicworldwide.com\/pt-pt\/wp-json\/wp\/v2\/pages\/1553\/revisions"}],"wp:attachment":[{"href":"https:\/\/eu.oceanicworldwide.com\/pt-pt\/wp-json\/wp\/v2\/media?parent=1553"}],"curies":[{"name":"wp","href":"https:\/\/api.w.org\/{rel}","templated":true}]}}