{"id":1250,"date":"2023-09-14T17:24:07","date_gmt":"2023-09-14T17:24:07","guid":{"rendered":"https:\/\/huisheuro.wpengine.com\/?page_id=1250"},"modified":"2023-11-28T19:17:03","modified_gmt":"2023-11-28T19:17:03","slug":"politica-de-privacidade-da-oceanic","status":"publish","type":"page","link":"https:\/\/eu.oceanicworldwide.com\/pt-pt\/politica-de-privacidade-da-oceanic\/","title":{"rendered":"Pol\u00edtica de Privacidade da Oceanic"},"content":{"rendered":"\n<p><strong>Pol\u00edtica de Privacidade<\/strong><strong><\/strong><\/p>\n\n\n\n<p>A presente Pol\u00edtica de Privacidade foi elaborada para melhor atender \u00e0queles que est\u00e3o preocupados com a forma como a sua Informa\u00e7\u00e3o de Identifica\u00e7\u00e3o Pessoal (PII) est\u00e1 sendo utilizada online. A PII \u00e9 a informa\u00e7\u00e3o que pode ser utilizada por si s\u00f3 ou integrada com outros dados no intuito de identificar, contatar ou localizar um determinado indiv\u00edduo ou ainda com o intuito de identificar um indiv\u00edduo num contexto. Leia com cuidado e aten\u00e7\u00e3o a nossa pol\u00edtica de privacidade para ter um entendimento inequ\u00edvoco sobre a forma como recolhemos, utilizamos, protegemos e como manuseamos a sua Informa\u00e7\u00e3o de Identifica\u00e7\u00e3o Pessoal, de acordo com o nosso site.<\/p>\n\n\n\n<p><strong>QUAIS INFORMA\u00c7\u00d5ES PESSOAIS COLETAMOS DAS PESSOAS QUE VISITAM O NOSSO SITE?<\/strong><\/p>\n\n\n\n<p>Quando encomendar ou se registrar no nosso site, conforme o caso, pode ser solicitado a inserir o seu nome, endere\u00e7o de e-mail, endere\u00e7o para correspond\u00eancia, telefone, dados do cart\u00e3o de cr\u00e9dito ou outros dados que v\u00e3o ajud\u00e1-lo neste processo.<\/p>\n\n\n\n<p><strong>QUANDO COLETAMOS AS INFORMA\u00c7\u00d5ES?<\/strong><\/p>\n\n\n\n<p>Coletamos os seus dados quando voc\u00ea faz um pedido, assina algum boletim informativo, preenche algum formul\u00e1rio para inserir os dados no nosso site ou para nos dar algum retorno sobre os nossos produtos ou servi\u00e7os.&nbsp;<\/p>\n\n\n\n<p><strong>DE QUE FORMA UTILIZAMOS AS SUAS INFORMA\u00c7\u00d5ES?<\/strong><\/p>\n\n\n\n<p>Podemos utilizar as informa\u00e7\u00f5es que coletamos de voc\u00ea quando voc\u00ea se registrar, quando fizer alguma compra, quando assinar algum boletim informativo, quando responder a alguma pesquisa ou comunica\u00e7\u00e3o de Marketing, navegar pelo site ou utilizar determinados recursos do site das seguintes formas:<\/p>\n\n\n\n<ul class=\"wp-block-list\">\n<li>Para personalizar a sua experi\u00eancia e para nos permitir que possamos fornecer o tipo de conte\u00fado e ofertas de produtos nos quais voc\u00ea possa estar interessado.<\/li>\n\n\n\n<li>Para fazer melhorias em nosso site a fim de poder atend\u00ea-lo melhor.<\/li>\n\n\n\n<li>Para permitir que possamos prover um melhor atendimento ao cliente quando nos solicitar alguma informa\u00e7\u00e3o.<\/li>\n\n\n\n<li>Para gerenciar algum concurso, promo\u00e7\u00e3o, pesquisa ou outro recurso no site.<\/li>\n\n\n\n<li>Para processar rapidamente as suas opera\u00e7\u00f5es.<\/li>\n\n\n\n<li>Para solicitar avalia\u00e7\u00f5es e an\u00e1lises dos nossos servi\u00e7os ou produtos.<\/li>\n<\/ul>\n\n\n\n<p><strong>COMO PROTEGEMOS AS SUAS INFORMA\u00c7\u00d5ES?<\/strong><\/p>\n\n\n\n<p>O nosso site \u00e9 regularmente sujeito a varreduras para detectar falhas de seguran\u00e7a e outras vulnerabilidades para que a sua visita e navega\u00e7\u00e3o em nosso site sejam o mais segura poss\u00edvel.<\/p>\n\n\n\n<p>N\u00e3o empregamos Malware Scanning.<\/p>\n\n\n\n<p>Os seus dados pessoais encontram-se em redes seguras, sendo acess\u00edveis somente por um n\u00fameno limitado de pessoas que disp\u00f5em dos direitos de acesso especial aos referidos sistemas e que se obrigam a manter essas informa\u00e7\u00f5es sob sigilo. Al\u00e9m disso, todas as informa\u00e7\u00f5es sens\u00edveis\/cr\u00e9dito s\u00e3o criptografadas com o recurso \u00e0 tecnologia Secure Socket Layer (SSL).<\/p>\n\n\n\n<p>Implementamos diversas medidas de seguran\u00e7a sempre que um usu\u00e1rio fizer algum pedido, enviar ou acessar os seus dados a fim de manter e promover a seguran\u00e7a dos seus dados pessoais.<\/p>\n\n\n\n<p>Todas as opera\u00e7\u00f5es s\u00e3o processadas atrav\u00e9s de um provedor de gateway, n\u00e3o sendo armazenadas nem processadas em nossos servidores.<\/p>\n\n\n\n<p><strong>COMO USAMOS OS COOKIES?<\/strong><\/p>\n\n\n\n<p>Este site usa cookies. Usamos os cookies para personalizar o conte\u00fado e an\u00fancios, para prover recursos de m\u00eddia social e para analisar o tr\u00e1fego em nosso site. Tamb\u00e9m compartilhamos informa\u00e7\u00f5es a respeito do uso do nosso site com a nossa m\u00eddia social, parceiros de an\u00fancios e de an\u00e1lises que podem combinar essas informa\u00e7\u00f5es com outras informa\u00e7\u00f5es que voc\u00ea tiver fornecido a esses parceiros ou que n\u00f3s coletamos anteriormente decorrentes da sua utiliza\u00e7\u00e3o dos nossos servi\u00e7os. Ao prosseguir a utiliza\u00e7\u00e3o do nosso site, voc\u00ea est\u00e1 autorizando o uso dos cookies.<\/p>\n\n\n\n<p>Os cookies s\u00e3o pequenos arquivos de texto que podem ser empregados pelos sites para promover a efici\u00eancia da experi\u00eancia do usu\u00e1rio.<br><br>A legisla\u00e7\u00e3o estabelece que podemos armazenar os cookies em nosso aparelho se os mesmos forem estritamente necess\u00e1rios para a opera\u00e7\u00e3o deste site. Para os demais tipos de cookies, \u00e9 necess\u00e1ria a sua autoriza\u00e7\u00e3o.<br><br>Este site emprega diferentes tipos de cookies. Alguns cookies s\u00e3o inseridos por servi\u00e7os de terceiros que aparecem em nossas p\u00e1ginas.<br><br>A qualquer altura, voc\u00ea pode alterar ou retirar a sua permiss\u00e3o da Declara\u00e7\u00e3o de Cookies em nosso site.<br><br>Saiba mais sobre a forma como utilizamos e como poder\u00e1 entrar em contato conosco e ainda como processamos os seus dados pessoais em nossa Pol\u00edtica de Privacidade.<\/p>\n\n\n\n<p>A sua autoriza\u00e7\u00e3o se aplica aos seguintes dom\u00ednios: <a href=\"http:\/\/www.oceanicworldwide.com\">www.oceanicworldwide.com<\/a> e www.eu.oceanicworldwide.com<\/p>\n\n\n\n<p>A Declara\u00e7\u00e3o sobre Cookies foi atualizada pela \u00faltima vez em 24.07.2023 por&nbsp;<a href=\"https:\/\/www.cookiebot.com\/\" target=\"_blank\" rel=\"noreferrer noopener\">Cookiebot<\/a>:<\/p>\n\n\n\n<p><strong>DIVULGA\u00c7\u00c3O POR TERCEIROS<\/strong><\/p>\n\n\n\n<p>N\u00e3o vendemos, comercializamos nem de alguma forma cedemos a terceiros a sua Informa\u00e7\u00e3o de Identifica\u00e7\u00e3o Pessoal sem antes apresentar aos usu\u00e1rios um aviso pr\u00e9vio. Este fato n\u00e3o inclui parceiros de hospedagem e demais parceiros que nos auxiliam na opera\u00e7\u00e3o do nosso site ou na realiza\u00e7\u00e3o das nossas atividades comerciais ou ainda que atendem os nossos usu\u00e1rios, na medida em que as referidas Partes estejam de acordo em manter sob sigilo estas informa\u00e7\u00f5es confidenciais. Tamb\u00e9m podemos divulgar informa\u00e7\u00f5es sempre que a sua divulga\u00e7\u00e3o for necess\u00e1ria para atender a algum requisito previsto na lei, fazer valer as nossas pol\u00edticas do site ou ainda para nos proteger dos direitos de terceiros, da propriedade ou de seguran\u00e7a.&nbsp;<\/p>\n\n\n\n<p>No entanto, os dados de visitante identific\u00e1veis e n\u00e3o personalizados podem ser fornecidos a terceiros para fins de Marketing, publicit\u00e1rio ou para outras finalidades.<\/p>\n\n\n\n<p><strong>LINKS DE TERCEIROS<\/strong><\/p>\n\n\n\n<p>N\u00e3o inclu\u00edmos nem ofertamos produtos ou servi\u00e7os de terceiros em nosso site.<\/p>\n\n\n\n<p><strong>GOOGLE<\/strong><\/p>\n\n\n\n<p>Os requisitos de publicidade do Google podem ser sintetizados nos Princ\u00edpios de Publicidade do Google. S\u00e3o implementados para prover uma experi\u00eancia positiva aos usu\u00e1rios.<\/p>\n\n\n\n<p><a href=\"https:\/\/support.google.com\/adwordspolicy\/answer\/1316548?hl=en\">https:\/\/support.google.com\/adwordspolicy\/answer\/1316548?hl=en<\/a><\/p>\n\n\n\n<p>Utilizamos a Publicidade do Google AdSense em nosso site.<\/p>\n\n\n\n<p>O Google, enquanto fornecedor terceirizado, utiliza cookies para suporte aos an\u00fancios no nosso site. O uso pelo Google dos cookies DART permite que possamos dar suporte aos an\u00fancios para os nossos usu\u00e1rios de acordo com visitas anteriores ao nosso site e a outros sites na Internet. Os usu\u00e1rios podem rejeitar o uso dos cookies DART, visitando a pol\u00edtica de privacidade do Google Ad e de Content Network.<\/p>\n\n\n\n<p><strong>IMPLEMENTAMOS OS SEGUINTES ITENS:<\/strong><\/p>\n\n\n\n<ul class=\"wp-block-list\">\n<li>Remarketing com o Google AdSense<\/li>\n\n\n\n<li>Relat\u00f3rio de Impress\u00e3o do Google Display Network<\/li>\n\n\n\n<li>Relat\u00f3rio dos dados Demogr\u00e1ficos e Interesses<\/li>\n\n\n\n<li>Tracking Pixel de convers\u00e3o do Facebook<\/li>\n<\/ul>\n\n\n\n<p>Utilizamos o \u201cvisitor action pixels\u201d do Facebook Inc (1 Hacker Way, Menlo Park, CA 94025, EUA, ou, se voc\u00ea estiver localizado na UE, o Facebook Ireland Ltd., 4 Grand Canal Square, Grand Canal Harbour, Dublin 2, Irlanda (\u201cFacebook\u201d)) em nosso site.<\/p>\n\n\n\n<p>Isto permite o monitoramento do comportamento dos usu\u00e1rios ap\u00f3s os mesmos terem sido redirecionados para o site do provedor, ao clicarem num an\u00fancio do Facebook. Este fato nos permite aferir a efic\u00e1cia dos an\u00fancios do Facebook para efeitos de estat\u00edsticas e de pesquisa de mercado. Os dados coletados desta forma s\u00e3o an\u00f4nimos para n\u00f3s, ou seja, n\u00e3o visualizamos os dados pessoais de nenhum dos usu\u00e1rios. Estes dados, por\u00e9m s\u00e3o armazenados e processados pelo Facebook, raz\u00e3o pela qual estamos informando voc\u00ea, de acordo com o nosso conhecimento da situa\u00e7\u00e3o. O Facebook poder\u00e1 vincular estas informa\u00e7\u00f5es \u00e0 sua conta do Facebook e tamb\u00e9m utiliz\u00e1-las para os seus pr\u00f3prios fins promocionais, nos termos da Pol\u00edtica de Uso de Dados do Facebook que pode ser consultada no site https:\/\/www.facebook.com\/about\/privacy\/. Voc\u00ea tamb\u00e9m pode permitir ao Facebook e seus parceiros a veicula\u00e7\u00e3o de an\u00fancios ou n\u00e3o no Facebook. Cookies tamb\u00e9m podem ser armazenados no seu computador para esta finalidade.<\/p>\n\n\n\n<p>A base legal para o uso deste servi\u00e7o est\u00e1 no Artigo 6, par\u00e1grafo 1, se\u00e7\u00e3o 1, item \u2018f\u2019 do GDPR [Regulamento Geral sobre a Prote\u00e7\u00e3o de Dados]. Voc\u00ea pode opor-se \u00e0 coleta de dados pelo pixel do Facebook ou ao uso dos seus dados para fins de veicula\u00e7\u00e3o de an\u00fancios do Facebook, visitando o seguinte site https:\/\/www.facebook.com\/settings?tab=ads.<\/p>\n\n\n\n<p>O Facebook est\u00e1 certificado nos termos do Acordo de Escudo de Prote\u00e7\u00e3o da Privacidade [Privacy Shield Agreement] e tal fato garante a conformidade \u00e0 legisla\u00e7\u00e3o europeia em mat\u00e9ria de prote\u00e7\u00e3o de dados (<a href=\"https:\/\/www.privacyshield.gov\/participant?id=a2zt0000000GnywAAC&amp;status=Active)\">https:\/\/www.privacyshield.gov\/participant?id=a2zt0000000GnywAAC&amp;status=Active)<\/a>.<\/p>\n\n\n\n<p>Juntamente com fornecedores terceirizados, como \u00e9 o caso do Google, empregamos os cookies pr\u00f3prios (como os cookies do Google Analytics) e cookies de terceiros (como os cookies do DoubleClick) ou demais identificadores de terceiros em conjunto, ensejando a compila\u00e7\u00e3o dos dados relativos \u00e0s intera\u00e7\u00f5es dos usu\u00e1rios com impress\u00f5es causadas por an\u00fancios e outras fun\u00e7\u00f5es de servi\u00e7os publicit\u00e1rios na medida em que se relacionarem com o nosso site.<\/p>\n\n\n\n<p><strong>REJEI\u00c7\u00d5ES E EXCLUS\u00d5ES<\/strong><\/p>\n\n\n\n<p>Os usu\u00e1rios podem configurar as prefer\u00eancias para a forma como o Google faz a publicidade com o recurso \u00e0 p\u00e1gina Google Ad Settings. Como alternativa, pode rejeitar, visitando a p\u00e1gina \u201cNetwork Advertising Initiative Opt Out\u201d ou usando o \u201cGoogle Analytics Opt Out Browser add on\u201d.<\/p>\n\n\n\n<p><strong>VOC\u00ca SER\u00c1 NOTIFICADO SOBRE AS EVENTUAIS MUDAN\u00c7AS NA POL\u00cdTICA DE PRIVACIDADE<\/strong><\/p>\n\n\n\n<p><strong>&nbsp;<\/strong>Na nossa p\u00e1gina da Pol\u00edtica de Privacidade<\/p>\n\n\n\n<p><strong>PODE ALTERAR OS SEUS DADOS PESSOAIS<\/strong><\/p>\n\n\n\n<p><strong>&nbsp;<\/strong>Solicitando uma altera\u00e7\u00e3o via e-mail. Privacy@huishoutdoors.com<\/p>\n\n\n\n<p><strong>COMO O NOSSO SITE LIDA COM OS SINAIS \u201cN\u00c3O AUTORIZO A SER SEGUIDO\u201d<\/strong><\/p>\n\n\n\n<p>Respeitamos os sinais de \u201cn\u00e3o autorizo a ser seguido\u201d e de \u201cN\u00e3o Rastrear\u201d, ativa\u00e7\u00e3o de cookies nem usamos publicidade quando estiver ativado algum mecanismo de navega\u00e7\u00e3o de \u201cN\u00e3o Rastrear\u201d (DNT).<\/p>\n\n\n\n<p><strong>O NOSSO SITE PERMITE O RASTREAMENTO COMPORTAMENTAL DE TERCEIROS?<\/strong><\/p>\n\n\n\n<p>\u00c9 igualmente importante referir que permitimos o rastreamento comportamental de terceiros.<\/p>\n\n\n\n<p><strong>COPPA (LEI DE PROTE\u00c7\u00c3O DA PRIVACIDADE ONLINE DE MENORES E ADOLESCENTES)<\/strong><\/p>\n\n\n\n<p>No que tange \u00e0 coleta de dados pessoais de menores de 13 anos de idade, a Lei de Prote\u00e7\u00e3o da Privacidade Online de Menores e Adolescentes (COPPA) coloca os pais e respons\u00e1veis legais no comando. O Federal Trade Commission, o \u00f3rg\u00e3o de prote\u00e7\u00e3o do consumidor dos Estados-Unidos da Am\u00e9rica, vigora a regra da COPPA, que estabelece o que operadores de sites na Internet e de servi\u00e7os online devem fazer para proteger a privacidade de menores e adolescentes e a seguran\u00e7a online.<\/p>\n\n\n\n<p>N\u00e3o comercializamos especificamente para menores de 13 anos de idade.<\/p>\n\n\n\n<p><strong>PR\u00c1TICAS JUSTAS DE INFORMA\u00c7\u00c3O<\/strong><\/p>\n\n\n\n<p>Os Princ\u00edpios das Pr\u00e1ticas Justas de Informa\u00e7\u00e3o comp\u00f5em o arcabou\u00e7o da legisla\u00e7\u00e3o em mat\u00e9ria de privacidade nos Estados-Unidos da Am\u00e9rica e os conceitos que eles incorporam desempenharam um papel fundamental no desenvolvimento das leis de prote\u00e7\u00e3o da privacidade a n\u00edvel global. O entendimento dos Princ\u00edpios das Pr\u00e1ticas Justas de Informa\u00e7\u00e3o e a forma como os mesmos devem ser implementados \u00e9 crucial para se cumprir com o disposto nas diversas legisla\u00e7\u00f5es em mat\u00e9ria de privacidade que protegem os dados pessoais.<\/p>\n\n\n\n<p><strong>Para que possamos estar em linha com as Pr\u00e1ticas Justas de Informa\u00e7\u00e3o, levaremos a cabo as iniciativas de resposta elencadas a seguir, caso ocorra alguma viola\u00e7\u00e3o aos dados:<\/strong><\/p>\n\n\n\n<p><strong>Notificaremos voc\u00ea via e-mail:<\/strong><\/p>\n\n\n\n<p>No prazo de 7 dias \u00fateis<\/p>\n\n\n\n<p>Tamb\u00e9m estamos de acordo com o Princ\u00edpio da Indeniza\u00e7\u00e3o Individual que obriga a que os indiv\u00edduos tenham o direito a ingressar em ju\u00edzo para fazer vigorar os seus direitos nos termos da lei contra os coletores e processadores de dados que descumprirem os termos da lei. Este princ\u00edpio requer n\u00e3o apenas que as pessoas possam fazer jus aos seus direitos contra os usu\u00e1rios de dados como ainda que possam recorrer \u00e0 barra dos tribunais ou a \u00f3rg\u00e3os oficiais para abertura de sindic\u00e2ncias e\/ou mover processos criminais contra os processadores de dados que infringirem a lei.<\/p>\n\n\n\n<p><strong>LEI CAN SPAM<\/strong><\/p>\n\n\n\n<p>A Lei CAN-SPAM \u00e9 uma lei que define as regras para e-mails de uso comercial, estabelece os requisitos para as mensagens de cunho comercial, disponibilizando aos destinat\u00e1rios o direito de os e-mails deixarem de ser enviados a eles, definindo duras penalidades para as infra\u00e7\u00f5es.<\/p>\n\n\n\n<p><strong>Coletamos o seu endere\u00e7o de e-mail&nbsp;para as seguintes finalidades:<\/strong><\/p>\n\n\n\n<ul class=\"wp-block-list\">\n<li>Enviar informa\u00e7\u00f5es, responder a consultas, assim como outras solicita\u00e7\u00f5es ou d\u00favidas<\/li>\n\n\n\n<li>Processar pedidos e enviar as informa\u00e7\u00f5es e atualiza\u00e7\u00f5es que digam respeito aos pedidos<\/li>\n\n\n\n<li>Enviar informa\u00e7\u00f5es complementares relacionadas aos seus produtos e\/ou servi\u00e7os<\/li>\n\n\n\n<li>Comercializar a nossa lista de contatos ou seguir enviando os e-mails aos nossos clientes ap\u00f3s a opera\u00e7\u00e3o original ter ocorrido<\/li>\n<\/ul>\n\n\n\n<p><strong>Para podermos atender ao disposto na Lei CAN SPAM, estamos de acordo com os itens abaixo:<\/strong><\/p>\n\n\n\n<ul class=\"wp-block-list\">\n<li>N\u00e3o utilizar assuntos nem endere\u00e7os de e-mail falsos ou enganosos<\/li>\n\n\n\n<li>Identificar a mensagem como an\u00fancio comercial de alguma forma admiss\u00edvel<\/li>\n\n\n\n<li>Incluir o endere\u00e7o f\u00edsico da nossa sede social ou comercial<\/li>\n\n\n\n<li>Conferir a conformidade dos servi\u00e7os de Marketing por e-mail de terceiros, caso venham a ser empregados.<\/li>\n\n\n\n<li>Respeitar rapidamente os pedidos de rejei\u00e7\u00e3o\/cancelamento de assinatura<\/li>\n\n\n\n<li>Permitir que os usu\u00e1rios possam cancelar as suas assinaturas, utilizando o link na parte inferior de cada e-mail.<\/li>\n<\/ul>\n\n\n\n<p><strong>Caso voc\u00ea queira em qualquer altura cancelar a sua assinatura para n\u00e3o receber mais e-mails futuramente, basta nos enviar um e-mail para:<\/strong><\/p>\n\n\n\n<p>Siga as instru\u00e7\u00f5es na parte inferior de cada e-mail e imediatamente n\u00f3s retiraremos os seus dados de&nbsp;<strong>TODAS<\/strong>&nbsp;as correspond\u00eancias.<\/p>\n\n\n\n<p><strong>ENTRE EM CONTATO CONOSCO<\/strong><\/p>\n\n\n\n<p>Caso tenha alguma d\u00favida relativamente a esta pol\u00edtica de privacidade, poder\u00e1 entrar em contato conosco, usando os dados abaixo.<\/p>\n\n\n\n<p>www.oceanicworldwide.com<br>1540 North 2200 West<br>Salt Lake City, Utah 84116<br>Estados-Unidos da Am\u00e9rica<\/p>\n\n\n\n<p><a href=\"mailto:Privacy@huishoutdoors.com\">Privacy@huishoutdoors.com<\/a><\/p>\n\n\n\n<p>Editado por \u00faltimo em 09.11.2023<\/p>\n\n\n\n<div class=\"container-fluid\">\n<div class=\"row\">\n<div class=\"col\">\n<h4 class=\"wp-block-heading\">COMO USAMOS OS COOKIES?<\/h4>\n\n\n\n<script id=\"CookieDeclaration\" src=\"https:\/\/consent.cookiebot.com\/1552aead-e1ab-467d-9b17-f8cd3923101e\/cd.js\" type=\"text\/javascript\" async><\/script>\n<\/div>\n<\/div>\n<\/div>\n","protected":false},"excerpt":{"rendered":"<p>Pol\u00edtica de Privacidade A presente Pol\u00edtica de Privacidade foi elaborada para melhor atender \u00e0queles que est\u00e3o preocupados com a forma como a sua Informa\u00e7\u00e3o de Identifica\u00e7\u00e3o Pessoal (PII) est\u00e1 sendo utilizada online. A PII \u00e9 a informa\u00e7\u00e3o que pode ser utilizada por si s\u00f3 ou integrada com outros dados no intuito de identificar, contatar ou [&hellip;]<\/p>\n","protected":false},"author":11,"featured_media":0,"parent":0,"menu_order":0,"comment_status":"closed","ping_status":"closed","template":"","meta":{"_acf_changed":false,"footnotes":""},"class_list":["post-1250","page","type-page","status-publish","hentry"],"acf":[],"_links":{"self":[{"href":"https:\/\/eu.oceanicworldwide.com\/pt-pt\/wp-json\/wp\/v2\/pages\/1250","targetHints":{"allow":["GET"]}}],"collection":[{"href":"https:\/\/eu.oceanicworldwide.com\/pt-pt\/wp-json\/wp\/v2\/pages"}],"about":[{"href":"https:\/\/eu.oceanicworldwide.com\/pt-pt\/wp-json\/wp\/v2\/types\/page"}],"author":[{"embeddable":true,"href":"https:\/\/eu.oceanicworldwide.com\/pt-pt\/wp-json\/wp\/v2\/users\/11"}],"replies":[{"embeddable":true,"href":"https:\/\/eu.oceanicworldwide.com\/pt-pt\/wp-json\/wp\/v2\/comments?post=1250"}],"version-history":[{"count":0,"href":"https:\/\/eu.oceanicworldwide.com\/pt-pt\/wp-json\/wp\/v2\/pages\/1250\/revisions"}],"wp:attachment":[{"href":"https:\/\/eu.oceanicworldwide.com\/pt-pt\/wp-json\/wp\/v2\/media?parent=1250"}],"curies":[{"name":"wp","href":"https:\/\/api.w.org\/{rel}","templated":true}]}}