{"id":847,"date":"2023-09-14T19:36:40","date_gmt":"2023-09-14T19:36:40","guid":{"rendered":"https:\/\/huisheuro.wpengine.com\/product\/oceanic-dive-housing\/"},"modified":"2026-04-15T05:31:05","modified_gmt":"2026-04-15T05:31:05","slug":"oceanic-dive-housing","status":"publish","type":"product","link":"https:\/\/eu.oceanicworldwide.com\/nl\/product\/oceanic-dive-housing\/","title":{"rendered":"Oceanic+ Dive Housing"},"content":{"rendered":"<p><img loading=\"lazy\" decoding=\"async\" class=\"alignnone size-full wp-image-114912\" src=\"https:\/\/eu.oceanicworldwide.com\/wp-content\/uploads\/2024\/01\/Dutch-Dive-Housing-Overview-Tiles.png\" alt=\"\" width=\"1920\" height=\"1080\" \/><\/p>\n<p>Gewicht: 975 g \/ Afmetingen:\u00a024,6 cm B x 11,2 cm H x 6,9 cm D<\/p>\n<p>Temperatuurbereik: 4 tot 35 \u00b0C. Blijf altijd binnen het temperatuurbereik van je iOS-apparaat.<\/p>\n<p><span style=\"font-family: 'Ubuntu',sans-serif; color: black;\">Wat zit er in de meegeleverde kit met reserveonderdelen?<\/span><\/p>\n<ul>\n<li>5x Droogmiddel<\/li>\n<li>1x Vet<\/li>\n<li>1x O-ring<\/li>\n<li>1x Wipper voor o-ringen<\/li>\n<li>2x Rubberen blokjes<\/li>\n<\/ul>\n<p>&nbsp;<\/p>\n","protected":false},"excerpt":{"rendered":"<p><strong><img decoding=\"async\" class=\"alignnone wp-image-130452 size-medium\" src=\"https:\/\/www.oceanicworldwide.com\/wp-content\/uploads\/sites\/6\/2023\/02\/PD2024_RD_t-300x176.png\" alt=\"\" width=\"150\" data-wp-editing=\"1\" \/><\/strong><\/p>\n<p><strong>Your<strong style=\"color: #0075ff;\">Dive<\/strong><\/strong><strong>Your<strong style=\"color: #0075ff;\">Story<\/strong><\/strong><\/p>\n<p class=\"p1\">U kunt uw iPhone nu gebruiken als onderwatercamera \u00e9n als duikcomputer!<\/p>\n<p>Met de Oceanic+ Dive Housing, waarvoor het octrooi is aangevraagd, kunt u tijdens een duik of een ander avontuur op of in het water met uw iPhone fantastische foto\u2019s met automatische kleurcorrectie maken.<\/p>\n<p>Met de Oceanic+-app en de Dive Housing is uw iPhone ook een complete duikcomputer.<\/p>\n<p>E\u00e9n app, \u00e9\u00e9n abonnement, twee apparaten! Met de Oceanic+ app heeft u maar \u00e9\u00e9n abonnement nodig voor zowel de Apple Watch Ultra als de iPhone. Dat scheelt weer geld omdat u het abonnement gebruikt voor twee toepassingen. Bovendien heeft u altijd een back-up wanneer u duikt met de Apple Watch Ultra \u00e9n de iPhone in een Oceanic+ Dive Housing. Aan het einde van de duik wordt de duik opgeslagen op de primaire computer.<\/p>\n<p><strong>Bekijk de video van de productlancering <a href=\"https:\/\/www.youtube.com\/watch?v=lVRbcagnwkA\"><u>hier.<\/u><\/a><\/strong><\/p>\n<p><a href=\"#compatible\"><strong>Is mijn iPhone compatibel? Check het hier.<\/strong><\/a><\/p>\n<p><strong>Uitsluitend te bestellen in de landen van de Europese Unie.<\/strong><\/p>\n<p>Overige internationale locaties: <a href=\"https:\/\/www.oceanicworldwide.com\/international\/\"><u>klik hier<\/u><\/a> om contact op te nemen met de distributeur in je regio.<\/p>\n","protected":false},"featured_media":2375,"comment_status":"open","ping_status":"closed","template":"","meta":{"_acf_changed":false},"product_cat":[96,97,98],"product_tag":[],"class_list":{"0":"post-847","1":"product","2":"type-product","3":"status-publish","4":"has-post-thumbnail","6":"product_cat-computers-nl","7":"product_cat-oceanic-plus-accessories-nl","8":"product_cat-oceanic-team-picks-nl","10":"first","11":"instock","12":"featured","13":"taxable","14":"shipping-taxable","15":"purchasable","16":"product-type-simple"},"acf":[],"_links":{"self":[{"href":"https:\/\/eu.oceanicworldwide.com\/nl\/wp-json\/wp\/v2\/product\/847","targetHints":{"allow":["GET"]}}],"collection":[{"href":"https:\/\/eu.oceanicworldwide.com\/nl\/wp-json\/wp\/v2\/product"}],"about":[{"href":"https:\/\/eu.oceanicworldwide.com\/nl\/wp-json\/wp\/v2\/types\/product"}],"replies":[{"embeddable":true,"href":"https:\/\/eu.oceanicworldwide.com\/nl\/wp-json\/wp\/v2\/comments?post=847"}],"wp:featuredmedia":[{"embeddable":true,"href":"https:\/\/eu.oceanicworldwide.com\/nl\/wp-json\/wp\/v2\/media\/2375"}],"wp:attachment":[{"href":"https:\/\/eu.oceanicworldwide.com\/nl\/wp-json\/wp\/v2\/media?parent=847"}],"wp:term":[{"taxonomy":"product_cat","embeddable":true,"href":"https:\/\/eu.oceanicworldwide.com\/nl\/wp-json\/wp\/v2\/product_cat?post=847"},{"taxonomy":"product_tag","embeddable":true,"href":"https:\/\/eu.oceanicworldwide.com\/nl\/wp-json\/wp\/v2\/product_tag?post=847"}],"curies":[{"name":"wp","href":"https:\/\/api.w.org\/{rel}","templated":true}]}}