{"id":851,"date":"2023-09-14T19:36:40","date_gmt":"2023-09-14T19:36:40","guid":{"rendered":"https:\/\/huisheuro.wpengine.com\/product\/oceanic-dive-housing\/"},"modified":"2026-04-15T05:31:05","modified_gmt":"2026-04-15T05:31:05","slug":"oceanic-dive-housing","status":"publish","type":"product","link":"https:\/\/eu.oceanicworldwide.com\/fr\/produit\/oceanic-dive-housing\/","title":{"rendered":"Oceanic+ Dive Housing"},"content":{"rendered":"<p><img loading=\"lazy\" decoding=\"async\" class=\"alignnone size-full wp-image-114912\" src=\"https:\/\/eu.oceanicworldwide.com\/wp-content\/uploads\/2023\/11\/FRE-Oceanic-Plus-Dive-Housing-Overview.png\" alt=\"\" width=\"1920\" height=\"1080\" \/><\/p>\n<p>Poids du produit : 975 g \/ dimensions du produit : 24.6 cm L x 11.2 cm H x 6.9 cm P<\/p>\n<p>Plage de temp\u00e9rature de fonctionnement\u00a0: 4\u00a0\u00b0C \u00e0 35\u00a0\u00b0C. Ne d\u00e9passez jamais la temp\u00e9rature de fonctionnement minimale ou maximale de votre appareil iOS.<\/p>\n<p><span style=\"font-family: 'Ubuntu',sans-serif; color: black;\">Qu\u2019est-ce qui est inclus dans le kit de pi\u00e8ces de rechange\u00a0?<\/span><\/p>\n<ul>\n<li>5x Sachets dessiccateurs<\/li>\n<li>1x Graisse<\/li>\n<li>1x Joint torique<\/li>\n<li>1x Outil pour joint torique<\/li>\n<li>2x Plots en caoutchouc<\/li>\n<\/ul>\n<p>&nbsp;<\/p>\n","protected":false},"excerpt":{"rendered":"<div><\/div>\n<p><strong><img decoding=\"async\" class=\"alignnone wp-image-130452 size-medium\" src=\"https:\/\/www.oceanicworldwide.com\/wp-content\/uploads\/sites\/6\/2023\/02\/PD2024_RD_t-300x176.png\" alt=\"\" width=\"150\" data-wp-editing=\"1\" \/><\/strong><\/p>\n<p><strong>Votre<strong style=\"color: #0075ff;\">Plong\u00e9e<\/strong><\/strong><strong>Votre<strong style=\"color: #0075ff;\">Histoire<\/strong><\/strong><\/p>\n<p class=\"p1\">Vous pouvez maintenant utiliser votre iPhone comme appareil photo sous-marin et comme ordinateur de plong\u00e9e\u00a0!<\/p>\n<p>Le Dive Housing Oceanic+ (brevet en instance) vous permet de prendre des photos formidables avec &#8211; correction automatique de la couleur avec votre iPhone lorsque vous plongez ou que vous vivez n\u2019importe quelle aventure aquatique.<\/p>\n<p>Avec l&#8217;application Oceanic+ et le bo\u00eetier Dive Housing, votre iPhone devient aussi un ordinateur enti\u00e8rement fonctionnel pour la plong\u00e9e.<\/p>\n<p>Une application, un abonnement, deux appareils\u00a0! Avec l&#8217;application Oceanic+, vous pouvez utiliser le m\u00eame abonnement pour l&#8217;Apple Watch Ultra et pour l&#8217;iPhone. Cela vous permet d&#8217;avoir deux appareils qui partagent le m\u00eame abonnement, et d&#8217;\u00e9conomiser de l&#8217;argent. Cela vous offre aussi une s\u00e9curit\u00e9 redondante pour les plong\u00e9es avec \u00e0 la fois l&#8217;Apple Watch Ultra et l&#8217;iPhone muni du Dive Housing Oceanic+. \u00c0 la fin de chaque plong\u00e9e, l&#8217;ordinateur principal qui fournira vos donn\u00e9es de plong\u00e9e pourra \u00eatre s\u00e9lectionn\u00e9.<\/p>\n<p><strong>Consultez la vid\u00e9o de lancement du produit <a href=\"https:\/\/www.youtube.com\/watch?v=lVRbcagnwkA\"><u>ici.<\/u><\/a><\/strong><\/p>\n<p><a href=\"#compatible\"><strong>Est-ce que mon iPhone est compatible\u00a0? V\u00e9rifiez ici.<\/strong><\/a><\/p>\n<p><strong>Disponible \u00e0 la commande uniquement dans les pays de l&#8217;Union europ\u00e9enne.<\/strong><\/p>\n<p>Pour tous les autres pays du monde, <a href=\"https:\/\/www.oceanicworldwide.com\/international\/\"><u>cliquez ici<\/u><\/a> pour contacter votre distributeur local.<\/p>\n","protected":false},"featured_media":2377,"comment_status":"open","ping_status":"closed","template":"","meta":{"_acf_changed":false},"product_cat":[102,103,104],"product_tag":[],"class_list":{"0":"post-851","1":"product","2":"type-product","3":"status-publish","4":"has-post-thumbnail","6":"product_cat-computers-fr","7":"product_cat-oceanic-plus-accessories-fr","8":"product_cat-oceanic-team-picks-fr","10":"first","11":"instock","12":"featured","13":"taxable","14":"shipping-taxable","15":"purchasable","16":"product-type-simple"},"acf":[],"_links":{"self":[{"href":"https:\/\/eu.oceanicworldwide.com\/fr\/wp-json\/wp\/v2\/product\/851","targetHints":{"allow":["GET"]}}],"collection":[{"href":"https:\/\/eu.oceanicworldwide.com\/fr\/wp-json\/wp\/v2\/product"}],"about":[{"href":"https:\/\/eu.oceanicworldwide.com\/fr\/wp-json\/wp\/v2\/types\/product"}],"replies":[{"embeddable":true,"href":"https:\/\/eu.oceanicworldwide.com\/fr\/wp-json\/wp\/v2\/comments?post=851"}],"wp:featuredmedia":[{"embeddable":true,"href":"https:\/\/eu.oceanicworldwide.com\/fr\/wp-json\/wp\/v2\/media\/2377"}],"wp:attachment":[{"href":"https:\/\/eu.oceanicworldwide.com\/fr\/wp-json\/wp\/v2\/media?parent=851"}],"wp:term":[{"taxonomy":"product_cat","embeddable":true,"href":"https:\/\/eu.oceanicworldwide.com\/fr\/wp-json\/wp\/v2\/product_cat?post=851"},{"taxonomy":"product_tag","embeddable":true,"href":"https:\/\/eu.oceanicworldwide.com\/fr\/wp-json\/wp\/v2\/product_tag?post=851"}],"curies":[{"name":"wp","href":"https:\/\/api.w.org\/{rel}","templated":true}]}}