{"id":810,"date":"2023-11-10T19:11:28","date_gmt":"2023-11-10T19:11:28","guid":{"rendered":"https:\/\/huisheuro.wpengine.com\/?page_id=810"},"modified":"2023-11-10T19:19:35","modified_gmt":"2023-11-10T19:19:35","slug":"conditions-generales-oceanic","status":"publish","type":"page","link":"https:\/\/eu.oceanicworldwide.com\/fr\/conditions-generales-oceanic\/","title":{"rendered":"Conditions g\u00e9n\u00e9rales Oceanic"},"content":{"rendered":"\n<div class=\"container\">\n<div class=\"row\">\n<div class=\"col\">\n<p>Conditions g\u00e9n\u00e9rales Oceanic<\/p>\n\n\n\n<p>Bienvenue sur le site Internet eu.OceanicWorldwide.com (le \u00ab&nbsp;Site&nbsp;\u00bb). Oceanic vous offre des services assujettis aux notifications et conditions g\u00e9n\u00e9rales indiqu\u00e9es dans cet accord (l\u2019\u00ab&nbsp;Accord&nbsp;\u00bb). De plus, lorsque vous utilisez l\u2019un de nos services (par exemple, les Avis des clients), vous serez soumis aux r\u00e8gles, directives, politiques et conditions g\u00e9n\u00e9rales qui s\u2019appliquent au dit service, et qui sont int\u00e9gr\u00e9es au pr\u00e9sent Accord par r\u00e9f\u00e9rence. Nous nous r\u00e9servons le droit de modifier ce Site et ces conditions g\u00e9n\u00e9rales \u00e0 tout moment.&nbsp;<strong>ACC\u00c9DER AU SITE, LE CONSULTER OU L\u2019UTILISER DE QUELQUE MANI\u00c8RE QUE CE SOIT INDIQUE VOTRE CONSENTEMENT \u00c0 L\u2019ENSEMBLE DES CONDITIONS G\u00c9N\u00c9RALES DE CET ACCORD, VEUILLEZ DONC LIRE CELUI-CI SOIGNEUSEMENT AVANT DE CONTINUER.<\/strong><\/p>\n\n\n\n<p><strong>UTILISATION DU SITE<\/strong><strong><br><\/strong>Vous d\u00e9clarez et garantissez que vous \u00eates \u00e2g\u00e9(e) d\u2019au moins 18&nbsp;ans, ou que vous consultez le Site sous la supervision d&#8217;un parent ou d\u2019un tuteur.<\/p>\n\n\n\n<p>Suivant les conditions g\u00e9n\u00e9rales de cet Accord, nous vous accordons une autorisation limit\u00e9e, r\u00e9vocable, non-transf\u00e9rable et non-exclusive d\u2019acc\u00e8s au Site, par son affichage sur votre navigateur Internet, seulement dans l\u2019objectif d\u2019acheter des articles personnels vendus sur le Site \u2013 et non pour une quelconque utilisation commerciale ou pour le compte d\u2019autrui, except\u00e9 dans le cas o\u00f9 nous l\u2019aurions explicitement autoris\u00e9 par avance. Toute infraction \u00e0 cet accord r\u00e9sultera en la r\u00e9vocation imm\u00e9diate de l\u2019autorisation accord\u00e9e \u00e0 ce paragraphe, sans que vous en soyez averti(e).<\/p>\n\n\n\n<p>Except\u00e9 lorsque vous y avez \u00e9t\u00e9 autoris\u00e9(e) conform\u00e9ment au paragraphe ci-dessus, vous ne devez pas reproduire, distribuer, afficher, vendre, louer, transmettre, utiliser pour cr\u00e9er des \u0153uvres d\u00e9riv\u00e9es, traduire, modifier, r\u00e9troconcevoir, d\u00e9sassembler, d\u00e9compiler ou exploiter de toute autre mani\u00e8re ce Site ou toute portion de celui-ci, sauf si nous vous l\u2019avons express\u00e9ment autoris\u00e9 par \u00e9crit. Vous ne devez pas faire une quelconque utilisation commerciale de toute information fournie sur le Site, ni utiliser le Site \u00e0 l\u2019avantage d\u2019une autre entreprise, sauf si nous l\u2019avons express\u00e9ment autoris\u00e9 par avance. Nous nous r\u00e9servons le droit de refuser le service, de supprimer les comptes et\/ou d\u2019annuler les commandes \u00e0 notre discr\u00e9tion, y compris et sans limitation si nous pensons que la conduite du client est en infraction avec les lois applicables, ou nuit \u00e0 nos int\u00e9r\u00eats.<\/p>\n\n\n\n<p>Vous ne devez pas envoyer sur le Site, distribuer ou publier sur le Site tout contenu, information ou autre document qui (a) est en infraction ou violation de copyrights, brevets, marques d\u00e9pos\u00e9es, marques de commerce, secrets de fabrication ou de tout autre droit de propri\u00e9t\u00e9 de toute personne, (b) est diffamatoire, obsc\u00e8ne, ind\u00e9cent, pornographique ou pourrait donner lieu \u00e0 une quelconque responsabilit\u00e9 civile ou criminelle en droit des \u00c9tats-Unis ou en droit international, ou (c) comprend des bogues, virus, vers informatiques,<\/p>\n\n\n\n<p>Les contenus de ce site sont uniquement destin\u00e9s \u00e0 un usage informatif. Il est de votre seule responsabilit\u00e9 de consulter un m\u00e9decin habilit\u00e9, ou un professionnel de sant\u00e9 qualifi\u00e9 pour obtenir un avis, un diagnostic et\/ou un traitement de toute pathologie. Les opinions ou les messages exprim\u00e9s sur ce Site sont ceux de la personne qui les \u00e9met, et peuvent ne pas refl\u00e9ter nos opinions. Les pr\u00e9sentations des produits qui sont exprim\u00e9es sur ce Site sont r\u00e9dig\u00e9es par le vendeur et non par nous.<\/p>\n\n\n\n<p>Nous pouvons vous communiquer un mot de passe et un identifiant qui vous permettront d&#8217;acc\u00e9der \u00e0 certaines sections du Site et des les utiliser. Chaque fois que vous utilisez un mot de passe ou un identifiant, vous serez r\u00e9put\u00e9(e) avoir l&#8217;autorisation d&#8217;acc\u00e9der au Site et de l&#8217;utiliser d&#8217;une mani\u00e8re conforme aux Conditions g\u00e9n\u00e9rales de cet Accord, et nous n&#8217;avons pas d&#8217;obligation de rechercher l&#8217;autorisation ou la source de cet acc\u00e8s ou utilisation du Site.&nbsp;<strong>L&#8217;ACC\u00c8S \u00c0 CE SITE ET SON UTILISATION SONT SOUS VOTRE SEULE RESPONSABILIT\u00c9 LORSQUE L&#8217;IDENTIFIANT ET LE MOT DE PASSE QUI VOUS ONT \u00c9T\u00c9 FOURNIS SONT UTILIS\u00c9S, QUE CET ACC\u00c8S ET CETTE UTILISATION AIENT \u00c9T\u00c9 AUTORIS\u00c9S PAR VOUS OU NON, CELA COMPRENANT MAIS SANS LIMITATION TOUTES LES COMMUNICATIONS ET TRANSMISSIONS, AINSI QUE TOUTES LES OBLIGATIONS (Y COMPRIS MAIS SANS LIMITATION, LES OBLIGATIONS FINANCI\u00c8RES) QUI D\u00c9COULENT DE CET ACC\u00c8S OU DE CETTE UTILISATION.<\/strong>&nbsp;Il est de votre seule responsabilit\u00e9 de prot\u00e9ger la s\u00e9curit\u00e9 et la confidentialit\u00e9 de l&#8217;identifiant et du mot de passe qui vous ont \u00e9t\u00e9 fournis. Vous devez imm\u00e9diatement nous avertir de toute utilisation non autoris\u00e9e de votre identifiant ou de votre mot de passe, ainsi que de toute autre infraction ou menace d&#8217;infraction envers la s\u00e9curit\u00e9 de ce Site.<\/p>\n\n\n\n<p><strong>AVIS ET COMMENTAIRES<\/strong><strong><br><\/strong>Except\u00e9 en cas de stipulations contraires dans cet Accord ou sur le Site, tout ce que vous envoyez ou postez sur le Site et\/ou que vous nous fournissez, y compris mais sans limitation les id\u00e9es, savoir-faire, techniques, questions, avis, commentaires et suggestions (collectivement, les \u00ab&nbsp;Soumissions&nbsp;\u00bb) sera trait\u00e9 comme donn\u00e9e non-confidentielle et non-exclusive, et nous aurons le droit sans redevance, pour le monde entier, perp\u00e9tuel, irr\u00e9vocable et transf\u00e9rable d&#8217;utiliser, de copier, distribuer, afficher, publier, interpr\u00e9ter, vendre, louer, transmettre, adapter et cr\u00e9er des \u0153uvres d\u00e9rivatives \u00e0 partir de ces Soumissions, par tous les moyens et sous toutes formes, ainsi que de les traduire, modifier, les soumettre \u00e0 une ing\u00e9nierie inverse, les d\u00e9compiler ou les d\u00e9composer. Toutes les Soumissions deviendront automatiquement notre propri\u00e9t\u00e9 seule et exclusive, et ne vous seront pas rendues.<\/p>\n\n\n\n<p>En plus des droits applicables \u00e0 toute Soumission, lorsque vous envoyez des commentaires ou des avis sur le Site, vous nous accordez \u00e9galement le droit d&#8217;utiliser le nom que vous avez \u00e9ventuellement indiqu\u00e9 pour donner tout avis, commentaire ou autre contenu, en lien avec ledit avis, commentaire ou autre contenu. Vous d\u00e9clarez et certifiez que vous poss\u00e9dez ou contr\u00f4lez tous les droits aux avis, commentaires et autres contenus que vous postez sur ce Site, et que l&#8217;utilisation par nous de vos avis, commentaires ou autres contenus ne constituera pas une infraction ou une violation des droits de toute tierce partie. Vous n&#8217;utiliserez pas de fausse adresse courriel, ne pr\u00e9tendrez pas \u00eatre quelqu&#8217;un d&#8217;autre que vous-m\u00eame, et n&#8217;induirez en erreur ni nous-m\u00eames ni des tiers quant \u00e0 l&#8217;origine de toute Soumission ou contenu. Nous pourrons, mais sans obligation de le faire, retirer ou modifier toute soumission (y compris des commentaires ou des avis) pour quelque raison que ce soit.<\/p>\n\n\n\n<p><strong>PROPRI\u00c9T\u00c9 INTELLECTUELLE<\/strong><strong><br><\/strong>La totalit\u00e9 du contenu de ce site Internet, y compris mais non limitativement le texte, les graphismes, les images et le code, ainsi que toute image ou photographie individuelle, sont prot\u00e9g\u00e9s par copyright suivant la loi des \u00c9tats-Unis et les autres lois relatives \u00e0 la propri\u00e9t\u00e9 intellectuelle, et sont la propri\u00e9t\u00e9 exclusive d&#8217;Oceanic Worldwide. Toute utilisation, y compris la reproduction, la distribution, l&#8217;affichage ou la transmission de contenus de ce site, d&#8217;images ou de photographies individuelles de ce site est strictement interdite.<\/p>\n\n\n\n<p>Toutes les autres marques d&#8217;entreprise, de commerce ou les noms des produits sont d\u00e9pos\u00e9s par leurs titulaires respectifs. Cette page Internet n&#8217;est ni affili\u00e9e, ni associ\u00e9e ni parrain\u00e9e par l&#8217;un de ces propri\u00e9taires de marques d\u00e9pos\u00e9es.<\/p>\n\n\n\n<p>Bien que tous les efforts possibles soient faits pour garantir que les informations de ce Site soient exactes, les mod\u00e8les, les fonctions, les composants, les couleurs et les prix sont soumis \u00e0 modifications.<\/p>\n\n\n\n<p><strong>POLITIQUE DE CONFIDENTIALIT\u00c9<\/strong><\/p>\n\n\n\n<p>Veuillez consulter notre Politique de confidentialit\u00e9, qui r\u00e9git \u00e9galement votre visite sur ce site, afin de comprendre nos pratiques.<\/p>\n\n\n\n<p><strong>R\u00c9SILIATION ET PRISE D&#8217;EFFET DE LA R\u00c9SILIATION<\/strong><strong><br><\/strong>En plus de toute autre correction l\u00e9gale ou \u00e9quitable, nous pouvons, sans vous avertir pr\u00e9alablement, r\u00e9silier imm\u00e9diatement l&#8217;Accord, ou r\u00e9voquer tout ou partie des droits qui vous sont conf\u00e9r\u00e9s par cet Accord. Lors de la r\u00e9siliation de cet Accord, vous devez imm\u00e9diatement cesser tout acc\u00e8s et toute utilisation de ce Site, et nous r\u00e9voquerons imm\u00e9diatement tous les mots de passe et les identifiants qui vous ont \u00e9t\u00e9 fournis \u2013 en plus de toute autre correction l\u00e9gale ou \u00e9quitable \u2013 et vous refuserons tout acc\u00e8s et utilisation du Site, dans son ensemble ou en partie. Toute r\u00e9siliation de cet Accord n&#8217;affectera pas les obligations et droits respectifs des parties (y compris, mais sans limitation, les obligations de paiement) qui auraient \u00e9t\u00e9 cr\u00e9\u00e9s avant la date de r\u00e9siliation.<\/p>\n\n\n\n<p><strong>ACC\u00c8S INTERNATIONAL<\/strong><strong><br><\/strong>Ce site (domaine et sous-domaine) peut \u00eatre atteint depuis des pays autres que les \u00c9tats-Unis. Ce Site peut pr\u00e9senter des produits ou faire r\u00e9f\u00e9rence \u00e0 des produits qui ne sont pas disponibles en dehors des \u00c9tats-Unis. De telles r\u00e9f\u00e9rences n&#8217;impliquent pas que ces produits seront rendus disponibles ailleurs qu&#8217;aux \u00c9tats-Unis. Si vous acc\u00e9dez \u00e0 ce site depuis un pays autre que les \u00c9tats-Unis, vous avez la responsabilit\u00e9 de respecter vos lois et r\u00e8glements locaux.<\/p>\n\n\n\n<p><strong>EXCLUSION DE GARANTIE<\/strong><strong><br><\/strong>Oceanic ne garantit pas et ne pr\u00e9tend pas que le contenu du Site est exact, ou que le fonctionnement du Site ne comportera pas d&#8217;erreurs ou d&#8217;interruptions, ou qu&#8217;il ne contiendra pas de virus ou autre composant nocif. Vous utilisez le Site \u00e0 vos propres risques. Oceanic ne garantit pas et ne pr\u00e9tend pas que votre utilisation des contenus affich\u00e9s sur ce Site ne constituera pas une infraction aux droits de tierces parties. Les informations publi\u00e9es sur ce site peuvent faire r\u00e9f\u00e9rence \u00e0 des produits, des programmes ou des services qui ne sont pas disponibles dans votre pays. Sans limiter ce qui pr\u00e9c\u00e8de, le Site est fourni \u00ab&nbsp;TEL QUEL&nbsp;\u00bb et sans garantie d&#8217;aucune sorte, qu&#8217;elle soit expresse ou implicite, y compris, mais non limitativement, les garanties implicites de qualit\u00e9 marchande, d&#8217;ad\u00e9quation \u00e0 un objectif particulier, ou de non-infraction. Certaines juridictions peuvent ne pas permettre l&#8217;exclusion des garanties implicites, il est donc possible que certaines des exclusions ci-dessus ne s&#8217;appliquent pas \u00e0 vous.<\/p>\n\n\n\n<p><strong>LIMITATION DE RESPONSABILIT\u00c9<\/strong><strong><br><\/strong>Ni Oceanic ni les tiers impliqu\u00e9s dans la cr\u00e9ation ou la r\u00e9alisation du Site ne seront responsables sous aucune hypoth\u00e8se (ceci comprenant la n\u00e9gligence) de tout dommage accessoire, cons\u00e9quentiel, indirect, sp\u00e9cial ou punitif d\u00e9coulant de votre utilisation du Site ou de votre acc\u00e8s \u00e0 celui-ci, m\u00eame dans le cas ou Oceanic aurait \u00e9t\u00e9 averti de la possibilit\u00e9 de tels dommages.<\/p>\n\n\n\n<p><strong>ERREURS TYPOGRAPHIQUES<\/strong><strong><br><\/strong>Dans le cas o\u00f9 un produit serait indiqu\u00e9 avec un prix incorrect ou une information incorrecte du fait d&#8217;une erreur typographique ou d&#8217;une erreur lors de la d\u00e9termination du prix, ou lors de la r\u00e9ception des informations de la part de nos fournisseurs, nous nous r\u00e9servons le droit de refuser ou d&#8217;annuler toute commande effectu\u00e9e pour des produits indiqu\u00e9s \u00e0 un prix incorrect. Nous avons le droit de refuser ou d&#8217;annuler lesdites commandes, m\u00eame si elles ont \u00e9t\u00e9 confirm\u00e9es et que votre carte bancaire a \u00e9t\u00e9 d\u00e9bit\u00e9e. Si votre carte bancaire a d\u00e9j\u00e0 \u00e9t\u00e9 d\u00e9bit\u00e9e pour cet achat, et que votre commande est annul\u00e9e \u2013 nous rembourserons imm\u00e9diatement le montant en question sur votre carte bancaire.<\/p>\n\n\n\n<p><strong>LIENS<\/strong><strong><br><\/strong>Ce site peut contenir des liens vers d&#8217;autres sites Internet, qui appartiennent et sont mis en \u0153uvre par des tiers. Vous reconnaissez que nous ne sommes pas responsables du fonctionnement et des contenus des dits sites Internet.<\/p>\n\n\n\n<p><strong>PLAINTES CONCERNANT LES DROITS D&#8217;AUTEUR<\/strong><strong><br><\/strong>Nous respections la propri\u00e9t\u00e9 intellectuelle des tiers. Si vous pensez que votre travail a \u00e9t\u00e9 copi\u00e9 d&#8217;une mani\u00e8re qui constitue une infraction \u00e0 un copyright, veuillez nous contacter.<\/p>\n\n\n\n<p><strong>RECTIFICATIONS<\/strong><strong><br><\/strong>Vous reconnaissez que notre recours judiciaire pour toute infraction \u00e0 cet Accord, r\u00e9elle ou sous forme de menace, serait inad\u00e9quat, et que nous aurons droit \u00e0 une ex\u00e9cution sp\u00e9cifique ou \u00e0 un recours par injonction, ou les deux, en plus de tout dommage que nous serions l\u00e9galement en droit de recouvrer, et des frais raisonnables li\u00e9s \u00e0 toute forme de r\u00e8glement des litiges, y compris, sans limitation, les frais d&#8217;avocat.<\/p>\n\n\n\n<p>Aucun droit ni rem\u00e8de envers nous ne sera exclusif d&#8217;un autre, que ce soit en droit ou en \u00e9quit\u00e9, y compris mais non limitativement les dommages, les poursuites judiciaires, les frais d&#8217;avocat et les d\u00e9penses.<\/p>\n\n\n\n<p>Aucun \u00e9v\u00e9nement de renonciation \u00e0 nos droits ou \u00e0 des rem\u00e8des conform\u00e9ment \u00e0 ces conditions g\u00e9n\u00e9rales n&#8217;impliquera une obligation d&#8217;accorder une autre renonciation similaire, future ou autre.<\/p>\n\n\n\n<p><strong>NOTRE ADRESSE<\/strong><strong><br><\/strong>Veuillez envoyer toute question ou commentaire (y compris toutes les demandes n&#8217;ayant pas de rapport avec les infractions au droit d&#8217;auteur) concernant ce Site \u00e0 l&#8217;adresse&nbsp;:<\/p>\n\n\n\n<p><strong>Oceanic<\/strong><br>1540 N 2200 W<br>Salt Lake City, UT. 84116 \u2013 \u00c9tats-Unis<\/p>\n<\/div>\n<\/div>\n<\/div>\n","protected":false},"excerpt":{"rendered":"","protected":false},"author":11,"featured_media":0,"parent":0,"menu_order":0,"comment_status":"closed","ping_status":"closed","template":"page-fullwidth-fluid.php","meta":{"_acf_changed":false,"footnotes":""},"class_list":["post-810","page","type-page","status-publish","hentry"],"acf":[],"_links":{"self":[{"href":"https:\/\/eu.oceanicworldwide.com\/fr\/wp-json\/wp\/v2\/pages\/810","targetHints":{"allow":["GET"]}}],"collection":[{"href":"https:\/\/eu.oceanicworldwide.com\/fr\/wp-json\/wp\/v2\/pages"}],"about":[{"href":"https:\/\/eu.oceanicworldwide.com\/fr\/wp-json\/wp\/v2\/types\/page"}],"author":[{"embeddable":true,"href":"https:\/\/eu.oceanicworldwide.com\/fr\/wp-json\/wp\/v2\/users\/11"}],"replies":[{"embeddable":true,"href":"https:\/\/eu.oceanicworldwide.com\/fr\/wp-json\/wp\/v2\/comments?post=810"}],"version-history":[{"count":0,"href":"https:\/\/eu.oceanicworldwide.com\/fr\/wp-json\/wp\/v2\/pages\/810\/revisions"}],"wp:attachment":[{"href":"https:\/\/eu.oceanicworldwide.com\/fr\/wp-json\/wp\/v2\/media?parent=810"}],"curies":[{"name":"wp","href":"https:\/\/api.w.org\/{rel}","templated":true}]}}