{"id":771,"date":"2020-04-04T07:08:11","date_gmt":"2020-04-04T07:08:11","guid":{"rendered":"https:\/\/huisheuro.wpengine.com\/warranty\/"},"modified":"2024-02-23T23:07:16","modified_gmt":"2024-02-23T23:07:16","slug":"warranty","status":"publish","type":"page","link":"https:\/\/eu.oceanicworldwide.com\/fr\/warranty\/","title":{"rendered":"La garantie Oceanic"},"content":{"rendered":"\n<h2 class=\"wp-block-heading\"><strong>La garantie Oceanic<\/strong><\/h2>\n\n\n\n<p><strong>Our commitment does not end when you buy an Oceanic product. Long after the initial sale, we provide prompt and professional after-sales service and warranties to keep your gear working well and looking good.<\/strong><\/p>\n\n\n\n<h3 class=\"wp-block-heading\"><strong><strong>Enregistrement du produit<\/strong><\/strong><\/h3>\n\n\n\n<p><strong><em>Il n\u2019est PAS n\u00e9cessaire d\u2019enregistrer votre Dive Housing Oceanic+ ici. L\u2019enregistrement se fait automatiquement via l\u2019application Oceanic+ lors du premier appairage de votre Dive Housing \u00e0 votre iPhone.<\/em><\/strong><\/p>\n\n\n\n<p><a href=\"https:\/\/my.huishoutdoors.com\/?utm_source=oceanic&amp;utm_medium=referral&amp;utm_campaign=registration\" data-type=\"link\" data-id=\"https:\/\/my.huishoutdoors.com\/?utm_source=oceanic&amp;utm_medium=referral&amp;utm_campaign=registration\">L\u2019enregistrement du produit<\/a>\u00a0est une \u00e9tape importante qui vous permettra de profiter de votre mat\u00e9riel Oceanic. L\u2019enregistrement facilite les services de garantie, et nous permet de vous contacter si votre produit n\u00e9cessite une mise \u00e0 jour ou toute autre intervention.<\/p>\n\n\n\n<p>CEPENDANT, LE FAIT DE NE PAS AVOIR ENREGISTR\u00c9 VOTRE PRODUIT NE R\u00c9DUIT PAS VOS DROITS \u00c0 L\u2019APPLICATION DE LA GARANTIE.<\/p>\n\n\n\n<p>Veuillez conserver votre facture dat\u00e9e d\u2019origine dans vos documents. Pour une prise en charge sous garantie de votre produit Oceanic, vous aurez besoin d&#8217;une copie de la facture dat\u00e9e qui vous aura \u00e9t\u00e9 fournie par un distributeur agr\u00e9\u00e9 Oceanic, afin de confirmer vos droits \u00e0 ladite garantie.<\/p>\n\n\n\n<p>Lorsque vous achetez en ligne sur EU.Oceanicworldwide.com, le bordereau d\u2019exp\u00e9dition envoy\u00e9 avec votre colis vous servira de re\u00e7u. Si vous avez achet\u00e9 votre produit Oceanic chez un distributeur agr\u00e9\u00e9 Oceanic, sa facture vous servira de preuve d\u2019achat.<\/p>\n\n\n\n<h3 class=\"wp-block-heading\"><strong>Product-Specific Coverage<\/strong><\/h3>\n\n\n\n<figure class=\"wp-block-table\"><table><tbody><tr><td>Oceanic+ Dive Housing<\/td><td>Mat\u00e9riaux et fabrication<\/td><td>Garantie limit\u00e9e de 1&nbsp;an sur le Dive Housing Oceanic+ seulement.<\/td><\/tr><\/tbody><\/table><\/figure>\n\n\n\n<h3 class=\"wp-block-heading\"><strong>GARANTIE LIMIT\u00c9 DE 1&nbsp;AN SUR LE DIVE HOUSING OCEANIC+<\/strong><\/h3>\n\n\n\n<p>Oceanic+ offre une garantie limit\u00e9e d\u2019un an sur le Dive Housing Oceanic+ et les accessoires apparent\u00e9s vendus par Oceanic. Cette garantie couvre les d\u00e9fauts mat\u00e9riels et de main d\u2019\u0153uvre dans le cadre d\u2019une utilisation normale, conform\u00e9ment aux sp\u00e9cifications publi\u00e9es. La garantie est valable uniquement pour l\u2019acheteur d\u2019origine, et elle est incessible. Si le produit s\u2019av\u00e8re d\u00e9fectueux pendant la p\u00e9riode de garantie, Oceanic+ r\u00e9parera ou remplacera le produit \u00e0 sa discr\u00e9tion, gratuitement. Le produit sera r\u00e9par\u00e9 ou remplac\u00e9 par un produit neuf ou remis \u00e0 neuf, de valeur \u00e9gale. Pour plus d\u2019informations sur la garantie \u00e9tendue, consultez la section relative \u00e0 la garantie \u00e9tendue.<\/p>\n\n\n\n<p><strong>Exclusions&nbsp;:<\/strong>&nbsp;La garantie ne couvre pas les dommages subis par les smartphones, autres appareils \u00e9lectroniques, ou autres produits utilis\u00e9s conjointement avec le Dive Housing Oceanic+. L&#8217;utilisateur endosse les risques d&#8217;inondation ou autres d\u00e9faillances lors de l&#8217;utilisation du produit. Cette garantie ne couvre pas les dommages r\u00e9sultant d\u2019une mauvaise utilisation, d\u2019un abus, de l\u2019usure normale, ou de modifications ou r\u00e9parations non autoris\u00e9es. Elle ne couvre pas non plus les dommages cons\u00e9cutifs ou indirects d\u00e9coulant de l\u2019utilisation du produit.<\/p>\n\n\n\n<p><strong>Demandes de prise en charge sous garantie&nbsp;:<\/strong>&nbsp;L\u2019utilisateur est responsable de l\u2019exp\u00e9dition du produit \u00e0 Oceanic+ pour toute demande de prise en charge sous garantie. Oceanic+ couvrira les frais de transport du retour. Pour demander une prise en charge sous garantie, l\u2019utilisateur doit contacter le service clients Oceanic+ pour obtenir des instructions sur la fa\u00e7on de renvoyer le produit. Oceanic+ se r\u00e9serve le droit de demander des informations ou des documents suppl\u00e9mentaires pour v\u00e9rifier la recevabilit\u00e9 de la demande de prise en charge sous garantie.<\/p>\n\n\n\n<p>Cette garantie remplace toutes les autres garanties, explicites ou implicites, notamment les garanties de qualit\u00e9 marchande ou d\u2019ad\u00e9quation \u00e0 un usage particulier. Oceanic+ ne peut pas \u00eatre tenu responsable des dommages particuliers, indirects ou cons\u00e9cutifs r\u00e9sultant de l\u2019utilisation de ce produit, m\u00eame ayant \u00e9t\u00e9 inform\u00e9 de l\u2018\u00e9ventualit\u00e9 de tels dommages.<\/p>\n","protected":false},"excerpt":{"rendered":"<p>La garantie Oceanic Our commitment does not end when you buy an Oceanic product. Long after the initial sale, we provide prompt and professional after-sales service and warranties to keep your gear working well and looking good. Enregistrement du produit Il n\u2019est PAS n\u00e9cessaire d\u2019enregistrer votre Dive Housing Oceanic+ ici. L\u2019enregistrement se fait automatiquement via [&hellip;]<\/p>\n","protected":false},"author":1,"featured_media":1067,"parent":0,"menu_order":0,"comment_status":"open","ping_status":"open","template":"","meta":{"_acf_changed":false,"footnotes":""},"class_list":["post-771","page","type-page","status-publish","has-post-thumbnail","hentry"],"acf":[],"_links":{"self":[{"href":"https:\/\/eu.oceanicworldwide.com\/fr\/wp-json\/wp\/v2\/pages\/771","targetHints":{"allow":["GET"]}}],"collection":[{"href":"https:\/\/eu.oceanicworldwide.com\/fr\/wp-json\/wp\/v2\/pages"}],"about":[{"href":"https:\/\/eu.oceanicworldwide.com\/fr\/wp-json\/wp\/v2\/types\/page"}],"author":[{"embeddable":true,"href":"https:\/\/eu.oceanicworldwide.com\/fr\/wp-json\/wp\/v2\/users\/1"}],"replies":[{"embeddable":true,"href":"https:\/\/eu.oceanicworldwide.com\/fr\/wp-json\/wp\/v2\/comments?post=771"}],"version-history":[{"count":0,"href":"https:\/\/eu.oceanicworldwide.com\/fr\/wp-json\/wp\/v2\/pages\/771\/revisions"}],"wp:featuredmedia":[{"embeddable":true,"href":"https:\/\/eu.oceanicworldwide.com\/fr\/wp-json\/wp\/v2\/media\/1067"}],"wp:attachment":[{"href":"https:\/\/eu.oceanicworldwide.com\/fr\/wp-json\/wp\/v2\/media?parent=771"}],"curies":[{"name":"wp","href":"https:\/\/api.w.org\/{rel}","templated":true}]}}