{"id":680,"date":"2023-10-23T18:49:57","date_gmt":"2023-10-23T18:49:57","guid":{"rendered":"https:\/\/huisheuro.wpengine.com\/?page_id=680"},"modified":"2023-10-23T19:53:19","modified_gmt":"2023-10-23T19:53:19","slug":"oceanic-et-vos-donnees","status":"publish","type":"page","link":"https:\/\/eu.oceanicworldwide.com\/fr\/oceanic-et-vos-donnees\/","title":{"rendered":"Oceanic+ et vos donn\u00e9es"},"content":{"rendered":"\n<h2 class=\"wp-block-heading\">Oceanic+ et vos donn\u00e9es<br><br><\/h2>\n\n\n\n<p>La pr\u00e9sente Politique de confidentialit\u00e9 d\u00e9crit Nos politiques et proc\u00e9dures en mati\u00e8re de collecte, d&#8217;utilisation et de divulgation de Vos informations lorsque Vous utilisez le Service et vous informe de Vos droits \u00e0 la confidentialit\u00e9 et de la mani\u00e8re dont la loi Vous prot\u00e8ge.<\/p>\n\n\n\n<p>Nous utilisons Vos Donn\u00e9es personnelles pour vous proposer notre Service et pour l&#8217;am\u00e9liorer. En utilisant le Service, Vous acceptez la collecte et l&#8217;utilisation des informations conform\u00e9ment \u00e0 la pr\u00e9sente Politique de confidentialit\u00e9. Cette Politique de confidentialit\u00e9 a \u00e9t\u00e9 cr\u00e9\u00e9e \u00e0 l\u2019aide du <a href=\"https:\/\/www.privacypolicies.com\/privacy-policy-generator\/\">G\u00e9n\u00e9rateur de politique de confidentialit\u00e9<\/a>.<\/p>\n\n\n\n<p>Interpr\u00e9tation et d\u00e9finitions<\/p>\n\n\n\n<h2 class=\"wp-block-heading\">Interpr\u00e9tation<\/h2>\n\n\n\n<p>Les mots dont la lettre initiale est en majuscule ont des significations d\u00e9finies dans les conditions suivantes. Les d\u00e9finitions suivantes ont la m\u00eame signification, qu&#8217;elles apparaissent au singulier ou au pluriel.<\/p>\n\n\n\n<h2 class=\"wp-block-heading\">D\u00e9finitions<\/h2>\n\n\n\n<p>Aux fins de la pr\u00e9sente Politique de confidentialit\u00e9&nbsp;:<\/p>\n\n\n\n<p><strong>Appareil<\/strong> d\u00e9signe tout appareil pouvant acc\u00e9der \u00e0 l\u2019application Oceanic+, y compris, mais sans s\u2019y limiter, un appareil mobile ou une montre.<\/p>\n\n\n\n<p><strong>Application<\/strong> d\u00e9signe le programme logiciel fourni par la Soci\u00e9t\u00e9, t\u00e9l\u00e9charg\u00e9 par Vous sur tout appareil \u00e9lectronique, nomm\u00e9 application Oceanic+.<\/p>\n\n\n\n<p><strong>Compte<\/strong> d\u00e9signe un compte unique cr\u00e9\u00e9 pour que Vous puissiez acc\u00e9der \u00e0 notre Service ou \u00e0 des parties de notre Service.<\/p>\n\n\n\n<p><strong>Donn\u00e9es d\u2019utilisation<\/strong> d\u00e9signe les donn\u00e9es collect\u00e9es automatiquement, soit g\u00e9n\u00e9r\u00e9es par l\u2019utilisation du Service, soit \u00e0 partir de l\u2019infrastructure du Service elle-m\u00eame (par exemple, la dur\u00e9e d\u2019une visite de page).<\/p>\n\n\n\n<p><strong>Donn\u00e9es personnelles<\/strong> d\u00e9signe toutes les informations relatives \u00e0 une personne identifi\u00e9e ou identifiable.<\/p>\n\n\n\n<p><strong>Filiale<\/strong> d\u00e9signe toute entit\u00e9 qui contr\u00f4le, est contr\u00f4l\u00e9e par, ou est sous contr\u00f4le commun avec une partie. Le terme \u00ab&nbsp;contr\u00f4le&nbsp;\u00bb d\u00e9signe ici la propri\u00e9t\u00e9 de 50&nbsp;% ou plus des actions, participations ou autres titres donnant droit \u00e0 vote lors de l&#8217;\u00e9lection des administrateurs ou d&#8217;une autre autorit\u00e9 gestionnaire.<\/p>\n\n\n\n<p><strong>Pays<\/strong> fait r\u00e9f\u00e9rence \u00e0&nbsp;: Utah, \u00c9tats-Unis<\/p>\n\n\n\n<p><strong>Prestataire de service<\/strong> d\u00e9signe toute personne physique ou morale qui traite les donn\u00e9es pour le compte de la Soci\u00e9t\u00e9. Il s\u2019agit de soci\u00e9t\u00e9s tierces ou de personnes employ\u00e9es par la Soci\u00e9t\u00e9 pour faciliter le Service, pour fournir le Service au nom de la Soci\u00e9t\u00e9, pour fournir des services li\u00e9s au Service ou pour aider la Soci\u00e9t\u00e9 \u00e0 analyser la fa\u00e7on dont le Service est utilis\u00e9.<\/p>\n\n\n\n<p><strong>Service de m\u00e9dias sociaux tiers<\/strong> fait r\u00e9f\u00e9rence \u00e0 tout site Web ou \u00e0 tout site Web de r\u00e9seau social par l\u2019interm\u00e9diaire duquel un Utilisateur peut se connecter ou cr\u00e9er un compte pour utiliser le Service.<\/p>\n\n\n\n<p><strong>Service<\/strong> fait r\u00e9f\u00e9rence \u00e0 l\u2019Application.<\/p>\n\n\n\n<p><strong>Soci\u00e9t\u00e9<\/strong> (d\u00e9nomm\u00e9e \u00ab&nbsp;la Soci\u00e9t\u00e9&nbsp;\u00bb, \u00ab&nbsp;Nous&nbsp;\u00bb, \u00ab&nbsp;Notre&nbsp;\u00bb ou \u00ab&nbsp;Nos&nbsp;\u00bb dans le pr\u00e9sent Contrat) fait r\u00e9f\u00e9rence \u00e0 Huish Outdoors LLC, 1540 North 2200 West, Salt Lake City, UT 84116.<\/p>\n\n\n\n<p><strong>Vous<\/strong> d\u00e9signe la personne qui acc\u00e8de au Service ou l\u2019utilise, ou la soci\u00e9t\u00e9, ou toute autre entit\u00e9 juridique au nom de laquelle cette personne acc\u00e8de ou utilise le Service, selon le cas.<\/p>\n\n\n\n<p>Collecte et utilisation de vos donn\u00e9es personnelles<\/p>\n\n\n\n<h2 class=\"wp-block-heading\">Types de donn\u00e9es collect\u00e9es<\/h2>\n\n\n\n<h3 class=\"wp-block-heading\">Donn\u00e9es personnelles<\/h3>\n\n\n\n<p>Lorsque vous utilisez Notre Service, Nous pouvons Vous demander de Nous fournir certaines informations personnelles permettant de vous contacter ou de Vous identifier. Les informations personnellement identifiables peuvent inclure, mais sans s&#8217;y limiter :<\/p>\n\n\n\n<p>Adresse e-mail<\/p>\n\n\n\n<p>Pr\u00e9nom et Nom<\/p>\n\n\n\n<p>Num\u00e9ro de t\u00e9l\u00e9phone<\/p>\n\n\n\n<p>Donn\u00e9es d&#8217;utilisation<\/p>\n\n\n\n<h3 class=\"wp-block-heading\">Donn\u00e9es d&#8217;utilisation<\/h3>\n\n\n\n<p>Les Donn\u00e9es d&#8217;utilisation sont collect\u00e9es automatiquement lors de l&#8217;utilisation du Service.<\/p>\n\n\n\n<p>Lorsque Vous acc\u00e9dez au Service par ou via un appareil mobile, Nous pouvons collecter certaines informations automatiquement, notamment le type d&#8217;appareil mobile que Vous utilisez, l&#8217;identifiant unique de Votre appareil mobile, l&#8217;adresse IP de Votre appareil mobile, Votre syst\u00e8me d&#8217;exploitation mobile, le type de navigateur Internet mobile que Vous utilisez, des identifiants uniques d&#8217;appareil et d&#8217;autres donn\u00e9es de diagnostic.<\/p>\n\n\n\n<p>Nous pouvons \u00e9galement collecter des informations que Votre navigateur envoie chaque fois que vous vous rendez sur notre Service ou que Vous acc\u00e9dez au service par ou via un appareil mobile.<\/p>\n\n\n\n<h3 class=\"wp-block-heading\">Informations issues de services de m\u00e9dias sociaux de tierces parties.<\/h3>\n\n\n\n<p>La Soci\u00e9t\u00e9 Vous permet de cr\u00e9er un compte et de Vous connecter pour utiliser le Service par le biais des Services de r\u00e9seaux sociaux tiers suivants&nbsp;:<\/p>\n\n\n\n<ul class=\"wp-block-list\">\n<li>Apple\/IOS<\/li>\n<\/ul>\n\n\n\n<p>Si Vous d\u00e9cidez de vous inscrire par le biais d&#8217;un Service de r\u00e9seaux sociaux tiers ou de nous accorder un acc\u00e8s \u00e0 ce dernier, Nous pouvons recueillir des Donn\u00e9es personnelles qui sont d\u00e9j\u00e0 associ\u00e9es au compte de votre Service de r\u00e9seaux sociaux tiers, telles que Votre nom, Votre adresse e-mail ou Vos activit\u00e9s associ\u00e9es \u00e0 ce compte.<\/p>\n\n\n\n<p>Vous pouvez \u00e9galement avoir la possibilit\u00e9 de partager des informations suppl\u00e9mentaires avec la Soci\u00e9t\u00e9 par le biais du compte de votre Service de r\u00e9seaux sociaux tiers. Si Vous choisissez de fournir de telles informations et Donn\u00e9es personnelles, lors de votre inscription ou autre, vous donnez \u00e0 la Soci\u00e9t\u00e9 l&#8217;autorisation de les utiliser, de les partager et de les stocker d&#8217;une mani\u00e8re conforme \u00e0 la pr\u00e9sente Politique de confidentialit\u00e9.<\/p>\n\n\n\n<h3 class=\"wp-block-heading\">Informations collect\u00e9es lors de l\u2019utilisation de l\u2019application<\/h3>\n\n\n\n<p>Lors de l&#8217;utilisation de Notre Application, afin de fournir des fonctionnalit\u00e9s de Notre application, Nous pouvons collecter, avec Votre autorisation pr\u00e9alable:<\/p>\n\n\n\n<ul class=\"wp-block-list\">\n<li>Informations concernant votre position GPS<\/li>\n<\/ul>\n\n\n\n<p>Nous utilisons cette information pour fournir des fonctionnalit\u00e9s de Notre Service, pour am\u00e9liorer et personnaliser Notre Service. Vous pouvez activer ou d\u00e9sactiver l\u2019acc\u00e8s \u00e0 la localisation GPS \u00e0 tout moment, via les param\u00e8tres de Votre appareil. S\u2019il est activ\u00e9, il sera enregistr\u00e9 dans le cloud et sur Votre appareil. Alternativement, les donn\u00e9es de plong\u00e9e seront toujours enregistr\u00e9es sur le cloud et votre appareil.<\/p>\n\n\n\n<h2 class=\"wp-block-heading\">Utilisation de vos donn\u00e9es personnelles<\/h2>\n\n\n\n<p>La Soci\u00e9t\u00e9 peut utiliser les Donn\u00e9es personnelles aux fins suivantes&nbsp;:<\/p>\n\n\n\n<p><strong>Pour fournir et maintenir notre Service<\/strong>, y compris pour surveiller l&#8217;utilisation de notre Service.<\/p>\n\n\n\n<p><strong>Pour g\u00e9rer Votre Compte&nbsp;:<\/strong> pour g\u00e9rer Votre inscription en tant qu&#8217;utilisateur du Service. Les Donn\u00e9es personnelles que Vous fournissez peuvent Vous donner acc\u00e8s \u00e0 diff\u00e9rentes fonctionnalit\u00e9s du Service qui Vous sont disponibles en tant qu&#8217;utilisateur enregistr\u00e9.<\/p>\n\n\n\n<p><strong>Pour l&#8217;ex\u00e9cution d&#8217;un contrat&nbsp;:<\/strong> le d\u00e9veloppement, la conformit\u00e9 et l&#8217;engagement du contrat d&#8217;achat pour les produits, articles ou services que vous avez achet\u00e9s ou de tout autre contrat avec nous via le service.<\/p>\n\n\n\n<p><strong>Pour vous contacter :<\/strong> Pour Vous contacter par e-mail, t\u00e9l\u00e9phone, SMS ou d\u2019autres formes \u00e9quivalentes de communication \u00e9lectronique, telles que les notifications push de l\u2019application concernant les mises \u00e0 jour ou les communications informatives relatives aux fonctionnalit\u00e9s, produits ou services contract\u00e9s, y compris les mises \u00e0 jour de s\u00e9curit\u00e9, lorsque cela est n\u00e9cessaire ou raisonnable pour leur mise en \u0153uvre.<\/p>\n\n\n\n<p><strong>Pour Vous envoyer<\/strong> <strong>des actualit\u00e9s<\/strong>, des offres sp\u00e9ciales et des informations g\u00e9n\u00e9rales concernant d&#8217;autres biens, services et \u00e9v\u00e9nements que nous proposons et qui sont similaires \u00e0 ceux que vous avez d\u00e9j\u00e0 achet\u00e9s ou sur lesquels vous vous \u00eates inform\u00e9, sauf si Vous avez choisi de ne pas recevoir de telles informations<\/p>\n\n\n\n<p><strong>Pour g\u00e9rer vos demandes&nbsp;:<\/strong> Pour assister et g\u00e9rer les demandes que Vous Nous faites.<\/p>\n\n\n\n<p><strong>Pour les transferts d\u2019activit\u00e9&nbsp;:<\/strong> Nous pouvons utiliser Vos informations pour \u00e9valuer ou mener une fusion, un d\u00e9sinvestissement, une restructuration, une r\u00e9organisation, une dissolution ou toute autre vente ou transfert de tout ou partie de Nos actifs, que ce soit dans le cadre d&#8217;une exploitation en cours ou dans le cadre d&#8217;une faillite, liquidation, ou une proc\u00e9dure similaire, dans laquelle les Donn\u00e9es personnelles que Nous d\u00e9tenons sur les utilisateurs de nos Services font partie des actifs transf\u00e9r\u00e9s.<\/p>\n\n\n\n<p><strong>\u00c0 d\u2019autres fins&nbsp;:<\/strong> Nous pouvons utiliser Vos informations \u00e0 d&#8217;autres fins, telles que l&#8217;analyse des donn\u00e9es, l&#8217;identification des tendances d&#8217;utilisation, la d\u00e9termination de l&#8217;efficacit\u00e9 de nos campagnes promotionnelles, et pour \u00e9valuer et am\u00e9liorer notre Service, nos produits, nos services, notre marketing et votre exp\u00e9rience.<\/p>\n\n\n\n<p>Nous partageons Vos informations personnelles dans les situations suivantes&nbsp;:<\/p>\n\n\n\n<ul class=\"wp-block-list\">\n<li><strong>Avec des prestataires de services&nbsp;:<\/strong> Nous pouvons partager Vos informations personnelles avec les Prestataires de service pour surveiller et analyser l&#8217;utilisation de notre Service, pour Vous contacter.<\/li>\n\n\n\n<li><strong>Pour les transferts d\u2019activit\u00e9&nbsp;:<\/strong> Nous pouvons partager ou transf\u00e9rer Vos informations personnelles dans le cadre ou pendant les n\u00e9gociations de toute \u00e9ventuelle fusion, vente d&#8217;actifs de la Soci\u00e9t\u00e9, financement ou acquisition de tout ou partie de Nos activit\u00e9s \u00e0 une autre soci\u00e9t\u00e9.<\/li>\n\n\n\n<li><strong>Avec les filiales&nbsp;:<\/strong> Nous pouvons partager Vos informations avec Nos filiales, auquel cas nous demanderons \u00e0 ces filiales d&#8217;honorer la pr\u00e9sente Politique de confidentialit\u00e9. Les filiales comprennent Notre soci\u00e9t\u00e9 m\u00e8re et toutes les autres filiales, partenaires de coentreprise ou autres soci\u00e9t\u00e9s que Nous contr\u00f4lons ou qui sont sous contr\u00f4le commun avec Nous.<\/li>\n\n\n\n<li><strong>Avec des partenaires commerciaux&nbsp;:<\/strong> Nous pouvons partager Vos informations avec Nos partenaires commerciaux pour Vous proposer certains produits, services ou promotions.<\/li>\n\n\n\n<li><strong>Avec d&#8217;autres utilisateurs&nbsp;:<\/strong> lorsque Vous partagez des informations personnelles ou interagissez d&#8217;une autre mani\u00e8re dans les zones publiques avec d&#8217;autres utilisateurs, ces informations peuvent \u00eatre vues par tous les utilisateurs et peuvent \u00eatre diffus\u00e9es publiquement \u00e0 l&#8217;ext\u00e9rieur. Si Vous interagissez avec d&#8217;autres utilisateurs ou que vous vous inscrivez via un Service tiers, vos contacts sur le Service tiers peuvent voir Votre nom, votre profil, vos photos et la description de Votre activit\u00e9. De m\u00eame, les autres utilisateurs pourront consulter les descriptions de Votre activit\u00e9, communiquer avec Vous et consulter Votre profil.<\/li>\n\n\n\n<li><strong>Avec Votre consentement&nbsp;:<\/strong> Nous pouvons divulguer Vos informations personnelles \u00e0 toute autre fin avec Votre consentement.<\/li>\n<\/ul>\n\n\n\n<h2 class=\"wp-block-heading\"><a>Conservation de Vos Donn\u00e9es personnelles<\/a><\/h2>\n\n\n\n<p>La Soci\u00e9t\u00e9 conservera Vos Donn\u00e9es personnelles de profil uniquement le temps n\u00e9cessaire aux fins d\u00e9crites dans la pr\u00e9sente Politique de confidentialit\u00e9. Nous conserverons et utiliserons Vos Donn\u00e9es personnelles de profil dans la mesure n\u00e9cessaire pour nous conformer \u00e0 nos obligations l\u00e9gales (par exemple, si nous sommes tenus de conserver vos donn\u00e9es pour nous conformer aux lois applicables), r\u00e9soudre les litiges et appliquer nos accords et politiques juridiques. Dans le cadre du plan gratuit Oceanic+, la soci\u00e9t\u00e9 ne conservera que des informations sur vos 12 derni\u00e8res activit\u00e9s enregistr\u00e9es. &nbsp;L\u2019utilisateur peut enregistrer un nombre illimit\u00e9 d\u2019activit\u00e9s dans le cadre de l\u2019abonnement Oceanic+ des plans Quotidiens.&nbsp; Les informations enregistr\u00e9es seront accessibles pendant une p\u00e9riode de 365 jours (1 an) sans abonnement payant.<br><br><\/p>\n\n\n\n<h2 class=\"wp-block-heading\">Transfert de vos donn\u00e9es personnelles<\/h2>\n\n\n\n<p>Vos informations, y compris les Donn\u00e9es personnelles, sont trait\u00e9es au si\u00e8ge de la Soci\u00e9t\u00e9 et dans tout autre lieu o\u00f9 les parties responsables du traitement sont install\u00e9es. Ceci signifie que ces informations peuvent \u00eatre transf\u00e9r\u00e9es, et conserv\u00e9es, sur des ordinateurs bas\u00e9s hors de Votre \u00e9tat, province, pays ou autre juridiction. Les lois concernant la protection des donn\u00e9es peuvent alors diff\u00e9rer de celles de Votre juridiction.<\/p>\n\n\n\n<p>Votre consentement \u00e0 la pr\u00e9sente Politique de confidentialit\u00e9 et votre soumission d&#8217;informations implique Votre consentement \u00e0 ce transfert.<\/p>\n\n\n\n<p>La Soci\u00e9t\u00e9 prendra toutes les mesures raisonnablement n\u00e9cessaires pour s&#8217;assurer que Vos donn\u00e9es sont trait\u00e9es en toute s\u00e9curit\u00e9 et conform\u00e9ment \u00e0 la pr\u00e9sente Politique de confidentialit\u00e9 et Vos Donn\u00e9es personnelles ne seront pas transf\u00e9r\u00e9es \u00e0 une organisation ou un pays sauf si des contr\u00f4les ad\u00e9quats sont en place, y compris la s\u00e9curit\u00e9 de vos donn\u00e9es et autres informations personnelles.<\/p>\n\n\n\n<h2 class=\"wp-block-heading\">Divulgation de vos donn\u00e9es personnelles<\/h2>\n\n\n\n<h3 class=\"wp-block-heading\">Transactions commerciales<\/h3>\n\n\n\n<p>Si la soci\u00e9t\u00e9 est impliqu\u00e9e dans une fusion, une acquisition ou une vente d&#8217;actifs, Vos Donn\u00e9es personnelles peuvent \u00eatre transf\u00e9r\u00e9es. Nous vous avertirons avant que Vos Donn\u00e9es personnelles ne soient transf\u00e9r\u00e9es et soumises \u00e0 une Politique de confidentialit\u00e9 diff\u00e9rente.<\/p>\n\n\n\n<h3 class=\"wp-block-heading\">Application de la loi<\/h3>\n\n\n\n<p>Dans certaines circonstances, la Soci\u00e9t\u00e9 peut \u00eatre tenue de divulguer Vos Donn\u00e9es personnelles si cela est requis par la loi ou en r\u00e9ponse \u00e0 des demandes valides des autorit\u00e9s publiques (par exemple, un tribunal ou une agence gouvernementale).<\/p>\n\n\n\n<h3 class=\"wp-block-heading\">Autres exigences l\u00e9gales<\/h3>\n\n\n\n<p>La soci\u00e9t\u00e9 peut divulguer Vos Donn\u00e9es personnelles en croyant de bonne foi qu&#8217;une telle action est n\u00e9cessaire pour&nbsp;:<\/p>\n\n\n\n<ul class=\"wp-block-list\">\n<li>Respecter une obligation l\u00e9gale<\/li>\n\n\n\n<li>Prot\u00e9ger et d\u00e9fendre les droits ou la propri\u00e9t\u00e9 de la Soci\u00e9t\u00e9<\/li>\n\n\n\n<li>Pr\u00e9venir ou enqu\u00eater sur d&#8217;\u00e9ventuels actes r\u00e9pr\u00e9hensibles li\u00e9s au Service<\/li>\n\n\n\n<li>Prot\u00e9ger la s\u00e9curit\u00e9 personnelle des Utilisateurs du Service ou du public<\/li>\n\n\n\n<li>Se prot\u00e9ger d&#8217;une \u00e9ventuelle responsabilit\u00e9 l\u00e9gale<\/li>\n<\/ul>\n\n\n\n<h2 class=\"wp-block-heading\">S\u00e9curit\u00e9 de vos donn\u00e9es personnelles<\/h2>\n\n\n\n<p>La s\u00e9curit\u00e9 de Vos Donn\u00e9es personnelles est tr\u00e8s importante pour Nous, mais souvenez-vous qu&#8217;aucune m\u00e9thode de transmission ou de stockage \u00e9lectronique n&#8217;est totalement s\u00e9curis\u00e9e. C&#8217;est pourquoi, tout en Nous effor\u00e7ant d&#8217;utiliser des moyens commercialement acceptables pour prot\u00e9ger vos Donn\u00e9es personnelles, nous ne pouvons garantir leur s\u00e9curit\u00e9 absolue.<\/p>\n\n\n\n<p>Protection de la vie priv\u00e9e des enfants<\/p>\n\n\n\n<p>Nous demandons aux personnes de moins de 13 ans aux \u00c9tats-Unis et de moins de 16 ans dans le reste du monde de ne pas nous fournir de donn\u00e9es personnelles. Nous ne collectons volontairement aucune information personnelle identifiable concernant les personnes de moins de ces \u00e2ges. Si Vous \u00eates un parent ou un tuteur l\u00e9gal et que Vous apprenez que votre enfant Nous a fourni des Donn\u00e9es personnelles, veuillez nous contacter. Si Nous apprenons que Nous avons collect\u00e9 des Donn\u00e9es personnelles aupr\u00e8s de personnes de moins de 13 ans aux \u00c9tats-Unis ou de moins de 16 ans dans le reste du monde sans v\u00e9rification du consentement parental, Nous prenons des mesures pour supprimer ces informations de Nos serveurs.<\/p>\n\n\n\n<p>Si Nous devons nous fier au consentement comme base l\u00e9gale pour le traitement de Vos informations et que Votre pays requiert le consentement d&#8217;un parent, Nous pouvons exiger le consentement de Vos parents avant de collecter et d&#8217;utiliser ces informations.<\/p>\n\n\n\n<p>Liens vers d\u2019autres sites Web<\/p>\n\n\n\n<p>Notre Service peut contenir des liens vers d&#8217;autres sites Web qui ne sont pas exploit\u00e9s par Nous. Si Vous cliquez sur un lien tiers, Vous serez redirig\u00e9 vers le site de ce tiers. Nous Vous conseillons vivement de consulter la Politique de confidentialit\u00e9 de chaque site que vous visitez.<\/p>\n\n\n\n<p>Nous n&#8217;avons aucun contr\u00f4le et n&#8217;assumons aucune responsabilit\u00e9 concernant le contenu, les politiques de confidentialit\u00e9 ou les pratiques des sites ou services tiers.<\/p>\n\n\n\n<p>Modifications apport\u00e9es \u00e0 la pr\u00e9sente Politique de confidentialit\u00e9<\/p>\n\n\n\n<p>Nous pouvons mettre \u00e0 jour Notre Politique de confidentialit\u00e9 de temps \u00e0 autre. Nous Vous informerons de toute modification en publiant la nouvelle Politique de confidentialit\u00e9 sur cette page.<\/p>\n\n\n\n<p>Cette information Vous sera communiqu\u00e9e par e-mail et\/ou par une notification mise en \u00e9vidence sur Notre Service avant l&#8217;entr\u00e9e en vigueur de la modification, et nous mettrons \u00e0 jour la \u00ab&nbsp;date d&#8217;entr\u00e9e en vigueur&nbsp;\u00bb affich\u00e9e au sommet de la Politique de confidentialit\u00e9.<\/p>\n\n\n\n<p>Nous vous conseillons de consulter r\u00e9guli\u00e8rement la pr\u00e9sente Politique de confidentialit\u00e9 pour \u00eatre inform\u00e9 de toute modification. Les modifications apport\u00e9es \u00e0 la pr\u00e9sente Politique de confidentialit\u00e9 sont effectives \u00e0 partir de leur publication sur cette page.<\/p>\n\n\n\n<p>Contactez-nous<\/p>\n\n\n\n<p>Si vous avez des questions ou des doutes sur la pr\u00e9sente Politique de confidentialit\u00e9, vous pouvez nous contacter&nbsp;:<\/p>\n\n\n\n<p>Par e-mail&nbsp;: <a href=\"mailto:oceanicplus@huishoutdoors.com\">oceanicplus@huishoutdoors.com<\/a>&nbsp;&nbsp;&nbsp;<\/p>\n\n\n\n<p>En vous rendant sur cette page de notre site Web&nbsp;: <a href=\"http:\/\/www.oceanicworldwide.com\/oceanicplus\">http:\/\/www.oceanicworldwide.com\/oceanicplus<\/a>&nbsp;<\/p>\n","protected":false},"excerpt":{"rendered":"<p>Oceanic+ et vos donn\u00e9es La pr\u00e9sente Politique de confidentialit\u00e9 d\u00e9crit Nos politiques et proc\u00e9dures en mati\u00e8re de collecte, d&#8217;utilisation et de divulgation de Vos informations lorsque Vous utilisez le Service et vous informe de Vos droits \u00e0 la confidentialit\u00e9 et de la mani\u00e8re dont la loi Vous prot\u00e8ge. Nous utilisons Vos Donn\u00e9es personnelles pour vous [&hellip;]<\/p>\n","protected":false},"author":11,"featured_media":722,"parent":0,"menu_order":0,"comment_status":"closed","ping_status":"closed","template":"","meta":{"_acf_changed":false,"footnotes":""},"class_list":["post-680","page","type-page","status-publish","has-post-thumbnail","hentry"],"acf":[],"_links":{"self":[{"href":"https:\/\/eu.oceanicworldwide.com\/fr\/wp-json\/wp\/v2\/pages\/680","targetHints":{"allow":["GET"]}}],"collection":[{"href":"https:\/\/eu.oceanicworldwide.com\/fr\/wp-json\/wp\/v2\/pages"}],"about":[{"href":"https:\/\/eu.oceanicworldwide.com\/fr\/wp-json\/wp\/v2\/types\/page"}],"author":[{"embeddable":true,"href":"https:\/\/eu.oceanicworldwide.com\/fr\/wp-json\/wp\/v2\/users\/11"}],"replies":[{"embeddable":true,"href":"https:\/\/eu.oceanicworldwide.com\/fr\/wp-json\/wp\/v2\/comments?post=680"}],"version-history":[{"count":0,"href":"https:\/\/eu.oceanicworldwide.com\/fr\/wp-json\/wp\/v2\/pages\/680\/revisions"}],"wp:featuredmedia":[{"embeddable":true,"href":"https:\/\/eu.oceanicworldwide.com\/fr\/wp-json\/wp\/v2\/media\/722"}],"wp:attachment":[{"href":"https:\/\/eu.oceanicworldwide.com\/fr\/wp-json\/wp\/v2\/media?parent=680"}],"curies":[{"name":"wp","href":"https:\/\/api.w.org\/{rel}","templated":true}]}}