{"id":1258,"date":"2023-09-14T17:24:07","date_gmt":"2023-09-14T17:24:07","guid":{"rendered":"https:\/\/huisheuro.wpengine.com\/?page_id=1258"},"modified":"2023-11-28T19:12:58","modified_gmt":"2023-11-28T19:12:58","slug":"politique-de-confidentialite-doceanic","status":"publish","type":"page","link":"https:\/\/eu.oceanicworldwide.com\/fr\/politique-de-confidentialite-doceanic\/","title":{"rendered":"Politique de confidentialit\u00e9 d&#8217;Oceanic"},"content":{"rendered":"\n<p><strong>Politique de confidentialit\u00e9<\/strong><\/p>\n\n\n\n<p>Cette politique de confidentialit\u00e9 a \u00e9t\u00e9 r\u00e9dig\u00e9e pour mieux servir les personnes qui sont inqui\u00e8tes de la mani\u00e8re dont leurs \u00ab&nbsp;donn\u00e9es personnelles identifiables&nbsp;\u00bb (DPI) sont utilis\u00e9es en ligne. Les DPI sont des informations qui peuvent \u00eatre utilis\u00e9es seules, ou en conjonction avec d&#8217;autres informations, afin d&#8217;identifier, de contacter ou de localiser une personne unique, ou d&#8217;identifier une personne dans son contexte. Veuillez lire soigneusement notre politique de confidentialit\u00e9 pour appr\u00e9hender clairement la mani\u00e8re dont nous recueillons, utilisons, prot\u00e9geons ou manipulons vos donn\u00e9es personnelles identifiables, conform\u00e9ment \u00e0 notre site Internet.<\/p>\n\n\n\n<p><strong>QUELLES INFORMATIONS PERSONNELLES RECUEILLONS-NOUS AUPR\u00c8S DES PERSONNES QUI CONSULTENT NOTRE SITE INTERNET&nbsp;?<\/strong><\/p>\n\n\n\n<p>Lorsque vous commandez ou que vous vous inscrivez sur notre site, suivant les besoins, il peut vous \u00eatre demand\u00e9 d&#8217;indiquer votre nom, votre adresse courriel, votre adresse postale, votre num\u00e9ro de t\u00e9l\u00e9phone, vos informations de carte de cr\u00e9dit ou d&#8217;autres d\u00e9tails qui permettront de vous aider dans votre d\u00e9marche.<\/p>\n\n\n\n<p><strong>QUAND RECUEILLONS-NOUS DES INFORMATIONS&nbsp;?<\/strong><\/p>\n\n\n\n<p>Nous recueillons des informations lorsque vous passez commande, lorsque vous vous inscrivez \u00e0 un bulletin d&#8217;informations, que vous remplissez un formulaire ou que vous indiquez des informations sur notre site, ou que vous nous faites un retour sur nos produits ou services.&nbsp;<\/p>\n\n\n\n<p><strong>COMMENT UTILISONS-NOUS VOS INFORMATIONS&nbsp;?<\/strong><\/p>\n\n\n\n<p>Nous pouvons utiliser les informations que nous recueillons lorsque vous vous inscrivez, que vous faites un achat, que vous vous inscrivez \u00e0 notre bulletin d&#8217;informations, que vous r\u00e9pondez \u00e0 un sondage ou \u00e0 un message de marketing, ou si vous naviguez sur notre site ou utilisez certaines autres fonctions du site des fa\u00e7ons suivantes&nbsp;:<\/p>\n\n\n\n<ul class=\"wp-block-list\">\n<li>Afin de personnaliser votre exp\u00e9rience et de nous permettre de vous proposer le type de contenu et de produits qui vous int\u00e9ressent le plus.<\/li>\n\n\n\n<li>Pour am\u00e9liorer notre site Internet, afin de mieux vous servir.<\/li>\n\n\n\n<li>Pour nous permettre de mieux vous servir lorsque nous r\u00e9pondons \u00e0 vos demandes au service clients.<\/li>\n\n\n\n<li>Pour la gestion d&#8217;un concours, d&#8217;une promotion, d&#8217;un sondage ou d&#8217;une autre fonction du site.<\/li>\n\n\n\n<li>Pour traiter rapidement vos transactions.<\/li>\n\n\n\n<li>Pour demander des \u00e9valuations et des critiques des services ou des produits.<\/li>\n<\/ul>\n\n\n\n<p><strong>COMMENT UTILISONS-NOUS VOS INFORMATIONS&nbsp;?<\/strong><\/p>\n\n\n\n<p>Notre site Internet est r\u00e9guli\u00e8rement examin\u00e9 pour v\u00e9rifier qu&#8217;il ne pr\u00e9sente pas de failles de s\u00e9curit\u00e9 ni de vuln\u00e9rabilit\u00e9s connues, afin de vous accueillir de la fa\u00e7on la plus s\u00e9curis\u00e9e possible.<\/p>\n\n\n\n<p>Nous n&#8217;effectuons pas de scannage des maliciels.<\/p>\n\n\n\n<p>Vos donn\u00e9es personnelles restent contenues dans des r\u00e9seaux s\u00e9curis\u00e9s et ne sont disponibles que pour un nombre de personnes limit\u00e9, qui disposent de droits d&#8217;acc\u00e8s particuliers sur lesdits syst\u00e8mes et sont soumis \u00e0 la confidentialit\u00e9 des informations. De plus, toutes les donn\u00e9es sensibles ou les informations bancaires que vous fournissez sont crypt\u00e9es par la technologie SSL (Secure Socket Layer).<\/p>\n\n\n\n<p>Nous avons mis en place diverses mesures de s\u00e9curit\u00e9, afin de garantir la s\u00e9curit\u00e9 de vos donn\u00e9es personnelles lorsque vous indiquez, envoyez ou acc\u00e9dez \u00e0 vos informations.<\/p>\n\n\n\n<p>Toutes les transactions sont trait\u00e9es par l&#8217;interm\u00e9diaire d&#8217;un passerelle et ne sont ni enregistr\u00e9es ni trait\u00e9es sur nos serveurs.<\/p>\n\n\n\n<p><strong>UTILISONS-NOUS DES \u00ab&nbsp;COOKIES&nbsp;\u00bb&nbsp;?<\/strong><\/p>\n\n\n\n<p>Le site Internet utilise des cookies. Nous utilisons des cookies pour personnaliser les contenus et les publicit\u00e9s, pour offrir des fonctions faisant appel aux r\u00e9seaux sociaux, et pour analyser la fr\u00e9quentation du site. Nous partageons \u00e9galement des informations concernant votre utilisation du site avec nos partenaires des r\u00e9seaux sociaux, publicitaires et analystes, qui peuvent les combiner avec d&#8217;autres informations que vous leur avez fournies ou qu&#8217;ils ont recueillies par votre utilisation de leurs services. Par votre utilisation de notre site Internet, vous acceptez nos cookies.<\/p>\n\n\n\n<p>Les cookies sont de petits fichiers texte qui peuvent \u00eatre utilis\u00e9s par les sites Internet pour rendre plus efficace l&#8217;exp\u00e9rience de l&#8217;utilisateur.<br><br>La loi indique que nous pouvons enregistrer des cookies sur votre appareil s&#8217;ils sont strictement n\u00e9cessaires au fonctionnement de ce site. Pour tous les autres types de cookies, nous avons besoin de votre autorisation.<br><br>Ce site utilise diff\u00e9rents types de cookies. Certains cookies sont d\u00e9pos\u00e9s par des services tiers qui s&#8217;affichent sur nos pages.<br><br>Vous pouvez \u00e0 tout moment modifier ou retirer votre consentement \u00e0 la D\u00e9claration relative aux cookies de notre site Internet.<br><br>Pour en savoir plus sur qui nous sommes, comment vous pouvez nous contacter et comment nous traitons les donn\u00e9es personnelles, consultez notre Politique de confidentialit\u00e9.<\/p>\n\n\n\n<p>Votre consentement s&#8217;applique aux domaines suivants&nbsp;: <a href=\"http:\/\/www.oceanicworldwide.com\">www.oceanicworldwide.com<\/a> et www.eu.oceanicworldwide.com<\/p>\n\n\n\n<p>La mise \u00e0 jour la plus r\u00e9cente de la D\u00e9claration relative aux cookies est en date du 7\/24\/23 par&nbsp;<a href=\"https:\/\/www.cookiebot.com\/\" target=\"_blank\" rel=\"noreferrer noopener\">Cookiebot<\/a>&nbsp;:<\/p>\n\n\n\n<p><strong>COMMUNICATION AUX TIERS<\/strong><\/p>\n\n\n\n<p>Nous ne vendons pas, n&#8217;\u00e9changeons pas ni ne transf\u00e9rons vos Donn\u00e9es personnelles identifiables \u00e0 des tiers, sauf dans le cas o\u00f9 nous aurions adress\u00e9 une notification pr\u00e9alable \u00e0 l&#8217;utilisateur. Cela ne comprend pas les partenaires d&#8217;h\u00e9bergement du site Internet, ni d&#8217;autres tiers qui participent au fonctionnement du site, de l&#8217;entreprise, ou contribuent au service de nos utilisateurs, dans la mesure o\u00f9 ces parties consentent \u00e0 maintenir la confidentialit\u00e9 de ces informations. Nous pouvons \u00e9galement divulguer des informations lorsque leur communication est requise pour respecter la loi, appliquer les politiques de notre site ou prot\u00e9ger les droits, la propri\u00e9t\u00e9 ou la s\u00e9curit\u00e9 de nous-m\u00eames ou d&#8217;autres parties.&nbsp;<\/p>\n\n\n\n<p>Cependant, les informations qui ne sont pas des Donn\u00e9es personnelles identifiables peuvent \u00eatre communiqu\u00e9es \u00e0 d&#8217;autres parties \u00e0 des fins de marketing, de publicit\u00e9 ou d&#8217;autres utilisations.<\/p>\n\n\n\n<p><strong>LIENS VERS DES TIERS<\/strong><\/p>\n\n\n\n<p>Nous ne pr\u00e9sentons pas et ne proposons pas de produits ou services tiers sur notre site.<\/p>\n\n\n\n<p><strong>GOOGLE<\/strong><\/p>\n\n\n\n<p>Les exigences publicitaires de Google peuvent \u00eatre r\u00e9sum\u00e9es par les Principes de la publicit\u00e9 Google. Ils sont mis en place dans le but d&#8217;offrir une exp\u00e9rience positive aux utilisateurs.<\/p>\n\n\n\n<figure class=\"wp-block-embed\"><div class=\"wp-block-embed__wrapper\">\nhttps:\/\/support.google.com\/adwordspolicy\/answer\/1316548?hl=fr\n<\/div><\/figure>\n\n\n\n<p>Nous utilisons le programme publicitaire Google AdSense sur notre site Internet.<\/p>\n\n\n\n<p>Google utilise des cookies pour afficher des publicit\u00e9s sur notre site Internet, en tant que prestataire tiers. L&#8217;utilisation du cookie DART par Google lui permet d&#8217;afficher des publicit\u00e9s \u00e0 nos utilisateurs, sur la base de leurs visites pr\u00e9c\u00e9dentes sur notre site et sur d&#8217;autres sites Internet. Les utilisateurs peuvent refuser l&#8217;utilisation du cookie DART en consultant la Politique de confidentialit\u00e9 de la publicit\u00e9 Google et du R\u00e9seau Display de Google.<\/p>\n\n\n\n<p><strong>NOUS AVONS MIS EN PLACE LES FONCTIONS SUIVANTES&nbsp;:<\/strong><\/p>\n\n\n\n<ul class=\"wp-block-list\">\n<li>Remarketing avec Google AdSense<\/li>\n\n\n\n<li>Rapports d&#8217;impression du r\u00e9seau Display de Google<\/li>\n\n\n\n<li>Rapports d\u00e9mographiques et d&#8217;int\u00e9r\u00eat<\/li>\n\n\n\n<li>Pixel de suivi de conversion Facebook<\/li>\n<\/ul>\n\n\n\n<p>Nous utilisons les \u00ab&nbsp;balises pixels&nbsp;\u00bb de Facebook Inc (1 Hacker Way, Menlo Park, CA 94025, USA, ou, si vous \u00eates dans l&#8217;Union europ\u00e9enne, de Facebook Ireland Ltd., 4 Grand Canal Square, Grand Canal Harbour, Dublin 2, Irlande (\u00ab&nbsp;Facebook&nbsp;\u00bb)) sur notre site Internet.<\/p>\n\n\n\n<p>Cela permet de suivre le parcours de l&#8217;utilisateur apr\u00e8s qu&#8217;il ait \u00e9t\u00e9 redirig\u00e9 sur le site Internet du fournisseur par un clic sur une publicit\u00e9 Facebook. Cela nous permet de mesurer l&#8217;efficacit\u00e9 des publicit\u00e9s Facebook, dans un but de statistiques et de recherche de march\u00e9. Les donn\u00e9es recueillies de cette fa\u00e7on sont anonymes pour nous, c&#8217;est-\u00e0-dire que nous ne voyons pas les donn\u00e9es personnelles des utilisateurs individuels. Cependant, ces donn\u00e9es sont enregistr\u00e9es et trait\u00e9es par Facebook, c&#8217;est la raison pour laquelle nous vous en informons, sur la base de notre connaissance de la situation. Facebook peut relier ces informations \u00e0 votre compte Facebook, et les utiliser pour ses propres actions promotionnelles, conform\u00e9ment \u00e0 la Politique de Confidentialit\u00e9 de Facebook https:\/\/www.facebook.com\/about\/privacy\/. Vous pouvez autoriser Facebook et ses partenaires \u00e0 placer des publicit\u00e9s sur Facebook et en dehors. Un cookie peut \u00e9galement \u00eatre enregistr\u00e9 sur votre ordinateur \u00e0 cet effet.<\/p>\n\n\n\n<p>La base l\u00e9gale pour l&#8217;utilisation de ce service est l&#8217;article&nbsp;6 du paragraphe&nbsp;1, phrase&nbsp;1 alin\u00e9a&nbsp;f du RGPD. Vous pouvez rejeter le recueil de vos donn\u00e9es par balise pixel de Facebook, ou l&#8217;utilisation de vos donn\u00e9es dans l&#8217;objectif d&#8217;afficher des publicit\u00e9s Facebook, en contactant l&#8217;adresse suivante&nbsp;: https:\/\/www.facebook.com\/settings?tab=ads.<\/p>\n\n\n\n<p>Facebook est certifi\u00e9 dans le cadre du Bouclier de protection des donn\u00e9es et par cons\u00e9quent garantit sa conformit\u00e9 avec la l\u00e9gislation de protection des donn\u00e9es de l&#8217;Union europ\u00e9enne (<a href=\"https:\/\/www.privacyshield.gov\/participant?id=a2zt0000000GnywAAC&amp;status=Active)\">https:\/\/www.privacyshield.gov\/participant?id=a2zt0000000GnywAAC&amp;status=Active)<\/a>.<\/p>\n\n\n\n<p>Nous utilisons, de m\u00eame que les vendeurs tiers tels que Google, des cookies propri\u00e9taires (tels que ceux de Google Analytics) et des cookies tiers (tels que le cookie DoubleClick), ou d&#8217;autres identifiants tiers assembl\u00e9s de mani\u00e8re \u00e0 associer les donn\u00e9es qui concernent les interactions des utilisateurs avec les affichages publicitaires et autres fonctions relatives \u00e0 la publicit\u00e9, de fa\u00e7on pertinente pour notre site Internet.<\/p>\n\n\n\n<p><strong>CLAUSE DE REFUS&nbsp;:<\/strong><\/p>\n\n\n\n<p>Les utilisateurs peuvent param\u00e9trer leurs pr\u00e9f\u00e9rences concernant la fa\u00e7on dont Google utilise la publicit\u00e9, depuis la page des r\u00e9glages Google Ads. Alternativement, vous pouvez refuser les cookies sur la page Network Advertising Initiative Opt Out ou par le Module compl\u00e9mentaire de navigateur pour la d\u00e9sactivation de Google Analytics.<\/p>\n\n\n\n<p><strong>TOUTE MODIFICATION DE LA POLITIQUE DE CONFIDENTIALIT\u00c9 VOUS SERA NOTIFI\u00c9E&nbsp;:<\/strong><\/p>\n\n\n\n<p><strong>&nbsp;<\/strong>Sur notre page de la Politique de confidentialit\u00e9<\/p>\n\n\n\n<p><strong>POUR MODIFIER VOS INFORMATIONS PERSONNELLES&nbsp;:<\/strong><\/p>\n\n\n\n<p><strong>&nbsp;<\/strong>Vous pouvez demander une modification par courriel&nbsp;: Privacy@huishoutdoors.com<\/p>\n\n\n\n<p><strong>QUEL EST LE TRAITEMENT PAR NOTRE SITE DES EN-T\u00caTES DE REFUS DE SUIVI&nbsp;?<\/strong><\/p>\n\n\n\n<p>Nous respectons les signaux de refus de suivi, et si un m\u00e9canisme de refus de suivi (DNT) est en place dans le navigateur, nous n&#8217;effectuons pas de suivi et ne laissons pas de cookie.<\/p>\n\n\n\n<p><strong>EST-CE QUE LE SITE PERMET LE SUIVI COMPORTEMENTAL PAR DES TIERCES PARTIES&nbsp;?<\/strong><\/p>\n\n\n\n<p>Il est \u00e9galement important de noter que nous autorisons le suivi comportemental par des tierces parties.<\/p>\n\n\n\n<p><strong>LOI SUR LA PROTECTION DE LA VIE PRIV\u00c9E DES ENFANTS EN LIGNE (CHILDREN&#8217;S ONLINE PRIVACY PROTECTION ACT) (COPPA)<\/strong><\/p>\n\n\n\n<p>Dans le cadre du recueil de donn\u00e9es personnelles d&#8217;enfants de moins de 13&nbsp;ans, la Loi sur la protection de la vie priv\u00e9e des enfants en ligne (Children&#8217;s Online Privacy Protection Act) (COPPA) donne le contr\u00f4le aux parents. La Federal Trade Commission, l&#8217;organisme de protection du consommateur des \u00c9tats-Unis, exige l&#8217;application de la COPPA, qui \u00e9dicte le fait que les op\u00e9rateurs de sites Internet et de services en ligne doivent prot\u00e9ger la confidentialit\u00e9 et la s\u00e9curit\u00e9 des enfants en ligne.<\/p>\n\n\n\n<p>Notre offre commerciale ne vise pas sp\u00e9cifiquement les enfants de moins de 13&nbsp;ans.<\/p>\n\n\n\n<p><strong>PRATIQUES D&#8217;INFORMATION \u00c9QUITABLE<\/strong><\/p>\n\n\n\n<p>Les Principes d&#8217;information \u00e9quitable forment la base de la loi sur la confidentialit\u00e9 des \u00c9tats-Unis, et les concepts qu&#8217;ils englobent ont jou\u00e9 un r\u00f4le important dans l&#8217;\u00e9laboration des lois de protection des donn\u00e9es du monde entier. Il est fondamental de comprendre les principes d&#8217;information \u00e9quitable, et la mani\u00e8re dont ils doivent \u00eatre mis en \u0153uvre, pour rester conforme aux diverses lois sur la confidentialit\u00e9 qui prot\u00e8gent les informations personnelles.<\/p>\n\n\n\n<p><strong>Afin de respecter les Principes d&#8217;information \u00e9quitable, nous prendrons les mesures suivantes en cas de fuite de donn\u00e9es&nbsp;:<\/strong><\/p>\n\n\n\n<p><strong>Nous vous informerons par courriel&nbsp;:<\/strong><\/p>\n\n\n\n<p>Sous 7&nbsp;jours ouvrables<\/p>\n\n\n\n<p>Nous donnons \u00e9galement notre accord au Principe de r\u00e9paration individuelle, qui stipule que des personnes ont le droit de d\u00e9fendre juridiquement leurs droits applicables contre les organismes ayant recueilli ou trait\u00e9 des donn\u00e9es et qui n&#8217;ont pas respect\u00e9 la loi. Ce principe stipule que non seulement les personnes ont des droits applicables envers les utilisateurs de donn\u00e9es, mais aussi que les personnes peuvent avoir un recours aupr\u00e8s des instances judiciaires ou des organismes gouvernementaux pour enqu\u00eater et\/ou poursuivre un non-respect des lois par les organismes ayant trait\u00e9 des donn\u00e9es.<\/p>\n\n\n\n<p><strong>LOI CAN-SPAM ACT<\/strong><\/p>\n\n\n\n<p>La loi CAN-SPAM ACT d\u00e9termine les r\u00e8gles applicables aux courriels commerciaux, \u00e9tablit les exigences des messages commerciaux, donne aux destinataires le droit de faire cesser l&#8217;envoi de courriels qui leur sont destin\u00e9s, et pr\u00e9voit de lourdes p\u00e9nalit\u00e9s en cas d&#8217;infraction.<\/p>\n\n\n\n<p><strong>Nous recueillons votre adresse courriel afin de&nbsp;:<\/strong><\/p>\n\n\n\n<ul class=\"wp-block-list\">\n<li>Envoyer des informations, r\u00e9pondre aux demandes, et\/ou autres requ\u00eates ou questions.<\/li>\n\n\n\n<li>Traiter les commandes et envoyer les informations et mises \u00e0 jour relatives aux commandes.<\/li>\n\n\n\n<li>Vous envoyer des informations suppl\u00e9mentaires au sujet de votre produit et\/ou service.<\/li>\n\n\n\n<li>Vous envoyer notre liste de diffusion ou continuer \u00e0 envoyer des courriels \u00e0 nos clients apr\u00e8s que la transaction d&#8217;origine soit effectu\u00e9e.<\/li>\n<\/ul>\n\n\n\n<p><strong>Pour respecter la loi CAN-SPAM ACT, nous nous engageons \u00e0&nbsp;:<\/strong><\/p>\n\n\n\n<ul class=\"wp-block-list\">\n<li>N&#8217;utiliser aucun sujet ou adresse courriel qui soit faux ou trompeur.<\/li>\n\n\n\n<li>Identifier raisonnablement le message comme \u00e9tant publicitaire.<\/li>\n\n\n\n<li>Inclure l&#8217;adresse postale de notre entreprise ou du si\u00e8ge du site.<\/li>\n\n\n\n<li>Surveiller que les services tiers de marketing par courriel sont conformes, au cas o\u00f9 ils seraient utilis\u00e9s.<\/li>\n\n\n\n<li>Respecter rapidement les demandes de non-participation \/ de d\u00e9sabonnement.<\/li>\n\n\n\n<li>Permettre aux utilisateurs de se d\u00e9sabonner en utilisant le lien qui est au bas de chaque courriel.<\/li>\n<\/ul>\n\n\n\n<p><strong>\u00c0 tout moment, vous pouvez vous d\u00e9sabonner de la r\u00e9ception de courriels ult\u00e9rieurs en nous \u00e9crivant \u00e0 l&#8217;adresse&nbsp;:<\/strong><\/p>\n\n\n\n<p>Suivez les instructions au bas de chaque courriel, et nous vous arr\u00eaterons rapidement de vous transmettre <strong>TOUTE<\/strong> correspondance.<\/p>\n\n\n\n<p><strong>NOUS CONTACTER<\/strong><\/p>\n\n\n\n<p>Si vous avez des questions concernant cette politique de confidentialit\u00e9, vous pouvez nous contacter \u00e0 l&#8217;aide des informations ci-dessous.<\/p>\n\n\n\n<p>www.oceanicworldwide.com<br>1540 North 2200 West<br>Salt Lake City, Utah 84116<br>\u00c9tats-Unis<\/p>\n\n\n\n<p><a href=\"mailto:Privacy@huishoutdoors.com\">Privacy@huishoutdoors.com<\/a><\/p>\n\n\n\n<p>Derni\u00e8re \u00e9dition du 9&nbsp;novembre&nbsp;2023<\/p>\n\n\n\n<div class=\"container-fluid\">\n<div class=\"row\">\n<div class=\"col\">\n<h4 class=\"wp-block-heading\">UTILISONS-NOUS DES \u00ab\u00a0COOKIES\u00a0\u00bb\u00a0?<\/h4>\n\n\n\n<script id=\"CookieDeclaration\" src=\"https:\/\/consent.cookiebot.com\/1552aead-e1ab-467d-9b17-f8cd3923101e\/cd.js\" type=\"text\/javascript\" async><\/script>\n<\/div>\n<\/div>\n<\/div>\n","protected":false},"excerpt":{"rendered":"<p>Politique de confidentialit\u00e9 Cette politique de confidentialit\u00e9 a \u00e9t\u00e9 r\u00e9dig\u00e9e pour mieux servir les personnes qui sont inqui\u00e8tes de la mani\u00e8re dont leurs \u00ab&nbsp;donn\u00e9es personnelles identifiables&nbsp;\u00bb (DPI) sont utilis\u00e9es en ligne. Les DPI sont des informations qui peuvent \u00eatre utilis\u00e9es seules, ou en conjonction avec d&#8217;autres informations, afin d&#8217;identifier, de contacter ou de localiser une [&hellip;]<\/p>\n","protected":false},"author":11,"featured_media":0,"parent":0,"menu_order":0,"comment_status":"closed","ping_status":"closed","template":"","meta":{"_acf_changed":false,"footnotes":""},"class_list":["post-1258","page","type-page","status-publish","hentry"],"acf":[],"_links":{"self":[{"href":"https:\/\/eu.oceanicworldwide.com\/fr\/wp-json\/wp\/v2\/pages\/1258","targetHints":{"allow":["GET"]}}],"collection":[{"href":"https:\/\/eu.oceanicworldwide.com\/fr\/wp-json\/wp\/v2\/pages"}],"about":[{"href":"https:\/\/eu.oceanicworldwide.com\/fr\/wp-json\/wp\/v2\/types\/page"}],"author":[{"embeddable":true,"href":"https:\/\/eu.oceanicworldwide.com\/fr\/wp-json\/wp\/v2\/users\/11"}],"replies":[{"embeddable":true,"href":"https:\/\/eu.oceanicworldwide.com\/fr\/wp-json\/wp\/v2\/comments?post=1258"}],"version-history":[{"count":0,"href":"https:\/\/eu.oceanicworldwide.com\/fr\/wp-json\/wp\/v2\/pages\/1258\/revisions"}],"wp:attachment":[{"href":"https:\/\/eu.oceanicworldwide.com\/fr\/wp-json\/wp\/v2\/media?parent=1258"}],"curies":[{"name":"wp","href":"https:\/\/api.w.org\/{rel}","templated":true}]}}