{"id":849,"date":"2023-09-14T19:36:40","date_gmt":"2023-09-14T19:36:40","guid":{"rendered":"https:\/\/huisheuro.wpengine.com\/product\/oceanic-dive-housing\/"},"modified":"2026-04-15T05:31:05","modified_gmt":"2026-04-15T05:31:05","slug":"oceanic-dive-housing","status":"publish","type":"product","link":"https:\/\/eu.oceanicworldwide.com\/fi\/tuote\/oceanic-dive-housing\/","title":{"rendered":"Oceanic+ Dive Housing"},"content":{"rendered":"<p><img loading=\"lazy\" decoding=\"async\" class=\"alignnone size-full wp-image-114912\" src=\"https:\/\/eu.oceanicworldwide.com\/wp-content\/uploads\/2023\/11\/FIN-Oceanic-Plus-Dive-Housing-Overview.png\" alt=\"\" width=\"1920\" height=\"1080\" \/><\/p>\n<p>Tuotteen paino: 975 g \/ Tuotteen mitat:\u00a024,6 cm L x 11,2 cm K x 6,9 cm S<\/p>\n<p>K\u00e4ytt\u00f6l\u00e4mp\u00f6tila: 4\u00b0 &#8211; 35 \u00b0C. \u00c4l\u00e4 ylit\u00e4 tai alita iOS-laitteellesi m\u00e4\u00e4ritettyj\u00e4 l\u00e4mp\u00f6tilarajoja.<\/p>\n<p><span style=\"font-family: 'Ubuntu',sans-serif; color: black;\">Mit\u00e4 sis\u00e4ltyy varaosapakkaukseen?<\/span><\/p>\n<ul>\n<li>5 kpl kuivausainetta<\/li>\n<li>1 kpl voiteluainetta<\/li>\n<li>1 kpl O-rengas<\/li>\n<li>1 kpl O-renkaan ty\u00f6kalu<\/li>\n<li>2 kpl kumisia kappaleita<\/li>\n<\/ul>\n<p>&nbsp;<\/p>\n","protected":false},"excerpt":{"rendered":"<p><strong><img decoding=\"async\" class=\"alignnone wp-image-130452 size-medium\" src=\"https:\/\/www.oceanicworldwide.com\/wp-content\/uploads\/sites\/6\/2023\/02\/PD2024_RD_t-300x176.png\" alt=\"\" width=\"150\" data-wp-editing=\"1\" \/><\/strong><\/p>\n<p><strong>Sinun<strong style=\"color: #0075ff;\">Sukelluksesi<\/strong><\/strong><strong>Sinun<strong style=\"color: #0075ff;\">Tarinasi<\/strong><\/strong><\/p>\n<p class=\"p1\">Nyt voit k\u00e4ytt\u00e4\u00e4 iPhonea sek\u00e4 vedenalaisena kamerana ett\u00e4 sukellustietokoneena!<\/p>\n<p>Patenttia odottava Oceanic+ Dive Housing -sukelluskotelon avulla voit ottaa upeita valokuvia automaattisella v\u00e4rinkorjauksella iPhonellasi sukeltaessasi tai mink\u00e4 tahansa vesiseikkailun aikana.<\/p>\n<p>Oceanic+-sovelluksen ja Dive Housing -sukelluskotelon avulla iPhonestasi tulee my\u00f6s t\u00e4ysin toimiva sukellustietokone.<\/p>\n<p>Yksi sovellus, yksi tilaus, kaksi laitetta! Oceanic+-sovelluksella voit k\u00e4ytt\u00e4\u00e4 samaa tilausta sek\u00e4 Apple Watch Ultra -\u00e4lykellossa ett\u00e4 iPhonessa. T\u00e4m\u00e4 mahdollistaa sen, ett\u00e4 kaksi yksikk\u00f6\u00e4 voi jakaa saman tilauksen ja s\u00e4\u00e4st\u00e4\u00e4 n\u00e4in rahaa. Se tarjoaa my\u00f6s paremman redundanssin sukeltamiseen sek\u00e4 Apple Watch Ultra -\u00e4lykellon ett\u00e4 iPhone ja Oceanic+ Dive Housing -sukelluskotelon kanssa. Jokaisen sukelluksen p\u00e4\u00e4tteeksi ensisijainen tietokone valitaan sukellustietojasi varten.<\/p>\n<p><strong>Katso tuotteen esittelyvideo <a href=\"https:\/\/www.youtube.com\/watch?v=lVRbcagnwkA\"><u>t\u00e4st\u00e4.<\/u><\/a><\/strong><\/p>\n<p><a href=\"#compatible\"><strong>Onko iPhoneni yhteensopiva? Tarkista t\u00e4st\u00e4.<\/strong><\/a><\/p>\n<p><strong>Tilattavissa vain Euroopan unionin maissa.<\/strong><\/p>\n<p>Muita kansainv\u00e4lisi\u00e4 sijainteja varten, ota yhteytt\u00e4 paikalliseen j\u00e4lleenmyyj\u00e4\u00e4n <a href=\"https:\/\/www.oceanicworldwide.com\/international\/\"><u>klikkaamalla t\u00e4st\u00e4.<\/u><\/a><\/p>\n","protected":false},"featured_media":2376,"comment_status":"open","ping_status":"closed","template":"","meta":{"_acf_changed":false},"product_cat":[99,100,101],"product_tag":[],"class_list":{"0":"post-849","1":"product","2":"type-product","3":"status-publish","4":"has-post-thumbnail","6":"product_cat-computers-fi","7":"product_cat-oceanic-plus-accessories-fi","8":"product_cat-oceanic-team-picks-fi","10":"first","11":"instock","12":"featured","13":"taxable","14":"shipping-taxable","15":"purchasable","16":"product-type-simple"},"acf":[],"_links":{"self":[{"href":"https:\/\/eu.oceanicworldwide.com\/fi\/wp-json\/wp\/v2\/product\/849","targetHints":{"allow":["GET"]}}],"collection":[{"href":"https:\/\/eu.oceanicworldwide.com\/fi\/wp-json\/wp\/v2\/product"}],"about":[{"href":"https:\/\/eu.oceanicworldwide.com\/fi\/wp-json\/wp\/v2\/types\/product"}],"replies":[{"embeddable":true,"href":"https:\/\/eu.oceanicworldwide.com\/fi\/wp-json\/wp\/v2\/comments?post=849"}],"wp:featuredmedia":[{"embeddable":true,"href":"https:\/\/eu.oceanicworldwide.com\/fi\/wp-json\/wp\/v2\/media\/2376"}],"wp:attachment":[{"href":"https:\/\/eu.oceanicworldwide.com\/fi\/wp-json\/wp\/v2\/media?parent=849"}],"wp:term":[{"taxonomy":"product_cat","embeddable":true,"href":"https:\/\/eu.oceanicworldwide.com\/fi\/wp-json\/wp\/v2\/product_cat?post=849"},{"taxonomy":"product_tag","embeddable":true,"href":"https:\/\/eu.oceanicworldwide.com\/fi\/wp-json\/wp\/v2\/product_tag?post=849"}],"curies":[{"name":"wp","href":"https:\/\/api.w.org\/{rel}","templated":true}]}}