{"id":808,"date":"2023-11-10T19:11:28","date_gmt":"2023-11-10T19:11:28","guid":{"rendered":"https:\/\/huisheuro.wpengine.com\/?page_id=808"},"modified":"2024-02-23T21:14:26","modified_gmt":"2024-02-23T21:14:26","slug":"oceanic-ehdot-ja-edellytykset","status":"publish","type":"page","link":"https:\/\/eu.oceanicworldwide.com\/fi\/oceanic-ehdot-ja-edellytykset\/","title":{"rendered":"Oceanic Ehdot ja Edellytykset"},"content":{"rendered":"\n<div class=\"container\">\n<div class=\"row\">\n<div class=\"col\">\n<p>Oceanic Ehdot ja Edellytykset<\/p>\n\n\n\n<p>Tervetuloa eu.OceanicWorldwide.com-sivustolle (&#8220;Sivusto&#8221;). Oceanic tarjoaa sinulle palveluja t\u00e4ss\u00e4 sopimuksessa (&#8220;Sopimus&#8221;) esitettyjen ilmoitusten, ehtojen ja edellytysten mukaisesti. Lis\u00e4ksi, kun k\u00e4yt\u00e4t mit\u00e4 tahansa palveluamme (esim. Asiakasarvostelut), sinuun sovelletaan kyseiseen palveluun sovellettavia s\u00e4\u00e4nt\u00f6j\u00e4, ohjeita, k\u00e4yt\u00e4nt\u00f6j\u00e4, ehtoja ja edellytyksi\u00e4, ja ne on sis\u00e4llytetty t\u00e4h\u00e4n Sopimukseen t\u00e4ll\u00e4 viittauksella. Pid\u00e4t\u00e4mme oikeuden muuttaa t\u00e4t\u00e4 Sivustoa ja n\u00e4it\u00e4 ehtoja milloin tahansa.&nbsp;<strong>SIVUSTON K\u00c4YTT\u00c4MINEN, SELAAMINEN TAI MUU SIVUSTON K\u00c4YTT\u00d6 TARKOITTAA, ETT\u00c4 HYV\u00c4KSYT KAIKKI T\u00c4M\u00c4N SOPIMUKSEN EHDOT, JOTEN LUE T\u00c4M\u00c4 SOPIMUS HUOLELLISESTI ENNEN KUIN JATKAT.<\/strong><\/p>\n\n\n\n<p><strong>SIVUSTON K\u00c4YTT\u00d6<\/strong><br>Vakuutat ja takaat, ett\u00e4 olet v\u00e4hint\u00e4\u00e4n 18-vuotias tai ett\u00e4 vierailet Sivustolla vanhemman tai huoltajan valvonnassa.<\/p>\n\n\n\n<p>T\u00e4m\u00e4n sopimuksen ehtojen mukaisesti my\u00f6nn\u00e4mme t\u00e4ten sinulle rajoitetun, peruutettavissa olevan, ei-siirrett\u00e4viss\u00e4 olevan ja ei-yksinomaisen lisenssin p\u00e4\u00e4st\u00e4 sivustolle ja k\u00e4ytt\u00e4\u00e4 sivustoa n\u00e4ytt\u00e4m\u00e4ll\u00e4 se Internet-selaimellasi ainoastaan sivustolla myyt\u00e4vien henkil\u00f6kohtaisten tuotteiden ostamista varten, eik\u00e4 mihink\u00e4\u00e4n kaupalliseen k\u00e4ytt\u00f6\u00f6n tai kolmannen osapuolen puolesta tapahtuvaan k\u00e4ytt\u00f6\u00f6n, paitsi jos olemme nimenomaisesti sallineet sen etuk\u00e4teen. T\u00e4m\u00e4n sopimuksen rikkominen johtaa t\u00e4ss\u00e4 kappaleessa my\u00f6nnetyn lisenssin v\u00e4litt\u00f6m\u00e4\u00e4n peruuttamiseen ilman ennakkoilmoitusta.<\/p>\n\n\n\n<p>Lukuun ottamatta yll\u00e4 olevan kappaleen sallimia tapauksia, et saa kopioida, levitt\u00e4\u00e4, n\u00e4ytt\u00e4\u00e4, myyd\u00e4, vuokrata, siirt\u00e4\u00e4, luoda johdannaisteoksia, k\u00e4\u00e4nt\u00e4\u00e4, muokata, takaisinmallinnustaa, hajottaa, purkaa tai muulla tavoin hy\u00f6dynt\u00e4\u00e4 t\u00e4t\u00e4 Sivustoa tai mit\u00e4\u00e4n sen osaa, ellet saa siihen nimenomaista kirjallista lupaa meilt\u00e4. Et saa k\u00e4ytt\u00e4\u00e4 kaupallisesti mit\u00e4\u00e4n Sivustolla annettuja tietoja tai k\u00e4ytt\u00e4\u00e4 Sivustoa toisen yrityksen hyv\u00e4ksi, ellet ole saanut siihen meilt\u00e4 etuk\u00e4teen nimenomaista lupaa. Pid\u00e4t\u00e4mme oikeuden kielt\u00e4yty\u00e4 palvelusta, sulkea tilej\u00e4 ja\/tai peruuttaa tilauksia harkintamme mukaan, mukaan lukien rajoituksetta, jos uskomme, ett\u00e4 asiakkaan k\u00e4ytt\u00e4ytyminen rikkoo sovellettavaa lakia tai on haitallista etujemme kannalta.<\/p>\n\n\n\n<p>Et saa ladata, jakaa tai muuten julkaista t\u00e4m\u00e4n Sivuston kautta mit\u00e4\u00e4n sellaista Sis\u00e4lt\u00f6\u00e4, tietoa tai muuta materiaalia, joka (a) rikkoo tai loukkaa kenenk\u00e4\u00e4n tekij\u00e4noikeuksia, patentteja, tavaramerkkej\u00e4, palvelumerkkej\u00e4, liikesalaisuuksia tai muita omistusoikeuksia, (b) on herjaavaa, uhkaavaa, kunnianloukkaavaa, s\u00e4\u00e4dyt\u00f6nt\u00e4, siveet\u00f6nt\u00e4, sopimatonta, pornografista tai voi johtaa siviili- tai rikosoikeudelliseen vastuuseen Yhdysvaltain tai kansainv\u00e4lisen lains\u00e4\u00e4d\u00e4nn\u00f6n nojalla, tai (c) sis\u00e4lt\u00e4\u00e4 vikoja, viruksia, matoja, ansaluukkuja, troijalaisia hevosia tai muuta haitallista koodia tai ominaisuuksia.<\/p>\n\n\n\n<p>T\u00e4ll\u00e4 sivustolla oleva sis\u00e4lt\u00f6 on tarkoitettu ainoastaan tiedotustarkoituksiin. On yksinomaan sinun vastuullasi k\u00e4\u00e4nty\u00e4 laillistetun l\u00e4\u00e4k\u00e4rin tai p\u00e4tev\u00e4n terveydenhuollon ammattilaisen puoleen neuvoja, diagnoosia ja\/tai hoitoa varten kaikissa terveyteen liittyviss\u00e4 tiloissa. T\u00e4ll\u00e4 Sivustolla annetut esitykset tai mielipiteet ovat esityksen tai mielipiteen esitt\u00e4neen henkil\u00f6n mielipiteit\u00e4, eiv\u00e4tk\u00e4 ne v\u00e4ltt\u00e4m\u00e4tt\u00e4 vastaa meid\u00e4n mielipiteit\u00e4mme. T\u00e4ll\u00e4 sivustolla esitetyt tuoteselosteet ovat myyj\u00e4n edustamia, emmek\u00e4 me tee niit\u00e4.<\/p>\n\n\n\n<p>Voimme antaa sinulle salasanan ja tilitunnuksen, jotta voit k\u00e4ytt\u00e4\u00e4 tiettyj\u00e4 t\u00e4m\u00e4n sivuston osia. Aina kun k\u00e4yt\u00e4t salasanaa tai tunnusta, sinun katsotaan olevan oikeutettu p\u00e4\u00e4sem\u00e4\u00e4n Sivustolle ja k\u00e4ytt\u00e4m\u00e4\u00e4n sit\u00e4 t\u00e4m\u00e4n Sopimuksen ehtojen ja edellytysten mukaisesti, eik\u00e4 meill\u00e4 ole velvollisuutta tutkia t\u00e4llaisen p\u00e4\u00e4syn tai Sivuston k\u00e4yt\u00f6n valtuutusta tai l\u00e4hdett\u00e4.&nbsp;<strong>OLET YKSIN VASTUUSSA KAIKESTA P\u00c4\u00c4SYST\u00c4 T\u00c4LLE SIVUSTOLLE JA SEN K\u00c4YT\u00d6ST\u00c4, JOS JOKU K\u00c4YTT\u00c4\u00c4 SINULLE ALUNPERIN ANNETTUA SALASANAA JA TUNNUSTA, RIIPPUMATTA SIIT\u00c4, ONKO T\u00c4LLAINEN P\u00c4\u00c4SY T\u00c4LLE SIVUSTOLLE JA SEN K\u00c4YTT\u00d6 TOSIASIALLISESTI SINUN VALTUUTTAMAASI, MUKAAN LUKIEN RAJOITUKSETTA KAIKKI YHTEYDENOTOT JA L\u00c4HETYKSET SEK\u00c4 KAIKKI VELVOITTEET (MUKAAN LUKIEN RAJOITUKSETTA TALOUDELLISET VELVOITTEET), JOTKA OVAT SYNTYNEET T\u00c4LLAISEN P\u00c4\u00c4SYN TAI K\u00c4YT\u00d6N SEURAUKSENA.<\/strong>&nbsp;Olet yksin vastuussa sinulle osoitetun salasanan ja tunnuksen turvallisuudesta ja luottamuksellisuudesta. Sinun on v\u00e4litt\u00f6m\u00e4sti ilmoitettava meille salasanasi tai tunnisteesi luvattomasta k\u00e4yt\u00f6st\u00e4 tai muusta t\u00e4m\u00e4n Sivuston tietoturvarikkomuksesta tai sen uhasta.<\/p>\n\n\n\n<p><strong>ARVOSTELUT JA KOMMENTIT<\/strong><br>Jollei muualla t\u00e4ss\u00e4 sopimuksessa tai sivustolla toisin m\u00e4\u00e4r\u00e4t\u00e4, kaikkea, mit\u00e4 l\u00e4het\u00e4t tai postitat sivustolle ja\/tai annat meille, mukaan lukien rajoituksetta ideat, tietotaito, tekniikat, kysymykset, arvostelut, kommentit ja ehdotukset (yhdess\u00e4 &#8220;L\u00e4hetykset&#8221;), k\u00e4sitell\u00e4\u00e4n ja tullaan k\u00e4sittelem\u00e4\u00e4n ei-luottamuksellisena ja ei-omistuksellisena, ja meill\u00e4 on oikeus k\u00e4ytt\u00e4\u00e4, kopioida, levitt\u00e4\u00e4, n\u00e4ytt\u00e4\u00e4, julkaista, esitt\u00e4\u00e4, myyd\u00e4, vuokrata, l\u00e4hett\u00e4\u00e4, mukauttaa, muokata, luoda johdannaisteoksia t\u00e4llaisista L\u00e4hetyksist\u00e4 mill\u00e4 tahansa keinoin ja miss\u00e4 tahansa muodossa sek\u00e4 k\u00e4\u00e4nt\u00e4\u00e4, muokata, takaisinmallinnustaa, hajottaa, purkaa kyseisi\u00e4 l\u00e4hetyksi\u00e4. Kaikista l\u00e4hetetyist\u00e4 aineistoista tulee automaattisesti meid\u00e4n yksinomaista ja yksinoikeudellista omaisuuttamme, eik\u00e4 niit\u00e4 palauteta sinulle.<\/p>\n\n\n\n<p>Kun l\u00e4het\u00e4t kommentteja tai arvosteluja Sivustolle, annat meille kaikkiin l\u00e4hetyksiin sovellettavien oikeuksien lis\u00e4ksi my\u00f6s oikeuden k\u00e4ytt\u00e4\u00e4 nime\u00e4, jonka l\u00e4het\u00e4t mink\u00e4 tahansa arvostelun, kommentin tai muun sis\u00e4ll\u00f6n yhteydess\u00e4, jos sellaista on. Vakuutat ja takaat, ett\u00e4 omistat tai muutoin hallitset kaikkia oikeuksia arvosteluihin, kommentteihin ja muuhun Sis\u00e4lt\u00f6\u00f6n, joita julkaiset t\u00e4ll\u00e4 Sivustolla, ja ett\u00e4 arvostelujesi, kommenttiesi tai muun Sis\u00e4ll\u00f6n k\u00e4ytt\u00f6 ei loukkaa tai riko mink\u00e4\u00e4n kolmannen osapuolen oikeuksia. Et saa k\u00e4ytt\u00e4\u00e4 v\u00e4\u00e4r\u00e4\u00e4 s\u00e4hk\u00f6postiosoitetta, teeskennell\u00e4 olevasi joku muu kuin sin\u00e4 itse tai muutoin johtaa meit\u00e4 tai kolmansia osapuolia harhaan l\u00e4hetysten tai sis\u00e4ll\u00f6n alkuper\u00e4n suhteen. Voimme, mutta emme ole velvollisia, poistamaan tai muokkaamaan l\u00e4hetyksi\u00e4 (mukaan lukien kommentit tai arvostelut) mist\u00e4 tahansa syyst\u00e4.<\/p>\n\n\n\n<p><strong>IMMATERIAALIOIKEUDET<\/strong><br>T\u00e4m\u00e4n verkkosivuston koko sis\u00e4lt\u00f6, mukaan lukien mutta ei rajoittuen tekstiin, grafiikkaan, kuviin ja koodiin sek\u00e4 yksitt\u00e4isiin kuviin tai valokuviin, on Yhdysvaltain ja muiden tekij\u00e4noikeuslakien nojalla tekij\u00e4noikeudella suojattu ja Oceanic Worldwide -yhti\u00f6n yksinomainen omaisuus. T\u00e4m\u00e4n sivuston sis\u00e4ll\u00f6n tai yksitt\u00e4isten kuvien tai valokuvien k\u00e4ytt\u00f6, mukaan lukien niiden j\u00e4ljent\u00e4minen, jakelu, esitt\u00e4minen tai siirt\u00e4minen, on ehdottomasti kielletty.<\/p>\n\n\n\n<p>Kaikki muut yritysten, tuotemerkkien ja tuotteiden nimet ovat omistajiensa tavaramerkkej\u00e4. T\u00e4m\u00e4 verkkosivu ei ole sidoksissa mihink\u00e4\u00e4n n\u00e4ist\u00e4 tavaramerkkien omistajista, eik\u00e4 se ole mink\u00e4\u00e4n n\u00e4iden tavaramerkkien omistajien yhteydess\u00e4 tai sponsoroima.<\/p>\n\n\n\n<p>Vaikka pyrimme kaikin tavoin varmistamaan, ett\u00e4 t\u00e4m\u00e4n verkkosivuston tiedot ovat oikeita, mallit, ominaisuudet, osat, v\u00e4rit ja hinnat voivat muuttua.<\/p>\n\n\n\n<p><strong>TIETOSUOJAK\u00c4YT\u00c4NT\u00d6<\/strong><\/p>\n\n\n\n<p>Tutustu tietosuojak\u00e4yt\u00e4nt\u00f6ihimme, jotka koskevat my\u00f6s vierailuasi t\u00e4ll\u00e4 sivustolla, jotta ymm\u00e4rr\u00e4t k\u00e4yt\u00e4nt\u00f6mme.<\/p>\n\n\n\n<p><strong>IRTISANOMINEN JA IRTISANOMISEN VAIKUTUKSET<\/strong><br>Kaikkien muiden laillisten tai kohtuullisten oikeussuojakeinojen lis\u00e4ksi voimme ilman ennakkoilmoitusta sinulle irtisanoa sopimuksen v\u00e4litt\u00f6m\u00e4sti tai peruuttaa kaikki t\u00e4m\u00e4n sopimuksen nojalla my\u00f6nnetyt oikeutesi tai osan niist\u00e4. T\u00e4m\u00e4n Sopimuksen irtisanomisen yhteydess\u00e4 sinun on v\u00e4litt\u00f6m\u00e4sti lopetettava kaikki p\u00e4\u00e4sy Sivustolle ja Sivuston k\u00e4ytt\u00f6, ja meid\u00e4n on muiden laillisten tai kohtuullisten oikeussuojakeinojen lis\u00e4ksi v\u00e4litt\u00f6m\u00e4sti peruutettava kaikki sinulle my\u00f6nnetyt salasanat ja tilitunnukset ja kiellett\u00e4v\u00e4 sinulta p\u00e4\u00e4sy Sivustolle ja Sivuston k\u00e4ytt\u00f6 kokonaan tai osittain. T\u00e4m\u00e4n sopimuksen irtisanominen ei vaikuta osapuolten oikeuksiin ja velvollisuuksiin (mukaan lukien rajoituksetta maksuvelvoitteet), jotka ovat syntyneet ennen irtisanomisp\u00e4iv\u00e4\u00e4.<\/p>\n\n\n\n<p><strong>KANSAINV\u00c4LINEN P\u00c4\u00c4SY<\/strong><br>T\u00e4t\u00e4 sivustoa (verkkotunnusta ja alaverkkotunnuksia) voidaan k\u00e4ytt\u00e4\u00e4 muista maista kuin Yhdysvalloista. T\u00e4m\u00e4 Sivusto saattaa sis\u00e4lt\u00e4\u00e4 tuotteita tai viittauksia tuotteisiin, jotka eiv\u00e4t ole saatavilla Yhdysvaltojen ulkopuolella. T\u00e4llaiset viittaukset eiv\u00e4t tarkoita, ett\u00e4 t\u00e4llaisia tuotteita olisi saatavilla Yhdysvaltojen ulkopuolella. Jos k\u00e4yt\u00e4t t\u00e4t\u00e4 sivustoa Yhdysvaltojen ulkopuolella, olet vastuussa siit\u00e4, ett\u00e4 noudatat paikallisia lakeja ja m\u00e4\u00e4r\u00e4yksi\u00e4.<\/p>\n\n\n\n<p><strong>TAKUUSTA LUOPUMINEN<\/strong><br>Oceanic ei takaa tai esit\u00e4, ett\u00e4 Sivuston sis\u00e4lt\u00f6 on t\u00e4sm\u00e4llist\u00e4 tai ett\u00e4 Sivuston toiminta on virheet\u00f6nt\u00e4 tai keskeytym\u00e4t\u00f6nt\u00e4 tai ett\u00e4 se ei sis\u00e4ll\u00e4 viruksia tai muita haitallisia komponentteja. K\u00e4yt\u00e4t Sivustoa omalla vastuullasi. Oceanic ei esit\u00e4 tai takaa, ett\u00e4 t\u00e4ll\u00e4 sivustolla esitettyjen materiaalien k\u00e4ytt\u00f6 ei loukkaa kolmansien osapuolten oikeuksia. T\u00e4ll\u00e4 sivustolla julkaistut tiedot saattavat viitata tuotteisiin, ohjelmiin tai palveluihin, jotka eiv\u00e4t ole saatavilla maassasi. Rajoittamatta edell\u00e4 mainittua, Sivusto tarjotaan &#8220;SELLAISENA KUIN SE ON&#8221; ja ilman mink\u00e4\u00e4nlaista nimenomaista tai ep\u00e4suoraa takuuta, mukaan lukien, mutta ei rajoittuen, ep\u00e4suorat takuut myyntikelpoisuudesta, soveltuvuudesta tiettyyn tarkoitukseen tai loukkaamattomuudesta. Joillakin laink\u00e4ytt\u00f6alueilla ei ehk\u00e4 sallita implisiittisten takuiden poissulkemista, joten jotkin edell\u00e4 mainituista poissulkemisista eiv\u00e4t v\u00e4ltt\u00e4m\u00e4tt\u00e4 koske sinua.<\/p>\n\n\n\n<p><strong>VASTUUN RAJOITTAMINEN<\/strong><br>Oceanic tai mik\u00e4\u00e4n Sivuston luomiseen tai toimittamiseen osallistunut kolmas osapuoli ei ole mill\u00e4\u00e4n teorialla (mukaan lukien huolimattomuus) vastuussa mist\u00e4\u00e4n satunnaisista, v\u00e4lillisist\u00e4, ep\u00e4suorista, erityisist\u00e4 tai rangaistusluonteisista vahingoista, jotka johtuvat Sivustolle menosta tai sen k\u00e4ytt\u00e4misest\u00e4, vaikka Oceanicille olisi ilmoitettu t\u00e4llaisten vahinkojen mahdollisuudesta.<\/p>\n\n\n\n<p><strong>KIRJOITUSVIRHEET<\/strong><br>Jos tuote on listattu v\u00e4\u00e4r\u00e4\u00e4n hintaan tai virheellisill\u00e4 tiedoilla toimittajiltamme saadun painovirheen tai hinnoittelu- tai tuotetiedoissa olevan virheen vuoksi, meill\u00e4 on oikeus kielt\u00e4yty\u00e4 antamasta tai peruuttaa virheellisell\u00e4 hinnalla listattuja tuotteita koskevia tilauksia. Meill\u00e4 on oikeus kielt\u00e4yty\u00e4 kaikista t\u00e4llaisista tilauksista tai peruuttaa ne riippumatta siit\u00e4, onko tilaus vahvistettu ja luottokorttiasi veloitettu. Jos luottokorttiasi on jo veloitettu ostoksesta ja tilauksesi peruutetaan, hyvit\u00e4mme v\u00e4litt\u00f6m\u00e4sti luottokorttitilillesi veloituksen suuruisen summan.<\/p>\n\n\n\n<p><strong>LINKIT<\/strong><br>T\u00e4m\u00e4 sivusto voi sis\u00e4lt\u00e4\u00e4 linkkej\u00e4 muille Internetiss\u00e4 oleville sivustoille, jotka ovat kolmansien osapuolten omistamia ja yll\u00e4pit\u00e4mi\u00e4. Hyv\u00e4ksyt, ett\u00e4 emme ole vastuussa mink\u00e4\u00e4n t\u00e4llaisen sivuston toiminnasta tai sis\u00e4ll\u00f6st\u00e4, joka sijaitsee t\u00e4llaisella sivustolla tai sen kautta.<\/p>\n\n\n\n<p><strong>TEKIJ\u00c4NOIKEUKSIA KOSKEVAT VALITUKSET<\/strong><br>Kunnioitamme muiden immateriaalioikeuksia. Jos uskot, ett\u00e4 teoksesi on kopioitu tavalla, joka muodostaa tekij\u00e4noikeusrikkomuksen, ota meihin yhteytt\u00e4.<\/p>\n\n\n\n<p><strong>KORJAUSKEINOT<\/strong><br>Hyv\u00e4ksyt, ett\u00e4 lakiin perustuva oikeussuojakeinomme t\u00e4m\u00e4n sopimuksen tosiasiallisesta tai uhkaavasta rikkomisesta olisi riitt\u00e4m\u00e4t\u00f6n ja ett\u00e4 meill\u00e4 on oikeus saada erityissuoritus tai kielto tai molemmat niiden vahingonkorvausten lis\u00e4ksi, joita meill\u00e4 on laillinen oikeus saada takaisin, sek\u00e4 kohtuulliset kulut, jotka aiheutuvat mink\u00e4 tahansa riidanratkaisumenettelyn muodosta, mukaan lukien, mutta ei rajoitetusti, asianajopalkkiot.<\/p>\n\n\n\n<p>Mik\u00e4\u00e4n meid\u00e4n oikeuksistamme tai oikeussuojakeino ei sulje pois mit\u00e4\u00e4n muita oikeuksia tai oikeussuojakeinoja, olivatpa ne sitten lakis\u00e4\u00e4teisi\u00e4 tai kohtuullisia, mukaan lukien rajoituksetta vahingonkorvaukset, kieltokanteet, asianajopalkkiot ja kulut.<\/p>\n\n\n\n<p>Mik\u00e4\u00e4n n\u00e4iden ehtojen mukaisista oikeuksistamme tai oikeussuojakeinoistamme luopuminen ei merkitse velvollisuutta my\u00f6nt\u00e4\u00e4 samanlaisia, tulevia tai muita luopumisia.<\/p>\n\n\n\n<p><strong>OSOITTEEMME<\/strong><strong><br><\/strong>L\u00e4het\u00e4 kaikki t\u00e4t\u00e4 sivustoa koskevat kysymykset tai kommentit (mukaan lukien kaikki kyselyt, jotka eiv\u00e4t liity tekij\u00e4noikeusloukkauksiin) osoitteeseen:<\/p>\n\n\n\n<p><strong>Oceanic<\/strong><br>1540 N 2200 W<br>Salt Lake City, UT. 84116 USA<\/p>\n<\/div>\n<\/div>\n<\/div>\n","protected":false},"excerpt":{"rendered":"","protected":false},"author":11,"featured_media":0,"parent":0,"menu_order":0,"comment_status":"closed","ping_status":"closed","template":"page-fullwidth-fluid.php","meta":{"_acf_changed":false,"footnotes":""},"class_list":["post-808","page","type-page","status-publish","hentry"],"acf":[],"_links":{"self":[{"href":"https:\/\/eu.oceanicworldwide.com\/fi\/wp-json\/wp\/v2\/pages\/808","targetHints":{"allow":["GET"]}}],"collection":[{"href":"https:\/\/eu.oceanicworldwide.com\/fi\/wp-json\/wp\/v2\/pages"}],"about":[{"href":"https:\/\/eu.oceanicworldwide.com\/fi\/wp-json\/wp\/v2\/types\/page"}],"author":[{"embeddable":true,"href":"https:\/\/eu.oceanicworldwide.com\/fi\/wp-json\/wp\/v2\/users\/11"}],"replies":[{"embeddable":true,"href":"https:\/\/eu.oceanicworldwide.com\/fi\/wp-json\/wp\/v2\/comments?post=808"}],"version-history":[{"count":0,"href":"https:\/\/eu.oceanicworldwide.com\/fi\/wp-json\/wp\/v2\/pages\/808\/revisions"}],"wp:attachment":[{"href":"https:\/\/eu.oceanicworldwide.com\/fi\/wp-json\/wp\/v2\/media?parent=808"}],"curies":[{"name":"wp","href":"https:\/\/api.w.org\/{rel}","templated":true}]}}