{"id":770,"date":"2020-04-04T07:08:11","date_gmt":"2020-04-04T07:08:11","guid":{"rendered":"https:\/\/huisheuro.wpengine.com\/warranty\/"},"modified":"2024-02-23T23:14:32","modified_gmt":"2024-02-23T23:14:32","slug":"warranty","status":"publish","type":"page","link":"https:\/\/eu.oceanicworldwide.com\/fi\/warranty\/","title":{"rendered":"Oceanic-takuu"},"content":{"rendered":"\n<h2 class=\"wp-block-heading\"><strong><strong>Oceanic-takuu<\/strong><\/strong><\/h2>\n\n\n\n<p><strong>Sitoumuksemme ei p\u00e4\u00e4ty siihen, ett\u00e4 ostat Oceanic-tuotteen. Tarjoamme nopeaa ja ammattitaitoista huoltopalvelua ja takuita pitk\u00e4\u00e4n alkuper\u00e4isen myynnin j\u00e4lkeen, jotta laitteesi toimisi hyvin ja n\u00e4ytt\u00e4isi hyv\u00e4lt\u00e4.<\/strong><\/p>\n\n\n\n<h3 class=\"wp-block-heading\"><strong><strong>Tuotteen rekister\u00f6inti<\/strong><\/strong><\/h3>\n\n\n\n<p><strong><em>Sinun EI tarvitse rekister\u00f6id\u00e4 Oceanic+ Dive Housing -koteloasi t\u00e4ss\u00e4. Rekister\u00f6inti tapahtuu automaattisesti Oceanic+-sovelluksen kautta, kun yhdist\u00e4t Dive Housing -kotelon ensimm\u00e4isen kerran iPhoneen.<\/em><\/strong><\/p>\n\n\n\n<p><a href=\"https:\/\/my.huishoutdoors.com\/?utm_source=oceanic&amp;utm_medium=referral&amp;utm_campaign=registration\">Tuotteen rekister\u00f6inti<\/a> on t\u00e4rke\u00e4 askel kohti uuden Oceanic-tuotteesi nauttimista. Rekister\u00f6iminen auttaa meit\u00e4 helpottamaan takuuhuoltoa ja antaa meille mahdollisuuden ottaa sinuun yhteytt\u00e4, jos tuotteesi tarvitsee p\u00e4ivityksen tai muuta huoltoa.<\/p>\n\n\n\n<p>MUISTA, ETT\u00c4 TUOTTEEN REKISTER\u00d6IM\u00c4TT\u00c4 J\u00c4TT\u00c4MINEN EI V\u00c4HENN\u00c4 TAKUUOIKEUKSIASI.<\/p>\n\n\n\n<p>S\u00e4ilyt\u00e4 alkuper\u00e4inen p\u00e4iv\u00e4tty ostokuitti tietojasi varten. Oceanic-tuotteen takuuhuoltoa varten sinun on toimitettava kopio sinun on toimitettava kopio valtuutetulta Oceanic-j\u00e4lleenmyyj\u00e4lt\u00e4 saamastasi p\u00e4iv\u00e4tyst\u00e4 myyntikuitista takuun vahvistamiseksi.<\/p>\n\n\n\n<p>Kun ostat verkossa osoitteessa EU.Oceanicworldwide.com, l\u00e4hetyksen mukana l\u00e4hetetty pakkausseloste toimii kuittina. Jos olet ostanut Oceanic-tuotteen valtuutetun Oceanic-j\u00e4lleenmyyj\u00e4n kautta, h\u00e4nen kuittinsa toimii ostotodistuksena.<\/p>\n\n\n\n<h3 class=\"wp-block-heading\"><strong><strong>Tuotekohtainen kattavuus<\/strong><\/strong><\/h3>\n\n\n\n<figure class=\"wp-block-table\"><table><tbody><tr><td>Oceanic+ Dive Housing -sukelluskotelo<\/td><td>Materiaalit ja rakenne<\/td><td>Rajoitettu 1 vuoden takuu vain Oceanic+ Dive Housing -sukelluskotelolle.<\/td><\/tr><\/tbody><\/table><\/figure>\n\n\n\n<h3 class=\"wp-block-heading\"><strong><strong>OCEANIC+ DIVE HOUSING-SUKELLUSKOTELON RAJOITETTU 1 VUODEN TAKUU<\/strong><\/strong><\/h3>\n\n\n\n<p>Oceanic+ my\u00f6nt\u00e4\u00e4 rajoitetun 1 vuoden takuun ainoastaan Oceanic+Dive Housing-sukelluskotelolle ja siih en liittyville lis\u00e4varusteille, joita Oceanic myy. T\u00e4m\u00e4 takuu kattaa materiaali- ja valmistusvirheet normaalissa k\u00e4yt\u00f6ss\u00e4 julkaistujen eritelmien mukaisesti. Takuu on voimassa vain alkuper\u00e4iselle ostajalle, eik\u00e4 sit\u00e4 voi siirt\u00e4\u00e4. Jos tuote todetaan vialliseksi takuuaikana, Oceanic+ joko korjaa tai vaihtaa tuotteen harkintansa mukaan maksutta. Tuote korjataan tai korvataan uudella tai kunnostetulla samanarvoisella tuotteella. Lis\u00e4tietoja laajennetusta takuusta on kohdassa laajennettu takuu.<\/p>\n\n\n\n<p><strong>Poikkeukset:<\/strong>&nbsp;Takuu ei kata \u00e4lypuhelinten, muiden elektronisten laitteiden tai muiden Oceanic+ Dive Housing-sukelluskotelon yhteydess\u00e4 k\u00e4ytett\u00e4vien tuotteiden vaurioita. K\u00e4ytt\u00e4j\u00e4 ottaa riskin tulvimisesta tai muista vioista tuotetta k\u00e4ytett\u00e4ess\u00e4. T\u00e4m\u00e4 takuu ei kata vahinkoja, jotka johtuvat v\u00e4\u00e4rink\u00e4yt\u00f6st\u00e4, normaalista kulumisesta tai luvattomista muutoksista tai korjauksista. Se ei my\u00f6sk\u00e4\u00e4n kata tuotteen k\u00e4yt\u00f6st\u00e4 aiheutuvia v\u00e4lillisi\u00e4 tai satunnaisia vahinkoja.<\/p>\n\n\n\n<p><strong>Takuuvaatimukset:<\/strong>&nbsp;K\u00e4ytt\u00e4j\u00e4 on vastuussa tuotteen l\u00e4hett\u00e4misest\u00e4 Oceanic+:lle mahdollisia takuuvaatimuksia varten. Oceanic+ kattaa palautuskulut. Takuuvaatimuksen esitt\u00e4miseksi k\u00e4ytt\u00e4j\u00e4n on otettava yhteytt\u00e4 Oceanic+:n asiakaspalveluun saadakseen ohjeet tuotteen palauttamisesta. Oceanic+ pid\u00e4tt\u00e4\u00e4 oikeuden pyyt\u00e4\u00e4 lis\u00e4tietoja tai dokumentaatiota takuuvaatimuksen tarkistamiseksi.<\/p>\n\n\n\n<p>T\u00e4m\u00e4 takuu korvaa kaikki muut takuut, olivatpa ne nimenomaisia tai ep\u00e4suoria, mukaan lukien takuut myyntikelpoisuudesta tai soveltuvuudesta tiettyyn tarkoitukseen. Oceanic+ ei ole vastuussa mist\u00e4\u00e4n erityisist\u00e4, satunnaisista tai v\u00e4lillisist\u00e4 vahingoista, jotka johtuvat t\u00e4m\u00e4n tuotteen k\u00e4yt\u00f6st\u00e4, vaikka t\u00e4llaisten vahinkojen mahdollisuudesta olisi ilmoitettu.<\/p>\n","protected":false},"excerpt":{"rendered":"<p>Oceanic-takuu Sitoumuksemme ei p\u00e4\u00e4ty siihen, ett\u00e4 ostat Oceanic-tuotteen. Tarjoamme nopeaa ja ammattitaitoista huoltopalvelua ja takuita pitk\u00e4\u00e4n alkuper\u00e4isen myynnin j\u00e4lkeen, jotta laitteesi toimisi hyvin ja n\u00e4ytt\u00e4isi hyv\u00e4lt\u00e4. Tuotteen rekister\u00f6inti Sinun EI tarvitse rekister\u00f6id\u00e4 Oceanic+ Dive Housing -koteloasi t\u00e4ss\u00e4. Rekister\u00f6inti tapahtuu automaattisesti Oceanic+-sovelluksen kautta, kun yhdist\u00e4t Dive Housing -kotelon ensimm\u00e4isen kerran iPhoneen. Tuotteen rekister\u00f6inti on t\u00e4rke\u00e4 askel [&hellip;]<\/p>\n","protected":false},"author":1,"featured_media":1066,"parent":0,"menu_order":0,"comment_status":"open","ping_status":"open","template":"","meta":{"_acf_changed":false,"footnotes":""},"class_list":["post-770","page","type-page","status-publish","has-post-thumbnail","hentry"],"acf":[],"_links":{"self":[{"href":"https:\/\/eu.oceanicworldwide.com\/fi\/wp-json\/wp\/v2\/pages\/770","targetHints":{"allow":["GET"]}}],"collection":[{"href":"https:\/\/eu.oceanicworldwide.com\/fi\/wp-json\/wp\/v2\/pages"}],"about":[{"href":"https:\/\/eu.oceanicworldwide.com\/fi\/wp-json\/wp\/v2\/types\/page"}],"author":[{"embeddable":true,"href":"https:\/\/eu.oceanicworldwide.com\/fi\/wp-json\/wp\/v2\/users\/1"}],"replies":[{"embeddable":true,"href":"https:\/\/eu.oceanicworldwide.com\/fi\/wp-json\/wp\/v2\/comments?post=770"}],"version-history":[{"count":0,"href":"https:\/\/eu.oceanicworldwide.com\/fi\/wp-json\/wp\/v2\/pages\/770\/revisions"}],"wp:featuredmedia":[{"embeddable":true,"href":"https:\/\/eu.oceanicworldwide.com\/fi\/wp-json\/wp\/v2\/media\/1066"}],"wp:attachment":[{"href":"https:\/\/eu.oceanicworldwide.com\/fi\/wp-json\/wp\/v2\/media?parent=770"}],"curies":[{"name":"wp","href":"https:\/\/api.w.org\/{rel}","templated":true}]}}