{"id":736,"date":"2023-10-13T18:12:05","date_gmt":"2023-10-13T18:12:05","guid":{"rendered":"https:\/\/huisheuro.wpengine.com\/policies\/"},"modified":"2023-11-29T22:29:21","modified_gmt":"2023-11-29T22:29:21","slug":"policies","status":"publish","type":"page","link":"https:\/\/eu.oceanicworldwide.com\/fi\/policies\/","title":{"rendered":"Policies"},"content":{"rendered":"\n<div class=\"container\">\n<div class=\"row\">\n<div class=\"col col-12 pb-5\">\n<h2 class=\"wp-block-heading\">Shipping Policies<\/h2>\n\n\n\n<h3 class=\"wp-block-heading\"><strong>Ilmainen toimitus<\/strong><\/h3>\n\n\n\n<p>Oceanicworldwide.com tarjoaa ilmaisen FedEx-toimituksen kaikkiin Euroopan unionin maihin v\u00e4hint\u00e4\u00e4n 199 eurontilauksille. Tilaukset toimitetaan Vallettassa, Maltalla sijaitsevasta varastostamme, ja niiden saapuminen voi kest\u00e4\u00e4 useita ty\u00f6p\u00e4ivi\u00e4.<\/p>\n\n\n\n<h3 class=\"wp-block-heading pt-4\"><strong>TOIMITUSAIKA<\/strong><\/h3>\n\n\n\n<p>Me Oceanic Worldwide -yrityksess\u00e4 pyrimme tarjoamaan asiakkaillemme parhaan mahdollisen ostokokemuksen.<\/p>\n\n\n\n<p>Maanantaista perjantaihin (pois lukien juhlapyh\u00e4t) klo 12:00 CET menness\u00e4 vastaanotetut tilaukset l\u00e4hetet\u00e4\u00e4n samana p\u00e4iv\u00e4n\u00e4, kunhan luottokortti on hyv\u00e4ksytty ja vahvistettu.<\/p>\n\n\n\n<p>Maanantaista perjantaihin (pois lukien juhlapyh\u00e4t) klo 12:00 CET j\u00e4lkeen vastaanotetut tilaukset l\u00e4hetet\u00e4\u00e4n seuraavana arkip\u00e4iv\u00e4n\u00e4, riippuen luottokortin hyv\u00e4ksymisest\u00e4 ja vahvistamisesta.<\/p>\n\n\n\n<p>Lauantaina ja sunnuntaina tehdyt tilaukset toimitetaan seuraavana maanantaina (pois lukien juhlapyh\u00e4t).<\/p>\n<\/div>\n<\/div>\n\n\n\n<div class=\"row pt-4\">\n<div class=\"col col-12\">\n<h2 class=\"wp-block-heading\"><strong>EU.OCEANICWORLDWIDE.COM PALAUTUSEHDOT<\/strong><\/h2>\n\n\n\n<h3 class=\"wp-block-heading\"><strong>Vakiopalautusehdot<\/strong><\/h3>\n\n\n\n<p>Jos et ole tyytyv\u00e4inen Oceanic Worldwide -tuotteeseesi (tuotteisiisi), voit palauttaa <em>k\u00e4ytt\u00e4m\u00e4tt\u00f6m\u00e4n<\/em> ostoksesi, mutta ota huomioon seuraavat seikat:<\/p>\n\n\n\n<ul class=\"wp-block-list\">\n<li>OceanicWorldwide.com-sivustolta verkossa ostetut tuotteet on palautettava 14 p\u00e4iv\u00e4n kuluessa ostop\u00e4iv\u00e4st\u00e4.<\/li>\n\n\n\n<li>Kaikissa palautuksissa on oltava mukana alkuper\u00e4inen pakkaus, jossa on tunnisteet ja\/tai etiketit.<\/li>\n\n\n\n<li>Asiakirjat: Alkuper\u00e4inen kuitti tai tilausnumero on toimitettava palautusprosessin loppuun saattamiseksi.<\/li>\n\n\n\n<li>Fyysiselt\u00e4 j\u00e4lleenmyyj\u00e4lt\u00e4 tai kolmannen osapuolen verkkosivustolta ostettuja tuotteita ei voi palauttaa EU.OceanicWorldwide.com-sivuston kautta, vaan ne on palautettava alkuper\u00e4iseen ostopaikkaan (ostopaikan palautusehtojen mukaisesti).<\/li>\n<\/ul>\n\n\n\n<p>Huomaa: Palautuksen toimituskulut ovat ostajan kustannuksella.<\/p>\n\n\n\n<h3 class=\"wp-block-heading pt-4\"><strong>OSTOKSEN PALAUTTAMINEN OSOITTEESTA EU.OCEANICWORLDWIDE.COM<\/strong><\/h3>\n\n\n\n<p>Siirry <a href=\"https:\/\/eu.oceanicworldwide.com\/request-return-authorization\/\">Oceanic Worldwide Return Form<\/a> -palautuslomakkeeseen ja t\u00e4yt\u00e4 pyydetyt tiedot. Linkki palautuslomakkeeseen on my\u00f6s tilausvahvistuss\u00e4hk\u00f6postissasi. Vahvistuss\u00e4hk\u00f6postisi sis\u00e4lt\u00e4\u00e4 my\u00f6s l\u00e4hetysohjeet.<\/p>\n\n\n\n<ol class=\"wp-block-list\" style=\"list-style-type:1\">\n<li>Palautuslupanumero (RA #) annetaan, kun olet t\u00e4ytt\u00e4nyt ja l\u00e4hett\u00e4nyt palautuslomakkeen.<\/li>\n\n\n\n<li>Tulosta alkuper\u00e4inen kuitti ja kirjoita kuittiin RA-numero.<\/li>\n\n\n\n<li>Pakkaa tuote turvallisesti ja laita kuitti ja RA#-numero mukaan pakettiin.<\/li>\n<\/ol>\n\n\n\n<p>Huomaa: Palautuksen toimituskulut ovat ostajan kustannuksella.<\/p>\n\n\n\n<h3 class=\"wp-block-heading pt-4\"><strong>HYVITYS<\/strong><\/h3>\n\n\n\n<p>Kun olemme vastaanottaneet palautuksesi, tarkastamme tuotteet ja k\u00e4sittelemme hyvityksesi (lukuun ottamatta alkuper\u00e4isi\u00e4 toimituskuluja) 1-2 arkip\u00e4iv\u00e4n kuluessa. Huish Outdoors ei ole vastuussa kuljetuksen aikana kadonneista tuotteista.<\/p>\n<\/div>\n\n\n\n<div class=\"col\"><\/div>\n\n\n\n<div class=\"col\"><\/div>\n\n\n\n<div class=\"col\"><\/div>\n<\/div>\n<\/div>\n","protected":false},"excerpt":{"rendered":"","protected":false},"author":11,"featured_media":0,"parent":0,"menu_order":0,"comment_status":"closed","ping_status":"closed","template":"","meta":{"_acf_changed":false,"footnotes":""},"class_list":["post-736","page","type-page","status-publish","hentry"],"acf":[],"_links":{"self":[{"href":"https:\/\/eu.oceanicworldwide.com\/fi\/wp-json\/wp\/v2\/pages\/736","targetHints":{"allow":["GET"]}}],"collection":[{"href":"https:\/\/eu.oceanicworldwide.com\/fi\/wp-json\/wp\/v2\/pages"}],"about":[{"href":"https:\/\/eu.oceanicworldwide.com\/fi\/wp-json\/wp\/v2\/types\/page"}],"author":[{"embeddable":true,"href":"https:\/\/eu.oceanicworldwide.com\/fi\/wp-json\/wp\/v2\/users\/11"}],"replies":[{"embeddable":true,"href":"https:\/\/eu.oceanicworldwide.com\/fi\/wp-json\/wp\/v2\/comments?post=736"}],"version-history":[{"count":0,"href":"https:\/\/eu.oceanicworldwide.com\/fi\/wp-json\/wp\/v2\/pages\/736\/revisions"}],"wp:attachment":[{"href":"https:\/\/eu.oceanicworldwide.com\/fi\/wp-json\/wp\/v2\/media?parent=736"}],"curies":[{"name":"wp","href":"https:\/\/api.w.org\/{rel}","templated":true}]}}