{"id":678,"date":"2023-10-23T18:49:57","date_gmt":"2023-10-23T18:49:57","guid":{"rendered":"https:\/\/huisheuro.wpengine.com\/?page_id=678"},"modified":"2023-10-23T19:50:47","modified_gmt":"2023-10-23T19:50:47","slug":"oceanic-ja-tietosi","status":"publish","type":"page","link":"https:\/\/eu.oceanicworldwide.com\/fi\/oceanic-ja-tietosi\/","title":{"rendered":"Oceanic+ ja tietosi"},"content":{"rendered":"\n<p>T\u00e4m\u00e4 tietosuojak\u00e4yt\u00e4nt\u00f6 kuvaa k\u00e4yt\u00e4nt\u00f6j\u00e4mme ja menettelyj\u00e4mme, jotka koskevat tietojesi ker\u00e4\u00e4mist\u00e4, k\u00e4ytt\u00f6\u00e4 ja luovuttamista, kun k\u00e4yt\u00e4t Palvelua, ja kertoo sinulle Tietosuojaoikeuksistasi ja siit\u00e4, miten laki suojaa sinua.<\/p>\n\n\n\n<p>K\u00e4yt\u00e4mme Henkil\u00f6tietojasi Palvelun tarjoamiseen ja parantamiseen. K\u00e4ytt\u00e4m\u00e4ll\u00e4 Palvelua hyv\u00e4ksyt tietojen ker\u00e4\u00e4misen ja k\u00e4yt\u00f6n t\u00e4m\u00e4n Tietosuojak\u00e4yt\u00e4nn\u00f6n mukaisesti. T\u00e4m\u00e4 Tietosuojak\u00e4yt\u00e4nt\u00f6 on luotu <a href=\"https:\/\/www.privacypolicies.com\/privacy-policy-generator\/\">Privacy Policy Generatorin<\/a> avulla.<\/p>\n\n\n\n<p>Tulkinta ja M\u00e4\u00e4ritelm\u00e4t<\/p>\n\n\n\n<h2 class=\"wp-block-heading\">Tulkinta<\/h2>\n\n\n\n<p>Sanoilla, joiden alkukirjain kirjoitetaan isolla, on merkitykset, jotka on m\u00e4\u00e4ritelty seuraavissa olosuhteissa. Seuraavilla m\u00e4\u00e4ritelmill\u00e4 on sama merkitys riippumatta siit\u00e4, esiintyv\u00e4tk\u00f6 ne yksikk\u00f6- vai monikkomuodossa.<\/p>\n\n\n\n<h2 class=\"wp-block-heading\">M\u00e4\u00e4rittelyt<\/h2>\n\n\n\n<p>T\u00e4m\u00e4n Tietosuojak\u00e4yt\u00e4nn\u00f6n tarkoituksia varten:<\/p>\n\n\n\n<p><strong>Henkil\u00f6tiedot<\/strong> ovat mit\u00e4 tahansa tietoa, joka liittyy tunnistettuun tai tunnistettavissa olevaan henkil\u00f6\u00f6n.<\/p>\n\n\n\n<p><strong>Kolmannen osapuolen Sosiaalisen Median Palvelulla<\/strong> tarkoitetaan mit\u00e4 tahansa verkkosivustoa tai mit\u00e4 tahansa sosiaalisen verkoston verkkosivustoa, jonka kautta K\u00e4ytt\u00e4j\u00e4 voi kirjautua sis\u00e4\u00e4n tai luoda tilin k\u00e4ytt\u00e4\u00e4kseen Palvelua.<\/p>\n\n\n\n<p><strong>K\u00e4ytt\u00e4j\u00e4<\/strong> viittaa Palvelussa toimivaan tai sit\u00e4 k\u00e4ytt\u00e4v\u00e4\u00e4n henkil\u00f6\u00f6n tai yritykseen tai muuhun oikeushenkil\u00f6\u00f6n, jonka puolesta kyseinen henkil\u00f6 toimii Palvelussa tai k\u00e4ytt\u00e4\u00e4 Palvelua, kumpi tuleekin kyseeseen.<\/p>\n\n\n\n<p><strong>K\u00e4ytt\u00f6tiedoilla<\/strong> tarkoitetaan tietoja, jotka ker\u00e4t\u00e4\u00e4n automaattisesti, joko Palvelun k\u00e4yt\u00f6st\u00e4 tai itse Palvelun infrastruktuurista (esimerkiksi&nbsp; sivulla vierailun kesto).<\/p>\n\n\n\n<p><strong>Laite<\/strong> tarkoittaa mit\u00e4 tahansa laitetta, jolla on p\u00e4\u00e4sy Oceanic + App -sovellukseen, mukaan lukien mutta ei rajoittuen mobiililaitteeseen tai kelloon.<\/p>\n\n\n\n<p><strong>Maa<\/strong> viittaa: Utah, Yhdysvallat<\/p>\n\n\n\n<p><strong>Palvelu<\/strong> viittaa Sovellukseen.<\/p>\n\n\n\n<p><strong>Palveluntarjoajalla <\/strong>tarkoitetaan luonnollista henkil\u00f6\u00e4 tai oikeushenkil\u00f6\u00e4, joka k\u00e4sittelee tietoja Yhti\u00f6n puolesta. Se viittaa kolmannen osapuolen yhti\u00f6ihin tai Yhti\u00f6n palveluksessa oleviin henkil\u00f6ihin helpottamaan Palvelua, tarjoamaan Palvelua Yhti\u00f6n puolesta, suorittamaan Palveluun liittyvi\u00e4 palveluita tai avustamaan Yhti\u00f6t\u00e4 Palvelun k\u00e4yt\u00f6n analysoinnissa.<\/p>\n\n\n\n<p><strong>Sovellus<\/strong> tarkoittaa Yrityksen tarjoamaa ohjelmistoa, jonka olet ladannut mille tahansa elektroniselle laitteelle, nimelt\u00e4\u00e4n Oceanic + App.<\/p>\n\n\n\n<p><strong>Tili<\/strong> tarkoittaa ainutlaatuista tili\u00e4, joka on luotu sinulle, jotta voit k\u00e4ytt\u00e4\u00e4 Palveluamme tai sen osia.<\/p>\n\n\n\n<p><strong>Tyt\u00e4ryhti\u00f6<\/strong> tarkoittaa tahoa, joka hallitsee, on osapuolen m\u00e4\u00e4r\u00e4ysvallassa tai on yhteisess\u00e4 m\u00e4\u00e4r\u00e4ysvallassa osapuolen kanssa, jossa \u201dm\u00e4\u00e4r\u00e4ysvalta\u201d tarkoittaa v\u00e4hint\u00e4\u00e4n 50 prosentin omistusta osakkeista, osuudesta tai muista arvopapereista, joilla on \u00e4\u00e4nioikeus johtajien tai muun hallintoviranomaisen vaaleissa.<\/p>\n\n\n\n<p><strong>Yritys<\/strong> (johon viitataan t\u00e4ss\u00e4 sopimuksessa nimell\u00e4 \u201dYhti\u00f6\u201d, \u201dMe\u201d, tai \u201dMeid\u00e4n\u201d) tarkoittaa Huish Outdoors , LLC:t\u00e4, 1540 North 2200 West, Salt Lake City, UT 84116.<\/p>\n\n\n\n<p>Henkil\u00f6tietojesi ker\u00e4\u00e4minen ja k\u00e4ytt\u00f6<\/p>\n\n\n\n<h2 class=\"wp-block-heading\">Ker\u00e4ttyjen Tietojen Tyypit<\/h2>\n\n\n\n<h3 class=\"wp-block-heading\">Henkil\u00f6tiedot<\/h3>\n\n\n\n<p>Palveluamme k\u00e4ytt\u00e4ess\u00e4mme voimme pyyt\u00e4\u00e4 sinua antamaan meille tiettyj\u00e4 henkil\u00f6kohtaisesti tunnistettavia tietoja, joita voidaan k\u00e4ytt\u00e4\u00e4 yhteyden ottamista tai sinun tunnistamistasi varten. Henkil\u00f6kohtaisesti tunnistettavat tiedot voivat sis\u00e4lt\u00e4\u00e4, mutta ei rajoitu niihin:<\/p>\n\n\n\n<p>S\u00e4hk\u00f6postiosoite<\/p>\n\n\n\n<p>Etu- ja sukunimi<\/p>\n\n\n\n<p>Puhelinnumero<\/p>\n\n\n\n<p>K\u00e4ytt\u00f6tiedot<\/p>\n\n\n\n<h3 class=\"wp-block-heading\">K\u00e4ytt\u00f6tiedot<\/h3>\n\n\n\n<p>K\u00e4ytt\u00f6tiedot ker\u00e4t\u00e4\u00e4n automaattisesti, kun k\u00e4yt\u00e4t Palvelua.<\/p>\n\n\n\n<p>Kun k\u00e4yt\u00e4t Palvelua mobiililaitteella tai sen kautta, voimme ker\u00e4t\u00e4 automaattisesti tiettyj\u00e4 tietoja, mukaan lukien, mutta ei rajoittuen, k\u00e4ytt\u00e4m\u00e4si mobiililaitteen tyyppi, mobiililaitteesi yksil\u00f6llinen tunnus, mobiililaitteesi IP-osoite, mobiililaitteesi k\u00e4ytt\u00f6j\u00e4rjestelm\u00e4, k\u00e4ytt\u00e4m\u00e4si mobiiliselaimen tyyppi, yksil\u00f6lliset laitetunnisteet ja muut diagnostiset tiedot.<\/p>\n\n\n\n<p>Saatamme my\u00f6s ker\u00e4t\u00e4 tietoja, joita selaimesi l\u00e4hett\u00e4\u00e4, kun vierailet Palvelussamme tai kun muodostat yhteyden Palveluun mobiililaitteen avulla tai sen kautta.<\/p>\n\n\n\n<h3 class=\"wp-block-heading\">Tiedot Kolmannen Osapuolen Sosiaalisen Median Palveluista<\/h3>\n\n\n\n<p>Yritys voi sallia sinun luoda tilin ja kirjautua sis\u00e4\u00e4n k\u00e4ytt\u00e4\u00e4ksesi Palvelua seuraavien Kolmannen osapuolen Sosiaalisen Median Palveluiden kautta:<\/p>\n\n\n\n<ul class=\"wp-block-list\">\n<li>Apple\/IOS<\/li>\n<\/ul>\n\n\n\n<p>Jos p\u00e4\u00e4t\u00e4t rekister\u00f6ity\u00e4 Kolmannen Osapuolen Palvelun kautta tai muuten my\u00f6nt\u00e4\u00e4 meille p\u00e4\u00e4syn Kolmannen Osapuolen Palveluun, voimme ker\u00e4t\u00e4 henkil\u00f6tietoja, jotka on jo liitetty Kolmannen Osapuolen Palvelusi tiliin, kuten nimesi, s\u00e4hk\u00f6postiosoitteesi, toimintasi tai yhteystietoluettelosi, jotka liittyv\u00e4t kyseiseen tiliin.<\/p>\n\n\n\n<p>Sinulla voi my\u00f6s olla mahdollisuus jakaa lis\u00e4tietoja Yrityksen kanssa Kolmannen Osapuolen Sosiaalisen Median Palvelutilisi kautta. Jos p\u00e4\u00e4t\u00e4t antaa t\u00e4llaisia \u200b\u200btietoja ja Henkil\u00f6tietoja rekister\u00f6innin yhteydess\u00e4 tai muuten, annat Yritykselle luvan k\u00e4ytt\u00e4\u00e4, jakaa ja tallentaa niit\u00e4 t\u00e4m\u00e4n Tietosuojak\u00e4yt\u00e4nn\u00f6n mukaisella tavalla.<\/p>\n\n\n\n<h3 class=\"wp-block-heading\">Sovelluksen K\u00e4yt\u00f6n aikana Ker\u00e4tyt Tiedot<\/h3>\n\n\n\n<p>K\u00e4ytt\u00e4m\u00e4ll\u00e4 Sovellustamme, jotta voimme tarjota Sovelluksemme ominaisuuksia, voimme ker\u00e4t\u00e4, sinun etuk\u00e4teen antamallasi luvalla:<\/p>\n\n\n\n<ul class=\"wp-block-list\">\n<li>Tietoja GPS-sijainnistasi<\/li>\n<\/ul>\n\n\n\n<p>K\u00e4yt\u00e4mme n\u00e4it\u00e4 tietoja tarjoamaan Palvelumme ominaisuuksia, parantamaan ja r\u00e4\u00e4t\u00e4l\u00f6im\u00e4\u00e4n Palveluamme. Voit ottaa GPS-sijainnin k\u00e4ytt\u00f6\u00f6n tai poistaa sen k\u00e4yt\u00f6st\u00e4 milloin tahansa laitteen asetuksista. Jos k\u00e4yt\u00f6ss\u00e4, se tallennetaan pilveen ja laitteellesi. Vaihtoehtoisesti sukellustiedot tallennetaan aina pilveen ja laitteellesi.<\/p>\n\n\n\n<h2 class=\"wp-block-heading\">Henkil\u00f6tietojen K\u00e4ytt\u00f6<\/h2>\n\n\n\n<p>Yritys voi k\u00e4ytt\u00e4\u00e4 Henkil\u00f6tietoja seuraaviin tarkoituksiin:<\/p>\n\n\n\n<p><strong>Palvelumme tarjoaminen ja yll\u00e4pito,<\/strong> mukaan lukien Palvelumme k\u00e4yt\u00f6n valvonta.<\/p>\n\n\n\n<p><strong>Tilin hallinta:<\/strong> hallita rekister\u00f6itymist\u00e4si Palvelun k\u00e4ytt\u00e4j\u00e4n\u00e4. Antamasi Henkil\u00f6tiedot voivat antaa sinulle p\u00e4\u00e4syn Palvelun eri toimintoihin, jotka ovat k\u00e4ytett\u00e4viss\u00e4si rekister\u00f6ityneen\u00e4 k\u00e4ytt\u00e4j\u00e4n\u00e4.<\/p>\n\n\n\n<p><strong>Sopimuksen t\u00e4yt\u00e4nt\u00f6\u00f6npanoa varten:<\/strong> ostamiesi tuotteiden, tavaroiden tai palveluiden ostosopimuksen tai mink\u00e4 tahansa muun kanssamme Palvelun kautta tehdyn sopimuksen kehitt\u00e4minen, noudattaminen ja toteuttaminen.<\/p>\n\n\n\n<p><strong>Yhteydenottoa varten sinuun:<\/strong> Ottaaksemme sinuun yhteytt\u00e4 s\u00e4hk\u00f6postitse, puhelimitse, tekstiviestill\u00e4 tai muilla vastaavilla s\u00e4hk\u00f6isen viestinn\u00e4n muodoilla, kuten sovelluksen push-ilmoituksilla, jotka koskevat p\u00e4ivityksi\u00e4 tai informatiivisia viestej\u00e4, jotka liittyv\u00e4t toimintoihin, tuotteisiin tai sopimuspalveluihin, mukaan lukien tietoturvap\u00e4ivitykset, kun se on tarpeen tai j\u00e4rkev\u00e4\u00e4 niiden toteuttamista varten.<\/p>\n\n\n\n<p><strong>Tarjotaksemme sinulle uutisia<\/strong>, erikoistarjouksia ja yleist\u00e4 tietoa muista tarjoamistamme tuotteista, palveluista ja tapahtumista, jotka ovat samankaltaisia \u200b\u200bkuin ne, jotka olet jo ostanut tai joista olet tiedustellut, ellet ole p\u00e4\u00e4tt\u00e4nyt olla vastaanottamatta t\u00e4llaisia \u200b\u200btietoja.<\/p>\n\n\n\n<p><strong>Pyynt\u00f6jesi hallintaan:<\/strong> Osallistuaksesi ja hallitaksesi meille tekemi\u00e4si pyynt\u00f6j\u00e4.<\/p>\n\n\n\n<p><strong>Liiketoiminnan siirtoja varten:<\/strong> Voimme k\u00e4ytt\u00e4\u00e4 tietojasi arvioidaksemme tai toteuttaaksemme fuusiota, disvestointeja, rakenneuudistuksia, uudelleenj\u00e4rjestely\u00e4, purkamista tai muuta osan tai koko omaisuutemme myynti\u00e4 tai siirtoa, joko toiminnan jatkuessa tai osana konkurssia, selvitystilaa tai vastaavaa menettely\u00e4, jossa hallussamme olevat Henkil\u00f6tiedot Palvelumme k\u00e4ytt\u00e4jist\u00e4 ovat siirretyn omaisuuden joukossa.<\/p>\n\n\n\n<p><strong>Muita tarkoituksia varten:<\/strong> Saatamme k\u00e4ytt\u00e4\u00e4 tietojasi muihin tarkoituksiin, kuten data-analyysiin, k\u00e4ytt\u00f6trendien tunnistamiseen, myynninedist\u00e4miskampanjoidemme tehokkuuden m\u00e4\u00e4ritt\u00e4miseen sek\u00e4 Palveluidemme, tuotteidemme, markkinoinnin ja kokemuksesi arvioimiseen ja parantamiseen.<\/p>\n\n\n\n<p>Saatamme jakaa henkil\u00f6tietojasi seuraavissa tilanteissa:<\/p>\n\n\n\n<ul class=\"wp-block-list\">\n<li><strong>Palveluntarjoajien kanssa:<\/strong> Voimme jakaa Henkil\u00f6tietojasi Palveluntarjoajien kanssa seurataksemme ja analysoidaksemme Palvelumme k\u00e4ytt\u00f6\u00e4 ja ottaaksemme sinuun yhteytt\u00e4.<\/li>\n\n\n\n<li><strong>Liiketoiminnan siirtoja varten:<\/strong> Voimme jakaa tai siirt\u00e4\u00e4 henkil\u00f6tietojasi mink\u00e4 tahansa fuusion, yrityksen omaisuuden myynnin, rahoituksen tai koko liiketoimintamme tai osan hankinnan yhteydess\u00e4 tai neuvottelujen aikana toiselle yritykselle.<\/li>\n\n\n\n<li><strong>Omistusyhteysyritysten kanssa:<\/strong> Saatamme jakaa tietojasi omistusyhteysyritystemme kanssa, jolloin edellyt\u00e4mme kyseisilt\u00e4 omistusyhteysyrityksilt\u00e4 t\u00e4m\u00e4n Tietosuojak\u00e4yt\u00e4nn\u00f6n noudattamista. Omistusyhteysyrityksi\u00e4 ovat emoyhti\u00f6mme ja muut tyt\u00e4ryhti\u00f6t, yhteisyrityskumppanit tai muut yhti\u00f6t, joissa hallitsemme tai jotka ovat kanssamme saman yrityksen hallinnoimia.<\/li>\n\n\n\n<li><strong>Liiketoimintakumppaneiden kanssa:<\/strong> Saatamme jakaa tietojasi liiketoimintakumppaniemme kanssa tarjotaksemme sinulle tiettyj\u00e4 tuotteita, palveluita tai kampanjoita.<\/li>\n\n\n\n<li><strong>Muiden k\u00e4ytt\u00e4jien kanssa:<\/strong> kun jaat henkil\u00f6kohtaisia \u200b\u200btietoja tai olet muuten vuorovaikutuksessa julkisilla alueilla muiden k\u00e4ytt\u00e4jien kanssa, kaikki k\u00e4ytt\u00e4j\u00e4t voivat n\u00e4hd\u00e4 t\u00e4llaiset tiedot ja niit\u00e4 voidaan jakaa julkisesti ulkopuolelle. Jos olet vuorovaikutuksessa muiden k\u00e4ytt\u00e4jien kanssa tai rekister\u00f6idyt Kolmannen Osapuolen Palvelun kautta, yhteyshenkil\u00f6si Kolmannen Osapuolen Palvelussa voivat n\u00e4hd\u00e4 nimesi, profiilisi, kuvasi, sijaintisi ja kuvauksen toiminnastasi. Vastaavasti muut k\u00e4ytt\u00e4j\u00e4t voivat tarkastella toimintasi kuvauksia, kommunikoida kanssasi ja tarkastella profiiliasi.<\/li>\n\n\n\n<li><strong>Suostumuksellasi:<\/strong> Suostumuksellasi voimme julkaista Henkil\u00f6tietojasi mihin tarkoitukseen tahansa.<\/li>\n<\/ul>\n\n\n\n<h2 class=\"wp-block-heading\"><a>Henkil\u00f6tietojen s\u00e4ilytys<\/a><\/h2>\n\n\n\n<p>Yritys s\u00e4ilytt\u00e4\u00e4 Henkil\u00f6kohtaisia \u200b\u200bProfiilitietojasi vain niin kauan kuin on tarpeen t\u00e4ss\u00e4 Tietosuojak\u00e4yt\u00e4nn\u00f6ss\u00e4 m\u00e4\u00e4riteltyjen tarkoitusten toteuttamiseksi. S\u00e4ilyt\u00e4mme ja k\u00e4yt\u00e4mme Henkil\u00f6kohtaisia \u200b\u200bprofiilitietojasi siin\u00e4 m\u00e4\u00e4rin kuin se on tarpeen lakis\u00e4\u00e4teisten velvoitteidemme noudattamiseksi (esimerkiksi jos meid\u00e4n on s\u00e4ilytett\u00e4v\u00e4 tietosi sovellettavien lakien noudattamiseksi), ratkaistaksemme riita-asioita ja pannaksemme t\u00e4yt\u00e4nt\u00f6\u00f6n oikeudelliset sopimuksemme ja k\u00e4yt\u00e4nt\u00f6mme. Oceanic+ Free Planin mukaan yritys s\u00e4ilytt\u00e4\u00e4 tiedot vain 12 viimeisest\u00e4 kirjautumastasi toiminnasta.&nbsp; K\u00e4ytt\u00e4j\u00e4 voi kirjata rajattoman m\u00e4\u00e4r\u00e4n toimintoja Oceanic+ Tilaus- ja P\u00e4ivitt\u00e4inen-suunnitelmilla.&nbsp; Kirjatut tiedot ovat k\u00e4ytett\u00e4viss\u00e4 365 p\u00e4iv\u00e4n (1 vuoden) ajan ilman maksullista tilausta.<br><br><\/p>\n\n\n\n<h2 class=\"wp-block-heading\">Henkil\u00f6tietojen Siirto<\/h2>\n\n\n\n<p>Tietosi, mukaan lukien Henkil\u00f6tiedot, k\u00e4sitell\u00e4\u00e4n Yhti\u00f6n toimistoissa ja muissa paikoissa, joissa k\u00e4sittelyyn osallistuvat osapuolet sijaitsevat. Se tarkoittaa, ett\u00e4 n\u00e4m\u00e4 tiedot voidaan siirt\u00e4\u00e4 \u2013 ja niit\u00e4 voidaan yll\u00e4pit\u00e4\u00e4 \u2013 tietokoneissa, jotka sijaitsevat osavaltiosi, provinssin, maan tai muun valtion laink\u00e4ytt\u00f6alueen ulkopuolella, jossa tietosuojalait voivat poiketa laink\u00e4ytt\u00f6alueellasi voimassa olevista.<\/p>\n\n\n\n<p>Sinun suostumuksesi t\u00e4h\u00e4n Tietosuojamenettelyyn sek\u00e4 kyseisenlaisten tietojen luovuttaminen tarkoittavat, ett\u00e4 sallit kyseisen tiedon siirt\u00e4misen.<\/p>\n\n\n\n<p>Yritys ryhtyy kaikkiin kohtuudella tarvittaviin toimenpiteisiin varmistaakseen, ett\u00e4 tietojasi k\u00e4sitell\u00e4\u00e4n turvallisesti ja t\u00e4m\u00e4n Tietosuojak\u00e4yt\u00e4nn\u00f6n mukaisesti, eik\u00e4 Henkil\u00f6tietojasi siirret\u00e4 organisaatiolle tai maalle, ellei k\u00e4yt\u00f6ss\u00e4 ole riitt\u00e4v\u00e4\u00e4 valvontaa, mukaan lukien tietosi ja muiden henkil\u00f6tietojen turvallisuus.<\/p>\n\n\n\n<h2 class=\"wp-block-heading\">Henkil\u00f6tietojesi Paljastaminen<\/h2>\n\n\n\n<h3 class=\"wp-block-heading\">Liiketoiminnan Siirrot<\/h3>\n\n\n\n<p>Jos Yritys on osallisena fuusiossa, yrityskaupassa tai omaisuuden myynniss\u00e4, Henkil\u00f6tietojasi voidaan siirt\u00e4\u00e4. Tiedotamme etuk\u00e4teen Henkil\u00f6tietojesi siirrosta ja eri Tietosuojak\u00e4yt\u00e4nn\u00f6n alaisuuteen asettamisesta.<\/p>\n\n\n\n<h3 class=\"wp-block-heading\">Lain t\u00e4yt\u00e4nt\u00f6\u00f6npano<\/h3>\n\n\n\n<p>Tietyiss\u00e4 olosuhteissa Yrityst\u00e4 voidaan vaatia luovuttamaan Henkil\u00f6tietosi, jos laki niin vaatii tai viranomaisten (esim. tuomioistuimen tai valtion viraston) p\u00e4teviin pyynt\u00f6ihin vastataan.<\/p>\n\n\n\n<h3 class=\"wp-block-heading\">Muut lakivaatimukset<\/h3>\n\n\n\n<p>Yritys voi v\u00e4litt\u00e4\u00e4 Henkil\u00f6tietoa, jos meill\u00e4 on hyv\u00e4 peruste uskoa, ett\u00e4 kyseinen tiedonv\u00e4litys on pakollista, jotta:<\/p>\n\n\n\n<ul class=\"wp-block-list\">\n<li>Lakivelvollisuuksien noudattaminen<\/li>\n\n\n\n<li>Suojelemme ja puolustamme Yrityksen oikeuksia tai omaisuutta<\/li>\n\n\n\n<li>Est\u00e4mme tai tutkimme mahdollisia v\u00e4\u00e4rink\u00e4yt\u00f6ksi\u00e4 Palvelun yhteydess\u00e4<\/li>\n\n\n\n<li>Suojaamme Palvelun k\u00e4ytt\u00e4jien tai kansalaisten henkil\u00f6kohtaista turvallisuutta<\/li>\n\n\n\n<li>Suojaamme oikeudelliselta vastuulta<\/li>\n<\/ul>\n\n\n\n<h2 class=\"wp-block-heading\">Henkil\u00f6tietojesi turvallisuus<\/h2>\n\n\n\n<p>Henkil\u00f6tietojesi turvallisuus on meille t\u00e4rke\u00e4\u00e4, mutta muista, ett\u00e4 mik\u00e4\u00e4n Internetin kautta tapahtuva tiedonsiirto tai s\u00e4hk\u00f6inen tallennustapa ei ole 100 % turvallinen. Vaikka pyrimme k\u00e4ytt\u00e4m\u00e4\u00e4n kaupallisesti hyv\u00e4ksytt\u00e4vi\u00e4 keinoja Henkil\u00f6tietojesi suojaamiseksi, emme voi taata niiden ehdotonta turvallisuutta.<\/p>\n\n\n\n<p>Lasten Yksityisyyden Suojelu<\/p>\n\n\n\n<p>Pyyd\u00e4mme alle 13-vuotiaita henkil\u00f6it\u00e4 Yhdysvalloissa ja alle 16-vuotiaita henkil\u00f6it\u00e4 muualla maailmassa olemaan antamatta meille henkil\u00f6tietoja. Emme tietoisesti ker\u00e4\u00e4 henkil\u00f6kohtaisia \u200b\u200btunnistetietoja kenelt\u00e4k\u00e4\u00e4n t\u00e4m\u00e4n ik\u00e4iselt\u00e4. Jos olet vanhempi tai huoltaja ja tied\u00e4t, ett\u00e4 lapsesi ovat toimittaneet meille Henkil\u00f6tietoja, ota meihin yhteytt\u00e4. Jos saamme tietoomme, ett\u00e4 olemme ker\u00e4nneet Henkil\u00f6tietoja kenelt\u00e4 tahansa alle 13-vuotiaalta Yhdysvalloissa tai alle 16-vuotiaalta muualta maailmasta ilman vanhempien suostumusta, ryhdymme toimiin poistaaksemme n\u00e4m\u00e4 tiedot palvelimiltamme.<\/p>\n\n\n\n<p>Jos meid\u00e4n on luotettava suostumukseen laillisena perustana tietojen k\u00e4sittelemiselle ja maasi edellytt\u00e4\u00e4 vanhempien suostumusta saatamme tarvita vanhempiesi suostumuksen ennen kuin ker\u00e4\u00e4mme ja k\u00e4yt\u00e4mme n\u00e4it\u00e4 tietoja.<\/p>\n\n\n\n<p>Linkit Muille Verkkosivustoille<\/p>\n\n\n\n<p>Palvelumme voi sis\u00e4lt\u00e4\u00e4 linkkej\u00e4 muille verkkosivustoille, joita emme yll\u00e4pid\u00e4. T\u00e4llaista linkki\u00e4 napsauttamalla sinut ohjataan kolmannen osapuolen sivustolle. Suosittelemme vahvasti tutustumaan jokaisen vierailemasi sivuston Tietosuojak\u00e4yt\u00e4nt\u00f6\u00f6n.<\/p>\n\n\n\n<p>Emme voi valvoa kolmansien osapuolien sivustojen tai palveluiden sis\u00e4lt\u00f6\u00e4, tietosuojak\u00e4yt\u00e4nt\u00f6j\u00e4 tai k\u00e4yt\u00e4nt\u00f6j\u00e4 emmek\u00e4 ota niist\u00e4 vastuuta.<\/p>\n\n\n\n<p>Muutokset t\u00e4h\u00e4n Tietosuojak\u00e4yt\u00e4nt\u00f6\u00f6n<\/p>\n\n\n\n<p>Saatamme p\u00e4ivitt\u00e4\u00e4 Tietosuojak\u00e4yt\u00e4nt\u00f6\u00e4mme ajoittain. Ilmoitamme sinulle mahdollisista muutoksista julkaisemalla uuden Tietosuojak\u00e4yt\u00e4nn\u00f6n t\u00e4ll\u00e4 sivulla.<\/p>\n\n\n\n<p>Ilmoitamme sinulle s\u00e4hk\u00f6postitse ja\/tai n\u00e4kyv\u00e4ll\u00e4 ilmoituksella Palvelussamme ennen muutoksen voimaantuloa ja p\u00e4ivit\u00e4mme \u201dViimeksi p\u00e4ivitetty\u201d -p\u00e4iv\u00e4m\u00e4\u00e4r\u00e4n t\u00e4m\u00e4n Tietosuojak\u00e4yt\u00e4nn\u00f6n yl\u00e4osassa.<\/p>\n\n\n\n<p>Kehotamme sinua tutustumaan t\u00e4h\u00e4n Tietosuojak\u00e4yt\u00e4nt\u00f6\u00f6n s\u00e4\u00e4nn\u00f6llisesti mahdollisten muutosten varalta. Tietosuojak\u00e4yt\u00e4nn\u00f6n muutokset tulevat voimaan, kun ne julkaistaan t\u00e4ll\u00e4 sivulla.<\/p>\n\n\n\n<p>Ota Meihin yhteytt\u00e4<\/p>\n\n\n\n<p>Jos sinulla on kysytt\u00e4v\u00e4\u00e4 tai huolenaiheita t\u00e4st\u00e4 Tietosuojak\u00e4yt\u00e4nn\u00f6st\u00e4, voit ottaa meihin yhteytt\u00e4:<\/p>\n\n\n\n<p>S\u00e4hk\u00f6postitse: <a href=\"mailto:oceanicplus@huishoutdoors.com\">oceanicplus@huishoutdoors.com<\/a>&nbsp;&nbsp;&nbsp;<\/p>\n\n\n\n<p>Vierailemalla t\u00e4ll\u00e4 verkkosivuston sivulla: <a href=\"http:\/\/www.oceanicworldwide.com\/oceanicplus\">http:\/\/www.oceanicworldwide.com\/oceanicplus<\/a>&nbsp;<\/p>\n","protected":false},"excerpt":{"rendered":"<p>T\u00e4m\u00e4 tietosuojak\u00e4yt\u00e4nt\u00f6 kuvaa k\u00e4yt\u00e4nt\u00f6j\u00e4mme ja menettelyj\u00e4mme, jotka koskevat tietojesi ker\u00e4\u00e4mist\u00e4, k\u00e4ytt\u00f6\u00e4 ja luovuttamista, kun k\u00e4yt\u00e4t Palvelua, ja kertoo sinulle Tietosuojaoikeuksistasi ja siit\u00e4, miten laki suojaa sinua. K\u00e4yt\u00e4mme Henkil\u00f6tietojasi Palvelun tarjoamiseen ja parantamiseen. K\u00e4ytt\u00e4m\u00e4ll\u00e4 Palvelua hyv\u00e4ksyt tietojen ker\u00e4\u00e4misen ja k\u00e4yt\u00f6n t\u00e4m\u00e4n Tietosuojak\u00e4yt\u00e4nn\u00f6n mukaisesti. T\u00e4m\u00e4 Tietosuojak\u00e4yt\u00e4nt\u00f6 on luotu Privacy Policy Generatorin avulla. Tulkinta ja M\u00e4\u00e4ritelm\u00e4t Tulkinta Sanoilla, [&hellip;]<\/p>\n","protected":false},"author":11,"featured_media":721,"parent":0,"menu_order":0,"comment_status":"closed","ping_status":"closed","template":"","meta":{"_acf_changed":false,"footnotes":""},"class_list":["post-678","page","type-page","status-publish","has-post-thumbnail","hentry"],"acf":[],"_links":{"self":[{"href":"https:\/\/eu.oceanicworldwide.com\/fi\/wp-json\/wp\/v2\/pages\/678","targetHints":{"allow":["GET"]}}],"collection":[{"href":"https:\/\/eu.oceanicworldwide.com\/fi\/wp-json\/wp\/v2\/pages"}],"about":[{"href":"https:\/\/eu.oceanicworldwide.com\/fi\/wp-json\/wp\/v2\/types\/page"}],"author":[{"embeddable":true,"href":"https:\/\/eu.oceanicworldwide.com\/fi\/wp-json\/wp\/v2\/users\/11"}],"replies":[{"embeddable":true,"href":"https:\/\/eu.oceanicworldwide.com\/fi\/wp-json\/wp\/v2\/comments?post=678"}],"version-history":[{"count":0,"href":"https:\/\/eu.oceanicworldwide.com\/fi\/wp-json\/wp\/v2\/pages\/678\/revisions"}],"wp:featuredmedia":[{"embeddable":true,"href":"https:\/\/eu.oceanicworldwide.com\/fi\/wp-json\/wp\/v2\/media\/721"}],"wp:attachment":[{"href":"https:\/\/eu.oceanicworldwide.com\/fi\/wp-json\/wp\/v2\/media?parent=678"}],"curies":[{"name":"wp","href":"https:\/\/api.w.org\/{rel}","templated":true}]}}