{"id":1260,"date":"2023-09-14T17:24:07","date_gmt":"2023-09-14T17:24:07","guid":{"rendered":"https:\/\/huisheuro.wpengine.com\/?page_id=1260"},"modified":"2023-11-28T19:16:09","modified_gmt":"2023-11-28T19:16:09","slug":"oceanic-tietosuojakaytanto","status":"publish","type":"page","link":"https:\/\/eu.oceanicworldwide.com\/fi\/oceanic-tietosuojakaytanto\/","title":{"rendered":"Oceanic tietosuojak\u00e4yt\u00e4nt\u00f6"},"content":{"rendered":"\n<p><strong>Tietosuojak\u00e4yt\u00e4nt\u00f6<\/strong><\/p>\n\n\n\n<p>T\u00e4m\u00e4 tietosuojak\u00e4yt\u00e4nt\u00f6 on laadittu palvelemaan paremmin niit\u00e4, jotka ovat huolissaan siit\u00e4, miten heid\u00e4n &#8220;henkil\u00f6kohtaisesti tunnistettavia tietojaan&#8221; (PII &#8211; Personally Identifiable Information) k\u00e4ytet\u00e4\u00e4n verkossa. PII on tietoa, jota voidaan k\u00e4ytt\u00e4\u00e4 yksin\u00e4\u00e4n tai yhdess\u00e4 muiden tietojen kanssa yksitt\u00e4isen henkil\u00f6n tunnistamiseen, yhteydenottoon tai paikantamiseen tai yksil\u00f6n tunnistamiseen asiayhteydess\u00e4. Lue tietosuojak\u00e4yt\u00e4nt\u00f6mme huolellisesti saadaksesi selke\u00e4n k\u00e4sityksen siit\u00e4, miten ker\u00e4\u00e4mme, k\u00e4yt\u00e4mme, suojaamme tai muutoin k\u00e4sittelemme henkil\u00f6kohtaisia tietojasi verkkosivustomme mukaisesti.<\/p>\n\n\n\n<p><strong>MIT\u00c4 HENKIL\u00d6KOHTAISIA TIETOJA KER\u00c4\u00c4MME VERKKOSIVUILLAMME VIERAILEVILTA HENKIL\u00d6ILT\u00c4?<\/strong><\/p>\n\n\n\n<p>Kun tilaat tai rekister\u00f6idyt sivustollamme, sinua saatetaan tarvittaessa pyyt\u00e4\u00e4 antamaan nimesi, s\u00e4hk\u00f6postiosoitteesi, postiosoitteesi, puhelinnumerosi, luottokorttitietosi tai muita tietoja, jotka auttavat sinua k\u00e4ytt\u00f6kokemuksessasi.<\/p>\n\n\n\n<p><strong>MILLOIN KER\u00c4\u00c4MME TIETOJA?<\/strong><\/p>\n\n\n\n<p>Ker\u00e4\u00e4mme tietoja sinulta, kun teet tilauksen, tilaat uutiskirjeen, t\u00e4yt\u00e4t lomakkeen tai sy\u00f6t\u00e4t tietoja sivustollamme tai annat meille palautetta tuotteistamme tai palveluistamme.&nbsp;<\/p>\n\n\n\n<p><strong>MITEN K\u00c4YT\u00c4MME TIETOJASI?<\/strong><\/p>\n\n\n\n<p>Voimme k\u00e4ytt\u00e4\u00e4 sinusta ker\u00e4\u00e4mi\u00e4mme tietoja, kun rekister\u00f6idyt, teet ostoksen, tilaat uutiskirjeemme, vastaat kyselyyn tai markkinointiviestint\u00e4\u00e4n, surffaat verkkosivustolla tai k\u00e4yt\u00e4t tiettyj\u00e4 muita sivuston ominaisuuksia seuraavilla tavoilla:<\/p>\n\n\n\n<ul class=\"wp-block-list\">\n<li>Henkil\u00f6kohtaistamaan k\u00e4ytt\u00f6kokemuksesi ja antamaan meille mahdollisuuden tarjota sellaista sis\u00e4lt\u00f6\u00e4 ja tuotetarjouksia, joista olet eniten kiinnostunut.<\/li>\n\n\n\n<li>Parantaaksemme verkkosivustoamme, jotta voimme palvella sinua paremmin.<\/li>\n\n\n\n<li>Jotta voimme palvella sinua paremmin ja vastata asiakaspalvelupyynt\u00f6ihisi.<\/li>\n\n\n\n<li>Kilpailun, kampanjan, kyselyn tai muun sivuston ominaisuuden hallinnoimiseksi.<\/li>\n\n\n\n<li>K\u00e4sitell\u00e4ksesi maksutapahtumat nopeasti.<\/li>\n\n\n\n<li>Arvioiden ja arvostelujen pyyt\u00e4miseksi palveluista tai tuotteista.<\/li>\n<\/ul>\n\n\n\n<p><strong>MITEN SUOJAAMME TIETOJASI?<\/strong><\/p>\n\n\n\n<p>Sivustomme tarkistetaan s\u00e4\u00e4nn\u00f6llisesti tietoturva-aukkojen ja tunnettujen haavoittuvuuksien varalta, jotta vierailusi sivustollamme olisi mahdollisimman turvallinen.<\/p>\n\n\n\n<p>Emme k\u00e4yt\u00e4 haittaohjelmien skannausta.<\/p>\n\n\n\n<p>Henkil\u00f6kohtaiset tietosi ovat suojattujen verkkojen takana, ja niihin p\u00e4\u00e4see k\u00e4siksi vain rajoitettu m\u00e4\u00e4r\u00e4 henkil\u00f6it\u00e4, joilla on erityiset k\u00e4ytt\u00f6oikeudet kyseisiin j\u00e4rjestelmiin ja jotka ovat velvollisia pit\u00e4m\u00e4\u00e4n tiedot luottamuksellisina. Lis\u00e4ksi kaikki antamasi arkaluonteiset\/luottotiedot salataan SSL-tekniikalla (Secure Socket Layer).<\/p>\n\n\n\n<p>Toteutamme erilaisia turvatoimia, kun k\u00e4ytt\u00e4j\u00e4 tekee tilauksen, sy\u00f6tt\u00e4\u00e4 tai k\u00e4ytt\u00e4\u00e4 tietojaan henkil\u00f6kohtaisten tietojesi turvallisuuden s\u00e4ilytt\u00e4miseksi.<\/p>\n\n\n\n<p>Kaikki tapahtumat k\u00e4sitell\u00e4\u00e4n yhdysk\u00e4yt\u00e4v\u00e4n tarjoajan kautta, eik\u00e4 niit\u00e4 tallenneta tai k\u00e4sitell\u00e4 palvelimillamme.<\/p>\n\n\n\n<p><strong>K\u00c4YT\u00c4MMEK\u00d6 &#8220;EV\u00c4STEIT\u00c4&#8221;?<\/strong><\/p>\n\n\n\n<p>T\u00e4m\u00e4 verkkosivusto k\u00e4ytt\u00e4\u00e4 ev\u00e4steit\u00e4. K\u00e4yt\u00e4mme ev\u00e4steit\u00e4 sis\u00e4ll\u00f6n ja mainosten mukauttamiseen, sosiaalisen median ominaisuuksien tarjoamiseen ja liikenteen analysointiin. Jaamme tietoja sivustomme k\u00e4yt\u00f6st\u00e4 my\u00f6s sosiaalisen median, mainonnan ja analytiikan yhteisty\u00f6kumppaneillemme, jotka voivat yhdist\u00e4\u00e4 ne muihin tietoihin, jotka olet antanut niille tai jotka ne ovat ker\u00e4nneet niiden palveluiden k\u00e4yt\u00f6st\u00e4si. Suostut ev\u00e4steiden k\u00e4ytt\u00f6\u00f6n, jos jatkat verkkosivustomme k\u00e4ytt\u00f6\u00e4.<\/p>\n\n\n\n<p>Ev\u00e4steet ovat pieni\u00e4 tekstitiedostoja, joita verkkosivustot voivat k\u00e4ytt\u00e4\u00e4 tehostaakseen k\u00e4ytt\u00e4j\u00e4kokemusta.<br><br>Lain mukaan voimme tallentaa ev\u00e4steit\u00e4 laitteellesi, jos ne ovat ehdottoman v\u00e4ltt\u00e4m\u00e4tt\u00f6mi\u00e4 t\u00e4m\u00e4n sivuston toiminnan kannalta. Kaikkiin muihin ev\u00e4stetyyppeihin tarvitsemme suostumuksesi.<br><br>T\u00e4m\u00e4 sivusto k\u00e4ytt\u00e4\u00e4 erityyppisi\u00e4 ev\u00e4steit\u00e4. Sivuillamme esiintyv\u00e4t kolmannen osapuolen palvelut asettavat joitakin ev\u00e4steit\u00e4.<br><br>Voit milloin tahansa muuttaa tai peruuttaa suostumuksesi verkkosivustollamme olevasta ev\u00e4steilmoituksesta.<br><br>Lue lis\u00e4\u00e4 siit\u00e4, keit\u00e4 me olemme, miten voit ottaa meihin yhteytt\u00e4 ja miten k\u00e4sittelemme henkil\u00f6tietoja tietosuojak\u00e4yt\u00e4nn\u00f6st\u00e4mme.<\/p>\n\n\n\n<p>Suostumuksesi koskee seuraavia verkkotunnuksia: <a href=\"http:\/\/www.oceanicworldwide.com\">www.oceanicworldwide.com<\/a> ja www.eu.oceanicworldwide.com<\/p>\n\n\n\n<p><a href=\"https:\/\/www.cookiebot.com\/\" target=\"_blank\" rel=\"noreferrer noopener\">Cookiebot<\/a>on p\u00e4ivitt\u00e4nyt ev\u00e4steilmoituksen viimeksi 24.7.2023:<\/p>\n\n\n\n<p><strong>KOLMANNEN OSAPUOLEN TIETOJEN ILMOITUS<\/strong><\/p>\n\n\n\n<p>Emme myy, vaihda tai muulla tavoin siirr\u00e4 henkil\u00f6kohtaisesti tunnistettavia tietojasi ulkopuolisille osapuolille, ellemme ilmoita siit\u00e4 etuk\u00e4teen k\u00e4ytt\u00e4jille. T\u00e4m\u00e4 ei koske verkkosivuston hosting-kumppaneita ja muita osapuolia, jotka avustavat meit\u00e4 verkkosivuston toiminnassa, liiketoiminnan harjoittamisessa tai k\u00e4ytt\u00e4jien palvelemisessa, kunhan n\u00e4m\u00e4 osapuolet sitoutuvat pit\u00e4m\u00e4\u00e4n n\u00e4m\u00e4 tiedot luottamuksellisina. Voimme my\u00f6s luovuttaa tietoja, kun niiden luovuttaminen on asianmukaista lain noudattamiseksi, sivustomme k\u00e4yt\u00e4nt\u00f6jen valvomiseksi tai omien tai muiden oikeuksien, omaisuuden tai turvallisuuden suojaamiseksi.&nbsp;<\/p>\n\n\n\n<p>Henkil\u00f6kohtaisesti tunnistamattomia k\u00e4vij\u00e4tietoja voidaan kuitenkin luovuttaa muille osapuolille markkinointia, mainontaa tai muita k\u00e4ytt\u00f6tarkoituksia varten.<\/p>\n\n\n\n<p><strong>KOLMANNEN OSAPUOLEN LINKIT<\/strong><\/p>\n\n\n\n<p>Emme sis\u00e4llyt\u00e4 tai tarjoa kolmansien osapuolten tuotteita tai palveluita verkkosivustollamme.<\/p>\n\n\n\n<p><strong>GOOGLE<\/strong><\/p>\n\n\n\n<p>Googlen mainonnan vaatimukset voidaan tiivist\u00e4\u00e4 Googlen mainonnan periaatteisiin. Ne on otettu k\u00e4ytt\u00f6\u00f6n, jotta k\u00e4ytt\u00e4j\u00e4t saisivat my\u00f6nteisen kokemuksen.<\/p>\n\n\n\n<p><a href=\"https:\/\/support.google.com\/adwordspolicy\/answer\/1316548?hl=en\">https:\/\/support.google.com\/adwordspolicy\/answer\/1316548?hl=en<\/a><\/p>\n\n\n\n<p>K\u00e4yt\u00e4mme verkkosivustollamme Google AdSense -mainontaa.<\/p>\n\n\n\n<p>Google k\u00e4ytt\u00e4\u00e4 kolmannen osapuolen myyj\u00e4n\u00e4 ev\u00e4steit\u00e4 mainosten n\u00e4ytt\u00e4miseen sivustollamme. Googlen k\u00e4ytt\u00e4m\u00e4 DART-ev\u00e4ste mahdollistaa mainosten tarjoamisen k\u00e4ytt\u00e4jillemme aiempien vierailujen perusteella sivustollamme ja muilla sivustoilla Internetiss\u00e4. K\u00e4ytt\u00e4j\u00e4t voivat kielt\u00e4\u00e4 DART-ev\u00e4steen k\u00e4yt\u00f6n Google Ad and Content Networkin tietosuojak\u00e4yt\u00e4nn\u00f6ss\u00e4.<\/p>\n\n\n\n<p><strong>OLEMME TOTEUTTANEET SEURAAVAA:<\/strong><\/p>\n\n\n\n<ul class=\"wp-block-list\">\n<li>Uudelleenmarkkinointi Google AdSensen kanssa<\/li>\n\n\n\n<li>Google Display -verkoston n\u00e4ytt\u00f6kertojen raportointi<\/li>\n\n\n\n<li>Demografiset tiedot ja kiinnostuksen kohteet<\/li>\n\n\n\n<li>Facebookin konversioseurantapikseli<\/li>\n<\/ul>\n\n\n\n<p>K\u00e4yt\u00e4mme verkkosivustollamme Facebook Inc:n (1 Hacker Way, Menlo Park, CA 94025, USA, tai, jos asut EU:ssa, Facebook Ireland Ltd., 4 Grand Canal Square, Grand Canal Harbour, Dublin 2, Irlanti (&#8220;Facebook&#8221;)) &#8220;k\u00e4vij\u00e4toimintapikseli\u00e4&#8221;.<\/p>\n\n\n\n<p>N\u00e4in voidaan seurata k\u00e4ytt\u00e4jien k\u00e4ytt\u00e4ytymist\u00e4 sen j\u00e4lkeen, kun heid\u00e4t on ohjattu palveluntarjoajan verkkosivustolle napsauttamalla Facebook-mainosta. N\u00e4in voimme mitata Facebook-mainosten tehokkuutta tilastollisia ja markkinatutkimustarkoituksia varten. N\u00e4in ker\u00e4tyt tiedot ovat meille anonyymej\u00e4, eli emme n\u00e4e yksitt\u00e4isten k\u00e4ytt\u00e4jien henkil\u00f6tietoja. Facebook kuitenkin tallentaa ja k\u00e4sittelee n\u00e4it\u00e4 tietoja, mink\u00e4 vuoksi ilmoitamme sinulle asiasta tietojemme perusteella. Facebook voi yhdist\u00e4\u00e4 n\u00e4m\u00e4 tiedot Facebook-tiliisi ja k\u00e4ytt\u00e4\u00e4 niit\u00e4 my\u00f6s omiin myynninedist\u00e4mistarkoituksiinsa Facebookin tietojenk\u00e4ytt\u00f6s\u00e4\u00e4nt\u00f6jen mukaisesti https:\/\/www.facebook.com\/about\/privacy\/. Voit sallia Facebookin ja sen kumppaneiden sijoittaa mainoksia Facebookissa ja sen ulkopuolella. Tietokoneellesi voidaan my\u00f6s tallentaa ev\u00e4ste n\u00e4it\u00e4 tarkoituksia varten.<\/p>\n\n\n\n<p>T\u00e4m\u00e4n palvelun k\u00e4yt\u00f6n oikeusperusta on Art. 6 \u00a7:n 1 momentin 1 lauseen 1 f alakohta GDPR. Voit vastustaa tietojesi ker\u00e4\u00e4mist\u00e4 Facebook-pikselill\u00e4 tai tietojesi k\u00e4ytt\u00f6\u00e4 Facebook-mainosten n\u00e4ytt\u00e4miseen ottamalla yhteytt\u00e4 seuraavaan osoitteeseen: https:\/\/www.facebook.com\/settings?tab=ads.<\/p>\n\n\n\n<p>Facebook on sertifioitu Privacy Shield -sopimuksen mukaisesti ja takaa n\u00e4in eurooppalaisen tietosuojalains\u00e4\u00e4d\u00e4nn\u00f6n noudattamisen (<a href=\"https:\/\/www.privacyshield.gov\/participant?id=a2zt0000000GnywAAC&amp;status=Active)\">https:\/\/www.privacyshield.gov\/participant?id=a2zt0000000GnywAAC&amp;status=Active)<\/a>.<\/p>\n\n\n\n<p>Me ja kolmannen osapuolen myyj\u00e4t, kuten Google, k\u00e4yt\u00e4mme yhdess\u00e4 ensimm\u00e4isen osapuolen ev\u00e4steit\u00e4 (kuten Google Analytics -ev\u00e4steet) ja kolmannen osapuolen ev\u00e4steit\u00e4 (kuten DoubleClick-ev\u00e4ste) tai muita kolmannen osapuolen tunnisteita kootaksemme tietoja k\u00e4ytt\u00e4j\u00e4n vuorovaikutuksesta mainosn\u00e4ytt\u00f6ihin ja muihin mainospalvelutoimintoihin, jotka liittyv\u00e4t verkkosivustoomme.<\/p>\n\n\n\n<p><strong>OPTING OUT:<\/strong><\/p>\n\n\n\n<p>K\u00e4ytt\u00e4j\u00e4t voivat asettaa asetuksia sille, miten Google mainostaa sinulle Google Ad Settings -sivulla. Vaihtoehtoisesti voit kielt\u00e4yty\u00e4 k\u00e4yt\u00f6st\u00e4 vierailemalla Network Advertising Initiative Opt Out -sivulla tai k\u00e4ytt\u00e4m\u00e4ll\u00e4 Google Analytics Opt Out Browser -lis\u00e4osaa.<\/p>\n\n\n\n<p><strong>SINULLE ILMOITETAAN KAIKISTA TIETOSUOJAK\u00c4YT\u00c4NN\u00d6N MUUTOKSISTA:<\/strong><\/p>\n\n\n\n<p><strong>&nbsp;<\/strong>Tietosuojak\u00e4yt\u00e4nt\u00f6-sivullamme<\/p>\n\n\n\n<p><strong>VOI MUUTTAA HENKIL\u00d6KOHTAISIA TIETOJASI:<\/strong><\/p>\n\n\n\n<p><strong>&nbsp;<\/strong>Pyyt\u00e4m\u00e4ll\u00e4 muutosta s\u00e4hk\u00f6postitse: Privacy@huishoutdoors.com<\/p>\n\n\n\n<p><strong>MITEN SIVUSTOMME K\u00c4SITTELEE DO NOT TRACK -SIGNAALEJA?<\/strong><\/p>\n\n\n\n<p>Kunnioitamme Do Not Track -signaaleja ja emme seuraa, aseta ev\u00e4steit\u00e4 tai k\u00e4yt\u00e4 mainontaa, kun Do Not Track (DNT) -selainmekanismi on k\u00e4yt\u00f6ss\u00e4.<\/p>\n\n\n\n<p><strong>SALLIIKO SIVUSTOMME KOLMANNEN OSAPUOLEN K\u00c4YTT\u00c4YTYMISEN SEURANNAN?<\/strong><\/p>\n\n\n\n<p>On my\u00f6s t\u00e4rke\u00e4\u00e4 huomata, ett\u00e4 sallimme kolmannen osapuolen k\u00e4ytt\u00e4ytymisen seurannan.<\/p>\n\n\n\n<p><strong>COPPA (CHILDREN ONLINE PRIVACY PROTECTION ACT &#8211; LASTEN YKSITYISYYDEN SUOJAA VERKOSSA KOSKEVA LAKI)<\/strong><\/p>\n\n\n\n<p>Kun on kyse henkil\u00f6tietojen ker\u00e4\u00e4misest\u00e4 alle 13-vuotiailta lapsilta, COPPA (Children&#8217;s Online Privacy Protection Act) antaa vanhemmille m\u00e4\u00e4r\u00e4ysvallan. Yhdysvaltain kuluttajansuojavirasto Federal Trade Commission valvoo COPPA-s\u00e4\u00e4nt\u00f6\u00e4, jossa m\u00e4\u00e4ritell\u00e4\u00e4n, mit\u00e4 verkkosivustojen ja verkkopalvelujen yll\u00e4pit\u00e4jien on teht\u00e4v\u00e4 suojellakseen lasten yksityisyytt\u00e4 ja turvallisuutta verkossa.<\/p>\n\n\n\n<p>Emme markkinoi erityisesti alle 13-vuotiaille lapsille.<\/p>\n\n\n\n<p><strong>OIKEUDENMUKAISET TIETOSUOJAK\u00c4YT\u00c4NN\u00d6T<\/strong><\/p>\n\n\n\n<p>Oikeudenmukaisten tietosuojak\u00e4yt\u00e4nt\u00f6jen periaatteet muodostavat yksityisyyden suojaa koskevan lains\u00e4\u00e4d\u00e4nn\u00f6n selk\u00e4rangan Yhdysvalloissa, ja niihin sis\u00e4ltyvill\u00e4 k\u00e4sitteill\u00e4 on ollut merkitt\u00e4v\u00e4 rooli tietosuojalains\u00e4\u00e4d\u00e4nn\u00f6n kehitt\u00e4misess\u00e4 eri puolilla maailmaa. Oikeudenmukaisten tietosuojak\u00e4yt\u00e4nt\u00f6jen periaatteiden ja niiden soveltamisen ymm\u00e4rt\u00e4minen on ratkaisevan t\u00e4rke\u00e4\u00e4, jotta voidaan noudattaa henkil\u00f6tietoja suojaavia eri yksityisyydensuojalakeja.<\/p>\n\n\n\n<p><strong>Oikeudenmukaisten tietosuojak\u00e4yt\u00e4nt\u00f6jen noudattamiseksi ryhdymme seuraaviin toimiin, jos tietomurto tapahtuu:<\/strong><\/p>\n\n\n\n<p><strong>Ilmoitamme sinulle s\u00e4hk\u00f6postitse:<\/strong><\/p>\n\n\n\n<p>7 ty\u00f6p\u00e4iv\u00e4n sis\u00e4ll\u00e4<\/p>\n\n\n\n<p>Hyv\u00e4ksymme my\u00f6s yksil\u00f6n oikeussuojakeinoja koskevan periaatteen, joka edellytt\u00e4\u00e4, ett\u00e4 yksil\u00f6ill\u00e4 on oikeus vedota laillisesti t\u00e4yt\u00e4nt\u00f6\u00f6npanokelpoisiin oikeuksiin tietojen ker\u00e4\u00e4ji\u00e4 ja k\u00e4sittelij\u00f6it\u00e4 vastaan, jotka eiv\u00e4t noudata lakia. T\u00e4m\u00e4 periaate edellytt\u00e4\u00e4, ett\u00e4 yksityishenkil\u00f6ill\u00e4 on t\u00e4yt\u00e4nt\u00f6\u00f6npanokelpoisia oikeuksia tietojen k\u00e4ytt\u00e4ji\u00e4 vastaan ja ett\u00e4 yksityishenkil\u00f6ill\u00e4 on my\u00f6s mahdollisuus k\u00e4\u00e4nty\u00e4 tuomioistuinten tai valtion virastojen puoleen tutkiakseen ja\/tai nostaakseen syytteen henkil\u00f6tietojen k\u00e4sittelij\u00f6iden noudattamatta j\u00e4tt\u00e4misi\u00e4 vastaan.<\/p>\n\n\n\n<p><strong>CAN SPAM -LAKI<\/strong><\/p>\n\n\n\n<p>CAN-SPAM Act on laki, jossa asetetaan s\u00e4\u00e4nn\u00f6t kaupallisille s\u00e4hk\u00f6postiviesteille, vahvistetaan vaatimukset kaupallisille viesteille, annetaan vastaanottajille oikeus saada s\u00e4hk\u00f6postiviestien l\u00e4hett\u00e4minen lopetettua ja m\u00e4\u00e4r\u00e4t\u00e4\u00e4n tiukat rangaistukset rikkomuksista.<\/p>\n\n\n\n<p><strong>Ker\u00e4\u00e4mme s\u00e4hk\u00f6postiosoitteesi, jotta voimme:<\/strong><\/p>\n\n\n\n<ul class=\"wp-block-list\">\n<li>L\u00e4hett\u00e4\u00e4 tietoja, vastata kyselyihin ja\/tai muihin pyynt\u00f6ihin tai kysymyksiin.<\/li>\n\n\n\n<li>K\u00e4sitell\u00e4 tilauksia ja l\u00e4hett\u00e4\u00e4 tilauksiin liittyvi\u00e4 tietoja ja p\u00e4ivityksi\u00e4.<\/li>\n\n\n\n<li>L\u00e4hett\u00e4\u00e4 sinulle lis\u00e4tietoja tuotteestasi ja\/tai palvelustasi<\/li>\n\n\n\n<li>Markkinoida postituslistallamme tai jatkaa s\u00e4hk\u00f6postien l\u00e4hett\u00e4mist\u00e4 asiakkaillemme alkuper\u00e4isen tapahtuman j\u00e4lkeen.<\/li>\n<\/ul>\n\n\n\n<p><strong>Ollaksemme CANSPAMin mukaisia, hyv\u00e4ksymme seuraavat asiat:<\/strong><\/p>\n\n\n\n<ul class=\"wp-block-list\">\n<li>V\u00e4\u00e4ri\u00e4 tai harhaanjohtavia aiheita tai s\u00e4hk\u00f6postiosoitteita ei k\u00e4ytet\u00e4.<\/li>\n\n\n\n<li>Tunnistetaan viesti mainokseksi jollakin j\u00e4rkev\u00e4ll\u00e4 tavalla.<\/li>\n\n\n\n<li>Liitet\u00e4\u00e4n mukaan liiketoimintamme tai toimipaikkamme p\u00e4\u00e4konttorin fyysinen osoite.<\/li>\n\n\n\n<li>Seurataan kolmannen osapuolen s\u00e4hk\u00f6postimarkkinointipalveluiden vaatimustenmukaisuutta, jos niit\u00e4 k\u00e4ytet\u00e4\u00e4n.<\/li>\n\n\n\n<li>Kunnioitetaan opt-out\/tilauksen peruutuspyynt\u00f6j\u00e4 nopeasti.<\/li>\n\n\n\n<li>Annetaan k\u00e4ytt\u00e4jien peruuttaa tilaus jokaisen s\u00e4hk\u00f6postin alareunassa olevan linkin avulla.<\/li>\n<\/ul>\n\n\n\n<p><strong>Jos haluat milloin tahansa peruuttaa tulevien s\u00e4hk\u00f6postiviestien vastaanottamisen, voit l\u00e4hett\u00e4\u00e4 meille s\u00e4hk\u00f6postia osoitteeseen:<\/strong><\/p>\n\n\n\n<p>Noudata kunkin s\u00e4hk\u00f6postin lopussa olevia ohjeita, niin poistamme sinut viipym\u00e4tt\u00e4 <strong>KAIKESTA<\/strong> kirjeenvaihdosta.<\/p>\n\n\n\n<p><strong>YHTEYDENOTTO<\/strong><\/p>\n\n\n\n<p>Jos sinulla on kysytt\u00e4v\u00e4\u00e4 t\u00e4st\u00e4 tietosuojak\u00e4yt\u00e4nn\u00f6st\u00e4, voit ottaa meihin yhteytt\u00e4 alla olevien tietojen avulla.<\/p>\n\n\n\n<p>www.oceanicworldwide.com<br>1540 North 2200 West<br>Salt Lake City, Utah 84116<br>Yhdysvallat<\/p>\n\n\n\n<p><a href=\"mailto:Privacy@huishoutdoors.com\">Privacy@huishoutdoors.com<\/a><\/p>\n\n\n\n<p>Viimeksi muokattu: 11.09.2023<\/p>\n\n\n\n<div class=\"container-fluid\">\n<div class=\"row\">\n<div class=\"col\">\n<h4 class=\"wp-block-heading\">K\u00c4YT\u00c4MMEK\u00d6 &#8220;EV\u00c4STEIT\u00c4&#8221;?<\/h4>\n\n\n\n<script id=\"CookieDeclaration\" src=\"https:\/\/consent.cookiebot.com\/1552aead-e1ab-467d-9b17-f8cd3923101e\/cd.js\" type=\"text\/javascript\" async><\/script>\n<\/div>\n<\/div>\n<\/div>\n","protected":false},"excerpt":{"rendered":"<p>Tietosuojak\u00e4yt\u00e4nt\u00f6 T\u00e4m\u00e4 tietosuojak\u00e4yt\u00e4nt\u00f6 on laadittu palvelemaan paremmin niit\u00e4, jotka ovat huolissaan siit\u00e4, miten heid\u00e4n &#8220;henkil\u00f6kohtaisesti tunnistettavia tietojaan&#8221; (PII &#8211; Personally Identifiable Information) k\u00e4ytet\u00e4\u00e4n verkossa. PII on tietoa, jota voidaan k\u00e4ytt\u00e4\u00e4 yksin\u00e4\u00e4n tai yhdess\u00e4 muiden tietojen kanssa yksitt\u00e4isen henkil\u00f6n tunnistamiseen, yhteydenottoon tai paikantamiseen tai yksil\u00f6n tunnistamiseen asiayhteydess\u00e4. Lue tietosuojak\u00e4yt\u00e4nt\u00f6mme huolellisesti saadaksesi selke\u00e4n k\u00e4sityksen siit\u00e4, miten ker\u00e4\u00e4mme, [&hellip;]<\/p>\n","protected":false},"author":11,"featured_media":0,"parent":0,"menu_order":0,"comment_status":"closed","ping_status":"closed","template":"","meta":{"_acf_changed":false,"footnotes":""},"class_list":["post-1260","page","type-page","status-publish","hentry"],"acf":[],"_links":{"self":[{"href":"https:\/\/eu.oceanicworldwide.com\/fi\/wp-json\/wp\/v2\/pages\/1260","targetHints":{"allow":["GET"]}}],"collection":[{"href":"https:\/\/eu.oceanicworldwide.com\/fi\/wp-json\/wp\/v2\/pages"}],"about":[{"href":"https:\/\/eu.oceanicworldwide.com\/fi\/wp-json\/wp\/v2\/types\/page"}],"author":[{"embeddable":true,"href":"https:\/\/eu.oceanicworldwide.com\/fi\/wp-json\/wp\/v2\/users\/11"}],"replies":[{"embeddable":true,"href":"https:\/\/eu.oceanicworldwide.com\/fi\/wp-json\/wp\/v2\/comments?post=1260"}],"version-history":[{"count":0,"href":"https:\/\/eu.oceanicworldwide.com\/fi\/wp-json\/wp\/v2\/pages\/1260\/revisions"}],"wp:attachment":[{"href":"https:\/\/eu.oceanicworldwide.com\/fi\/wp-json\/wp\/v2\/media?parent=1260"}],"curies":[{"name":"wp","href":"https:\/\/api.w.org\/{rel}","templated":true}]}}