{"id":859,"date":"2023-09-14T19:36:40","date_gmt":"2023-09-14T19:36:40","guid":{"rendered":"https:\/\/huisheuro.wpengine.com\/product\/oceanic-dive-housing\/"},"modified":"2026-04-15T05:31:05","modified_gmt":"2026-04-15T05:31:05","slug":"oceanic-dive-housing","status":"publish","type":"product","link":"https:\/\/eu.oceanicworldwide.com\/es\/producto\/oceanic-dive-housing\/","title":{"rendered":"Oceanic+ Dive Housing"},"content":{"rendered":"<p><img loading=\"lazy\" decoding=\"async\" class=\"alignnone size-full wp-image-114912\" src=\"https:\/\/eu.oceanicworldwide.com\/wp-content\/uploads\/2023\/11\/SPA-Oceanic-Plus-Dive-Housing-Overview.png\" alt=\"\" width=\"1920\" height=\"1080\" \/><\/p>\n<p>Peso del producto: 975 g \/ Dimensiones del producto: 24.6 cm An x 11.2 cm Al x 6.9 cm H<\/p>\n<p>Intervalo de temperaturas operativas: De 4\u00baC a 35\u00a0\u00baC. No supere nunca la temperatura operativa m\u00ednima y m\u00e1xima de su dispositivo iOS.<\/p>\n<p><span style=\"font-family: 'Ubuntu',sans-serif; color: black;\">\u00bfQu\u00e9 incluye el kit de piezas de recambio?<\/span><\/p>\n<ul>\n<li>5x Desecantes<\/li>\n<li>1x Paquete de grasa<\/li>\n<li>1x Junta t\u00f3rica<\/li>\n<li>1x Herramienta para juntas t\u00f3ricas<\/li>\n<li>2x Topes de goma<\/li>\n<\/ul>\n<p>&nbsp;<\/p>\n","protected":false},"excerpt":{"rendered":"<p><strong><img decoding=\"async\" class=\"alignnone wp-image-130452 size-medium\" src=\"https:\/\/www.oceanicworldwide.com\/wp-content\/uploads\/sites\/6\/2023\/02\/PD2024_RD_t-300x176.png\" alt=\"\" width=\"150\" data-wp-editing=\"1\" \/><\/strong><\/p>\n<p><strong>Tu<strong style=\"color: #0075ff;\">Inmersi\u00f3n<\/strong><\/strong><strong>Tu<strong style=\"color: #0075ff;\">Historia<\/strong><\/strong><\/p>\n<p class=\"p1\">\u00a1Ahora puedes utilizar tu iPhone como c\u00e1mara submarina y como ordenador de buceo!<\/p>\n<p>Oceanic+ Dive Housing es una carcasa pendiente de patente que te permite tomar excelentes fotograf\u00edas con correcci\u00f3n autom\u00e1tica del color en tu iPhone cuando practiques buceo o durante cualquier aventura en el agua.<\/p>\n<p>Con la app Oceanic+ y la Dive Housing, tu iPhone tambi\u00e9n se convierte en un completo ordenador de buceo.<\/p>\n<p>\u00a1Una app, una suscripci\u00f3n, dos dispositivos! Con la app Oceanic+, puedes utilizar la misma suscripci\u00f3n para tu Apple Watch Ultra y tu iPhone. Esto te permite tener dos unidades bajo la misma suscripci\u00f3n, ahorrando dinero. Tambi\u00e9n ofrece mayor redundancia para bucear tanto con tu Apple Watch Ultra como con tu iPhone con Oceanic+ Dive Housing. Al final de cada inmersi\u00f3n, se seleccionar\u00e1 el ordenador principal para los datos de la inmersi\u00f3n.<\/p>\n<p><strong>No te pierdas el v\u00eddeo de lanzamiento <a href=\"https:\/\/www.youtube.com\/watch?v=lVRbcagnwkA\"><u>aqu\u00ed. <\/u><\/a><\/strong><\/p>\n<p><a href=\"#compatible\"><strong>\u00bfEs compatible mi iPhone? Compru\u00e9balo aqu\u00ed.<\/strong><\/a><\/p>\n<p><strong>Disponible para pedidos \u00fanicamente en pa\u00edses de la Uni\u00f3n Europea.<\/strong><\/p>\n<p>Para las dem\u00e1s ubicaciones internacionales, haz clic <a href=\"https:\/\/www.oceanicworldwide.com\/international\/\"><u>aqu\u00ed<\/u><\/a> para ponerte en contacto con tu distribuidor local.<\/p>\n","protected":false},"featured_media":2381,"comment_status":"open","ping_status":"closed","template":"","meta":{"_acf_changed":false},"product_cat":[117,118,119],"product_tag":[],"class_list":{"0":"post-859","1":"product","2":"type-product","3":"status-publish","4":"has-post-thumbnail","6":"product_cat-computers-es","7":"product_cat-oceanic-plus-accessories-es","8":"product_cat-oceanic-team-picks-es","10":"first","11":"instock","12":"featured","13":"taxable","14":"shipping-taxable","15":"purchasable","16":"product-type-simple"},"acf":[],"_links":{"self":[{"href":"https:\/\/eu.oceanicworldwide.com\/es\/wp-json\/wp\/v2\/product\/859","targetHints":{"allow":["GET"]}}],"collection":[{"href":"https:\/\/eu.oceanicworldwide.com\/es\/wp-json\/wp\/v2\/product"}],"about":[{"href":"https:\/\/eu.oceanicworldwide.com\/es\/wp-json\/wp\/v2\/types\/product"}],"replies":[{"embeddable":true,"href":"https:\/\/eu.oceanicworldwide.com\/es\/wp-json\/wp\/v2\/comments?post=859"}],"wp:featuredmedia":[{"embeddable":true,"href":"https:\/\/eu.oceanicworldwide.com\/es\/wp-json\/wp\/v2\/media\/2381"}],"wp:attachment":[{"href":"https:\/\/eu.oceanicworldwide.com\/es\/wp-json\/wp\/v2\/media?parent=859"}],"wp:term":[{"taxonomy":"product_cat","embeddable":true,"href":"https:\/\/eu.oceanicworldwide.com\/es\/wp-json\/wp\/v2\/product_cat?post=859"},{"taxonomy":"product_tag","embeddable":true,"href":"https:\/\/eu.oceanicworldwide.com\/es\/wp-json\/wp\/v2\/product_tag?post=859"}],"curies":[{"name":"wp","href":"https:\/\/api.w.org\/{rel}","templated":true}]}}