{"id":820,"date":"2023-11-10T19:11:28","date_gmt":"2023-11-10T19:11:28","guid":{"rendered":"https:\/\/huisheuro.wpengine.com\/?page_id=820"},"modified":"2023-11-10T19:25:03","modified_gmt":"2023-11-10T19:25:03","slug":"terminos-y-condiciones-de-oceanic","status":"publish","type":"page","link":"https:\/\/eu.oceanicworldwide.com\/es\/terminos-y-condiciones-de-oceanic\/","title":{"rendered":"T\u00e9rminos y condiciones de Oceanic"},"content":{"rendered":"\n<div class=\"container\">\n<div class=\"row\">\n<div class=\"col\">\n<p>T\u00e9rminos y condiciones de Oceanic<\/p>\n\n\n\n<p>Le damos la bienvenida al sitio web eu.OceanicWorldwide.com (el \u201cSitio web\u201d). Oceanic presta servicios sujetos a los avisos, t\u00e9rminos y condiciones establecidos en el presente acuerdo (el \u201cAcuerdo\u201d). Adem\u00e1s, cuando utilice cualquiera de nuestros servicios (por ejemplo, Rese\u00f1as de clientes), estar\u00e1 usted sujeto a las reglas, pautas, pol\u00edticas, t\u00e9rminos y condiciones aplicables a dicho servicio, que se incorporan a este Acuerdo mediante esta referencia. Nos reservamos el derecho a cambiar este Sitio y estos t\u00e9rminos y condiciones en cualquier momento.&nbsp;<strong>AL ACCEDER, NAVEGAR O UTILIZAR EL SITIO DE CUALQUIER OTRO MODO, USTED INDICA QUE ACEPTA TODOS LOS T\u00c9RMINOS Y CONDICIONES DE ESTE ACUERDO, POR LO QUE LE ROGAMOS QUE LEA ESTE ACUERDO DETENIDAMENTE ANTES DE PROCEDER.<\/strong><\/p>\n\n\n\n<p><strong>USO DEL SITIO<\/strong><strong><br><\/strong>Usted declara y garantiza que tiene al menos 18&nbsp;a\u00f1os de edad o que visita el Sitio bajo la supervisi\u00f3n de un progenitor o tutor.<\/p>\n\n\n\n<p>Con sujeci\u00f3n a los t\u00e9rminos y condiciones de este Acuerdo, le concedemos por la presente una licencia limitada, revocable, no transferible y no exclusiva para acceder al Sitio y utilizarlo en su navegador de Internet \u00fanicamente para el fin de comprar elementos personales vendidos en el Sitio y no para ning\u00fan uso comercial o uso en nombre de terceros, a excepci\u00f3n de lo que permitamos por adelantado. Cualquier incumplimiento de este Acuerdo resultar\u00e1 en la revocaci\u00f3n inmediata de la licencia concedida en este apartado sin darle aviso.<\/p>\n\n\n\n<p>A excepci\u00f3n de lo permitido en el apartado anterior, usted no podr\u00e1 reproducir, distribuir, mostrar, vender, ceder, transmitir, crear trabajos derivados, traducir, modificar, aplicar ingenier\u00eda inversa, desmontar, descompilar ni explotar de ning\u00fan otro modo este Sitio ni ninguna parte del mismo, a menos que lo permitamos expresamente por escrito. Usted no podr\u00e1 realizar ning\u00fan uso comercial de ninguna de la informaci\u00f3n ofrecida en el Sitio ni hacer ning\u00fan uso del Sitio para el beneficio de otro negocio a menos que lo permitamos expresamente por adelantado. Nos reservamos el derecho a rechazar el servicio, suspender cuentas y cancelar pedidos bajo nuestro criterio, incluyendo, sin limitaci\u00f3n, si creemos que la conducta del cliente incumple la legislaci\u00f3n aplicable o es perjudicial para nuestros intereses.<\/p>\n\n\n\n<p>Usted no podr\u00e1 cargar, distribuir ni publicar de ning\u00fan otro modo a trav\u00e9s de este Sitio ning\u00fan Contenido, informaci\u00f3n u otro material que (a) incumpla o infrinja los derechos de propiedad, patentes, marcas comerciales, marcas de servicio, secretos comerciales o cualquier otro derecho de propiedad de cualquier persona; (b) sea amenazante, difamatorio, obsceno, indecente, pornogr\u00e1fico o pueda incurrir en cualquier responsabilidad civil o penal en virtud de la legislaci\u00f3n de EE.&nbsp;UU. o internacional; o (c) incluya cualquier error, virus, gusano, puerta trasera, caballo de Troya u otro c\u00f3digo o propiedad perjudicial.<\/p>\n\n\n\n<p>El contenido ofrecido en este Sitio es \u00fanicamente para fines informativos. Usted ser\u00e1 el \u00fanico responsable de solicitar a un m\u00e9dico acreditado o profesional sanitario cualificado informaci\u00f3n, diagn\u00f3stico o tratamiento para cualquier afecci\u00f3n relacionada con la salud. Las aportaciones u opiniones expresadas en este Sitio son las de particulares y es posible que no reflejen nuestras opiniones. Las declaraciones sobre productos expresadas en este Sitio son las del proveedor y no las realizamos nosotros.<\/p>\n\n\n\n<p>Es posible que le asignemos una contrase\u00f1a y una identificaci\u00f3n de cuenta para permitirle acceder a determinadas partes de este Sitio y utilizarlas. Cada vez que usted utilice una contrase\u00f1a o identificaci\u00f3n, se le autorizar\u00e1 a acceder al Sitio y a utilizarlo en el respeto de los t\u00e9rminos y condiciones de este Acuerdo, y no tenemos ninguna obligaci\u00f3n de investigar la autorizaci\u00f3n o la fuente de ninguno de dichos accesos o usos del Sitio.&nbsp;<strong>USTED SER\u00c1 EL \u00daNICO RESPONSABLE DE TODOS LOS ACCESOS Y USOS DE ESTE SITIO POR PARTE DE CUALQUIER PERSONA QUE UTILICE LA CONTRASE\u00d1A Y LA IDENTIFICACI\u00d3N ASIGNADAS A USTED, INDEPENDIENTEMENTE DE QUE DICHO ACCESO Y USO DE ESTE SITIO HAYA SIDO EFECTIVAMENTE AUTORIZADO POR USTED, INCLUYENDO, SIN LIMITACI\u00d3N, TODAS LAS COMUNICACIONES Y TRANSMISIONES Y TODAS LAS OBLIGACIONES (INCLUYENDO, SIN LIMITACI\u00d3N, LAS OBLIGACIONES FINANCIERAS) EN LAS QUE SE INCURRA A TRAV\u00c9S DE DICHO ACCESO O USO.<\/strong>&nbsp;Usted ser\u00e1 el \u00fanico responsable de proteger la seguridad y confidencialidad de la contrase\u00f1a e identificaci\u00f3n que le hayan sido asignadas. Usted nos notificar\u00e1 de inmediato sobre cualquier uso no autorizado de su contrase\u00f1a o identificaci\u00f3n o sobre cualquier otra violaci\u00f3n o intento de violaci\u00f3n de la seguridad de este Sitio.<\/p>\n\n\n\n<p><strong>RESE\u00d1AS Y COMENTARIOS<\/strong><strong><br><\/strong>Excepto en la medida que se establezca lo contrario en este Acuerdo o en el Sitio, cualquier elemento que usted env\u00ede o publique en el Sitio o nos proporcione a nosotros, incluyendo, sin limitaci\u00f3n, ideas, conocimientos, t\u00e9cnicas, preguntas, rese\u00f1as, comentarios y sugerencias (colectivamente, \u201cAportaciones\u201d), se tratar\u00e1 como no confidencial y no patentado, y tendremos el derecho libre de regal\u00edas, internacional, perpetuo, irrevocable y transferible de usar, copiar, distribuir, mostrar, publicar, ejecutar, vender, ceder, transmitir, adaptar y crear trabajos derivados de dichas Aportaciones por cualquier medio y de cualquier forma, y de traducir, modificar, aplicar ingenier\u00eda inversa, desmontar o descompilar dichas Aportaciones. Todas las Aportaciones se volver\u00e1n autom\u00e1ticamente de nuestra propiedad \u00fanica y exclusiva y no le ser\u00e1n devueltas.<\/p>\n\n\n\n<p>Adem\u00e1s de los derechos aplicables a cualquier Aportaci\u00f3n, cuando usted publique comentarios o rese\u00f1as en el Sitio, tambi\u00e9n nos concede el derecho de usar el nombre con el que env\u00ede cualquier rese\u00f1a, comentario u otro Contenido, si lo hay, en conexi\u00f3n con dicha rese\u00f1a, comentario u otro contenido. Usted declara y garantiza que es el propietario o tiene el control de cualquier otro modo de todos los derechos de las rese\u00f1as, comentarios y otro Contenido que publique en este Sitio y que el uso de sus rese\u00f1as, comentarios y otro Contenido por nuestra parte no infringe ni viola los derechos de terceros. Usted no usar\u00e1 una direcci\u00f3n de correo electr\u00f3nico falsa, suplantar\u00e1 la identidad e otra persona ni nos inducir\u00e1 a enga\u00f1o, ni a nosotros ni a terceros, sobre el origen de cualquier Aportaci\u00f3n o Contenido. Nosotros podremos, pero no tendremos la obligaci\u00f3n de hacerlo, eliminar o editar cualquier Aportaci\u00f3n (incluyendo comentarios o rese\u00f1as) por cualquier motivo.<\/p>\n\n\n\n<p><strong>PROPIEDAD INTELECTUAL<\/strong><strong><br><\/strong>Todo el contenido incluido en este sitio web, incluyendo, sin limitaci\u00f3n, texto, gr\u00e1ficos, im\u00e1genes y c\u00f3digo, as\u00ed como cualquier imagen o fotograf\u00eda individual, est\u00e1 sujeto a derechos de propiedad en virtud de la legislaci\u00f3n de EE.&nbsp;UU. y de otras leyes de derechos de propiedad y es propiedad exclusiva de Oceanic Worldwide. Queda terminantemente prohibido cualquier uso, incluida la reproducci\u00f3n, distribuci\u00f3n, visualizaci\u00f3n o transmisi\u00f3n, del contenido de este Sitio o de las im\u00e1genes o fotograf\u00edas individuales de este Sitio.<\/p>\n\n\n\n<p>Los dem\u00e1s nombres de empresas, marcas y productos son marcas comerciales de sus respectivos titulares. Esta p\u00e1gina web no tiene ning\u00fan tipo de relaci\u00f3n contractual o comercial con ninguno de los propietarios de dichas marcas comerciales y no est\u00e1 asociada ni patrocinada por ellos.<\/p>\n\n\n\n<p>A pesar de que se realizan todos los esfuerzos por garantizar que la informaci\u00f3n de este Sitio sea correcta, los dise\u00f1os, funciones, componentes, colores y precios est\u00e1n sujetos a cambios.<\/p>\n\n\n\n<p><strong>POL\u00cdTICA DE PRIVACIDAD<\/strong><\/p>\n\n\n\n<p>Le rogamos que lea nuestra Pol\u00edtica de privacidad, que tambi\u00e9n rige su visita al Sitio, para comprender nuestras pr\u00e1cticas.<\/p>\n\n\n\n<p><strong>RESCISI\u00d3N Y EFECTO DE LA RESCISI\u00d3N<\/strong><strong><br><\/strong>Adem\u00e1s de cualquier otro remedio legal o judicial y sin darle previo aviso, podremos rescindir inmediatamente el Acuerdo o revocar cualquiera de los derechos que le son concedidos en virtud de este Acuerdo. Al rescindirse este Acuerdo, usted deber\u00e1 dejar de acceder al Sitio y utilizarlo de inmediato y, adem\u00e1s de cualquier otro remedio legal o judicial, podremos revocar de forma inmediata todas las contrase\u00f1as e identificaciones de cuenta que le hayan sido asignadas y denegarle el acceso y el uso de este Sitio en parte o en su totalidad. Ninguna rescisi\u00f3n de este Acuerdo afectar\u00e1 a los derechos y obligaciones respectivos de las partes (incluyendo, sin limitaci\u00f3n, las obligaciones de pago) que surjan antes de la fecha de rescisi\u00f3n.<\/p>\n\n\n\n<p><strong>ACCESO INTERNACIONAL<\/strong><strong><br><\/strong>Se puede acceder a este Sitio (dominio y subdominios) desde otros pa\u00edses aparte de EE.&nbsp;UU. Este Sitio puede contener productos o referencias a productos que no est\u00e9n disponibles fuera de EE.&nbsp;UU. Dichas referencias no implican que dichos productos vayan a estar disponibles fuera de EE.&nbsp;UU. Si usted accede a este Sitio y lo utiliza fuera de EE.&nbsp;UU., ser\u00e1 responsable de cumplir la legislaci\u00f3n y regulaci\u00f3n local.<\/p>\n\n\n\n<p><strong>EXCLUSI\u00d3N DE GARANT\u00cdAS<\/strong><strong><br><\/strong>Oceanic no garantiza ni declara que el contenido del Sitio sea correcto, o que el uso del Sitio est\u00e9 libre de errores o interrupciones, o que est\u00e9 libre de virus u otros componentes perjudiciales. Usted utiliza el Sitio bajo su cuenta y riesgo. Oceanic no declara ni garantiza que el uso por su parte de los materiales mostrados en este Sitio no infrinja los derechos de terceros. La informaci\u00f3n publicada en este Sitio puede hacer referencia a productos, programas o servicios que no est\u00e1n disponibles en su pa\u00eds. Sin perjuicio de lo anterior, el Sitio se ofrece \u201cTAL Y COMO EST\u00c1\u201d y sin ninguna garant\u00eda de ning\u00fan tipo, ya sea expl\u00edcita o impl\u00edcita, incluyendo, sin limitaci\u00f3n, las garant\u00edas impl\u00edcitas de comerciabilidad, idoneidad para un fin particular o incumplimiento. Es posible que algunas jurisdicciones no permitan la exclusi\u00f3n de las garant\u00edas impl\u00edcitas, por lo que es posible que algunas de las exclusiones anteriores no sean aplicables para usted.<\/p>\n\n\n\n<p><strong>LIMITACI\u00d3N DE RESPONSABILIDAD<\/strong><strong><br><\/strong>Ni Oceanic ni ning\u00fan tercero implicado en la creaci\u00f3n o entrega del Sitio ser\u00e1 responsable bajo ninguna interpretaci\u00f3n (incluida la negligencia) de ning\u00fan da\u00f1o fortuito, indirecto, especial o punitivo derivado del acceso y uso por su parte del Sitio, aunque Oceanic haya sido avisado de la posibilidad de dichos da\u00f1os.<\/p>\n\n\n\n<p><strong>ERRORES TIPOGR\u00c1FICOS<\/strong><strong><br><\/strong>En caso de que un producto se publique con un precio incorrecto o con informaci\u00f3n incorrecta debido a un error tipogr\u00e1fico o a un error en el precio o la informaci\u00f3n recibida de nuestros proveedores, tendremos derecho a rechazar o cancelar cualquier pedido realizado para los productos publicados con el precio incorrecto. Tendremos derecho a rechazar o cancelar dichos pedidos independientemente de que el pedido haya sido confirmado y se haya realizado el cargo en su tarjeta de cr\u00e9dito. Si ya se ha realizado el cargo por la compra en su tarjeta de cr\u00e9dito y su pedido se cancela, emitiremos de inmediato cr\u00e9dito en su tarjeta por el importe del cargo.<\/p>\n\n\n\n<p><strong>ENLACES<\/strong><strong><br><\/strong>Este Sitio puede contener enlaces a otros sitios de Internet que pertenecen y son operados por terceros. Usted acepta que no somos responsables de la operaci\u00f3n ni el contenido de dichos sitios.<\/p>\n\n\n\n<p><strong>RECLAMACIONES DE DERECHOS DE PROPIEDAD<\/strong><strong><br><\/strong>Respetamos la propiedad intelectual de los dem\u00e1s. Si cree que su trabajo se ha copiado de alguna forma que constituya una violaci\u00f3n de los derechos de propiedad, p\u00f3ngase en contacto con nosotros.<\/p>\n\n\n\n<p><strong>REMEDIOS<\/strong><strong><br><\/strong>Usted acepta que nuestro remedio legal por cualquier incumplimiento o intento de incumplimiento de este Acuerdo ser\u00eda inadecuado y que tendremos derecho a un desempa\u00f1o espec\u00edfico o medida cautelar, o ambos, adem\u00e1s de cualquier da\u00f1o por el que tengamos derecho legalmente a que se nos indemnice, junto con los gastos razonables de cualquier forma de resoluci\u00f3n de disputas, incluyendo, sin limitaci\u00f3n, los honorarios de los abogados.<\/p>\n\n\n\n<p>Ninguno de nuestros derechos o remedios excluir\u00e1 otros derechos o remedios, ya sean por ley o en equidad, incluyendo, sin limitaci\u00f3n, indemnizaci\u00f3n por da\u00f1os y perjuicios, honorarios de abogados y gastos.<\/p>\n\n\n\n<p>Ninguna renuncia por nuestra parte de nuestros derechos o remedios en virtud de estos t\u00e9rminos y condiciones implicar\u00e1 ninguna obligaci\u00f3n de conceder ninguna exenci\u00f3n similar futura o de otro tipo.<\/p>\n\n\n\n<p><strong>NUESTRA DIRECCI\u00d3N<\/strong><strong><br><\/strong>Env\u00ede cualquier pregunta o comentario sobre este Sitio (incluidas las consultas no relacionadas con la violaci\u00f3n de derechos de propiedad) a:<\/p>\n\n\n\n<p><strong>Oceanic<\/strong><br>1540 N 2200 W<br>Salt Lake City, UT. 84116&nbsp; EE.&nbsp;UU.<\/p>\n<\/div>\n<\/div>\n<\/div>\n","protected":false},"excerpt":{"rendered":"","protected":false},"author":11,"featured_media":0,"parent":0,"menu_order":0,"comment_status":"closed","ping_status":"closed","template":"page-fullwidth-fluid.php","meta":{"_acf_changed":false,"footnotes":""},"class_list":["post-820","page","type-page","status-publish","hentry"],"acf":[],"_links":{"self":[{"href":"https:\/\/eu.oceanicworldwide.com\/es\/wp-json\/wp\/v2\/pages\/820","targetHints":{"allow":["GET"]}}],"collection":[{"href":"https:\/\/eu.oceanicworldwide.com\/es\/wp-json\/wp\/v2\/pages"}],"about":[{"href":"https:\/\/eu.oceanicworldwide.com\/es\/wp-json\/wp\/v2\/types\/page"}],"author":[{"embeddable":true,"href":"https:\/\/eu.oceanicworldwide.com\/es\/wp-json\/wp\/v2\/users\/11"}],"replies":[{"embeddable":true,"href":"https:\/\/eu.oceanicworldwide.com\/es\/wp-json\/wp\/v2\/comments?post=820"}],"version-history":[{"count":0,"href":"https:\/\/eu.oceanicworldwide.com\/es\/wp-json\/wp\/v2\/pages\/820\/revisions"}],"wp:attachment":[{"href":"https:\/\/eu.oceanicworldwide.com\/es\/wp-json\/wp\/v2\/media?parent=820"}],"curies":[{"name":"wp","href":"https:\/\/api.w.org\/{rel}","templated":true}]}}