{"id":742,"date":"2023-10-13T18:12:05","date_gmt":"2023-10-13T18:12:05","guid":{"rendered":"https:\/\/huisheuro.wpengine.com\/policies\/"},"modified":"2023-11-29T22:23:03","modified_gmt":"2023-11-29T22:23:03","slug":"policies","status":"publish","type":"page","link":"https:\/\/eu.oceanicworldwide.com\/es\/policies\/","title":{"rendered":"Policies"},"content":{"rendered":"\n<div class=\"container\">\n<div class=\"row\">\n<div class=\"col col-12 pb-5\">\n<h2 class=\"wp-block-heading\">Shipping Policies<\/h2>\n\n\n\n<h3 class=\"wp-block-heading\"><strong>Env\u00edo gratuito<\/strong><\/h3>\n\n\n\n<p>Oceanicworldwide.com ofrece env\u00edo gratuito con FedEx a todos los pa\u00edses de la Uni\u00f3n Europea para pedidos de 199&nbsp;\u20ac o m\u00e1s. Los pedidos se env\u00edan desde nuestro almac\u00e9n de La Valeta (Malta) y es posible que tarden varios d\u00edas laborables en llegar.<\/p>\n\n\n\n<h3 class=\"wp-block-heading pt-4\"><strong>TIEMPOS DE ENV\u00cdO<\/strong><\/h3>\n\n\n\n<p>En Oceanic Worldwide, nos esforzamos por ofrecer a nuestros clientes la mejor experiencia de compra posible.<\/p>\n\n\n\n<p>Los pedidos recibidos antes de las 12:00 p &nbsp;m. CET de lunes a viernes (excepto festivos) se env\u00edan en el mismo d\u00eda, dependiendo de la autorizaci\u00f3n y verificaci\u00f3n de la tarjeta de cr\u00e9dito.<\/p>\n\n\n\n<p>Los pedidos recibidos despu\u00e9s de las 12:00 p &nbsp;m. CET de lunes a viernes (excepto festivos) se env\u00edan el siguiente d\u00eda laborable, dependiendo de la autorizaci\u00f3n y verificaci\u00f3n de la tarjeta de cr\u00e9dito.<\/p>\n\n\n\n<p>Los pedidos realizados en s\u00e1bado o domingo se env\u00edan el siguiente lunes (excepto festivos).<\/p>\n<\/div>\n<\/div>\n\n\n\n<div class=\"row pt-4\">\n<div class=\"col col-12\">\n<h2 class=\"wp-block-heading\"><strong>POL\u00cdTICA DE DEVOLUCI\u00d3N DE EU.OCEANICWORLDWIDE.COM<\/strong><\/h2>\n\n\n\n<h3 class=\"wp-block-heading\"><strong>Pol\u00edtica de devoluci\u00f3n est\u00e1ndar<\/strong><\/h3>\n\n\n\n<p>Si no est\u00e1 satisfecho con sus productos Oceanic Worldwide, puede devolver los art\u00edculos <em>sin utilizar<\/em>, pero tenga en cuenta lo siguiente:<\/p>\n\n\n\n<ul class=\"wp-block-list\">\n<li>Los art\u00edculos adquiridos online en OceanicWorldwide.com se deben devolver dentro de un plazo de 14&nbsp;d\u00edas desde la compra.<\/li>\n\n\n\n<li>Todas las devoluciones deben incluir el embalaje original con las etiquetas.<\/li>\n\n\n\n<li>Documentos: Para completar el proceso de devoluci\u00f3n se debe enviar un recibo original o n\u00famero de pedido.<\/li>\n\n\n\n<li>Los art\u00edculos adquiridos en un distribuidor f\u00edsico o en un sitio web de terceros no se pueden devolver a trav\u00e9s de EU.OceanicWorldwide.com y se deben devolver al punto de compra original (seg\u00fan la pol\u00edtica de devoluciones del punto de compra).<\/li>\n<\/ul>\n\n\n\n<p>Tenga en cuenta lo siguiente: Los costes de env\u00edo de las devoluciones corren a cargo del comprador.<\/p>\n\n\n\n<h3 class=\"wp-block-heading pt-4\"><strong>C\u00d3MO DEVOLVER UNA COMPRA EN EU.OCEANICWORLDWIDE.COM<\/strong><\/h3>\n\n\n\n<p>Acceda al <a href=\"https:\/\/eu.oceanicworldwide.com\/request-return-authorization\/\">Formulario de devoluci\u00f3n de Oceanic Worldwide<\/a>\u00a0y rellene los datos solicitados. Tambi\u00e9n encontrar\u00e1 el enlace al formulario de devoluci\u00f3n en el correo electr\u00f3nico de confirmaci\u00f3n de su pedido. En este correo tambi\u00e9n se incluyen las instrucciones de env\u00edo.<\/p>\n\n\n\n<ol class=\"wp-block-list\" style=\"list-style-type:1\">\n<li>Una vez haya completado y enviado el formulario de devoluci\u00f3n, se emitir\u00e1 un n\u00famero de autorizaci\u00f3n de la devoluci\u00f3n (n.\u00ba RA).<\/li>\n\n\n\n<li>Imprima el recibo original y escriba en \u00e9l el n.\u00ba RA.<\/li>\n\n\n\n<li>Empaquete el art\u00edculo de forma segura e introduzca en el paquete el recibo y el n.\u00ba RA.<\/li>\n<\/ol>\n\n\n\n<p>Tenga en cuenta lo siguiente: Los costes de env\u00edo de las devoluciones corren a cargo del comprador.<\/p>\n\n\n\n<h3 class=\"wp-block-heading pt-4\"><strong>CR\u00c9DITO<\/strong><\/h3>\n\n\n\n<p>Al recibir su devoluci\u00f3n, revisaremos los art\u00edculos y emitiremos su cr\u00e9dito (excepto los gastos de env\u00edo originales) en un plazo de 1-2 d\u00edas laborables. Huish Outdoors no se hace responsable de los art\u00edculos extraviados en tr\u00e1nsito.<\/p>\n<\/div>\n\n\n\n<div class=\"col\"><\/div>\n\n\n\n<div class=\"col\"><\/div>\n\n\n\n<div class=\"col\"><\/div>\n<\/div>\n<\/div>\n","protected":false},"excerpt":{"rendered":"","protected":false},"author":11,"featured_media":0,"parent":0,"menu_order":0,"comment_status":"closed","ping_status":"closed","template":"","meta":{"_acf_changed":false,"footnotes":""},"class_list":["post-742","page","type-page","status-publish","hentry"],"acf":[],"_links":{"self":[{"href":"https:\/\/eu.oceanicworldwide.com\/es\/wp-json\/wp\/v2\/pages\/742","targetHints":{"allow":["GET"]}}],"collection":[{"href":"https:\/\/eu.oceanicworldwide.com\/es\/wp-json\/wp\/v2\/pages"}],"about":[{"href":"https:\/\/eu.oceanicworldwide.com\/es\/wp-json\/wp\/v2\/types\/page"}],"author":[{"embeddable":true,"href":"https:\/\/eu.oceanicworldwide.com\/es\/wp-json\/wp\/v2\/users\/11"}],"replies":[{"embeddable":true,"href":"https:\/\/eu.oceanicworldwide.com\/es\/wp-json\/wp\/v2\/comments?post=742"}],"version-history":[{"count":0,"href":"https:\/\/eu.oceanicworldwide.com\/es\/wp-json\/wp\/v2\/pages\/742\/revisions"}],"wp:attachment":[{"href":"https:\/\/eu.oceanicworldwide.com\/es\/wp-json\/wp\/v2\/media?parent=742"}],"curies":[{"name":"wp","href":"https:\/\/api.w.org\/{rel}","templated":true}]}}