{"id":697,"date":"2023-10-23T18:49:57","date_gmt":"2023-10-23T18:49:57","guid":{"rendered":"https:\/\/huisheuro.wpengine.com\/?page_id=697"},"modified":"2023-10-23T20:03:41","modified_gmt":"2023-10-23T20:03:41","slug":"oceanic-y-sus-datos","status":"publish","type":"page","link":"https:\/\/eu.oceanicworldwide.com\/es\/oceanic-y-sus-datos\/","title":{"rendered":"Oceanic + y Sus datos"},"content":{"rendered":"\n<h2 class=\"wp-block-heading\">Oceanic + y Sus datos<br><br><\/h2>\n\n\n\n<p>Esta Pol\u00edtica de Privacidad describe nuestras pol\u00edticas y procedimientos sobre la recopilaci\u00f3n, uso y divulgaci\u00f3n de su informaci\u00f3n cuando utiliza el Servicio y le informa sobre sus derechos de privacidad y sobre c\u00f3mo la legislaci\u00f3n lo protege.<\/p>\n\n\n\n<p>Nosotros utilizamos sus Datos Personales para ofrecer y mejorar el Servicio. Al utilizar el Servicio, usted acepta la recopilaci\u00f3n y el uso de la informaci\u00f3n con arreglo a esta Pol\u00edtica de privacidad. Esta Pol\u00edtica de Privacidad ha sido creada con la ayuda del <a href=\"https:\/\/www.privacypolicies.com\/privacy-policy-generator\/\">Generador de Pol\u00edtica de Privacidad<\/a>.<\/p>\n\n\n\n<p>Interpretaci\u00f3n y Definiciones<\/p>\n\n\n\n<h2 class=\"wp-block-heading\">Interpretaci\u00f3n<\/h2>\n\n\n\n<p>Las palabras de las cuales se escribe la letra inicial en may\u00fasculas tienen significados definidos bajo las siguientes condiciones. Las siguientes definiciones tendr\u00e1n el mismo significado, independientemente de si aparecen en singular o en plural.<\/p>\n\n\n\n<h2 class=\"wp-block-heading\">Definiciones<\/h2>\n\n\n\n<p>A los efectos de esta Pol\u00edtica de Privacidad:<\/p>\n\n\n\n<p><strong>Afiliado<\/strong> significa una entidad que controla, es controlada por o est\u00e1 bajo control com\u00fan con una parte, donde \u00abcontrol\u00bb significa la propiedad del 50% o m\u00e1s de las acciones, participaci\u00f3n en el capital social u otros t\u00edtulos con derecho a voto para la elecci\u00f3n de directores u otras autoridades de gesti\u00f3n.<\/p>\n\n\n\n<p><strong>Aplicaci\u00f3n<\/strong> significa el programa de software proporcionado por la Compa\u00f1\u00eda y descargado por Usted en cualquier dispositivo electr\u00f3nico, denominado Oceanic + App.<\/p>\n\n\n\n<p><strong>Compa\u00f1\u00eda <\/strong>(denominada tambi\u00e9n como \u00abla Compa\u00f1\u00eda\u00bb o \u00abNosotros\u00bb, \u00abNuestro\u00bb en este Contrato) se refiere a Huish Outdoors , LLC, 1540 North 2200 West, Salt Lake City, UT 84116.<\/p>\n\n\n\n<p><strong>Cuenta<\/strong> significa una cuenta \u00fanica creada para que usted acceda a nuestro Servicio o a partes de nuestro Servicio.<\/p>\n\n\n\n<p><strong>Datos de uso<\/strong> se refiere a los datos recogidos autom\u00e1ticamente, ya sea generados por el uso del Servicio o provenientes de la infraestructura del Servicio mismo (por ejemplo, la duraci\u00f3n de una visita a la p\u00e1gina).<\/p>\n\n\n\n<p><strong>Datos Personales<\/strong><strong> <\/strong>se refiere a cualquier informaci\u00f3n relacionada con un individuo identificado o identificable.<\/p>\n\n\n\n<p><strong>Dispositivo<\/strong> se refiere a cualquier dispositivo que puede acceder a la aplicaci\u00f3n Oceanic + App, incluyendo, pero sin limitarse, a un dispositivo m\u00f3vil o reloj.<\/p>\n\n\n\n<p><strong>Pa\u00eds<\/strong> se refiere a: Utah, Estados Unidos<\/p>\n\n\n\n<p><strong>Proveedor de Servicio<\/strong> se refiere a cualquier persona f\u00edsica o jur\u00eddica que procesa los datos por cuenta de la Compa\u00f1\u00eda. Se refiere a compa\u00f1\u00edas de terceros o personas empleadas por la Compa\u00f1\u00eda para proporcionar el Servicio, para ofrecer el Servicio por cuenta de la Compa\u00f1\u00eda, para realizar los servicios relativos al Servicio o para asesorar la Compa\u00f1\u00eda analizando c\u00f3mo es utilizado el Servicio.<\/p>\n\n\n\n<p><strong>Servicio de Redes Sociales de terceros<\/strong> se refiere a cualquier sitio web o sitio web de redes sociales mediante los cuales un Usuario puede iniciar una sesi\u00f3n o crear una cuenta para utilizar el Servicio.<\/p>\n\n\n\n<p><strong>Servicio<\/strong> se refiere a la Aplicaci\u00f3n.<\/p>\n\n\n\n<p><strong>Usted<\/strong> se refiere al acceso individual o uso del Servicio o la compa\u00f1\u00eda u otra entidad legal por medio de la cual dicha persona accede o utiliza el Servicio, seg\u00fan el caso.<\/p>\n\n\n\n<p>Recopilaci\u00f3n y Uso de sus Datos Personales<\/p>\n\n\n\n<h2 class=\"wp-block-heading\">Tipos de Datos Recopilados<\/h2>\n\n\n\n<h3 class=\"wp-block-heading\">Datos Personales<\/h3>\n\n\n\n<p>Mientras utiliza Nuestro Servicio, podemos solicitarle que nos proporcione determinada informaci\u00f3n personal de identificaci\u00f3n que puede ser empleada para contactarlo o identificarlo. La informaci\u00f3n de identificaci\u00f3n personal puede incluir, pero no limitarse, a:<\/p>\n\n\n\n<p>Direcci\u00f3n de correo electr\u00f3nico<\/p>\n\n\n\n<p>Nombre y Apellido<\/p>\n\n\n\n<p>N\u00famero de tel\u00e9fono<\/p>\n\n\n\n<p>Datos de Uso<\/p>\n\n\n\n<h3 class=\"wp-block-heading\">Datos de Uso<\/h3>\n\n\n\n<p>Los Datos de Uso se recopilan autom\u00e1ticamente cuando se utiliza el Servicio.<\/p>\n\n\n\n<p>Cuando Usted accede al Servicio por o mediante un dispositivo m\u00f3vil, Nosotros podemos recopilar determinada informaci\u00f3n autom\u00e1ticamente, incluyendo, pero no limitado a, el tipo de dispositivo m\u00f3vil que utiliza, su ID \u00fanico del dispositivo m\u00f3vil, la direcci\u00f3n IP de su dispositivo m\u00f3vil, su sistema operativo m\u00f3vil, el tipo de navegador Internet m\u00f3vil que utiliza, los identificadores \u00fanicos del dispositivo y otros datos de diagn\u00f3stico.<\/p>\n\n\n\n<p>Podemos tambi\u00e9n recopilar informaci\u00f3n que su navegador env\u00eda cada vez que visita nuestro Servicio o cuando accede al Servicio por o mediante un dispositivo m\u00f3vil.<\/p>\n\n\n\n<h3 class=\"wp-block-heading\">Informaci\u00f3n de Servicios de Redes Sociales de Terceros<\/h3>\n\n\n\n<p>La Compa\u00f1\u00eda puede permitirle crear una cuenta e iniciar la sesi\u00f3n para usar el Servicio a trav\u00e9s de los siguientes Servicios de Redes Sociales de Terceros:<\/p>\n\n\n\n<ul class=\"wp-block-list\">\n<li>Apple\/IOS<\/li>\n<\/ul>\n\n\n\n<p>Si decide registrarse a trav\u00e9s de un Servicio de Terceros o permitirnos el acceso a un Servicio de Terceros, recopilaremos los Datos Personales que ya est\u00e9n asociados a su cuenta de Servicios de Terceros, como su nombre, su direcci\u00f3n de correo electr\u00f3nico, sus actividades o su lista de contactos asociados a esta cuenta.<\/p>\n\n\n\n<p>Tambi\u00e9n dispone de la opci\u00f3n de compartir informaci\u00f3n adicional con la Compa\u00f1\u00eda mediante su cuenta de Servicios de Redes Sociales de Terceros. Si decide proporcionar dicha informaci\u00f3n y Datos Personales, durante el registro o de otro modo, est\u00e1 concediendo la autorizaci\u00f3n a la Compa\u00f1\u00eda para utilizar, compartir y almacenar de forma acorde con esta Pol\u00edtica de Privacidad<\/p>\n\n\n\n<h3 class=\"wp-block-heading\">Informaci\u00f3n recopilada mientras utiliza la Aplicaci\u00f3n<\/h3>\n\n\n\n<p>Mientras utiliza Nuestra Aplicaci\u00f3n, para proporcionar caracter\u00edsticas de Nuestra aplicaci\u00f3n, podemos recoger, previa autorizaci\u00f3n suya:<\/p>\n\n\n\n<ul class=\"wp-block-list\">\n<li>Informaci\u00f3n relativa a su ubicaci\u00f3n GPS<\/li>\n<\/ul>\n\n\n\n<p>Utilizamos esta informaci\u00f3n para ofrecer prestaciones de nuestro servicio y para mejorarlo y personalizarlo. Puede habilitar o deshabilitar el acceso a la ubicaci\u00f3n GPS en cualquier momento mediante los ajustes de su dispositivo. Si est\u00e1 habilitado, ser\u00e1 guardado en la nube y en su dispositivo. En su defecto, los datos de inmersi\u00f3n ser\u00e1n guardados en la nube y en su dispositivo.<\/p>\n\n\n\n<h2 class=\"wp-block-heading\">Uso de sus Datos Personales<\/h2>\n\n\n\n<p>La Compa\u00f1\u00eda puede utilizar los Datos Personales para los siguientes fines:<\/p>\n\n\n\n<p><strong>Para proporcionar y mantener nuestro Servicio<\/strong> incluso para supervisar el uso de nuestro Servicio.<\/p>\n\n\n\n<p><strong>Para gestionar su Cuenta<\/strong>: para gestionar su registro como un usuario del Servicio. Los datos Personales que proporciona pueden darle el acceso a diferentes funciones del Servicio que est\u00e1n a su disposici\u00f3n como usuario registrado.<\/p>\n\n\n\n<p><strong>Para la ejecuci\u00f3n de un contrato<\/strong>: el desarrollo, cumplimiento y compromiso del contrato de compra de productos, art\u00edculos o servicios que Usted haya adquirido o cualquier otro contrato con Nosotros a trav\u00e9s del Servicio.<\/p>\n\n\n\n<p><strong>Para contactar con Usted<\/strong><strong>:<\/strong> Para contactarlo por correo electr\u00f3nico, tel\u00e9fono, Mensaje de texto u otras formas de comunicaci\u00f3n electr\u00f3nicas equivalentes, como las notificaciones push relativas a actualizaciones o comunicaciones informativas relacionadas con funciones, productos o servicios contratados, incluyendo las actualizaciones de seguridad, cuando sea necesario o razonable para su implementaci\u00f3n.<\/p>\n\n\n\n<p><strong>Para presentarle novedades<\/strong>, ofertas especiales e informaci\u00f3n general sobre otros bienes, servicios y eventos que ofrecemos que sean similares a aquellos que ya compr\u00f3 o de los que solicit\u00f3 informaci\u00f3n, a menos que haya optado por no recibir dicha informaci\u00f3n.<\/p>\n\n\n\n<p><strong>Para gestionar sus solicitudes:<\/strong> Para que atendamos y gestionemos sus solicitudes.<\/p>\n\n\n\n<p><strong>Para transferencias de negocios:<\/strong> Podemos utilizar su informaci\u00f3n para evaluar o realizar una fusi\u00f3n, desinversi\u00f3n, reestructuraci\u00f3n, reorganizaci\u00f3n, disoluci\u00f3n u otra venta o transferir algunos o todos nuestros bienes, ya sea como una empresa en marcha o como parte de la bancarrota, liquidaci\u00f3n o procedimiento similar, en el que los datos personales en nuestro poder sobre nuestros usuarios del Servicio se encuentran entre los activos transferidos<\/p>\n\n\n\n<p>Para otros fines: Podemos utilizar su informaci\u00f3n para otros fines, como an\u00e1lisis de datos, identificaci\u00f3n de las tendencias de uso, determinaci\u00f3n de la efectividad de nuestras campa\u00f1as promocionales y para evaluar y mejorar nuestro Servicio, productos, marketing y su experiencia.<\/p>\n\n\n\n<p>Podemos compartir su informaci\u00f3n personal en las siguientes situaciones:<\/p>\n\n\n\n<ul class=\"wp-block-list\">\n<li><strong>Con Proveedores de Servicios:<\/strong> Podemos compartir su informaci\u00f3n personal con Proveedores de Servicios para supervisar y analizar el uso de nuestro Servicio, para ponernos en contacto con usted.<\/li>\n\n\n\n<li><strong>Para transferencias de negocios:<\/strong> Podemos compartir o transferir su informaci\u00f3n personal en relaci\u00f3n con, o durante negociaciones de fusi\u00f3n, venta de los activos de la Compa\u00f1\u00eda, financiaci\u00f3n o adquisici\u00f3n de todo o parte de nuestra Compa\u00f1\u00eda por parte de otra.<\/li>\n\n\n\n<li><strong>Con Afiliados:<\/strong> Podemos compartir su informaci\u00f3n personal con Nuestros afiliados, en cuyo caso exigiremos a dichos afiliados que respeten esta Pol\u00edtica de Privacidad. Los afiliados incluyen nuestra compa\u00f1\u00eda matriz y cualquier otra subsidiaria, socios de joint venture u otras compa\u00f1\u00edas que controlamos o que est\u00e1n bajo control com\u00fan junto con nosotros.<\/li>\n\n\n\n<li><strong>Con socios comerciales:<\/strong> Podemos compartir su informaci\u00f3n personal con nuestros socios comerciales para ofrecerle determinados productos, servicios o promociones.<\/li>\n\n\n\n<li><strong>Con otros usuarios<\/strong>: cuando Usted comparte su informaci\u00f3n personal o de alg\u00fan modo interact\u00faa en \u00e1reas p\u00fablicas con otros usuarios, dicha informaci\u00f3n puede ser vista por todos los usuarios y, de manera externa, puede distribuirse p\u00fablicamente. Si Usted interact\u00faa con otros usuarios o se registra a trav\u00e9s de un Servicio de Terceros, sus contactos en el Servicio de terceros pueden ver su nombre, perfil, im\u00e1genes, ubicaci\u00f3n y descripci\u00f3n de su actividad. Del mismo modo, otros usuarios podr\u00e1n ver las descripciones de su actividad, comunicar con Usted y ver su perfil.<\/li>\n\n\n\n<li><strong>Con su autorizaci\u00f3n<\/strong>: Con su autorizaci\u00f3n podemos divulgar su informaci\u00f3n personal con cualquier otro prop\u00f3sito.<\/li>\n<\/ul>\n\n\n\n<h2 class=\"wp-block-heading\"><a>Conservaci\u00f3n de sus Datos Personales<\/a><\/h2>\n\n\n\n<p>La Compa\u00f1\u00eda conservar\u00e1 los Datos de su Perfil Personal tanto como sea necesario para los fines establecidos en esta Pol\u00edtica de Privacidad. Conservaremos y utilizaremos los Datos de su Perfil Personal en la medida necesaria para cumplir con nuestras obligaciones legales (por ejemplo, si estamos obligados a conservar sus datos para cumplir con las leyes aplicables), resolver disputas y hacer cumplir nuestros acuerdos y pol\u00edticas legales. Bajo el Oceanic+ Free Plan, la compa\u00f1\u00eda solo conservar\u00e1 informaci\u00f3n sobre sus \u00faltimas 12 actividades registradas.&nbsp; El usuario puede registrar un n\u00famero ilimitado de actividades bajo Oceanic+ Suscripci\u00f3n y Planes Diarios.&nbsp; La informaci\u00f3n registrada ser\u00e1 accesible durante un per\u00edodo de 365 d\u00edas (1 a\u00f1o) sin suscripci\u00f3n de pago.<br><br><\/p>\n\n\n\n<h2 class=\"wp-block-heading\">Transferencia de sus datos personales<\/h2>\n\n\n\n<p>Su informaci\u00f3n, incluidos los Datos Personales, se procesa a trav\u00e9s de las oficinas operativas de la Compa\u00f1\u00eda y en cualquier otro lugar donde las partes involucradas en el proceso est\u00e9n situadas. Esto significa que dicha informaci\u00f3n puede ser transferida a \u2014&nbsp; y mantenida en \u2014&nbsp; ordenadores situados fuera de su estado, provincia, pa\u00eds u otra jurisdicci\u00f3n gubernamental donde la legislaci\u00f3n de protecci\u00f3n de los datos puede diferir de aquella de su jurisdicci\u00f3n.<\/p>\n\n\n\n<p>Su consentimiento a esta Pol\u00edtica de Privacidad junto con el env\u00edo de dicha informaci\u00f3n implica su aceptaci\u00f3n a dicha transferencia.<\/p>\n\n\n\n<p>La Compa\u00f1\u00eda tomar\u00e1 todas las medidas razonablemente necesarias para garantizar que sus datos sean tratados de forma segura y de acuerdo con esta Pol\u00edtica de Privacidad y no se realizar\u00e1 ninguna transferencia de sus Datos Personales a una organizaci\u00f3n o un pa\u00eds a menos que existan controles adecuados que incluyan la seguridad de sus datos y de otra informaci\u00f3n personal.<\/p>\n\n\n\n<h2 class=\"wp-block-heading\">Divulgaci\u00f3n de sus Datos Personales<\/h2>\n\n\n\n<h3 class=\"wp-block-heading\">Transacciones Comerciales<\/h3>\n\n\n\n<p>Si la Compa\u00f1\u00eda participa en una fusi\u00f3n, adquisici\u00f3n o venta de activos, sus Datos Personales pueden ser transferidos. Le enviaremos un aviso antes de que sus Datos Personales sean transferidos y queden sujetos a una Pol\u00edtica de Privacidad diferente.<\/p>\n\n\n\n<h3 class=\"wp-block-heading\">Aplicaci\u00f3n de la ley<\/h3>\n\n\n\n<p>Bajo determinadas circunstancias, la Compa\u00f1\u00eda puede verse obligada a divulgar sus Datos Personales si as\u00ed lo solicita la ley o en respuesta a solicitudes v\u00e1lidas por parte de la autoridad p\u00fablica (ej.: un tribunal o una agencia gubernamental).<\/p>\n\n\n\n<h3 class=\"wp-block-heading\">Otros requerimientos legales<\/h3>\n\n\n\n<p>La Compa\u00f1\u00eda puede divulgar sus Datos Personales de buena fe, considerando que tal acci\u00f3n sea necesaria para:<\/p>\n\n\n\n<ul class=\"wp-block-list\">\n<li>Cumplir con una obligaci\u00f3n legal<\/li>\n\n\n\n<li>Proteger y defender los derechos y propiedades de la Compa\u00f1\u00eda<\/li>\n\n\n\n<li>Prevenir o investigar posibles irregularidades en relaci\u00f3n con el Servicio<\/li>\n\n\n\n<li>Proteger la seguridad personal de los Usuarios del Servicio o del p\u00fablico<\/li>\n\n\n\n<li>Como protecci\u00f3n contra la responsabilidad legal<\/li>\n<\/ul>\n\n\n\n<h2 class=\"wp-block-heading\">Seguridad de sus Datos Personales<\/h2>\n\n\n\n<p>La seguridad de sus Datos Personales es importante para nosotros, pero recuerde que ning\u00fan m\u00e9todo de transmisi\u00f3n a trav\u00e9s de Internet o m\u00e9todo de almacenamiento electr\u00f3nico es 100% seguro. Si bien nos esforzamos en utilizar medios comercialmente aceptables para proteger sus Datos Personales, no podemos garantizar su seguridad absoluta.<\/p>\n\n\n\n<p>Privacidad de los menores<\/p>\n\n\n\n<p>Solicitamos que aquellas personas que sean menores de 13 a\u00f1os en los EE.UU. y menores de 16 en el resto del mundo no nos proporcionen datos personales. No recopilamos intencionalmente informaci\u00f3n de identificaci\u00f3n personal de personas menores de dichas edades. Si Usted es un progenitor o un tutor y sabe que su hijo nos ha proporcionado Datos Personales, p\u00f3ngase en contacto con nosotros. Si tenemos conocimiento que hemos recopilado datos personales de personas menores de 13 a\u00f1os en los Estados Unidos o menores de 16 a\u00f1os en el resto del mundo sin verificar la autorizaci\u00f3n de los padres, adoptaremos las medidas para eliminar dicha informaci\u00f3n de nuestros servidores.<\/p>\n\n\n\n<p>Si necesitamos depender del consentimiento como base legal para procesar su informaci\u00f3n y su pa\u00eds exige el consentimiento de uno de los progenitores, es posible que necesitemos el consentimiento de sus progenitores antes de recopilar y usar dicha informaci\u00f3n<\/p>\n\n\n\n<p>Enlaces a otras P\u00e1ginas web<\/p>\n\n\n\n<p>Nuestro Servicio puede contener enlaces a otras p\u00e1ginas web que no operan con nosotros. Si Usted hace clic en un enlace de terceros, ser\u00e1 enviado al sitio de ese tercero. Le recomendamos encarecidamente que consulte la Pol\u00edtica de privacidad de cada sitio que visite,<\/p>\n\n\n\n<p>No tenemos control ni nos asumimos ninguna responsabilidad por el contenido, las pol\u00edticas de privacidad o las pr\u00e1cticas de los sitios o servicios de terceros.<\/p>\n\n\n\n<p>Cambios en esta Pol\u00edtica de Privacidad<\/p>\n\n\n\n<p>Podemos actualizar nuestra pol\u00edtica de privacidad de vez en cuando. Le notificaremos cualquier cambio publicando la nueva Pol\u00edtica de Privacidad en esta p\u00e1gina.<\/p>\n\n\n\n<p>Le haremos saber por correo electr\u00f3nico y\/o mediante un aviso destacado en Nuestro Servicio, antes que el cambio entre en vigor y actualice la fecha de &#8220;\u00daltima actualizaci\u00f3n&#8221; en la parte superior de esta Pol\u00edtica de Privacidad.<\/p>\n\n\n\n<p>Le recomendamos que consulte peri\u00f3dicamente esta Pol\u00edtica de Privacidad por cualquier cambio. Los cambios en&nbsp; esta Pol\u00edtica de Privacidad entran en vigor cuando se publican en esta p\u00e1gina.<\/p>\n\n\n\n<p>Cont\u00e1ctanos<\/p>\n\n\n\n<p>Si tiene alguna pregunta o inquietud sobre esta Pol\u00edtica de Privacidad, puede contactarnos:<\/p>\n\n\n\n<p>Por correo electr\u00f3nico: <a href=\"mailto:oceanicplus@huishoutdoors.com\">oceanicplus@huishoutdoors.com<\/a>&nbsp;&nbsp;&nbsp;<\/p>\n\n\n\n<p>Visitando esta p\u00e1gina en nuestro sitio web: <a href=\"http:\/\/www.Oceanicworldwide.com\/Swimconformity\">http:\/\/www.oceanicworldwide.com\/oceanicplus<\/a>&nbsp;<\/p>\n","protected":false},"excerpt":{"rendered":"<p>Oceanic + y Sus datos Esta Pol\u00edtica de Privacidad describe nuestras pol\u00edticas y procedimientos sobre la recopilaci\u00f3n, uso y divulgaci\u00f3n de su informaci\u00f3n cuando utiliza el Servicio y le informa sobre sus derechos de privacidad y sobre c\u00f3mo la legislaci\u00f3n lo protege. Nosotros utilizamos sus Datos Personales para ofrecer y mejorar el Servicio. Al utilizar [&hellip;]<\/p>\n","protected":false},"author":11,"featured_media":730,"parent":0,"menu_order":0,"comment_status":"closed","ping_status":"closed","template":"","meta":{"_acf_changed":false,"footnotes":""},"class_list":["post-697","page","type-page","status-publish","has-post-thumbnail","hentry"],"acf":[],"_links":{"self":[{"href":"https:\/\/eu.oceanicworldwide.com\/es\/wp-json\/wp\/v2\/pages\/697","targetHints":{"allow":["GET"]}}],"collection":[{"href":"https:\/\/eu.oceanicworldwide.com\/es\/wp-json\/wp\/v2\/pages"}],"about":[{"href":"https:\/\/eu.oceanicworldwide.com\/es\/wp-json\/wp\/v2\/types\/page"}],"author":[{"embeddable":true,"href":"https:\/\/eu.oceanicworldwide.com\/es\/wp-json\/wp\/v2\/users\/11"}],"replies":[{"embeddable":true,"href":"https:\/\/eu.oceanicworldwide.com\/es\/wp-json\/wp\/v2\/comments?post=697"}],"version-history":[{"count":0,"href":"https:\/\/eu.oceanicworldwide.com\/es\/wp-json\/wp\/v2\/pages\/697\/revisions"}],"wp:featuredmedia":[{"embeddable":true,"href":"https:\/\/eu.oceanicworldwide.com\/es\/wp-json\/wp\/v2\/media\/730"}],"wp:attachment":[{"href":"https:\/\/eu.oceanicworldwide.com\/es\/wp-json\/wp\/v2\/media?parent=697"}],"curies":[{"name":"wp","href":"https:\/\/api.w.org\/{rel}","templated":true}]}}