{"id":1642,"date":"2023-08-29T06:30:02","date_gmt":"2023-08-29T06:30:02","guid":{"rendered":"https:\/\/huisheuro.wpengine.com\/oceanic-dive-housing\/"},"modified":"2024-06-07T18:36:03","modified_gmt":"2024-06-07T18:36:03","slug":"oceanic-dive-housing","status":"publish","type":"page","link":"https:\/\/eu.oceanicworldwide.com\/es\/","title":{"rendered":"Oceanic+ Dive Housing"},"content":{"rendered":"\n<div class=\"wp-block-cover home-banner-video\" style=\"min-height:870px;aspect-ratio:unset;\"><span aria-hidden=\"true\" class=\"wp-block-cover__background has-background-dim wp-block-cover__gradient-background has-background-gradient\" style=\"background-color:#2d7bb1;background:linear-gradient(90deg,rgb(255,255,255) 0%,rgba(255,255,255,0.23) 42%,rgba(155,81,224,0) 100%)\"><\/span><img loading=\"lazy\" decoding=\"async\" width=\"2048\" height=\"928\" class=\"wp-block-cover__image-background wp-image-2203\" alt=\"\" src=\"https:\/\/eu.oceanicworldwide.com\/wp-content\/uploads\/2024\/06\/Oceanic-Home-Page-Main-Header-RedDot-ALT.jpg\" data-object-fit=\"cover\" srcset=\"https:\/\/eu.oceanicworldwide.com\/wp-content\/uploads\/2024\/06\/Oceanic-Home-Page-Main-Header-RedDot-ALT.jpg 2048w, https:\/\/eu.oceanicworldwide.com\/wp-content\/uploads\/2024\/06\/Oceanic-Home-Page-Main-Header-RedDot-ALT-300x136.jpg 300w, https:\/\/eu.oceanicworldwide.com\/wp-content\/uploads\/2024\/06\/Oceanic-Home-Page-Main-Header-RedDot-ALT-1024x464.jpg 1024w, https:\/\/eu.oceanicworldwide.com\/wp-content\/uploads\/2024\/06\/Oceanic-Home-Page-Main-Header-RedDot-ALT-768x348.jpg 768w, https:\/\/eu.oceanicworldwide.com\/wp-content\/uploads\/2024\/06\/Oceanic-Home-Page-Main-Header-RedDot-ALT-1536x696.jpg 1536w, https:\/\/eu.oceanicworldwide.com\/wp-content\/uploads\/2024\/06\/Oceanic-Home-Page-Main-Header-RedDot-ALT-600x272.jpg 600w\" sizes=\"auto, (max-width: 2048px) 100vw, 2048px\" \/><div class=\"wp-block-cover__inner-container is-layout-flow wp-block-cover-is-layout-flow\">\n<div class=\"wp-block-group alignfull\"><div class=\"wp-block-group__inner-container is-layout-flow wp-block-group-is-layout-flow\">\n<div class=\"container px-0\">\n<div class=\"row\">\n<div class=\"col\">\n<figure class=\"wp-block-image size-full\"><img decoding=\"async\" src=\"https:\/\/www.oceanicworldwide.com\/wp-content\/uploads\/sites\/6\/2023\/08\/OceanicPlus_Blue_WordMarkOnlyrgb-1-2.png\" alt=\"\" class=\"wp-image-114802\"\/><\/figure>\n\n\n\n<figure class=\"wp-block-image size-large is-resized pt-3\"><img loading=\"lazy\" decoding=\"async\" width=\"1024\" height=\"600\" src=\"https:\/\/eu.oceanicworldwide.com\/wp-content\/uploads\/2024\/06\/PD2024_RD_t-1024x600.png\" alt=\"\" class=\"wp-image-2214\" style=\"width:195px\" srcset=\"https:\/\/eu.oceanicworldwide.com\/wp-content\/uploads\/2024\/06\/PD2024_RD_t-1024x600.png 1024w, https:\/\/eu.oceanicworldwide.com\/wp-content\/uploads\/2024\/06\/PD2024_RD_t-300x176.png 300w, https:\/\/eu.oceanicworldwide.com\/wp-content\/uploads\/2024\/06\/PD2024_RD_t-768x450.png 768w, https:\/\/eu.oceanicworldwide.com\/wp-content\/uploads\/2024\/06\/PD2024_RD_t-1536x900.png 1536w, https:\/\/eu.oceanicworldwide.com\/wp-content\/uploads\/2024\/06\/PD2024_RD_t-600x352.png 600w, https:\/\/eu.oceanicworldwide.com\/wp-content\/uploads\/2024\/06\/PD2024_RD_t.png 1613w\" sizes=\"auto, (max-width: 1024px) 100vw, 1024px\" \/><\/figure>\n\n\n\n<p class=\"has-text-align-left my-2 my-md-0 mb-md-5 mt-md-2 has-black-color has-text-color has-large-font-size\">Dive Housing<\/p>\n\n\n\n<a class=\"btn btn-lg btn-success bg-transparent border-0 p-0 font-weight-bold\" href=\"https:\/\/eu.oceanicworldwide.com\/es\/producto\/oceanic-dive-housing\/\" role=\"button\">Realizar pedido ><\/a>\n<\/div>\n\n\n\n<div class=\"col\"><\/div>\n<\/div>\n<\/div>\n<\/div><\/div>\n<\/div><\/div>\n\n\n\n<div class=\"container\">\n<div class=\"row\">\n<div class=\"col text-center mx-auto mb-5 pb-4\">\n<h3 class=\"wp-block-heading has-text-align-center pb-3 pt-6 has-text-color has-x-large-font-size\" style=\"color:#0075ff;font-style:normal;font-weight:700\">Oceanic+ Dive Housing<\/h3>\n\n\n\n<p>\u00a1Ahora puedes utilizar tu iPhone como c\u00e1mara submarina y como ordenador de buceo!<\/p>\n\n\n\n<p>Oceanic+ Dive Housing es una carcasa pendiente de patente que te permite tomar excelentes fotograf\u00edas con correcci\u00f3n autom\u00e1tica del color en tu iPhone cuando practiques buceo o durante cualquier aventura en el agua.<\/p>\n\n\n\n<a class=\"btn btn-lg btn-secondary px-6 py-2 mb-3 mb-xl4\" href=\"https:\/\/eu.oceanicworldwide.com\/es\/producto\/oceanic-dive-housing\/\" role=\"button\">Realizar Pedido<\/a>\n\n\n<div class=\"wp-block-image mt-lg-3\">\n<figure class=\"aligncenter size-medium\"><img decoding=\"async\" src=\"https:\/\/eu.oceanicworldwide.com\/wp-content\/uploads\/2023\/09\/dive-housing-300x173-1.jpg\" alt=\"\" class=\"wp-image-117852\"\/><\/figure>\n<\/div>\n\n\n<p><\/p>\n<\/div>\n<\/div>\n<\/div>\n","protected":false},"excerpt":{"rendered":"","protected":false},"author":11,"featured_media":397,"parent":0,"menu_order":0,"comment_status":"open","ping_status":"open","template":"page-fullwidth-fluid.php","meta":{"_acf_changed":false,"footnotes":""},"class_list":["post-1642","page","type-page","status-publish","has-post-thumbnail","hentry"],"acf":[],"_links":{"self":[{"href":"https:\/\/eu.oceanicworldwide.com\/es\/wp-json\/wp\/v2\/pages\/1642","targetHints":{"allow":["GET"]}}],"collection":[{"href":"https:\/\/eu.oceanicworldwide.com\/es\/wp-json\/wp\/v2\/pages"}],"about":[{"href":"https:\/\/eu.oceanicworldwide.com\/es\/wp-json\/wp\/v2\/types\/page"}],"author":[{"embeddable":true,"href":"https:\/\/eu.oceanicworldwide.com\/es\/wp-json\/wp\/v2\/users\/11"}],"replies":[{"embeddable":true,"href":"https:\/\/eu.oceanicworldwide.com\/es\/wp-json\/wp\/v2\/comments?post=1642"}],"version-history":[{"count":0,"href":"https:\/\/eu.oceanicworldwide.com\/es\/wp-json\/wp\/v2\/pages\/1642\/revisions"}],"wp:featuredmedia":[{"embeddable":true,"href":"https:\/\/eu.oceanicworldwide.com\/es\/wp-json\/wp\/v2\/media\/397"}],"wp:attachment":[{"href":"https:\/\/eu.oceanicworldwide.com\/es\/wp-json\/wp\/v2\/media?parent=1642"}],"curies":[{"name":"wp","href":"https:\/\/api.w.org\/{rel}","templated":true}]}}