{"id":1248,"date":"2023-09-14T17:24:07","date_gmt":"2023-09-14T17:24:07","guid":{"rendered":"https:\/\/huisheuro.wpengine.com\/?page_id=1248"},"modified":"2023-11-28T19:11:20","modified_gmt":"2023-11-28T19:11:20","slug":"politica-de-privacidad-de-oceanic","status":"publish","type":"page","link":"https:\/\/eu.oceanicworldwide.com\/es\/politica-de-privacidad-de-oceanic\/","title":{"rendered":"Pol\u00edtica de privacidad de Oceanic"},"content":{"rendered":"\n<p><strong>Pol\u00edtica de privacidad<\/strong><strong><\/strong><\/p>\n\n\n\n<p>Esta pol\u00edtica de privacidad se ha redactado para atender mejor a quienes est\u00e1n preocupados por el modo en que su informaci\u00f3n de identificaci\u00f3n personal (PII, por sus siglas en ingl\u00e9s) se utiliza online. La PII es informaci\u00f3n que se puede utilizar a solas o junto con otra informaci\u00f3n para identificar, contactar o localizar a una persona, o para identificar a una persona en contexto. Lea detenidamente nuestra pol\u00edtica de privacidad para comprender bien c\u00f3mo recopilamos, utilizamos, protegemos o procesamos de cualquier otro modo su informaci\u00f3n de identificaci\u00f3n personal de acuerdo con nuestro sitio web.<\/p>\n\n\n\n<p><strong>\u00bfQU\u00c9 INFORMACI\u00d3N PERSONAL RECOPILAMOS DE LAS PERSONAS QUE VISITAN NUESTRO SITIO WEB?<\/strong><\/p>\n\n\n\n<p>Cuando realice alg\u00fan pedido o se registre en nuestro sitio web, seg\u00fan proceda, es posible que se le pida que introduzca su nombre, direcci\u00f3n de correo electr\u00f3nico, direcci\u00f3n de correo postal, n\u00famero de tel\u00e9fono, datos de la tarjeta de cr\u00e9dito u otros datos para mejorar su experiencia en nuestro sitio web.<\/p>\n\n\n\n<p><strong>\u00bfCU\u00c1NDO RECOPILAMOS INFORMACI\u00d3N?<\/strong><\/p>\n\n\n\n<p>Recopilamos informaci\u00f3n suya cuando realiza un pedido, se suscribe a una newsletter, rellena un formulario o introduce informaci\u00f3n en nuestro sitio para darnos su opini\u00f3n sobre nuestros productos o servicios.&nbsp;<\/p>\n\n\n\n<p><strong>\u00bfC\u00d3MO UTILIZAMOS SU INFORMACI\u00d3N?<\/strong><\/p>\n\n\n\n<p>Es posible que utilicemos la informaci\u00f3n que recopilamos cuando se registra, realiza una compra, se suscribe a nuestra newsletter, responde a una encuesta o comunicaci\u00f3n de marketing, navega por el sitio web o utiliza determinadas funciones del sitio web de los siguientes modos:<\/p>\n\n\n\n<ul class=\"wp-block-list\">\n<li>Para personalizar su experiencia y poder ofrecerle el tipo de contenido y productos en los que est\u00e9 m\u00e1s interesado.<\/li>\n\n\n\n<li>Para mejorar nuestro sitio web y prestarle un mejor servicio.<\/li>\n\n\n\n<li>Para poder atenderle mejor en respuesta a sus solicitudes de atenci\u00f3n al cliente.<\/li>\n\n\n\n<li>Para administrar un concurso, promoci\u00f3n, encuesta u otra funci\u00f3n del sitio web.<\/li>\n\n\n\n<li>Para procesar r\u00e1pidamente sus transacciones.<\/li>\n\n\n\n<li>Para solicitar valoraciones y rese\u00f1as sobre nuestros servicios o productos.<\/li>\n<\/ul>\n\n\n\n<p><strong>\u00bfC\u00d3MO PROTEGEMOS SU INFORMACI\u00d3N?<\/strong><\/p>\n\n\n\n<p>Nuestro sitio web es revisado de forma regular para detectar brechas de seguridad y vulnerabilidades conocidas a fin de que su visita sea lo m\u00e1s segura posible.<\/p>\n\n\n\n<p>No utilizamos escaneado de malware.<\/p>\n\n\n\n<p>Su informaci\u00f3n personal se almacena tras redes seguras y solo es accesible para un n\u00famero limitado de personas con derechos especiales de acceso a dichos sistemas, quienes adem\u00e1s deben mantener la confidencialidad de dicha informaci\u00f3n. Adem\u00e1s, toda la informaci\u00f3n sensible y de cr\u00e9dito que nos proporciona est\u00e1 cifrada mediante tecnolog\u00eda Secure Socket Layer (SSL).<\/p>\n\n\n\n<p>Implementamos distintas medidas de seguridad cuando un usuario realiza un pedido, introduce o env\u00eda informaci\u00f3n o accede a su informaci\u00f3n para mantener la seguridad de sus datos personales.<\/p>\n\n\n\n<p>Todas las transacciones se procesan a trav\u00e9s de un proveedor de puerta de enlace y no se almacenan ni procesan en nuestros servidores.<\/p>\n\n\n\n<p><strong>\u00bfUTILIZAMOS COOKIES?<\/strong><\/p>\n\n\n\n<p>Este sitio web emplea cookies. Utilizamos cookies para personalizar el contenido y los anuncios, para ofrecer funciones para redes sociales y para analizar nuestro tr\u00e1fico. Tambi\u00e9n compartimos informaci\u00f3n sobre el uso que usted hace de nuestro sitio web con nuestros socios de redes sociales, publicidad y an\u00e1lisis que pueden combinarla con otra informaci\u00f3n que usted les haya proporcionado o que hayan recopilado a trav\u00e9s del uso que usted haya hecho de sus servicios. Si usted continua usando nuestro sitio web, estar\u00e1 prestando consentimiento a nuestras cookies.<\/p>\n\n\n\n<p>Las cookies son peque\u00f1os archivos de texto que los sitios web pueden utilizar para que la experiencia del usuario sea m\u00e1s eficiente.<br><br>La ley establece que podemos almacenar cookies en su dispositivo si son estrictamente necesarias para el uso de este sitio web. Para los dem\u00e1s tipos de cookies, necesitamos su permiso.<br><br>Este sitio web emplea distintos tipos de cookies. Algunas cookies las colocan servicios de terceros que aparecen en nuestras p\u00e1ginas.<br><br>Puede cambiar o retirar su consentimiento a la declaraci\u00f3n de cookies en nuestro sitio web en cualquier momento.<br><br>Encontrar\u00e1 m\u00e1s informaci\u00f3n sobre nosotros, c\u00f3mo contactarnos y c\u00f3mo procesamos los datos personales en nuestra Pol\u00edtica de privacidad.<\/p>\n\n\n\n<p>Su consentimiento es aplicable a los siguientes dominios: <a href=\"http:\/\/www.oceanicworldwide.com\">www.oceanicworldwide.com<\/a> y www.eu.oceanicworldwide.com<\/p>\n\n\n\n<p>\u00daltima actualizaci\u00f3n de la declaraci\u00f3n de cookies el 24\/7\/23 por&nbsp;<a href=\"https:\/\/www.cookiebot.com\/\" target=\"_blank\" rel=\"noreferrer noopener\">Cookiebot<\/a>:<\/p>\n\n\n\n<p><strong>REVELACI\u00d3N A TERCEROS<\/strong><\/p>\n\n\n\n<p>No vendemos, comercializamos ni transferimos de ning\u00fan otro modo a partes ajenas su informaci\u00f3n de identificaci\u00f3n personal a menos que demos a los usuarios aviso por adelantado. Esto no incluye a nuestros socios de alojamiento del sitio web ni a otras partes que nos ayudan en el funcionamiento de nuestro sitio web, encarg\u00e1ndose de nuestras operaciones comerciales o de atender a nuestros usuarios, siempre que dichas partes acepten mantener la confidencialidad de esta informaci\u00f3n. Tambi\u00e9n es posible que revelemos informaci\u00f3n cuando sea apropiado para cumplir con la legislaci\u00f3n vigente, hacer cumplir las pol\u00edticas de nuestro sitio web o proteger nuestros derechos, propiedades o seguridad o los de otros.&nbsp;<\/p>\n\n\n\n<p>No obstante, es posible que proporcionemos a otras partes la informaci\u00f3n de los visitantes que no sea de identificaci\u00f3n personal para fines de marketing, publicidad u otros usos.<\/p>\n\n\n\n<p><strong>ENLACES DE TERCEROS<\/strong><\/p>\n\n\n\n<p>No incluimos ni ofrecemos productos o servicios de terceros en nuestro sitio web.<\/p>\n\n\n\n<p><strong>GOOGLE<\/strong><\/p>\n\n\n\n<p>Los requisitos de publicidad de Google se resumen en los Principios de publicidad de Google. Su finalidad es ofrecer una experiencia positiva a los usuarios.<\/p>\n\n\n\n<p><a href=\"https:\/\/support.google.com\/adwordspolicy\/answer\/1316548?hl=en\">https:\/\/support.google.com\/adwordspolicy\/answer\/1316548?hl=en<\/a><\/p>\n\n\n\n<p>Utilizamos Google AdSense Advertising en nuestro sitio web.<\/p>\n\n\n\n<p>Google, como proveedor tercero, emplea cookies para presentar anuncios en nuestro sitio web. El uso por parte de Google de la cookie DART le permite presentar anuncios a nuestros usuarios bas\u00e1ndose en visitas anteriores a nuestro sitio web y a otros sitios de Internet. Los usuarios pueden rechazar el uso de la cookie DART visitando la pol\u00edtica de privacidad de anuncios y contenido de red de Google.<\/p>\n\n\n\n<p><strong>HEMOS IMPLEMENTADO LO SIGUIENTE:<\/strong><\/p>\n\n\n\n<ul class=\"wp-block-list\">\n<li>Remarketing with Google AdSense<\/li>\n\n\n\n<li>Google Display Network Impression Reporting<\/li>\n\n\n\n<li>Demographics and Interests Reporting<\/li>\n\n\n\n<li>Facebook conversion tracking pixel<\/li>\n<\/ul>\n\n\n\n<p>Utilizamos \u201cvisitor action pixels\u201d de Facebook Inc (1 Hacker Way, Menlo Park, CA 94025, EE.UU. o, si se encuentra usted en la Uni\u00f3n Europea, Facebook Ireland Ltd., 4 Grand Canal Square, Grand Canal Harbour, Dublin 2, Irlanda (\u201cFacebook\u201d)) en nuestro sitio web.<\/p>\n\n\n\n<p>Esto permite realizar un seguimiento del comportamiento del usuario tras ser redirigido al sitio web del proveedor al hacer clic en un anuncio de Facebook. Esto nos permite medir la efectividad de los anuncios de Facebook para fines estad\u00edsticos y de investigaci\u00f3n de mercado. Los datos recopilados de este modo son an\u00f3nimos ante nosotros, es decir, no vemos los datos personales de los usuarios individuales. No obstante, estos datos son almacenados y procesados por Facebook y por eso le informamos a partir de nuestros conocimientos sobre la situaci\u00f3n. Facebook podr\u00eda vincular esta informaci\u00f3n con su cuenta de Facebook y utilizarla para sus propios fines promocionales, de acuerdo con la pol\u00edtica de uso de datos de Facebook https:\/\/www.facebook.com\/about\/privacy\/. Puede permitir a Facebook y a sus socios que presenten anuncios dentro y fuera de Facebook. Tambi\u00e9n es posible que se almacene una cookie en su ordenador para tales fines.<\/p>\n\n\n\n<p>La base legal para el uso de este servicio es el Art. 6, apartado 1, frase 1, letra f del GDPR. Puede oponerse a la recopilaci\u00f3n de sus datos por parte de Facebook pixel, o al uso de sus datos para los fines de mostrar anuncios de Facebook poni\u00e9ndose en contacto con la siguiente direcci\u00f3n: https:\/\/www.facebook.com\/settings?tab=ads.<\/p>\n\n\n\n<p>Facebook est\u00e1 certificado en virtud del acuerdo de Escudo de la privacidad, por lo que garantiza el cumplimiento de la legislaci\u00f3n europea de protecci\u00f3n de datos (<a href=\"https:\/\/www.privacyshield.gov\/participant?id=a2zt0000000GnywAAC&amp;status=Active)\">https:\/\/www.privacyshield.gov\/participant?id=a2zt0000000GnywAAC&amp;status=Active)<\/a>.<\/p>\n\n\n\n<p>Nosotros, al igual que proveedores terceros como Google, utilizamos cookies de origen (como las cookies de Google Analytics) y cookies de terceros (como la cookie DoubleClick) u otros identificadores de terceros para recopilar datos relacionados con las interacciones de los usuarios con impresiones publicitarias y otras funciones de servicios publicitarios en la medida en que est\u00e9n relacionados con nuestro sitio web.<\/p>\n\n\n\n<p><strong>OPOSICI\u00d3N:<\/strong><\/p>\n\n\n\n<p>Los usuarios pueden definir sus preferencias para el modo en que Google les presenta publicidad utilizando la p\u00e1gina Configuraci\u00f3n de anuncios de Google. Tambi\u00e9n pueden oponerse visitando la p\u00e1gina Network Advertising Initiative Opt Out o utilizando el complemento Google Analytics Opt Out Browser.<\/p>\n\n\n\n<p><strong>SE LE NOTIFICAR\u00c1 SOBRE CUALQUIER CAMBIO EN LA POL\u00cdTICA DE PRIVACIDAD:<\/strong><\/p>\n\n\n\n<p><strong>&nbsp;<\/strong>En la p\u00e1gina de nuestra Pol\u00edtica de privacidad<\/p>\n\n\n\n<p><strong>PUEDE MODIFICAR SU INFORMACI\u00d3N PERSONAL:<\/strong><\/p>\n\n\n\n<p><strong>&nbsp;<\/strong>Solicitando el cambio por correo electr\u00f3nico: Privacy@huishoutdoors.com<\/p>\n\n\n\n<p><strong>\u00bfC\u00d3MO GESTIONA NUESTRO SITIO WEB LAS SE\u00d1ALES DO NOT TRACK?<\/strong><\/p>\n\n\n\n<p>Respetamos las se\u00f1ales Do Not Track y no realizamos ning\u00fan seguimiento, no colocamos cookies y no utilizamos publicidad cuando existe un mecanismo Do Not Track (DNT) en el navegador.<\/p>\n\n\n\n<p><strong>\u00bfPERMITE NUESTRO SITIO WEB EL SEGUIMIENTO COMPORTAMENTAL POR PARTE DE TERCEROS?<\/strong><\/p>\n\n\n\n<p>Es importante tener en cuenta que permitimos el seguimiento comportamental por parte de terceros<\/p>\n\n\n\n<p><strong>COPPA (CHILDREN ONLINE PRIVACY PROTECTION ACT)<\/strong><\/p>\n\n\n\n<p>En lo que respecta a la recopilaci\u00f3n de informaci\u00f3n personal de ni\u00f1os menores de 13 a\u00f1os, la regla Children\u2019s Online Privacy Protection Act (COPPA) pone a los progenitores al control. La Federal Trade Commission, el organismo encargado de la protecci\u00f3n del consumidor de EE.&nbsp;UU., aplica la regla COPPA, que establece lo que los operadores de los sitios web y servicios online deben hacer para proteger la privacidad y la seguridad de los ni\u00f1os online.<\/p>\n\n\n\n<p>No vendemos de forma espec\u00edfica a ni\u00f1os menores de 13 a\u00f1os.<\/p>\n\n\n\n<p><strong>C\u00d3DIGO DE BUENA CONDUCTA EN MATERIA DE INFORMACI\u00d3N<\/strong><\/p>\n\n\n\n<p>Los principios de buena conducta en materia de informaci\u00f3n son el eje central de la legislaci\u00f3n de privacidad de EE.&nbsp;UU. y los conceptos que engloban han desempe\u00f1ado un papel significativo en el desarrollo de las leyes de protecci\u00f3n de datos en todo el mundo. Comprender los principios de buena conducta en materia de informaci\u00f3n y c\u00f3mo se deben implementar es crucial para cumplir las distintas leyes de privacidad que protegen la informaci\u00f3n personal.<\/p>\n\n\n\n<p><strong>Para respetar el c\u00f3digo de buena conducta en materia de informaci\u00f3n responderemos con las siguientes acciones en caso de filtraci\u00f3n de informaci\u00f3n:<\/strong><\/p>\n\n\n\n<p><strong>Le notificaremos por correo electr\u00f3nico:<\/strong><\/p>\n\n\n\n<p>Dentro de un plazo de 7 d\u00edas laborales<\/p>\n\n\n\n<p>Tambi\u00e9n respaldamos el principio de reparaci\u00f3n personal, que requiere que las personas tengan derecho a tomar medidas legales contra los recopiladores y procesadores de datos que incumplan la ley. Este principio requiere no solo que las personas tengan derecho a tomar medidas legales contra los usuarios de datos, sino tambi\u00e9n que las personas tengan acceso a tribunales y organismos gubernamentales para investigar y enjuiciar el incumplimiento por parte de los procesadores de datos.<\/p>\n\n\n\n<p><strong>CAN SPAM ACT<\/strong><\/p>\n\n\n\n<p>CAN-SPAM Act es la ley que se\u00f1ala las reglas de los mensajes de correo electr\u00f3nico comerciales, establece los requisitos para los mensajes comerciales, concede a los destinatarios el derecho a dejar de recibir correos electr\u00f3nicos y dicta graves sanciones en caso de incumplimiento.<\/p>\n\n\n\n<p><strong>Recopilamos su direcci\u00f3n de correo electr\u00f3nico para:<\/strong><\/p>\n\n\n\n<ul class=\"wp-block-list\">\n<li>Enviar informaci\u00f3n, responder a consultas y\/u otras solicitudes o preguntas<\/li>\n\n\n\n<li>Procesar pedidos y enviar informaci\u00f3n y actualizaciones relacionadas con los pedidos.<\/li>\n\n\n\n<li>Enviarle m\u00e1s informaci\u00f3n relacionada con su producto y\/o servicio<\/li>\n\n\n\n<li>Promocionarnos en nuestra lista de distribuci\u00f3n o seguir enviando correos electr\u00f3nicos a nuestros clientes tras la primera transacci\u00f3n.<\/li>\n<\/ul>\n\n\n\n<p><strong>En virtud de la CANSPAM, aceptamos lo siguiente:<\/strong><\/p>\n\n\n\n<ul class=\"wp-block-list\">\n<li>No utilizar asuntos ni direcciones de correo electr\u00f3nico que sean falsas o enga\u00f1osas.<\/li>\n\n\n\n<li>Identificar el mensaje como un anuncio de forma razonable.<\/li>\n\n\n\n<li>Incluir la direcci\u00f3n f\u00edsica de nuestro negocio o nuestra sede central.<\/li>\n\n\n\n<li>Supervisar los servicios de marketing por correo electr\u00f3nico de terceros, si los hay, para comprobar su cumplimiento.<\/li>\n\n\n\n<li>Respetar las solicitudes de oposici\u00f3n y cancelaci\u00f3n de la suscripci\u00f3n r\u00e1pidamente.<\/li>\n\n\n\n<li>Permitir que los usuarios cancelen la suscripci\u00f3n utilizando el enlace al final de cada correo electr\u00f3nico.<\/li>\n<\/ul>\n\n\n\n<p><strong>Si en alg\u00fan momento desea cancelar su suscripci\u00f3n para dejar de recibir correos electr\u00f3nicos, puede escribirnos por correo electr\u00f3nico a:<\/strong><\/p>\n\n\n\n<p>Siga las instrucciones que encontrar\u00e1 al final de cada mensaje de correo electr\u00f3nico y le eliminaremos r\u00e1pidamente de <strong>TODA<\/strong>&nbsp;correspondencia.<\/p>\n\n\n\n<p><strong>CONTACTO<\/strong><\/p>\n\n\n\n<p>Si tiene preguntas sobre esta pol\u00edtica de privacidad, puede ponerse en contacto con nosotros utilizando los siguientes datos de contacto.<\/p>\n\n\n\n<p>www.oceanicworldwide.com<br>1540 North 2200 West<br>Salt Lake City, Utah 84116<br>EE.&nbsp;UU.<\/p>\n\n\n\n<p><a href=\"mailto:Privacy@huishoutdoors.com\">Privacy@huishoutdoors.com<\/a><\/p>\n\n\n\n<p>\u00daltima modificaci\u00f3n el 09-11-2023<\/p>\n\n\n\n<div class=\"container-fluid\">\n<div class=\"row\">\n<div class=\"col\">\n<h4 class=\"wp-block-heading\">\u00bfUTILIZAMOS COOKIES?<\/h4>\n\n\n\n<script id=\"CookieDeclaration\" src=\"https:\/\/consent.cookiebot.com\/1552aead-e1ab-467d-9b17-f8cd3923101e\/cd.js\" type=\"text\/javascript\" async><\/script>\n<\/div>\n<\/div>\n<\/div>\n","protected":false},"excerpt":{"rendered":"<p>Pol\u00edtica de privacidad Esta pol\u00edtica de privacidad se ha redactado para atender mejor a quienes est\u00e1n preocupados por el modo en que su informaci\u00f3n de identificaci\u00f3n personal (PII, por sus siglas en ingl\u00e9s) se utiliza online. La PII es informaci\u00f3n que se puede utilizar a solas o junto con otra informaci\u00f3n para identificar, contactar o [&hellip;]<\/p>\n","protected":false},"author":11,"featured_media":0,"parent":0,"menu_order":0,"comment_status":"closed","ping_status":"closed","template":"","meta":{"_acf_changed":false,"footnotes":""},"class_list":["post-1248","page","type-page","status-publish","hentry"],"acf":[],"_links":{"self":[{"href":"https:\/\/eu.oceanicworldwide.com\/es\/wp-json\/wp\/v2\/pages\/1248","targetHints":{"allow":["GET"]}}],"collection":[{"href":"https:\/\/eu.oceanicworldwide.com\/es\/wp-json\/wp\/v2\/pages"}],"about":[{"href":"https:\/\/eu.oceanicworldwide.com\/es\/wp-json\/wp\/v2\/types\/page"}],"author":[{"embeddable":true,"href":"https:\/\/eu.oceanicworldwide.com\/es\/wp-json\/wp\/v2\/users\/11"}],"replies":[{"embeddable":true,"href":"https:\/\/eu.oceanicworldwide.com\/es\/wp-json\/wp\/v2\/comments?post=1248"}],"version-history":[{"count":0,"href":"https:\/\/eu.oceanicworldwide.com\/es\/wp-json\/wp\/v2\/pages\/1248\/revisions"}],"wp:attachment":[{"href":"https:\/\/eu.oceanicworldwide.com\/es\/wp-json\/wp\/v2\/media?parent=1248"}],"curies":[{"name":"wp","href":"https:\/\/api.w.org\/{rel}","templated":true}]}}