{"id":852,"date":"2023-09-14T19:36:40","date_gmt":"2023-09-14T19:36:40","guid":{"rendered":"https:\/\/huisheuro.wpengine.com\/product\/oceanic-dive-housing\/"},"modified":"2026-04-15T05:31:05","modified_gmt":"2026-04-15T05:31:05","slug":"oceanic-dive-housing","status":"publish","type":"product","link":"https:\/\/eu.oceanicworldwide.com\/de\/produkt\/oceanic-dive-housing\/","title":{"rendered":"Oceanic+ Dive Housing"},"content":{"rendered":"<p><img loading=\"lazy\" decoding=\"async\" class=\"alignnone size-full wp-image-114912\" src=\"https:\/\/eu.oceanicworldwide.com\/wp-content\/uploads\/2023\/11\/GER-Oceanic-Plus-Dive-Housing-Overview.png\" alt=\"\" width=\"1920\" height=\"1080\" \/><\/p>\n<p>Produktgewicht: 975 g \/ Produktabmessungen: 24.6 cm B x 11.2 cm H x 6.9 cm T<\/p>\n<p>Betriebstemperaturbereich: 4\u00b0 BIS 35\u00b0 C. \u00dcberschreiten Sie niemals die minimale oder maximale Betriebstemperatur Ihres iOS-Ger\u00e4ts.<\/p>\n<p><span style=\"font-family: 'Ubuntu',sans-serif; color: black;\">Was ist im Ersatzteil-Kit enthalten?<\/span><\/p>\n<ul>\n<li>5x Trockenmittelbeutel<\/li>\n<li>1x Schmierfettpackung<\/li>\n<li>1x O-Ring<\/li>\n<li>1x O-Ring-Abzieher<\/li>\n<li>2x Gummist\u00fctzen<\/li>\n<\/ul>\n<p>&nbsp;<\/p>\n","protected":false},"excerpt":{"rendered":"<p><strong><img decoding=\"async\" class=\"alignnone wp-image-130452 size-medium\" src=\"https:\/\/www.oceanicworldwide.com\/wp-content\/uploads\/sites\/6\/2023\/02\/PD2024_RD_t-300x176.png\" alt=\"\" width=\"150\" data-wp-editing=\"1\" \/><\/strong><\/p>\n<p><strong>Ihr<strong style=\"color: #0075ff;\">Tauchgang<\/strong><\/strong><strong>Ihre<strong style=\"color: #0075ff;\">Story<\/strong><\/strong><\/p>\n<p class=\"p1\">Jetzt k\u00f6nnen Sie Ihr iPhone sowohl als Unterwasserkamera als auch als Tauchcomputer verwenden!<\/p>\n<p>Mit dem zum Patent angemeldeten Oceanic+ Dive Housing k\u00f6nnen Sie mit Ihrem iPhone beim Tauchen oder w\u00e4hrend anderen Wassersportabentuer gro\u00dfartige Fotos mit automatischer Farbkorrektur aufnehmen.<\/p>\n<p>Dank der Oceanic+ App und dem Dive Housing wird Ihr iPhone auch zu einem voll funktionsf\u00e4higen Tauchcomputer.<\/p>\n<p>Eine App, ein Abonnement, zwei Ger\u00e4te! Mit der Oceanic+ App k\u00f6nnen Sie dasselbe Abonnement sowohl f\u00fcr die Apple Watch Ultra als auch f\u00fcr das iPhone verwenden. So k\u00f6nnen Sie zwei Ger\u00e4te verwenden, die sich dasselbe Abonnement teilen und sparen so Geld. Au\u00dferdem bietet es mehr Redundanz beim Tauchen sowohl mit der Apple Watch Ultra als auch mit dem iPhone mit Oceanic+ Dive Housing. Am Ende eines jeden Tauchgangs wird der prim\u00e4re Computer f\u00fcr Ihre Tauchdaten ausgew\u00e4hlt.<\/p>\n<p><strong>Sehen Sie sich das Video zur Produkteinf\u00fchrung <a href=\"https:\/\/www.youtube.com\/watch?v=lVRbcagnwkA\"><u>hier <\/u><\/a>an.<\/strong><\/p>\n<p><a href=\"#compatible\"><strong>Ist mein iPhone kompatibel? Sehen Sie hier nach.<\/strong><\/a><\/p>\n<p><strong>Nur zur Bestellung in L\u00e4ndern der Europ\u00e4ischen Union verf\u00fcgbar.<\/strong><\/p>\n<p>F\u00fcr internationale Standorte <a href=\"https:\/\/www.oceanicworldwide.com\/international\/\"><u>klicken Sie hier,<\/u><\/a> um Ihren regionalen Verteiler zu kontaktieren.<\/p>\n","protected":false},"featured_media":2378,"comment_status":"open","ping_status":"closed","template":"","meta":{"_acf_changed":false},"product_cat":[105,106,107],"product_tag":[],"class_list":{"0":"post-852","1":"product","2":"type-product","3":"status-publish","4":"has-post-thumbnail","6":"product_cat-computers-de","7":"product_cat-oceanic-plus-accessories-de","8":"product_cat-oceanic-team-picks-de","10":"first","11":"instock","12":"featured","13":"taxable","14":"shipping-taxable","15":"purchasable","16":"product-type-simple"},"acf":[],"_links":{"self":[{"href":"https:\/\/eu.oceanicworldwide.com\/de\/wp-json\/wp\/v2\/product\/852","targetHints":{"allow":["GET"]}}],"collection":[{"href":"https:\/\/eu.oceanicworldwide.com\/de\/wp-json\/wp\/v2\/product"}],"about":[{"href":"https:\/\/eu.oceanicworldwide.com\/de\/wp-json\/wp\/v2\/types\/product"}],"replies":[{"embeddable":true,"href":"https:\/\/eu.oceanicworldwide.com\/de\/wp-json\/wp\/v2\/comments?post=852"}],"wp:featuredmedia":[{"embeddable":true,"href":"https:\/\/eu.oceanicworldwide.com\/de\/wp-json\/wp\/v2\/media\/2378"}],"wp:attachment":[{"href":"https:\/\/eu.oceanicworldwide.com\/de\/wp-json\/wp\/v2\/media?parent=852"}],"wp:term":[{"taxonomy":"product_cat","embeddable":true,"href":"https:\/\/eu.oceanicworldwide.com\/de\/wp-json\/wp\/v2\/product_cat?post=852"},{"taxonomy":"product_tag","embeddable":true,"href":"https:\/\/eu.oceanicworldwide.com\/de\/wp-json\/wp\/v2\/product_tag?post=852"}],"curies":[{"name":"wp","href":"https:\/\/api.w.org\/{rel}","templated":true}]}}