{"id":837,"date":"2023-09-18T14:35:47","date_gmt":"2023-09-18T14:35:47","guid":{"rendered":"https:\/\/huisheuro.wpengine.com\/kontakt\/"},"modified":"2023-11-13T17:01:10","modified_gmt":"2023-11-13T17:01:10","slug":"kontakt","status":"publish","type":"page","link":"https:\/\/eu.oceanicworldwide.com\/de\/kontakt\/","title":{"rendered":"Kontakt"},"content":{"rendered":"\n<div class=\"row\">\n<div class=\"col col-12\">\n<p class=\"pb-3\">Wenn Sie Hilfe ben\u00f6tigen und au\u00dferhalb der Europ\u00e4ischen Union leben oder ein Produkt au\u00dferhalb der Europ\u00e4ischen Union gekauft haben, <a href=\"https:\/\/www.oceanicworldwide.com\/contact-us\/\">klicken Sie bitte<\/a> hier f\u00fcr Kontaktinformationen f\u00fcr Nordamerika und hier f\u00fcr <a href=\"https:\/\/www.oceanicworldwide.com\/international\/\">internationale<\/a> Kontaktinformationen.<\/p>\n\n\n\n<h3 class=\"wp-block-heading pb-2\" style=\"font-style:normal;font-weight:700;text-transform:uppercase\">SIE HABEN FRAGEN? BEN\u00d6TIGEN SIE TECHNISCHE UNTERST\u00dcTZUNG? <\/h3>\n\n\n\n<p class=\"has-text-align-left\">Unser fachkundiges Kundenbetreuungsteam ist w\u00e4hrend der normalen Gesch\u00e4ftszeiten von 08:00 &#8211; 16:30 Uhr MEZ, Montag &#8211; Freitag (an allen wichtigen Feiertagen geschlossen) per E-Mail erreichbar unter:<\/p>\n\n\n\n<div class=\"row bg-light my-4 align-items-center\">\n<div class=\"col py-3\">\n<p class=\"has-text-align-center\"><strong>F\u00fcr technischen Support und Produktfragen: <\/strong><\/p>\n\n\n\n<p class=\"has-text-align-center\"><a href=\"mailto:eu.ecommerce@huishoutdoors.com\">eu.ecommerce@huishoutdoors.com<\/a><\/p>\n<\/div>\n\n\n\n<div class=\"col py-3\">\n<p class=\"has-text-align-center\"><strong>F\u00fcr Produktr\u00fccksendungen, <\/strong><\/p>\n\n\n\n<p class=\"has-text-align-center\">folgen Sie bitte den Anweisungen auf der <a href=\"https:\/\/eu.oceanicworldwide.com\/request-return-authorization\/\">R\u00dcCKSENDUNGSSEITE<\/a><\/p>\n<\/div>\n<\/div>\n\n\n\n<p>Verwenden Sie dieses Formular, um uns per E-Mail zu kontaktieren. Ein Mitarbeiter wird Ihre Nachricht pr\u00fcfen und Ihnen so schnell wie m\u00f6glich antworten.  <a href=\"https:\/\/www.oceanicworldwide.com\/privacy-policy\/\">Wir respektieren Ihre Privatsph\u00e4re.<\/a><\/p>\n<\/div>\n\n\n\n<div class=\"col mb-5 offset-md-1 col-md-8 pt-5\">\n<h3 class=\"wp-block-heading\" style=\"font-style:normal;font-weight:700;text-transform:uppercase\">BITTE BENUTZEN SIE DIESES FORMULAR, UM OCEANIC WORLDWIDE ZU KONTAKTIEREN<\/h3>\n\n\n\n<p class=\"pb-5\">Wir sind bestrebt, unseren Kunden ein H\u00f6chstma\u00df an Service zu bieten. Unser hochqualifiziertes Team von Kundenbetreuern steht Ihnen zur Verf\u00fcgung, um Ihre Fragen zu beantworten, Sie bei Ihren Bestellungen zu unterst\u00fctzen und Probleme zu beheben. <\/p>\n\n\n\n<div class=\"wp-block-contact-form-7-contact-form-selector\">\n<div class=\"wpcf7 no-js\" id=\"wpcf7-f16-o1\" lang=\"en-US\" dir=\"ltr\">\n<div class=\"screen-reader-response\"><p role=\"status\" aria-live=\"polite\" aria-atomic=\"true\"><\/p> <ul><\/ul><\/div>\n<form action=\"\/de\/wp-json\/wp\/v2\/pages\/837#wpcf7-f16-o1\" method=\"post\" class=\"wpcf7-form init\" aria-label=\"Contact form\" novalidate=\"novalidate\" data-status=\"init\">\n<div style=\"display: none;\">\n<input type=\"hidden\" name=\"_wpcf7\" value=\"16\" \/>\n<input type=\"hidden\" name=\"_wpcf7_version\" value=\"5.9.5\" \/>\n<input type=\"hidden\" name=\"_wpcf7_locale\" value=\"en_US\" \/>\n<input type=\"hidden\" name=\"_wpcf7_unit_tag\" value=\"wpcf7-f16-o1\" \/>\n<input type=\"hidden\" name=\"_wpcf7_container_post\" value=\"0\" \/>\n<input type=\"hidden\" name=\"_wpcf7_posted_data_hash\" value=\"\" \/>\n<\/div>\n<div class=\"row mt-md-4\">\n\t<div class=\"col-md-6\">\n\t\t<p><label>First Name*<\/label><span class=\"wpcf7-form-control-wrap\" data-name=\"first-name\"><input size=\"40\" class=\"wpcf7-form-control wpcf7-text wpcf7-validates-as-required\" aria-required=\"true\" aria-invalid=\"false\" placeholder=\"First Name\" value=\"\" type=\"text\" name=\"first-name\" \/><\/span>\n\t\t<\/p>\n\t<\/div>\n\t<div class=\"col-md-6\">\n\t\t<p><label>Last Name*<\/label><span class=\"wpcf7-form-control-wrap\" data-name=\"last-name\"><input size=\"40\" class=\"wpcf7-form-control wpcf7-text wpcf7-validates-as-required\" aria-required=\"true\" aria-invalid=\"false\" placeholder=\"Last Name\" value=\"\" type=\"text\" name=\"last-name\" \/><\/span>\n\t\t<\/p>\n\t<\/div>\n<\/div>\n<div class=\"row\">\n\t<div class=\"col-md-6\">\n\t\t<p><label>E-Mail*<\/label><span class=\"wpcf7-form-control-wrap\" data-name=\"your-email\"><input size=\"40\" class=\"wpcf7-form-control wpcf7-email wpcf7-validates-as-required wpcf7-text wpcf7-validates-as-email\" aria-required=\"true\" aria-invalid=\"false\" placeholder=\"you@yourdomain.com\" value=\"\" type=\"email\" name=\"your-email\" \/><\/span>\n\t\t<\/p>\n\t<\/div>\n\t<div class=\"col-md-6\">\n\t\t<p><label>Phone<\/label><span class=\"wpcf7-form-control-wrap\" data-name=\"your-phone\"><input size=\"40\" class=\"wpcf7-form-control wpcf7-text\" aria-invalid=\"false\" value=\"\" type=\"text\" name=\"your-phone\" \/><\/span>\n\t\t<\/p>\n\t<\/div>\n<\/div>\n<div class=\"row\">\n\t<div class=\"col-md-3\">\n\t\t<p><label>Choose Your Country*<\/label><span class=\"wpcf7-form-control-wrap\" data-name=\"country\"><select class=\"wpcf7-form-control wpcf7-select wpcf7-validates-as-required\" aria-required=\"true\" aria-invalid=\"false\" name=\"country\"><option value=\"\">&#8212;Please choose an option&#8212;<\/option><option value=\"United States\">United States<\/option><option value=\"Canada\">Canada<\/option><option value=\"Afghanistan\">Afghanistan<\/option><option value=\"Albania\">Albania<\/option><option value=\"Algeria\">Algeria<\/option><option value=\"Andorra\">Andorra<\/option><option value=\"Angola\">Angola<\/option><option value=\"Antigua &amp; Barbuda\">Antigua &amp; Barbuda<\/option><option value=\"Argentina\">Argentina<\/option><option value=\"Armenia\">Armenia<\/option><option value=\"Australia\">Australia<\/option><option value=\"Austria\">Austria<\/option><option value=\"Azerbaijan\">Azerbaijan<\/option><option value=\"Bahamas\">Bahamas<\/option><option value=\"Bahrain\">Bahrain<\/option><option value=\"Bangladesh\">Bangladesh<\/option><option value=\"Barbados\">Barbados<\/option><option value=\"Belarus\">Belarus<\/option><option value=\"Belgium\">Belgium<\/option><option value=\"Belize\">Belize<\/option><option value=\"Benin\">Benin<\/option><option value=\"Bhutan\">Bhutan<\/option><option value=\"Bolivia\">Bolivia<\/option><option value=\"Bosnia &amp; Herzegovina\">Bosnia &amp; Herzegovina<\/option><option value=\"Botswana\">Botswana<\/option><option value=\"Brazil\">Brazil<\/option><option value=\"Brunei\">Brunei<\/option><option value=\"Bulgaria\">Bulgaria<\/option><option value=\"Burkina Faso\">Burkina Faso<\/option><option value=\"Burundi\">Burundi<\/option><option value=\"Cambodia\">Cambodia<\/option><option value=\"Cameroon\">Cameroon<\/option><option value=\"Cape Verde\">Cape Verde<\/option><option value=\"Central African Republic\">Central African Republic<\/option><option value=\"Chad\">Chad<\/option><option value=\"Chile\">Chile<\/option><option value=\"China\">China<\/option><option value=\"Colombia\">Colombia<\/option><option value=\"Comoros\">Comoros<\/option><option value=\"Congo\">Congo<\/option><option value=\"Congo Democratic Republic\">Congo Democratic Republic<\/option><option value=\"Costa Rica\">Costa Rica<\/option><option value=\"Cote d&#039;Ivoire\">Cote d&#039;Ivoire<\/option><option value=\"Croatia\">Croatia<\/option><option value=\"Cuba\">Cuba<\/option><option value=\"Cyprus\">Cyprus<\/option><option value=\"Czech Republic\">Czech Republic<\/option><option value=\"Denmark\">Denmark<\/option><option value=\"Djibouti\">Djibouti<\/option><option value=\"Dominica\">Dominica<\/option><option value=\"Dominican Republic\">Dominican Republic<\/option><option value=\"Ecuador\">Ecuador<\/option><option value=\"East Timor\">East Timor<\/option><option value=\"Egypt\">Egypt<\/option><option value=\"El Salvador\">El Salvador<\/option><option value=\"Equatorial Guinea\">Equatorial Guinea<\/option><option value=\"Eritrea\">Eritrea<\/option><option value=\"Estonia\">Estonia<\/option><option value=\"Ethiopia\">Ethiopia<\/option><option value=\"Fiji\">Fiji<\/option><option value=\"Finland\">Finland<\/option><option value=\"France\">France<\/option><option value=\"Gabon\">Gabon<\/option><option value=\"Gambia\">Gambia<\/option><option value=\"Georgia\">Georgia<\/option><option value=\"Germany\">Germany<\/option><option value=\"Ghana\">Ghana<\/option><option value=\"Greece\">Greece<\/option><option value=\"Grenada\">Grenada<\/option><option value=\"Guatemala\">Guatemala<\/option><option value=\"Guinea\">Guinea<\/option><option value=\"Guinea-Bissau\">Guinea-Bissau<\/option><option value=\"Guyana\">Guyana<\/option><option value=\"Haiti\">Haiti<\/option><option value=\"Honduras\">Honduras<\/option><option value=\"Hungary\">Hungary<\/option><option value=\"Iceland\">Iceland<\/option><option value=\"India\">India<\/option><option value=\"Indonesia\">Indonesia<\/option><option value=\"Iran\">Iran<\/option><option value=\"Iraq\">Iraq<\/option><option value=\"Ireland\">Ireland<\/option><option value=\"Israel\">Israel<\/option><option value=\"Italy\">Italy<\/option><option value=\"Jamaica\">Jamaica<\/option><option value=\"Japan\">Japan<\/option><option value=\"Jordan\">Jordan<\/option><option value=\"Kazakhstan\">Kazakhstan<\/option><option value=\"Kenya\">Kenya<\/option><option value=\"Kiribati\">Kiribati<\/option><option value=\"Korea North\">Korea North<\/option><option value=\"Korea South\">Korea South<\/option><option value=\"Kosovo\">Kosovo<\/option><option value=\"Kuwait\">Kuwait<\/option><option value=\"Kyrgyzstan\">Kyrgyzstan<\/option><option value=\"Laos\">Laos<\/option><option value=\"Latvia\">Latvia<\/option><option value=\"Lebanon\">Lebanon<\/option><option value=\"Lesotho\">Lesotho<\/option><option value=\"Liberia\">Liberia<\/option><option value=\"Libya\">Libya<\/option><option value=\"Liechtenstein\">Liechtenstein<\/option><option value=\"Lithuania\">Lithuania<\/option><option value=\"Luxembourg\">Luxembourg<\/option><option value=\"Macedonia\">Macedonia<\/option><option value=\"Madagascar\">Madagascar<\/option><option value=\"Malawi\">Malawi<\/option><option value=\"Malaysia\">Malaysia<\/option><option value=\"Maldives\">Maldives<\/option><option value=\"Mali\">Mali<\/option><option value=\"Malta\">Malta<\/option><option value=\"Marshall Islands\">Marshall Islands<\/option><option value=\"Mauritania\">Mauritania<\/option><option value=\"Mauritius\">Mauritius<\/option><option value=\"Mexico\">Mexico<\/option><option value=\"Micronesia\">Micronesia<\/option><option value=\"Moldova\">Moldova<\/option><option value=\"Monaco\">Monaco<\/option><option value=\"Mongolia\">Mongolia<\/option><option value=\"Montenegro\">Montenegro<\/option><option value=\"Morocco\">Morocco<\/option><option value=\"Mozambique\">Mozambique<\/option><option value=\"Myanmar (Burma)\">Myanmar (Burma)<\/option><option value=\"Namibia\">Namibia<\/option><option value=\"Nauru\">Nauru<\/option><option value=\"Nepal\">Nepal<\/option><option value=\"The Netherlands\">The Netherlands<\/option><option value=\"New Zealand\">New Zealand<\/option><option value=\"Nicaragua\">Nicaragua<\/option><option value=\"Niger\">Niger<\/option><option value=\"Nigeria\">Nigeria<\/option><option value=\"Norway\">Norway<\/option><option value=\"Oman\">Oman<\/option><option value=\"Pakistan\">Pakistan<\/option><option value=\"Palau\">Palau<\/option><option value=\"Palestinian State*\">Palestinian State*<\/option><option value=\"Panama\">Panama<\/option><option value=\"Papua New Guinea\">Papua New Guinea<\/option><option value=\"Paraguay\">Paraguay<\/option><option value=\"Peru\">Peru<\/option><option value=\"The Philippines\">The Philippines<\/option><option value=\"Poland\">Poland<\/option><option value=\"Portugal\">Portugal<\/option><option value=\"Qatar\">Qatar<\/option><option value=\"Romania\">Romania<\/option><option value=\"Russia\">Russia<\/option><option value=\"Rwanda\">Rwanda<\/option><option value=\"St. Kitts &amp; Nevis\">St. Kitts &amp; Nevis<\/option><option value=\"St. Lucia\">St. Lucia<\/option><option value=\"St. Vincent &amp; The Grenadines\">St. Vincent &amp; The Grenadines<\/option><option value=\"Samoa\">Samoa<\/option><option value=\"San Marino\">San Marino<\/option><option value=\"Sao Tome &amp; Principe\">Sao Tome &amp; Principe<\/option><option value=\"Saudi Arabia\">Saudi Arabia<\/option><option value=\"Senegal\">Senegal<\/option><option value=\"Serbia\">Serbia<\/option><option value=\"Seychelles\">Seychelles<\/option><option value=\"Sierra Leone\">Sierra Leone<\/option><option value=\"Singapore\">Singapore<\/option><option value=\"Slovakia\">Slovakia<\/option><option value=\"Slovenia\">Slovenia<\/option><option value=\"Solomon Islands\">Solomon Islands<\/option><option value=\"Somalia\">Somalia<\/option><option value=\"South Africa\">South Africa<\/option><option value=\"South Sudan\">South Sudan<\/option><option value=\"Spain\">Spain<\/option><option value=\"Sri Lanka\">Sri Lanka<\/option><option value=\"Sudan\">Sudan<\/option><option value=\"Suriname\">Suriname<\/option><option value=\"Swaziland\">Swaziland<\/option><option value=\"Sweden\">Sweden<\/option><option value=\"Switzerland\">Switzerland<\/option><option value=\"Syria\">Syria<\/option><option value=\"Taiwan\">Taiwan<\/option><option value=\"Tajikistan\">Tajikistan<\/option><option value=\"Tanzania\">Tanzania<\/option><option value=\"Thailand\">Thailand<\/option><option value=\"Togo\">Togo<\/option><option value=\"Tonga\">Tonga<\/option><option value=\"Trinidad &amp; Tobago\">Trinidad &amp; Tobago<\/option><option value=\"Tunisia\">Tunisia<\/option><option value=\"Turkey\">Turkey<\/option><option value=\"Turkmenistan\">Turkmenistan<\/option><option value=\"Tuvalu\">Tuvalu<\/option><option value=\"Uganda\">Uganda<\/option><option value=\"Ukraine\">Ukraine<\/option><option value=\"United Arab Emirates\">United Arab Emirates<\/option><option value=\"United Kingdom\">United Kingdom<\/option><option value=\"Uruguay\">Uruguay<\/option><option value=\"Uzbekistan\">Uzbekistan<\/option><option value=\"Vanuatu\">Vanuatu<\/option><option value=\"Vatican City (Holy See)\">Vatican City (Holy See)<\/option><option value=\"Venezuela\">Venezuela<\/option><option value=\"Vietnam\">Vietnam<\/option><option value=\"Yemen\">Yemen<\/option><option value=\"Zambia\">Zambia<\/option><option value=\"Zimbabwe\">Zimbabwe<\/option><\/select><\/span>\n\t\t<\/p>\n\t<\/div>\n\t<div class=\"col-md-3\">\n\t\t<p><label>Choose Your Contact:<\/label><span class=\"wpcf7-form-control-wrap\" data-name=\"contact-who\"><select class=\"wpcf7-form-control wpcf7-select wpcf7-validates-as-required\" aria-required=\"true\" aria-invalid=\"false\" name=\"contact-who\"><option value=\"\">&#8212;Please choose an option&#8212;<\/option><option value=\"Sales\">Sales<\/option><option value=\"Customer Support\">Customer Support<\/option><option value=\"Warranty Replacement\">Warranty Replacement<\/option><option value=\"Technical Support\">Technical Support<\/option><option value=\"Website Issues\">Website Issues<\/option><option value=\"New Dealer \/ Distributor\">New Dealer \/ Distributor<\/option><\/select><\/span>\n\t\t<\/p>\n\t<\/div>\n<\/div>\n<div class=\"row\">\n\t<div class=\"col-md-6 pt-md-3\">\n\t\t<p><label>Your Message<\/label><span class=\"wpcf7-form-control-wrap\" data-name=\"your-message\"><textarea cols=\"40\" rows=\"10\" class=\"wpcf7-form-control wpcf7-textarea wpcf7-validates-as-required\" aria-required=\"true\" aria-invalid=\"false\" name=\"your-message\"><\/textarea><\/span>\n\t\t<\/p>\n\t<\/div>\n<\/div>\n<p class=\"submit-wrap\"><input type=\"reset\" value=\"clear\" class=\"btn btn-primary\" \/><input class=\"wpcf7-form-control wpcf7-submit has-spinner btn btn-primary\" type=\"submit\" value=\"send\" \/>\n<\/p><div class=\"wpcf7-response-output\" aria-hidden=\"true\"><\/div>\n<\/form>\n<\/div>\n<\/div>\n<\/div>\n<\/div>\n","protected":false},"excerpt":{"rendered":"","protected":false},"author":11,"featured_media":0,"parent":0,"menu_order":0,"comment_status":"closed","ping_status":"closed","template":"","meta":{"_acf_changed":false,"footnotes":""},"class_list":["post-837","page","type-page","status-publish","hentry"],"acf":[],"_links":{"self":[{"href":"https:\/\/eu.oceanicworldwide.com\/de\/wp-json\/wp\/v2\/pages\/837","targetHints":{"allow":["GET"]}}],"collection":[{"href":"https:\/\/eu.oceanicworldwide.com\/de\/wp-json\/wp\/v2\/pages"}],"about":[{"href":"https:\/\/eu.oceanicworldwide.com\/de\/wp-json\/wp\/v2\/types\/page"}],"author":[{"embeddable":true,"href":"https:\/\/eu.oceanicworldwide.com\/de\/wp-json\/wp\/v2\/users\/11"}],"replies":[{"embeddable":true,"href":"https:\/\/eu.oceanicworldwide.com\/de\/wp-json\/wp\/v2\/comments?post=837"}],"version-history":[{"count":0,"href":"https:\/\/eu.oceanicworldwide.com\/de\/wp-json\/wp\/v2\/pages\/837\/revisions"}],"wp:attachment":[{"href":"https:\/\/eu.oceanicworldwide.com\/de\/wp-json\/wp\/v2\/media?parent=837"}],"curies":[{"name":"wp","href":"https:\/\/api.w.org\/{rel}","templated":true}]}}