{"id":812,"date":"2023-11-10T19:11:28","date_gmt":"2023-11-10T19:11:28","guid":{"rendered":"https:\/\/huisheuro.wpengine.com\/?page_id=812"},"modified":"2023-11-10T19:20:30","modified_gmt":"2023-11-10T19:20:30","slug":"allgemeine-geschaeftsbedingungen-oceanic","status":"publish","type":"page","link":"https:\/\/eu.oceanicworldwide.com\/de\/allgemeine-geschaeftsbedingungen-oceanic\/","title":{"rendered":"Allgemeine Gesch\u00e4ftsbedingungen Oceanic"},"content":{"rendered":"\n<div class=\"container\">\n<div class=\"row\">\n<div class=\"col\">\n<p>Allgemeine Gesch\u00e4ftsbedingungen Oceanic<\/p>\n\n\n\n<p>Willkommen auf der Website eu.OceanicWorldwide.com (die \u201eWebsite\u201c). Oceanic stellt Ihnen Dienstleistungen zur Verf\u00fcgung, die den in dieser Vereinbarung (die \u201eVereinbarung\u201c) dargelegten Hinweisen, Bedingungen und Konditionen unterliegen. Wenn Sie einen unserer Dienste (z.&nbsp;B. Kundenbewertungen) nutzen, unterliegen Sie zus\u00e4tzlich den Regeln, Richtlinien, Grunds\u00e4tzen, Bedingungen und Konditionen, die f\u00fcr diesen Dienst gelten und die durch diese Bezugnahme Bestandteil dieser Vereinbarung sind. Wir behalten uns das Recht vor, diese Website und diese Nutzungsbedingungen jederzeit zu \u00e4ndern.&nbsp;<strong>WENN SIE AUF DIE WEBSITE ZUGREIFEN, SIE DURCHSUCHEN ODER SIE ANDERWEITIG NUTZEN, ERKL\u00c4REN SIE SICH MIT ALLEN BESTIMMUNGEN UND BEDINGUNGEN DIESER VEREINBARUNG EINVERSTANDEN.<\/strong><\/p>\n\n\n\n<p><strong>NUTZUNG DER WEBSITE<\/strong><strong><br><\/strong>Sie erkl\u00e4ren und garantieren, dass Sie mindestens 18 Jahre alt sind oder die Website unter der Aufsicht eines Elternteils oder Erziehungsberechtigten besuchen.<\/p>\n\n\n\n<p>Vorbehaltlich der Bedingungen dieser Vereinbarung gew\u00e4hren wir Ihnen hiermit eine beschr\u00e4nkte, widerrufliche, nicht \u00fcbertragbare und nicht ausschlie\u00dfliche Lizenz f\u00fcr den Zugriff auf die Website und deren Nutzung durch Anzeige in Ihrem Internetbrowser, und zwar ausschlie\u00dflich zu dem Zweck, auf der Website zum Verkauf angebotene pers\u00f6nliche Artikel zu erwerben, und nicht f\u00fcr die kommerzielle Nutzung oder die Nutzung im Namen Dritter, es sei denn, wir haben dies zuvor ausdr\u00fccklich genehmigt. Jeder Versto\u00df gegen diese Vereinbarung f\u00fchrt zum sofortigen Widerruf der in diesem Absatz gew\u00e4hrten Lizenz, ohne dass Sie davon in Kenntnis gesetzt werden.<\/p>\n\n\n\n<p>Mit Ausnahme der im vorstehenden Absatz gew\u00e4hrten Lizenz d\u00fcrfen Sie diese Website oder Teile davon ohne unsere ausdr\u00fcckliche schriftliche Genehmigung nicht vervielf\u00e4ltigen, verbreiten, ausstellen, verkaufen, vermieten, \u00fcbertragen, davon abgeleitete Werke erstellen, \u00fcbersetzen, modifizieren, zur\u00fcckentwickeln, disassemblieren, dekompilieren oder anderweitig verwerten. Es ist Ihnen nicht gestattet, die auf der Website bereitgestellten Informationen kommerziell zu nutzen oder die Website zum Vorteil eines anderen Unternehmens zu nutzen, es sei denn, wir haben dem vorher ausdr\u00fccklich zugestimmt. Wir behalten uns das Recht vor, nach eigenem Ermessen Dienstleistungen zu verweigern, Konten zu k\u00fcndigen und\/oder Bestellungen zu stornieren, insbesondere wenn wir der Ansicht sind, dass das Verhalten des Kunden gegen geltendes Recht verst\u00f6\u00dft oder unseren Interessen schadet.<\/p>\n\n\n\n<p>Es ist Ihnen nicht gestattet, Inhalte, Informationen oder andere Materialien auf diese Website hochzuladen, zu verteilen oder anderweitig zu ver\u00f6ffentlichen, die (a) Urheberrechte, Patente, Marken, Dienstleistungsmarken, Gesch\u00e4ftsgeheimnisse oder andere Eigentumsrechte einer Person verletzen; (b) verleumderisch, bedrohend, diffamierend, obsz\u00f6n, unanst\u00e4ndig oder pornografisch sind oder zu zivil- oder strafrechtlicher Haftung nach US-amerikanischem oder internationalem Recht f\u00fchren k\u00f6nnten; oder (c) Bugs, Viren, W\u00fcrmer, Fallt\u00fcren, Trojanische Pferde oder andere sch\u00e4dliche Codes oder Eigenschaften enthalten.<\/p>\n\n\n\n<p>Der Inhalt dieser Website dient ausschlie\u00dflich Informationszwecken. Es liegt in Ihrer alleinigen Verantwortung, einen zugelassenen Arzt oder qualifiziertes medizinisches Fachpersonal zu konsultieren, um Ratschl\u00e4ge, Diagnosen und\/oder Behandlungen f\u00fcr gesundheitliche Probleme zu erhalten. Die auf dieser Website ge\u00e4u\u00dferten Meinungen sind die der jeweiligen Person und spiegeln nicht unbedingt unsere Meinung wider. Die Produktdarstellungen auf dieser Website stammen von den Verk\u00e4ufern und nicht von uns.<\/p>\n\n\n\n<p>Wir k\u00f6nnen Ihnen ein Passwort und eine Konto-Benutzerkennung zuweisen, damit Sie auf bestimmte Teile dieser Website zugreifen und diese nutzen k\u00f6nnen. Jedes Mal, wenn Sie ein Passwort oder eine Benutzerkennung verwenden, wird davon ausgegangen, dass Sie berechtigt sind, auf die Website zuzugreifen und sie gem\u00e4\u00df den Bedingungen dieser Vereinbarung zu nutzen und wir sind nicht verpflichtet, die Berechtigung oder Quelle eines solchen Zugriffs oder einer solchen Nutzung der Website zu untersuchen.&nbsp;<strong>SIE TRAGEN DIE ALLEINIGE VERANTWORTUNG F\u00dcR DEN ZUGRIFF UND DIE NUTZUNG DIESER WEBSITE DURCH ALLE PERSONEN, DIE DAS IHNEN URSPR\u00dcNGLICH ZUGEWIESENE PASSWORT UND DIE IHNEN ZUGEWIESENE BENUTZERERKENNUNG VERWENDEN, UNABH\u00c4NGIG DAVON, OB EIN SOLCHER ZUGRIFF UND EINE SOLCHE NUTZUNG TATS\u00c4CHLICH VON IHNEN GENEHMIGT WURDEN ODER NICHT, EINSCHLIESSLICH UND OHNE EINSCHR\u00c4NKUNG ALLER KOMMUNIKATIONEN UND \u00dcBERTRAGUNGEN UND ALLER VERPFLICHTUNGEN (EINSCHLIESSLICH UND OHNE EINSCHR\u00c4NKUNG FINANZIELLER VERPFLICHTUNGEN), DIE SICH AUS EINEM SOLCHEN ZUGRIFF ODER EINER SOLCHEN NUTZUNG ERGEBEN.<\/strong>&nbsp;Sie sind allein daf\u00fcr verantwortlich, die Sicherheit und Vertraulichkeit des Ihnen zugewiesenen Passworts und der Benutzerkennung zu sch\u00fctzen. Sie sind verpflichtet, uns unverz\u00fcglich \u00fcber jede unbefugte Nutzung Ihres Passworts oder Ihrer Benutzerkennung oder jede andere Verletzung oder drohende Verletzung der Sicherheit dieser Website zu informieren.<\/p>\n\n\n\n<p><strong>BEWERTUNGEN UND KOMMENTARE<\/strong><strong><br><\/strong>Sofern nicht an anderer Stelle in dieser Vereinbarung oder auf der Website anders angegeben, wird alles, was Sie auf der Website einreichen oder ver\u00f6ffentlichen und\/oder uns zur Verf\u00fcgung stellen, einschlie\u00dflich, aber nicht beschr\u00e4nkt auf Ideen, Know-how, Techniken, Fragen, Bewertungen, Kommentare und Vorschl\u00e4ge (zusammenfassend als \u201eEinreichungen\u201c bezeichnet), als nicht vertraulich und nicht urheberrechtlich gesch\u00fctzt behandelt, und wir haben das geb\u00fchrenfreie, weltweite, unbefristete, unwiderrufliche und \u00fcbertragbare Recht, diese Einreichungen zu nutzen, zu kopieren, zu verbreiten, auszustellen, zu ver\u00f6ffentlichen, aufzuf\u00fchren, zu verkaufen, zu vermieten, zu \u00fcbertragen, zu adaptieren, davon abgeleitete Werke in beliebiger Form und mit beliebigen Mitteln zu erstellen und diese Einreichungen zu \u00fcbersetzen, zu modifizieren, zur\u00fcckzuentwickeln, zu disassemblieren oder zu dekompilieren. Alle Einreichungen gehen automatisch in unser alleiniges und ausschlie\u00dfliches Eigentum \u00fcber und werden nicht an Sie zur\u00fcckgegeben.<\/p>\n\n\n\n<p>Wenn Sie Kommentare oder Bewertungen auf der Website ver\u00f6ffentlichen, gew\u00e4hren Sie uns zus\u00e4tzlich zu den Rechten, die f\u00fcr jede einzelne Einreichung gelten, das Recht, den Namen zu verwenden, den Sie zusammen mit einer Bewertung, einem Kommentar oder anderen Inhalten, falls vorhanden, in Verbindung mit einer solchen Bewertung, einem Kommentar oder anderen Inhalten einreichen. Sie sichern zu und gew\u00e4hrleisten, dass Sie alle Rechte an den Bewertungen, Kommentaren und sonstigen Inhalten, die Sie auf dieser Website ver\u00f6ffentlichen, besitzen oder anderweitig kontrollieren und dass die Nutzung Ihrer Bewertungen, Kommentare oder sonstigen Inhalte durch uns nicht die Rechte Dritter verletzt. Es ist Ihnen nicht gestattet, eine falsche E-Mail-Adresse zu verwenden, sich als eine andere Person auszugeben oder uns oder Dritte hinsichtlich der Herkunft von Beitr\u00e4gen oder Inhalten irrezuf\u00fchren. Wir sind berechtigt, aber nicht verpflichtet, Einreichungen (einschlie\u00dflich Kommentare oder Bewertungen) aus beliebigen Gr\u00fcnden zu entfernen oder zu bearbeiten.<\/p>\n\n\n\n<p><strong>GEISTIGES EIGENTUM<\/strong><strong><br><\/strong>Der gesamte Inhalt dieser Website, einschlie\u00dflich, aber nicht beschr\u00e4nkt auf Text, Grafiken, Bilder und Code sowie alle einzelnen Bilder oder Fotografien, unterliegt dem Urheberrecht der Vereinigten Staaten und anderen Urheberrechtsgesetzen und ist ausschlie\u00dfliches Eigentum von Oceanic Worldwide. Jegliche Nutzung, einschlie\u00dflich der Vervielf\u00e4ltigung, Verteilung, Anzeige oder \u00dcbertragung des Inhalts dieser Website oder einzelner Bilder oder Fotografien auf dieser Website ist strengstens untersagt.<\/p>\n\n\n\n<p>Alle anderen Firmen-, Marken- und Produktnamen sind Warenzeichen ihrer jeweiligen Eigent\u00fcmer. Diese Website ist in keiner Weise mit diesen Markeninhabern verbunden oder von ihnen gesponsert.<\/p>\n\n\n\n<p>Obwohl wir alle Anstrengungen unternehmen, um sicherzustellen, dass die Informationen auf dieser Website korrekt sind, k\u00f6nnen sich Designs, Funktionen, Komponenten, Farben und Preise \u00e4ndern.<\/p>\n\n\n\n<p><strong>DATENSCHUTZRICHTLINIEN<\/strong><\/p>\n\n\n\n<p>Bitte lesen Sie unsere Datenschutzrichtlinien, die auch f\u00fcr Ihren Besuch auf dieser Website gelten, um unsere Praktiken zu verstehen.<\/p>\n\n\n\n<p><strong>K\u00dcNDIGUNG UND WIRKUNG DER K\u00dcNDIGUNG<\/strong><strong><br><\/strong>Zus\u00e4tzlich zu allen anderen gesetzlichen oder angemessenen Rechtsmitteln k\u00f6nnen wir diese Vereinbarung mit sofortiger Wirkung ohne vorherige Benachrichtigung an Sie k\u00fcndigen oder einige oder alle Rechte, die Ihnen im Rahmen dieser Vereinbarung gew\u00e4hrt wurden, widerrufen. Bei K\u00fcndigung dieser Vereinbarung werden Sie unverz\u00fcglich den Zugriff auf die Website und deren Nutzung einstellen, und wir werden zus\u00e4tzlich zu allen anderen gesetzlichen oder angemessenen Rechtsmitteln unverz\u00fcglich alle Ihnen zugewiesenen Passw\u00f6rter und Konto-Benutzerkennungen widerrufen und Ihnen den Zugriff auf diese Website und deren Nutzung ganz oder teilweise verweigern. Die K\u00fcndigung dieses Abkommens ber\u00fchrt nicht die jeweiligen Rechte und Pflichten (einschlie\u00dflich, aber nicht beschr\u00e4nkt auf Zahlungsverpflichtungen) der Parteien, die vor dem Datum der K\u00fcndigung entstanden sind.<\/p>\n\n\n\n<p><strong>INTERNATIONALER ZUGRIFF<\/strong><br>Auf diese Website (Domain und Subdomains) kann von L\u00e4ndern au\u00dferhalb der Vereinigten Staaten zugegriffen werden. Diese Website kann Produkte oder Verweise auf Produkte enthalten, die au\u00dferhalb der Vereinigten Staaten nicht erh\u00e4ltlich sind. Solche Verweise bedeuten nicht, dass diese Produkte au\u00dferhalb der Vereinigten Staaten erh\u00e4ltlich sind. Wenn Sie au\u00dferhalb der Vereinigten Staaten auf diese Website zugreifen und sie nutzen, sind Sie f\u00fcr die Einhaltung der in Ihrem Land geltenden Gesetze und Vorschriften verantwortlich.<\/p>\n\n\n\n<p><strong>GARANTIEAUSSCHLUSS<\/strong><strong><br><\/strong>Oceanic garantiert nicht, dass der Inhalt der Website korrekt ist oder dass der Betrieb der Website fehlerfrei oder ununterbrochen ist oder dass die Website frei von Viren oder anderen sch\u00e4dlichen Komponenten ist. Die Nutzung der Website erfolgt auf eigenes Risiko. Oceanic \u00fcbernimmt keine Gew\u00e4hr daf\u00fcr, dass Sie durch die Nutzung der auf dieser Website dargestellten Materialien nicht die Rechte Dritter verletzen. Die auf dieser Website ver\u00f6ffentlichten Informationen k\u00f6nnen sich auf Produkte, Programme oder Dienstleistungen beziehen, die in Ihrem Land nicht erh\u00e4ltlich sind. Ohne das Vorstehende einzuschr\u00e4nken, wird die Website ohne M\u00e4ngelgew\u00e4hr und ohne jegliche ausdr\u00fcckliche oder stillschweigende Gew\u00e4hrleistung, einschlie\u00dflich, aber nicht beschr\u00e4nkt auf die stillschweigende Gew\u00e4hrleistung der Marktg\u00e4ngigkeit, der Eignung f\u00fcr einen bestimmten Zweck oder der Nichtverletzung von Rechten Dritter, zur Verf\u00fcgung gestellt. In einigen Gerichtsbarkeiten ist der Ausschluss stillschweigender Gew\u00e4hrleistungen nicht zul\u00e4ssig, so dass einige der oben genannten Ausschl\u00fcsse m\u00f6glicherweise nicht auf Sie zutreffen.<\/p>\n\n\n\n<p><strong>HAFTUNGSBESCHR\u00c4NKUNG<\/strong><strong><br><\/strong>Weder Oceanic noch Dritte, die an der Erstellung oder Bereitstellung der Website beteiligt sind, haften unter irgendeiner Theorie (einschlie\u00dflich Fahrl\u00e4ssigkeit) f\u00fcr beil\u00e4ufig entstandene Sch\u00e4den, Folgesch\u00e4den, indirekte Sch\u00e4den, besondere Sch\u00e4den oder Sch\u00e4den mit Strafcharakter, die sich aus Ihrem Zugriff auf die Website oder deren Nutzung ergeben, selbst wenn Oceanic auf die M\u00f6glichkeit solcher Sch\u00e4den hingewiesen wurde.<\/p>\n\n\n\n<p><strong>TYPOGRAPHISCHE FEHLER<\/strong><strong><br><\/strong>F\u00fcr den Fall, dass ein Produkt aufgrund eines Schreibfehlers oder eines Fehlers in den Preis- oder Produktinformationen, die wir von unseren Lieferanten erhalten haben, mit einem falschen Preis oder mit falschen Informationen aufgef\u00fchrt ist, behalten wir uns das Recht vor, Bestellungen f\u00fcr Produkte, die mit einem falschen Preis aufgef\u00fchrt sind, abzulehnen oder zu stornieren. Wir haben das Recht, solche Bestellungen abzulehnen oder zu stornieren, unabh\u00e4ngig davon, ob die Bestellung best\u00e4tigt und Ihre Kreditkarte belastet wurde oder nicht. Wenn Ihre Kreditkarte bereits f\u00fcr den Kauf belastet wurde und Ihre Bestellung storniert wird, werden wir Ihrem Kreditkartenkonto unverz\u00fcglich eine Gutschrift in H\u00f6he der Belastung erteilen.<\/p>\n\n\n\n<p><strong>LINKS<\/strong><strong><br><\/strong>Diese Website kann Links zu anderen Websites im Internet enthalten, die Eigentum Dritter sind und von diesen betrieben werden. Sie erkennen an, dass wir f\u00fcr den Betrieb oder den Inhalt solcher Websites nicht verantwortlich sind.<\/p>\n\n\n\n<p><strong>URHEBERRECHTSBESCHWERDEN<\/strong><strong><br><\/strong>Wir respektieren die geistigen Eigentumsrechte anderer. Wenn Sie glauben, dass Ihre Arbeit auf eine Weise kopiert wurde, die eine Verletzung des Urheberrechts darstellt, nehmen Sie bitte Kontakt mit uns auf.<\/p>\n\n\n\n<p><strong>RECHTSMITTEL<\/strong><strong><br><\/strong>Sie erkl\u00e4ren sich damit einverstanden, dass unsere Rechtsmittel im Falle einer tats\u00e4chlichen oder drohenden Verletzung dieser Vereinbarung unzureichend sind und dass wir zus\u00e4tzlich zu den uns gesetzlich zustehenden Schadenersatzanspr\u00fcchen Anspruch auf eine bestimmte Leistung oder Unterlassung oder beides haben, zusammen mit angemessenen Kosten f\u00fcr jede Form der Streitbeilegung, einschlie\u00dflich, aber nicht beschr\u00e4nkt auf Anwaltskosten.<\/p>\n\n\n\n<p>Keines unserer Rechte oder Rechtsmittel schlie\u00dft ein anderes aus, weder gesetzlich noch nach Billigkeitsrecht, einschlie\u00dflich, aber nicht beschr\u00e4nkt auf Schadenersatz, Unterlassungsanspr\u00fcche, Anwaltshonorare und Kosten.<\/p>\n\n\n\n<p>Ein Verzicht unsererseits auf unsere Rechte oder Rechtsmittel unter diesen Bedingungen stellt keine Verpflichtung zur Gew\u00e4hrung eines \u00e4hnlichen, zuk\u00fcnftigen oder sonstigen Verzichts dar.<\/p>\n\n\n\n<p><strong>UNSERE ADRESSE<\/strong><strong><br><\/strong>Bitte senden Sie alle Fragen oder Kommentare zu dieser Website (einschlie\u00dflich aller Anfragen, die nicht mit Urheberrechtsverletzungen in Zusammenhang stehen) an:<\/p>\n\n\n\n<p><strong>Oceanic<\/strong><br>1540 N 2200 W<br>Salt Lake City, UT. 84116 USA<\/p>\n<\/div>\n<\/div>\n<\/div>\n","protected":false},"excerpt":{"rendered":"","protected":false},"author":11,"featured_media":0,"parent":0,"menu_order":0,"comment_status":"closed","ping_status":"closed","template":"page-fullwidth-fluid.php","meta":{"_acf_changed":false,"footnotes":""},"class_list":["post-812","page","type-page","status-publish","hentry"],"acf":[],"_links":{"self":[{"href":"https:\/\/eu.oceanicworldwide.com\/de\/wp-json\/wp\/v2\/pages\/812","targetHints":{"allow":["GET"]}}],"collection":[{"href":"https:\/\/eu.oceanicworldwide.com\/de\/wp-json\/wp\/v2\/pages"}],"about":[{"href":"https:\/\/eu.oceanicworldwide.com\/de\/wp-json\/wp\/v2\/types\/page"}],"author":[{"embeddable":true,"href":"https:\/\/eu.oceanicworldwide.com\/de\/wp-json\/wp\/v2\/users\/11"}],"replies":[{"embeddable":true,"href":"https:\/\/eu.oceanicworldwide.com\/de\/wp-json\/wp\/v2\/comments?post=812"}],"version-history":[{"count":0,"href":"https:\/\/eu.oceanicworldwide.com\/de\/wp-json\/wp\/v2\/pages\/812\/revisions"}],"wp:attachment":[{"href":"https:\/\/eu.oceanicworldwide.com\/de\/wp-json\/wp\/v2\/media?parent=812"}],"curies":[{"name":"wp","href":"https:\/\/api.w.org\/{rel}","templated":true}]}}