{"id":772,"date":"2020-04-04T07:08:11","date_gmt":"2020-04-04T07:08:11","guid":{"rendered":"https:\/\/huisheuro.wpengine.com\/warranty\/"},"modified":"2024-02-23T23:12:47","modified_gmt":"2024-02-23T23:12:47","slug":"warranty","status":"publish","type":"page","link":"https:\/\/eu.oceanicworldwide.com\/de\/warranty\/","title":{"rendered":"Die Oceanic Garantie"},"content":{"rendered":"\n<h2 class=\"wp-block-heading\"><strong>Die Oceanic Garantie<\/strong><\/h2>\n\n\n\n<p><strong>Unser Einsatz endet nicht, wenn Sie ein Oceanic Produkt gekauft haben. Auch lange nach Ihrem Einkauf, bieten wir schnellen und professionellen Service und Garantien, damit Ihre Ausr\u00fcstung funktioniert und gut aussieht.<\/strong><\/p>\n\n\n\n<h3 class=\"wp-block-heading\"><strong>Product Registration<\/strong><\/h3>\n\n\n\n<p><strong><em>Sie m\u00fcssen Ihr Oceanic+ Dive Housing NICHT hier registrieren. Die Registrierung erfolgt automatisch \u00fcber die Oceanic+ App, wenn Sie Ihr Dive Housing zum ersten Mal mit Ihrem iPhone verbinden.<\/em><\/strong><\/p>\n\n\n\n<p><a href=\"https:\/\/my.huishoutdoors.com\/?utm_source=oceanic&amp;utm_medium=referral&amp;utm_campaign=registration\">Die Produktregistrierung<\/a> ist ein wichtiger Schritt, damit Sie Ihr neues Oceanic-Produkt umfassend genie\u00dfen k\u00f6nnen. Die Registrierung erleichtert uns den Garantieservice zu erbringen und erm\u00f6glicht es uns, Sie zu kontaktieren, falls Ihr Produkt ein Update oder einen anderen Service erfordert.<\/p>\n\n\n\n<p>DENKEN SIE DARAN, DASS DIE NICHTREGISTRIERUNG IHRES PRODUKTS IHRE GARANTIERECHTE NICHT SCHM\u00c4LERT.<\/p>\n\n\n\n<p>Bitte bewahren Sie Ihren datierten Original-Kaufbeleg auf. Wenn Sie Garantieleistungen f\u00fcr Ihr Oceanic-Produkt in Anspruch nehmen m\u00f6chten, m\u00fcssen Sie anhand einer Kopie des datierten Kaufbelegs, den Sie von einem autorisierten Oceanic-H\u00e4ndler erhalten haben, den Garantiestatus best\u00e4tigen.<\/p>\n\n\n\n<p>Wenn Sie online unter EU.Oceanicworldwide.com einkaufen, dient Ihr Packzettel, den Sie mit Ihrer Sendung erhalten haben, als Quittung. Wenn Sie ein Oceanic-Produkt \u00fcber einen autorisierten Oceanic-H\u00e4ndler erworben haben, gilt dessen Quittung als Kaufnachweis.<\/p>\n\n\n\n<h3 class=\"wp-block-heading\"><strong>Product-Specific Coverage<\/strong><\/h3>\n\n\n\n<figure class=\"wp-block-table\"><table><tbody><tr><td>Oceanic+ Dive Housing<\/td><td>Material &amp; Verarbeitung<\/td><td>Eingeschr\u00e4nkte 1-Jahres-Garantie nur auf das Oceanic+ Dive Housing.<\/td><\/tr><\/tbody><\/table><\/figure>\n\n\n\n<h3 class=\"wp-block-heading\"><strong><strong>OCEANIC+ DIVE HOUSING EINGESCHR\u00c4NKTE 1-JAHRES-GARANTIE<\/strong><\/strong><\/h3>\n\n\n\n<p>Oceanic+ gew\u00e4hrt eine eingeschr\u00e4nkte einj\u00e4hrige Garantie auf das Oceanic+ Dive Housing und das zugeh\u00f6rige Zubeh\u00f6r, das von Oceanic verkauft wird. Diese Garantie deckt Material- und Verarbeitungsm\u00e4ngel bei bestimmungsgem\u00e4\u00dfer Verwendung im Einklang mit den ver\u00f6ffentlichten Spezifikationen ab. Die Garantie gilt nur f\u00fcr den Erstk\u00e4ufer und ist nicht \u00fcbertragbar. Sollte sich das Produkt innerhalb der Garantiezeit als mangelhaft erweisen, wird Oceanic+ das Produkt nach eigenem Ermessen entweder kostenlos reparieren oder ersetzen. Das Produkt wird repariert oder durch ein neues oder \u00fcberholtes Produkt von gleichem Wert ersetzt. Informationen zur erweiterten Garantie finden Sie im Abschnitt \u00fcber die erweiterte Garantie.<\/p>\n\n\n\n<p><strong>Ausschluss:<\/strong>&nbsp;Die Garantie deckt keine Sch\u00e4den an Smartphones, anderen elektronischen Ger\u00e4ten oder anderen Produkten ab, die in Verbindung mit dem Oceanic+ Dive Housing verwendet werden. Der Nutzer tr\u00e4gt ein gewisses Risiko von Flutung oder anderen Ausf\u00e4llen, wenn das Produkt verwendet wird. Diese Garantie deckt keine Sch\u00e4den, die aufgrund von unsachgem\u00e4\u00dfer Verwendung, Missbrauch, normalem Verschlei\u00df oder nicht autorisierten \u00c4nderungen oder Reparaturen entstehen. Sie deckt auch keine Folgesch\u00e4den oder zuf\u00e4lligen Sch\u00e4den, die sich aus der Verwendung des Produkts ergeben.<\/p>\n\n\n\n<p><strong>Garantieanspr\u00fcche:<\/strong>&nbsp;Der Nutzer ist im Falle eines Garantieanspruchs f\u00fcr den Versand des Produkts an Oceanic+ verantwortlich. Oceanic+ \u00fcbernimmt die Kosten f\u00fcr den R\u00fcckversand. Um einen Garantieanspruch geltend zu machen, hat sich der Nutzer an den Kundendienst von Oceanic+ zu wenden, um Anweisungen zur R\u00fccksendung des Produkts zu erhalten. Oceanic+ beh\u00e4lt sich das Recht vor, zus\u00e4tzliche Informationen oder Dokumentationsmaterial anzufordern, um den Garantieanspruch zu \u00fcberpr\u00fcfen.<\/p>\n\n\n\n<p>Diese Garantie tritt an die Stelle aller anderen ausdr\u00fccklich oder stillschweigend erteilten Garantien, einschlie\u00dflich Garantien hinsichtlich der Verkehrsf\u00e4higkeit oder Eignung f\u00fcr einen bestimmten Zweck. Oceanic+ haftet nicht f\u00fcr besondere, zuf\u00e4llige oder Folgesch\u00e4den, die sich aus der Verwendung dieses Produkts ergeben, selbst wenn auf die M\u00f6glichkeit solcher Sch\u00e4den hingewiesen wurde.<\/p>\n","protected":false},"excerpt":{"rendered":"<p>Die Oceanic Garantie Unser Einsatz endet nicht, wenn Sie ein Oceanic Produkt gekauft haben. Auch lange nach Ihrem Einkauf, bieten wir schnellen und professionellen Service und Garantien, damit Ihre Ausr\u00fcstung funktioniert und gut aussieht. Product Registration Sie m\u00fcssen Ihr Oceanic+ Dive Housing NICHT hier registrieren. Die Registrierung erfolgt automatisch \u00fcber die Oceanic+ App, wenn Sie [&hellip;]<\/p>\n","protected":false},"author":1,"featured_media":1068,"parent":0,"menu_order":0,"comment_status":"open","ping_status":"open","template":"","meta":{"_acf_changed":false,"footnotes":""},"class_list":["post-772","page","type-page","status-publish","has-post-thumbnail","hentry"],"acf":[],"_links":{"self":[{"href":"https:\/\/eu.oceanicworldwide.com\/de\/wp-json\/wp\/v2\/pages\/772","targetHints":{"allow":["GET"]}}],"collection":[{"href":"https:\/\/eu.oceanicworldwide.com\/de\/wp-json\/wp\/v2\/pages"}],"about":[{"href":"https:\/\/eu.oceanicworldwide.com\/de\/wp-json\/wp\/v2\/types\/page"}],"author":[{"embeddable":true,"href":"https:\/\/eu.oceanicworldwide.com\/de\/wp-json\/wp\/v2\/users\/1"}],"replies":[{"embeddable":true,"href":"https:\/\/eu.oceanicworldwide.com\/de\/wp-json\/wp\/v2\/comments?post=772"}],"version-history":[{"count":0,"href":"https:\/\/eu.oceanicworldwide.com\/de\/wp-json\/wp\/v2\/pages\/772\/revisions"}],"wp:featuredmedia":[{"embeddable":true,"href":"https:\/\/eu.oceanicworldwide.com\/de\/wp-json\/wp\/v2\/media\/1068"}],"wp:attachment":[{"href":"https:\/\/eu.oceanicworldwide.com\/de\/wp-json\/wp\/v2\/media?parent=772"}],"curies":[{"name":"wp","href":"https:\/\/api.w.org\/{rel}","templated":true}]}}