{"id":738,"date":"2023-10-13T18:12:05","date_gmt":"2023-10-13T18:12:05","guid":{"rendered":"https:\/\/huisheuro.wpengine.com\/policies\/"},"modified":"2023-11-29T22:27:23","modified_gmt":"2023-11-29T22:27:23","slug":"policies","status":"publish","type":"page","link":"https:\/\/eu.oceanicworldwide.com\/de\/policies\/","title":{"rendered":"Policies"},"content":{"rendered":"\n<div class=\"container\">\n<div class=\"row\">\n<div class=\"col col-12 pb-5\">\n<h2 class=\"wp-block-heading\">Shipping Policies<\/h2>\n\n\n\n<h3 class=\"wp-block-heading\"><strong>Kostenloser Versand<\/strong><\/h3>\n\n\n\n<p>Oceanicworldwide.com bietet kostenlosen FedEx-Versand in alle L\u00e4nder der Europ\u00e4ischen Union f\u00fcr Bestellungen von 199&nbsp;\u20acund mehr. Bestellungen werden von unserem Lager in Valletta, Malta versandt und k\u00f6nnen einige Werktage in Anspruch nehmen.<\/p>\n\n\n\n<h3 class=\"wp-block-heading pt-4\"><strong>LIEFERZEIT<\/strong><\/h3>\n\n\n\n<p>Bei Oceanic Worldwide sind wir bestrebt, unseren Kunden das bestm\u00f6gliche Einkaufserlebnis zu bieten.<\/p>\n\n\n\n<p>Bestellungen, die montags bis freitags (au\u00dfer an Feiertagen) vor 12:00 Uhr MEZ eingehen, werden noch am selben Tag versandt, vorbehaltlich der Autorisierung und \u00dcberpr\u00fcfung Ihrer Kreditkarte.<\/p>\n\n\n\n<p>Bestellungen, die nach 12.00 Uhr MEZ von Montag bis Freitag (au\u00dfer an Feiertagen) eingehen, werden am n\u00e4chsten Werktag versandt, vorbehaltlich der Autorisierung und \u00dcberpr\u00fcfung Ihrer Kreditkarte.<\/p>\n\n\n\n<p>Bestellungen, die samstags und sonntags eingehen, werden am darauffolgenden Montag versandt (au\u00dfer an Feiertagen).<\/p>\n<\/div>\n<\/div>\n\n\n\n<div class=\"row pt-4\">\n<div class=\"col col-12\">\n<h2 class=\"wp-block-heading\"><strong>EU.OCEANICWORLDWIDE.COM R\u00dcCKGABEBESTIMMUNGEN<\/strong><\/h2>\n\n\n\n<h3 class=\"wp-block-heading\"><strong>Standard-R\u00fcckgabebestimmungen<\/strong><\/h3>\n\n\n\n<p>Wenn Sie mit Ihrem\/n Oceanic Worldwide-Produkt\/en nicht zufrieden sind, k\u00f6nnen Sie Ihren <em>unbenutzten<\/em> Kauf zur\u00fcckgeben, aber bitte beachten Sie die folgenden Hinweise:<\/p>\n\n\n\n<ul class=\"wp-block-list\">\n<li>Artikel, die Sie online bei OceanicWorldwide.com gekauft haben, m\u00fcssen innerhalb von 14&nbsp;Tagen nach dem Kauf zur\u00fcckgegeben werden.<\/li>\n\n\n\n<li>Alle R\u00fccksendungen m\u00fcssen die Originalverpackung mit Anh\u00e4ngern und\/oder Etiketten enthalten.<\/li>\n\n\n\n<li>Dokumente: Um den R\u00fcckgabeprozess abzuschlie\u00dfen, m\u00fcssen Sie die Originalrechnung oder die Bestellnummer vorlegen.<\/li>\n\n\n\n<li>Artikel, die bei einem Einzelh\u00e4ndler oder auf einer Website eines Drittanbieters gekauft wurden, k\u00f6nnen nicht \u00fcber EU.OceanicWorldwide.com zur\u00fcckgegeben werden und m\u00fcssen an die urspr\u00fcngliche Verkaufsstelle zur\u00fcckgegeben werden (unterliegt den R\u00fcckgabebestimmungen der Verkaufsstelle).<\/li>\n<\/ul>\n\n\n\n<p>Bitte beachten: Die Kosten f\u00fcr die R\u00fccksendung sind vom K\u00e4ufer zu tragen.<\/p>\n\n\n\n<h3 class=\"wp-block-heading pt-4\"><strong>R\u00dcCKGABE EINES AUF EU.OCEANICWORLDWIDE.COM GEKAUFTEN PRODUKTS<\/strong><\/h3>\n\n\n\n<p>Gehen Sie zum <a href=\"https:\/\/eu.oceanicworldwide.com\/request-return-authorization\/\">Oceanic Worldwide R\u00fcckgabeformular<\/a> und f\u00fcllen Sie die erforderlichen Informationen aus. Den Link zum R\u00fcckgabeformular finden Sie auch in Ihrer Bestellbest\u00e4tigungs-E-Mail. Die Versandanweisungen finden Sie ebenfalls in Ihrer Best\u00e4tigungs-E-Mail.<\/p>\n\n\n\n<ol class=\"wp-block-list\" style=\"list-style-type:1\">\n<li>Sobald Sie das R\u00fcckgabeformular ausgef\u00fcllt und abgeschickt haben, erhalten Sie eine R\u00fcckgabenummer (RA#).<\/li>\n\n\n\n<li>Drucken Sie Ihre Originalquittung aus und notieren Sie die RA-Nummer auf der Quittung.<\/li>\n\n\n\n<li>Verpacken Sie Ihren Artikel sicher und legen Sie die Quittung und die RA# in das Paket.<\/li>\n<\/ol>\n\n\n\n<p>Bitte beachten: Die Kosten f\u00fcr die R\u00fccksendung sind vom K\u00e4ufer zu tragen.<\/p>\n\n\n\n<h3 class=\"wp-block-heading pt-4\"><strong>GUTSCHRIFT<\/strong><\/h3>\n\n\n\n<p>Nach Erhalt Ihrer R\u00fccksendung pr\u00fcfen wir die Artikel und bearbeiten Ihre Gutschrift (ohne die urspr\u00fcnglichen Versandkosten) innerhalb von 1-2 Werktagen. Huish Outdoors ist nicht verantwortlich f\u00fcr Artikel, die w\u00e4hrend des Versands verloren gehen.<\/p>\n<\/div>\n\n\n\n<div class=\"col\"><\/div>\n\n\n\n<div class=\"col\"><\/div>\n\n\n\n<div class=\"col\"><\/div>\n<\/div>\n<\/div>\n","protected":false},"excerpt":{"rendered":"","protected":false},"author":11,"featured_media":0,"parent":0,"menu_order":0,"comment_status":"closed","ping_status":"closed","template":"","meta":{"_acf_changed":false,"footnotes":""},"class_list":["post-738","page","type-page","status-publish","hentry"],"acf":[],"_links":{"self":[{"href":"https:\/\/eu.oceanicworldwide.com\/de\/wp-json\/wp\/v2\/pages\/738","targetHints":{"allow":["GET"]}}],"collection":[{"href":"https:\/\/eu.oceanicworldwide.com\/de\/wp-json\/wp\/v2\/pages"}],"about":[{"href":"https:\/\/eu.oceanicworldwide.com\/de\/wp-json\/wp\/v2\/types\/page"}],"author":[{"embeddable":true,"href":"https:\/\/eu.oceanicworldwide.com\/de\/wp-json\/wp\/v2\/users\/11"}],"replies":[{"embeddable":true,"href":"https:\/\/eu.oceanicworldwide.com\/de\/wp-json\/wp\/v2\/comments?post=738"}],"version-history":[{"count":0,"href":"https:\/\/eu.oceanicworldwide.com\/de\/wp-json\/wp\/v2\/pages\/738\/revisions"}],"wp:attachment":[{"href":"https:\/\/eu.oceanicworldwide.com\/de\/wp-json\/wp\/v2\/media?parent=738"}],"curies":[{"name":"wp","href":"https:\/\/api.w.org\/{rel}","templated":true}]}}