{"id":683,"date":"2023-10-23T18:49:57","date_gmt":"2023-10-23T18:49:57","guid":{"rendered":"https:\/\/huisheuro.wpengine.com\/?page_id=683"},"modified":"2023-10-23T19:54:56","modified_gmt":"2023-10-23T19:54:56","slug":"die-daten-von-oceanic-und-ihre-daten","status":"publish","type":"page","link":"https:\/\/eu.oceanicworldwide.com\/de\/die-daten-von-oceanic-und-ihre-daten\/","title":{"rendered":"Die Daten von Oceanic+ und Ihre Daten"},"content":{"rendered":"\n<h2 class=\"wp-block-heading\">Die Daten von Oceanic+ und Ihre Daten<br><br><\/h2>\n\n\n\n<p>Diese Datenschutzrichtlinie beschreibt unsere Richtlinien und Verfahren zur Erhebung, Verwendung und Offenlegung Ihrer Daten, wenn Sie den Dienst nutzen, und informiert Sie \u00fcber Ihre Pers\u00f6nlichkeitsrechte und dar\u00fcber, wie sie gesetzlich gesch\u00fctzt werden.<\/p>\n\n\n\n<p>Wir verwenden Ihre personenbezogenen Daten zur Bereitstellung und Verbesserung des Dienstes. Mit Nutzung des Dienstes willigen Sie in die Erhebung und Nutzung der Daten im Sinne dieser Datenschutzrichtlinie ein. Diese Datenschutzrichtlinie wurde mit Hilfe des <a href=\"https:\/\/www.privacypolicies.com\/privacy-policy-generator\/\">Datenschutzrichtlinien-Generators<\/a> erstellt.<\/p>\n\n\n\n<p>Auslegung und Begriffsbestimmungen<\/p>\n\n\n\n<h2 class=\"wp-block-heading\">Auslegung<\/h2>\n\n\n\n<p>Die W\u00f6rter, deren Anfangsbuchstaben gro\u00dfgeschrieben werden, haben die nachstehend gegebene Bedeutung: Die folgenden Begriffsbestimmungen haben, unabh\u00e4ngig davon, ob sie im Singular oder im Plural stehen, dieselbe Bedeutung.<\/p>\n\n\n\n<h2 class=\"wp-block-heading\">Begriffsbestimmungen<\/h2>\n\n\n\n<p>Im Sinne dieser Datenschutzrichtlinie<\/p>\n\n\n\n<p><strong>Anwendung<\/strong> bezeichnet das vom Unternehmen bereitgestellte Softwareprogramm, das Sie auf ein beliebiges elektronisches Ger\u00e4t mit dem Namen Oceanic+ App herunterladen.<\/p>\n\n\n\n<p><strong>Dienst<\/strong> bezieht sich auf die Anwendung<\/p>\n\n\n\n<p><strong>Dienstleistungserbringer<\/strong> bezeichnet jede nat\u00fcrliche oder juristische Person, die die Daten im Auftrag des Unternehmens verarbeitet. Gemeint ist ein Drittunternehmen oder eine Einzelperson, die vom Unternehmen beauftragt bzw. angestellt ist, um die Erbringung des Dienstes zu erleichtern, um den Dienst im Namen des Unternehmens bereitzustellen, um Dienstleistungen im Zusammenhang mit dem Dienst zu erbringen oder um das Unternehmen bei der Analyse der Nutzung des Dienstes zu unterst\u00fctzen.<\/p>\n\n\n\n<p><strong>Ger\u00e4t<\/strong> bezeichnet jedes Ger\u00e4t, das auf die Oceanic+ App zugreifen kann, einschlie\u00dflich mobiler Ger\u00e4te oder Uhren.<\/p>\n\n\n\n<p><strong>Konto<\/strong> bezeichnet ein eigenes Konto, das f\u00fcr Sie erstellt wurde, um auf unseren Dienst oder Teile unseres Dienstes zuzugreifen.<\/p>\n\n\n\n<p><strong>Land<\/strong> bezieht sich auf: Utah, USA<\/p>\n\n\n\n<p><strong>Personenbezogene Daten<\/strong> bezeichnet alle Informationen, die sich auf eine identifizierte oder identifizierbare Person beziehen.<\/p>\n\n\n\n<p><strong>Sie<\/strong> bezeichnet &#8211; je nach Fall &#8211; die Person, die auf den Dienst zugreift oder ihn nutzt, bzw. das Unternehmen oder eine andere juristische Person, in deren Namen eine solche Person auf den Dienst zugreift oder ihn nutzt.<\/p>\n\n\n\n<p><strong>Sozialer Mediendienst eines Drittanbieters<\/strong> bezieht sich auf jede Webseite oder jede Webseite eines sozialen Netzwerks, \u00fcber die sich ein Nutzer anmelden oder ein Konto erstellen kann, um den Dienst in Anspruch zu nehmen.<\/p>\n\n\n\n<p><strong>Unternehmen<\/strong> (in diesem Vertrag entweder als \u201edas Unternehmen\u201c, \u201ewir\u201c, \u201euns\u201c oder \u201eunser\u201c bezeichnet) bezieht sich auf Huish Outdoors, LLC, 1540 North 2200 West, Salt Lake City, UT 84116.<\/p>\n\n\n\n<p><strong>Verbundenes Unternehmen<\/strong> bezeichnet ein Unternehmen, das eine Partei kontrolliert, von ihr kontrolliert wird oder unter gemeinsamer Kontrolle mit ihr steht, wobei \u201eKontrolle\u201c den Besitz von 50 % oder mehr der Aktien, Anteile oder anderer Wertpapiere bedeutet, die zur Wahl von Vorst\u00e4nden\/Gesch\u00e4ftsf\u00fchrern oder anderen leitenden Angestellten berechtigt sind.<\/p>\n\n\n\n<p><strong>Verwendungsdaten<\/strong> bezeichnet automatisch erfasste Daten, die entweder durch die Nutzung des Dienstes oder durch die Infrastruktur des Dienstes selbst generiert werden (z. B. die Dauer eines Seitenbesuchs).<\/p>\n\n\n\n<p>Erhebung und Verwendung Ihrer personenbezogenen Daten<\/p>\n\n\n\n<h2 class=\"wp-block-heading\">Arten der erhobenen Daten<\/h2>\n\n\n\n<h3 class=\"wp-block-heading\">Personenbezogene Daten<\/h3>\n\n\n\n<p>W\u00e4hrend der Nutzung unseres Dienstes ersuchen wir Sie gegebenenfalls, uns bestimmte personenbezogene Daten mitzuteilen, die dazu verwendet werden k\u00f6nnen, Sie zu kontaktieren oder zu identifizieren. Personenbezogene Daten von Personen k\u00f6nnen unter anderem sein:<\/p>\n\n\n\n<p>E-Mail-Adresse;<\/p>\n\n\n\n<p>Vor- und Nachname<\/p>\n\n\n\n<p>Telefonnummer<\/p>\n\n\n\n<p>Verwendungsdaten<\/p>\n\n\n\n<h3 class=\"wp-block-heading\">Verwendungsdaten<\/h3>\n\n\n\n<p>Verwendungsdaten werden bei der Nutzung des Dienstes automatisch erhoben.<\/p>\n\n\n\n<p>Wenn Sie \u00fcber auf den Dienst ein mobiles Ger\u00e4t zugreifen, k\u00f6nnen wir bestimmte Daten automatisch erheben, einschlie\u00dflich der Art des von Ihnen verwendeten mobilen Ger\u00e4ts, der eindeutigen ID Ihres mobilen Ger\u00e4ts, der IP-Adresse Ihres mobilen Ger\u00e4ts, Ihres mobilen Betriebssystems, der Art des von Ihnen verwendeten mobilen Browsers, der eindeutigen Ger\u00e4tekennungen und anderer Diagnosedaten.<\/p>\n\n\n\n<p>Wir k\u00f6nnen auch Daten erheben, die Ihr Browser sendet, wenn Sie unseren Dienst besuchen oder wenn Sie \u00fcber ein mobiles Ger\u00e4t auf den Dienst zugreifen.<\/p>\n\n\n\n<h3 class=\"wp-block-heading\">Daten von Social Media-Diensten eines Drittanbieters<\/h3>\n\n\n\n<p>Das Unternehmen kann Ihnen gestatten, ein Konto zu erstellen und sich anzumelden, um den Dienst \u00fcber die folgenden Social-Media-Dienste eines Drittanbieters zu nutzen:<\/p>\n\n\n\n<ul class=\"wp-block-list\">\n<li>Apple\/IOS<\/li>\n<\/ul>\n\n\n\n<p>Entscheiden Sie sich, sich \u00fcber einen Dienst eines Drittanbieters anzumelden oder uns anderweitig Zugang zu diesem zu gew\u00e4hren, k\u00f6nnen wir personenbezogene Daten erheben, die bereits mit ihrem Konto des Dienstes des Drittanbieters verbunden sind, wie z. B. Ihren Namen, Ihre E-Mail-Adresse, Ihre Aktivit\u00e4ten oder Ihre Kontaktliste, die mit diesem Konto verbunden sind.<\/p>\n\n\n\n<p>Sie k\u00f6nnen auch die M\u00f6glichkeit haben, dem Unternehmen \u00fcber das Konto Ihres Social-Media-Dienstes des Drittanbieters zus\u00e4tzliche Informationen mitzuteilen. Entscheiden Sie sich, solche Informationen und personenbezogen Daten bei der Anmeldung oder anderweitig zur Verf\u00fcgung zu stellen, erteilen Sie dem Unternehmen die Erlaubnis, diese Daten im Einklang mit dieser Datenschutzrichtlinie zu verwenden, weiterzugeben und zu speichern.<\/p>\n\n\n\n<h3 class=\"wp-block-heading\">W\u00e4hrend der Nutzung der Anwendung erhobene Daten<\/h3>\n\n\n\n<p>W\u00e4hrend der Nutzung unserer Anwendung k\u00f6nnen wir, um Funktionen unserer Anwendung bereitzustellen, mit Ihrer vorherigen Einwilligung die folgenden Daten erheben:<\/p>\n\n\n\n<ul class=\"wp-block-list\">\n<li>Informationen \u00fcber Ihren GPS-Standort<\/li>\n<\/ul>\n\n\n\n<p>Wir verwenden diese Daten, um Funktionen unseres Dienstes bereitzustellen und um unseren Dienst zu verbessern und anzupassen. Sie k\u00f6nnen den Zugriff auf den GPS-Standort jederzeit \u00fcber die Einstellungen Ihres Ger\u00e4ts aktivieren oder deaktivieren. Wenn Sie diese Option aktivieren, werden die Daten in der Cloud und auf Ihrem Ger\u00e4t gespeichert. Andernfalls werden die Tauchdaten in der Cloud und auf Ihrem Ger\u00e4t gespeichert.<\/p>\n\n\n\n<h2 class=\"wp-block-heading\">Verwendung Ihrer personenbezogenen Daten<\/h2>\n\n\n\n<p>Das Unternehmen kann personenbezogene Daten f\u00fcr die folgenden Zwecke verwenden:<\/p>\n\n\n\n<p><strong>Zur Bereitstellung und Wartung unseres Dienstes<\/strong>, einschlie\u00dflich der \u00dcberwachung der Nutzung unseres Dienstes.<\/p>\n\n\n\n<p><strong>Zur Verwaltung Ihres Kontos:<\/strong> um Ihre Anmeldung als Nutzer des Dienstes zu verwalten. Die von Ihnen bereitgestellten personenbezogenen Daten k\u00f6nnen Ihnen Zugang zu verschiedenen Funktionen des Dienstes geben, die Ihnen als registriertem Nutzer zur Verf\u00fcgung stehen.<\/p>\n\n\n\n<p><strong>Zur Vertragserf\u00fcllung:<\/strong> zur Ausarbeitung, Einhaltung und Erf\u00fcllung des Kaufvertrags f\u00fcr die von Ihnen erworbenen Produkte, Artikel oder Dienstleistungen oder eines anderen Vertrags mit uns \u00fcber den Dienst.<\/p>\n\n\n\n<p><strong>Zur Kontaktaufnahme mit Ihnen:<\/strong> Um Sie per E-Mail, Telefon, SMS oder mit anderen gleichwertigen Formen der elektronischen Kommunikation zu kontaktieren, wie z. B. Push-Benachrichtigungen der Anwendung in Bezug auf Aktualisierungen oder informative Mitteilungen im Zusammenhang mit den Funktionen, Produkten oder vertraglich vereinbarten Dienstleistungen, einschlie\u00dflich der Sicherheitsaktualisierungen, wenn dies f\u00fcr ihre Umsetzung notwendig oder angemessen ist.<\/p>\n\n\n\n<p><strong>Um Ihnen<\/strong> <strong>Neuigkeiten<\/strong>, Sonderangebote und allgemeine Informationen \u00fcber andere von uns angebotene Waren, Dienstleistungen und Veranstaltungen zukommen zu lassen, die denen \u00e4hneln, die Sie bereits gekauft oder angefragt haben, es sei denn, Sie haben sich entschieden, solche Informationen nicht zu erhalten.<\/p>\n\n\n\n<p><strong>Zur Verwaltung Ihrer Anfragen:<\/strong> Zur Bearbeitung und Verwaltung Ihrer Anfragen.<\/p>\n\n\n\n<p><strong>Zu Unternehmens\u00fcbertragungen:<\/strong> Wir k\u00f6nnen Ihre Daten verwenden, um eine Verschmelzung, Ver\u00e4u\u00dferung, Umstrukturierung, Reorganisation, Aufl\u00f6sung oder einen anderen Verkauf oder eine andere \u00dcbertragung einiger oder aller unserer Verm\u00f6genswerte zu bewerten oder durchzuf\u00fchren, sei es in Form der Unternehmensfortf\u00fchrung oder im Rahmen eines Insolvenzverfahrens, einer Liquidation oder eines \u00e4hnlichen Verfahrens, bei denen die von uns gespeicherten personenbezogenen Daten der Nutzer unserer Dienste zu den \u00fcbertragenen Verm\u00f6genswerten geh\u00f6ren.<\/p>\n\n\n\n<p><strong>F\u00fcr andere Zwecke<\/strong>: Wir k\u00f6nnen Ihre Daten f\u00fcr andere Zwecke verwenden, wie z. B. zur Datenanalyse, zur Ermittlung von Nutzungstrends, zur Bestimmung der Wirksamkeit unserer Werbekampagnen und zur Bewertung und Verbesserung unseres Dienstes, unserer Produkte, Dienstleistungen, unseres Marketings und Ihrer Erfahrungen.<\/p>\n\n\n\n<p>Wir k\u00f6nnen Ihre personenbezogenen Daten in den folgenden Situationen weitergeben:<\/p>\n\n\n\n<ul class=\"wp-block-list\">\n<li><strong>An Dienstleistungserbringer:<\/strong> Wir k\u00f6nnen Ihre personenbezogenen Daten an Dienstleistungserbringer weitergeben, um die Nutzung unseres Dienstes zu \u00fcberwachen und zu analysieren und um Kontakt mit Ihnen aufzunehmen.<\/li>\n\n\n\n<li><strong>Bei Unternehmens\u00fcbertragungen:<\/strong> Wir k\u00f6nnen Ihre personenbezogenen Daten in Verbindung mit oder w\u00e4hrend der Verhandlungen \u00fcber eine Verschmelzung, den Verkauf von Unternehmensverm\u00f6gen, eine Finanzierung oder die \u00dcbernahme unseres gesamten oder eines Teils unseres Unternehmens durch ein anderes Unternehmen weitergeben oder \u00fcbermitteln.<\/li>\n\n\n\n<li><strong>An verbundene Unternehmen:<\/strong> Wir k\u00f6nnen Ihre Daten an unsere verbundenen Unternehmen weitergeben; in diesem Fall verpflichten wir diese zur Einhaltung dieser Datenschutzrichtlinie. Zu den verbundenen Unternehmen geh\u00f6ren unser Mutter- und alle anderen Tochterunternehmen, Joint-Venture-Partner oder sonstigen Unternehmen, die wir kontrollieren oder die unter gemeinsamer Kontrolle mit uns stehen.<\/li>\n\n\n\n<li><strong>An Gesch\u00e4ftspartner:<\/strong> Wir k\u00f6nnen Ihre Daten an unsere Gesch\u00e4ftspartner weitergeben, um Ihnen bestimmte Produkte, Dienstleistungen oder Promotionen anzubieten.<\/li>\n\n\n\n<li><strong>An andere Nutzer:<\/strong> Geben Sie personenbezogene Daten weiter oder interagieren Sie anderweitig in den \u00f6ffentlichen Bereichen mit anderen Nutzern, k\u00f6nnen diese Daten von allen Nutzern eingesehen und \u00f6ffentlich nach au\u00dfen weitergegeben werden. Interagieren Sie mit anderen Nutzern oder melden Sie sich \u00fcber einen Dienst eines Drittanbieters an, k\u00f6nnen Ihre Kontakte im Dienst des Drittanbieters Ihren Namen, Ihr Profil, Ihre Bilder, Ihren Standort und die Beschreibung Ihrer Aktivit\u00e4ten sehen. In \u00e4hnlicher Weise k\u00f6nnen andere Nutzer Beschreibungen Ihrer Aktivit\u00e4ten einsehen, mit Ihnen kommunizieren und Ihr Profil einsehen.<\/li>\n\n\n\n<li><strong>Mit Ihrer Einwilligung<\/strong>: Mit Ihrer Einwilligung k\u00f6nnen wir Ihre personenbezogenen Daten f\u00fcr jeden anderen Zweck offenlegen.<\/li>\n<\/ul>\n\n\n\n<h2 class=\"wp-block-heading\"><a>Aufbewahrung personenbezogener Daten<\/a><\/h2>\n\n\n\n<p>Das Unternehmen bewahrt Ihre personenbezogenen Profildaten nur so lange auf, wie es f\u00fcr die in dieser Datenschutzrichtlinie genannten Zwecke erforderlich ist. Wir bewahren Ihre personenbezogenen Profildaten in dem Umfang auf und verwenden sie nur insoweit, soweit es erforderlich ist, um unseren rechtlichen Verpflichtungen nachzukommen (z. B. wenn wir Ihre Daten aufbewahren m\u00fcssen, um geltenden gesetzlichen Bestimmungen nachzukommen), um Streitigkeiten beizulegen und um unsere rechtlichen Vereinbarungen und Richtlinien durchzusetzen. Im Rahmen des Oceanic+ Free Plans bewahrt das Unternehmen nur Informationen \u00fcber Ihre letzten 12 protokollierten Aktivit\u00e4ten auf.&nbsp; Im Rahmen des Oceanic+ Abonnements und des Tagesplans k\u00f6nnen Nutzer eine unbegrenzte Anzahl von Aktivit\u00e4ten protokollieren.&nbsp; Die protokollierten Daten sind f\u00fcr einen Zeitraum von 365 Tagen (1 Jahr) ohne kostenpflichtiges Abonnement zug\u00e4nglich.<br><br><\/p>\n\n\n\n<h2 class=\"wp-block-heading\">\u00dcbermittlung Ihrer personenbezogenen Daten<\/h2>\n\n\n\n<p>Ihre Daten, einschlie\u00dflich personenbezogener Daten, werden in den Gesch\u00e4ftsr\u00e4umen des Unternehmens und an anderen Orten verarbeitet, an denen sich die an der Verarbeitung beteiligten Parteien aufhalten. Das bedeutet, dass diese Daten an Computer au\u00dferhalb Ihres Staates, Ihrer Provinz, Ihres Landes oder einer anderen staatlichen Gerichtsbarkeit, in der andere Datenschutzgesetze als in Ihrer Gerichtsbarkeit gelten, \u00fcbermittelt und dort gespeichert werden k\u00f6nnen.<\/p>\n\n\n\n<p>Mit Ihrer Einwilligung in diese Datenschutzrichtlinie und Ihrer anschlie\u00dfenden Mitteilung Ihrer Daten erkl\u00e4ren Sie sich mit dieser \u00dcbermittlung einverstanden.<\/p>\n\n\n\n<p>Das Unternehmen ergreift alle angemessenen Ma\u00dfnahmen, um sicherzustellen, dass Ihre Daten sicher und im Einklang mit dieser Datenschutzrichtlinie behandelt werden. Ihre personenbezogenen Daten werden nicht an eine Organisation oder ein Land \u00fcbermittelt, wenn keine angemessene Kontrollen vorhanden sind, die die Sicherheit Ihrer Daten und anderer personenbezogener Daten gew\u00e4hrleisten.<\/p>\n\n\n\n<h2 class=\"wp-block-heading\">Offenlegung Ihrer personenbezogenen Daten<\/h2>\n\n\n\n<h3 class=\"wp-block-heading\">Gesch\u00e4ftsvorf\u00e4lle<\/h3>\n\n\n\n<p>Ist das Unternehmen an einer Verschmelzung, einer \u00dcbernahme oder einem Verkauf von Verm\u00f6genswerten beteiligt, k\u00f6nnen Ihre personenbezogenen Daten \u00fcbermittelt werden. Wir benachrichtigen Sie, bevor Ihre personenbezogenen Daten \u00fcbermittelt und einer anderen Datenschutzrichtlinie unterworfen werden.<\/p>\n\n\n\n<h3 class=\"wp-block-heading\">Strafverfolgung<\/h3>\n\n\n\n<p>Unter bestimmten Umst\u00e4nden kann das Unternehmen verpflichtet sein, Ihre personenbezogenen Daten offenzulegen, wenn dies gesetzlich vorgeschrieben ist oder wenn sie auf berechtigte Anfragen von Beh\u00f6rden (z. B. eines Gerichts oder einer Regierungsbeh\u00f6rde) reagieren muss.<\/p>\n\n\n\n<h3 class=\"wp-block-heading\">Sonstige gesetzlichen Anforderungen<\/h3>\n\n\n\n<p>Das Unternehmen kann Ihre personenbezogenen Daten offenlegen, wenn es in gutem Glauben davon ausgeht, dass die Offenlegung notwendig ist, um:<\/p>\n\n\n\n<ul class=\"wp-block-list\">\n<li>einer gesetzlichen Verpflichtung nachzukommen<\/li>\n\n\n\n<li>die Rechte oder das Eigentum des Unternehmens zu sch\u00fctzen und zu verteidigen<\/li>\n\n\n\n<li>m\u00f6gliches Fehlverhalten in Verbindung mit dem Dienst zu verhindern oder zu untersuchen<\/li>\n\n\n\n<li>die pers\u00f6nliche Sicherheit der Nutzer des Dienstes oder der \u00d6ffentlichkeit zu sch\u00fctzen<\/li>\n\n\n\n<li>sich vor gesetzlicher Haftung zu sch\u00fctzen<\/li>\n<\/ul>\n\n\n\n<h2 class=\"wp-block-heading\">Sicherheit Ihrer personenbezogenen Daten<\/h2>\n\n\n\n<p>Die Sicherheit Ihrer personenbezogenen Daten ist uns wichtig, aber denken Sie daran, dass keine Form der \u00dcbertragung \u00fcber das Internet oder der elektronischen Speicherung 100% sicher ist. Obwohl wir uns bem\u00fchen, Ihre personenbezogenen Daten mit wirtschaftlich vertretbaren Mitteln zu sch\u00fctzen, k\u00f6nnen wir keine absolute Sicherheit garantieren.<\/p>\n\n\n\n<p>Schutz personenbezogener Daten von Kindern<\/p>\n\n\n\n<p>Wir ersuchen Personen unter 13 Jahren in den USA und unter 16 Jahren im Rest der Welt, uns keine personenbezogenen Daten mitzuteilen. Wir erheben nicht wissentlich personenbezogene Daten von Personen unter dieser Altersgrenze. Sind Sie ein Elternteil oder Erziehungsberechtigter und sind Sie sich bewusst, dass uns Ihr Kind personenbezogene Daten zur Verf\u00fcgung gestellt hat, nehmen Sie bitte Kontakt mit uns auf. Stellen wir fest, dass wir personenbezogene Daten von Personen unter 13 Jahren in den USA oder unter 16 Jahren im Rest der Welt ohne \u00dcberpr\u00fcfung der elterlichen Einwilligung erhoben haben, ergreifen wir Ma\u00dfnahmen, um diese Daten von unseren Servern zu l\u00f6schen.<\/p>\n\n\n\n<p>M\u00fcssen wir uns auf die Einwilligung als Rechtsgrundlage f\u00fcr die Verarbeitung Ihrer Daten st\u00fctzen und erfordert Ihr Land die Einwilligung eines Elternteils, k\u00f6nnen wir die Einwilligung Ihres Elternteils verlangen, bevor wir diese Daten erheben und verwenden.<\/p>\n\n\n\n<p>Links zu anderen Webseiten<\/p>\n\n\n\n<p>Unser Dienst kann Links zu anderen Webseiten enthalten, die nicht von uns betrieben werden. Klicken Sie auf einen Link eines Dritten, werden Sie zur Seite dieses Dritten weitergeleitet. Wir empfehlen Ihnen dringend, die Datenschutzrichtlinien jeder von Ihnen besuchten Webseite zu lesen.<\/p>\n\n\n\n<p>Wir haben keine Kontrolle \u00fcber und \u00fcbernehmen keine Verantwortung f\u00fcr den Inhalt, die Datenschutzrichtlinien oder Praktiken von Webseiten oder Dienstleistungen Dritter.<\/p>\n\n\n\n<p>\u00c4nderungen dieser Datenschutzrichtlinie<\/p>\n\n\n\n<p>Wir k\u00f6nnen unsere Datenschutzrichtlinie jederzeit aktualisieren. Wir informieren Sie \u00fcber alle \u00c4nderungen, indem wir die neue Datenschutzrichtlinie auf dieser Seite ver\u00f6ffentlichen.<\/p>\n\n\n\n<p>Wir informieren Sie per E-Mail und\/oder durch einen auff\u00e4lligen Hinweis in unserem Dienst, bevor die \u00c4nderung in Kraft tritt, und aktualisieren das Datum der \u201eLetzten Aktualisierung\u201c zu Beginn dieser Datenschutzrichtlinie.<\/p>\n\n\n\n<p>Wir empfehlen Ihnen, diese Datenschutzrichtlinie regelm\u00e4\u00dfig auf \u00c4nderungen zu \u00fcberpr\u00fcfen. \u00c4nderungen dieser Datenschutzrichtlinie treten in Kraft, wenn sie auf dieser Seite ver\u00f6ffentlicht werden.<\/p>\n\n\n\n<p>Kontakt<\/p>\n\n\n\n<p>Wenn Sie Fragen oder Bedenken zu dieser Datenschutzrichtlinie haben, k\u00f6nnen Sie sich mit uns in Verbindung setzen:<\/p>\n\n\n\n<p>per E-Mail: <a href=\"mailto:oceanicplus@huishoutdoors.com\">oceanicplus@huishoutdoors.com<\/a>&nbsp;&nbsp;&nbsp;<\/p>\n\n\n\n<p>durch Besuch dieser Seite auf unserer Webseite: <a href=\"http:\/\/www.oceanicworldwide.com\/oceanicplus\">http:\/\/www.oceanicworldwide.com\/oceanicplus<\/a>&nbsp;<\/p>\n","protected":false},"excerpt":{"rendered":"<p>Die Daten von Oceanic+ und Ihre Daten Diese Datenschutzrichtlinie beschreibt unsere Richtlinien und Verfahren zur Erhebung, Verwendung und Offenlegung Ihrer Daten, wenn Sie den Dienst nutzen, und informiert Sie \u00fcber Ihre Pers\u00f6nlichkeitsrechte und dar\u00fcber, wie sie gesetzlich gesch\u00fctzt werden. Wir verwenden Ihre personenbezogenen Daten zur Bereitstellung und Verbesserung des Dienstes. Mit Nutzung des Dienstes willigen [&hellip;]<\/p>\n","protected":false},"author":11,"featured_media":723,"parent":0,"menu_order":0,"comment_status":"closed","ping_status":"closed","template":"","meta":{"_acf_changed":false,"footnotes":""},"class_list":["post-683","page","type-page","status-publish","has-post-thumbnail","hentry"],"acf":[],"_links":{"self":[{"href":"https:\/\/eu.oceanicworldwide.com\/de\/wp-json\/wp\/v2\/pages\/683","targetHints":{"allow":["GET"]}}],"collection":[{"href":"https:\/\/eu.oceanicworldwide.com\/de\/wp-json\/wp\/v2\/pages"}],"about":[{"href":"https:\/\/eu.oceanicworldwide.com\/de\/wp-json\/wp\/v2\/types\/page"}],"author":[{"embeddable":true,"href":"https:\/\/eu.oceanicworldwide.com\/de\/wp-json\/wp\/v2\/users\/11"}],"replies":[{"embeddable":true,"href":"https:\/\/eu.oceanicworldwide.com\/de\/wp-json\/wp\/v2\/comments?post=683"}],"version-history":[{"count":0,"href":"https:\/\/eu.oceanicworldwide.com\/de\/wp-json\/wp\/v2\/pages\/683\/revisions"}],"wp:featuredmedia":[{"embeddable":true,"href":"https:\/\/eu.oceanicworldwide.com\/de\/wp-json\/wp\/v2\/media\/723"}],"wp:attachment":[{"href":"https:\/\/eu.oceanicworldwide.com\/de\/wp-json\/wp\/v2\/media?parent=683"}],"curies":[{"name":"wp","href":"https:\/\/api.w.org\/{rel}","templated":true}]}}