{"id":1256,"date":"2023-09-14T17:24:07","date_gmt":"2023-09-14T17:24:07","guid":{"rendered":"https:\/\/huisheuro.wpengine.com\/?page_id=1256"},"modified":"2023-11-28T19:13:39","modified_gmt":"2023-11-28T19:13:39","slug":"oceanic-datenschutzrichtlinie","status":"publish","type":"page","link":"https:\/\/eu.oceanicworldwide.com\/de\/oceanic-datenschutzrichtlinie\/","title":{"rendered":"Oceanic Datenschutzrichtlinie"},"content":{"rendered":"\n<p><strong>Datenschutzrichtlinie<\/strong><\/p>\n\n\n\n<p>Diese Datenschutzrichtlinie wurde erstellt, um denjenigen, die sich Sorgen dar\u00fcber machen, wie ihre \u201epers\u00f6nlich identifizierbaren Informationen\u201c (PII) online verwendet werden, besser zu informieren. PII sind Informationen, die allein oder zusammen mit anderen Daten verwendet werden k\u00f6nnen, um eine einzelne Person zu identifizieren, zu kontaktieren oder ausfindig zu machen, oder um eine Person im Kontext zu identifizieren. Bitte lesen Sie unsere Datenschutzrichtlinien sorgf\u00e4ltig durch, um sich ein klares Bild davon zu machen, wie wir Ihre pers\u00f6nlich identifizierbaren Informationen in \u00dcbereinstimmung mit unserer Website erfassen, verwenden, sch\u00fctzen oder anderweitig behandeln.<\/p>\n\n\n\n<p><strong>WELCHE PERSONENBEZOGENEN Daten ERHEBEN WIR VON DEN BESUCHERN UNSERER WEBSITE?<\/strong><\/p>\n\n\n\n<p>Wenn Sie auf unserer Website bestellen oder sich registrieren, werden Sie gegebenenfalls aufgefordert, Ihren Namen, Ihre E-Mail-Adresse, Ihre Postanschrift, Ihre Telefonnummer, Ihre Kreditkartendaten oder andere Angaben einzugeben, die Ihnen bei der Abwicklung Ihrer Bestellung helfen.<\/p>\n\n\n\n<p><strong>WANN ERFASSEN WIR Daten?<\/strong><\/p>\n\n\n\n<p>Wir erfassen Daten von Ihnen, wenn Sie eine Bestellung aufgeben, einen Newsletter abonnieren, ein Formular ausf\u00fcllen oder Daten auf unserer Website eingeben oder uns Feedback zu unseren Produkten oder Dienstleistungen geben.&nbsp;<\/p>\n\n\n\n<p><strong>WIE VERWENDEN WIR IHRE Daten?<\/strong><\/p>\n\n\n\n<p>Wir k\u00f6nnen die Daten, die wir von Ihnen erfassen, wenn Sie sich registrieren, einen Kauf t\u00e4tigen, sich f\u00fcr unseren Newsletter anmelden, auf eine Umfrage oder Marketingmitteilung antworten, auf der Website surfen oder bestimmte andere Funktionen der Website nutzen, auf folgende Weise verwenden:<\/p>\n\n\n\n<ul class=\"wp-block-list\">\n<li>Um Ihr Erlebnis zu personalisieren und um uns zu erm\u00f6glichen, Ihnen die Art von Inhalten und Produktangeboten zu liefern, an denen Sie am meisten interessiert sind.<\/li>\n\n\n\n<li>Um unsere Website zu verbessern, damit wir Ihnen besser dienen k\u00f6nnen.<\/li>\n\n\n\n<li>Um Ihnen bei der Beantwortung Ihrer Kundendienstanfragen einen besseren Service bieten zu k\u00f6nnen.<\/li>\n\n\n\n<li>Um einen Wettbewerb, eine Werbeaktion, eine Umfrage oder eine andere Funktion der Website zu verwalten.<\/li>\n\n\n\n<li>Um Ihre Transaktionen schnell zu bearbeiten.<\/li>\n\n\n\n<li>Um Sie um Bewertungen und Beurteilungen von Dienstleistungen oder Produkten zu bitten.<\/li>\n<\/ul>\n\n\n\n<p><strong>WIE SCH\u00dcTZEN WIR IHRE Daten?<\/strong><\/p>\n\n\n\n<p>Unsere Website wird regelm\u00e4\u00dfig auf Sicherheitsl\u00fccken und bekannte Schwachstellen gescannt, um Ihren Besuch auf unserer Website so sicher wie m\u00f6glich zu machen.<\/p>\n\n\n\n<p>Wir verwenden kein Malware-Scanning.<\/p>\n\n\n\n<p>Ihre pers\u00f6nlichen Daten befinden sich hinter gesicherten Netzwerken und sind nur f\u00fcr eine begrenzte Anzahl von Personen zug\u00e4nglich, die \u00fcber besondere Zugangsrechte zu diesen Systemen verf\u00fcgen und verpflichtet sind, die Daten vertraulich zu behandeln. Dar\u00fcber hinaus werden alle sensiblen Daten und Kreditinformationen, die Sie uns zur Verf\u00fcgung stellen, \u00fcber die Secure Socket Layer (SSL)-Technologie verschl\u00fcsselt.<\/p>\n\n\n\n<p>Wir setzen eine Reihe von Sicherheitsma\u00dfnahmen ein, wenn ein Anwender eine Bestellung aufgibt, seine Daten eingibt, \u00fcbermittelt oder darauf zugreift, um die Sicherheit Ihrer pers\u00f6nlichen Daten zu gew\u00e4hrleisten.<\/p>\n\n\n\n<p>Alle Transaktionen werden \u00fcber einen Gateway-Anbieter abgewickelt und werden nicht auf unseren Servern gespeichert oder verarbeitet.<\/p>\n\n\n\n<p><strong>VERWENDEN WIR &#8216;COOKIES&#8217;?<\/strong><\/p>\n\n\n\n<p>Diese Website verwendet Cookies. Wir verwenden Cookies, um Inhalte und Anzeigen zu personalisieren, um Funktionen f\u00fcr soziale Medien bereitzustellen und um unseren Datenverkehr zu analysieren. Wir geben auch Daten \u00fcber Ihre Nutzung unserer Website an unsere Partner f\u00fcr soziale Medien, Werbung und Analysen weiter, die diese mit anderen Daten kombinieren k\u00f6nnen, die Sie ihnen zur Verf\u00fcgung gestellt haben oder die sie aus Ihrer Nutzung ihrer Dienste gesammelt haben. Sie stimmen unseren Cookies zu, wenn Sie unsere Website weiter nutzen.<\/p>\n\n\n\n<p>Cookies sind kleine Textdateien, die von Websites verwendet werden k\u00f6nnen, um die Nutzung der Website f\u00fcr den Anwender effizienter zu gestalten.<br><br>Laut Gesetz d\u00fcrfen wir Cookies auf Ihrem Ger\u00e4t speichern, wenn sie f\u00fcr den Betrieb dieser Website unbedingt erforderlich sind. F\u00fcr alle anderen Arten von Cookies ben\u00f6tigen wir Ihre Zustimmung.<br><br>Diese Website verwendet verschiedene Arten von Cookies. Einige Cookies werden von Diensten Dritter gesetzt, die auf unseren Seiten erscheinen.<br><br>Sie k\u00f6nnen Ihre Zustimmung jederzeit in der Cookie-Erkl\u00e4rung auf unserer Website \u00e4ndern oder zur\u00fcckziehen.<br><br>Weitere Informationen dar\u00fcber, wer wir sind, wie Sie uns kontaktieren k\u00f6nnen und wie wir personenbezogene Daten verarbeiten, finden Sie in unserer Datenschutzrichtlinie.<\/p>\n\n\n\n<p>Ihr Einverst\u00e4ndnis gilt f\u00fcr die folgenden Dom\u00e4nen: <a href=\"http:\/\/www.oceanicworldwide.com\">www.oceanicworldwide.com<\/a> und www.eu.oceanicworldwide.com<\/p>\n\n\n\n<p>Cookie-Erkl\u00e4rung zuletzt aktualisiert am 24.7.23 durch <a href=\"https:\/\/www.cookiebot.com\/\" target=\"_blank\" rel=\"noreferrer noopener\">Cookiebot<\/a>:<\/p>\n\n\n\n<p><strong>OFFENLEGUNG GEGEN\u00dcBER DRITTEN<\/strong><\/p>\n\n\n\n<p>Wir verkaufen, tauschen oder \u00fcbertragen Ihre pers\u00f6nlich identifizierbaren Daten nicht an Dritte, es sei denn, wir informieren die Anwender im Voraus dar\u00fcber. Davon ausgenommen sind Website-Hosting-Partner und andere Parteien, die uns beim Betrieb unserer Website, bei der Abwicklung unserer Gesch\u00e4fte oder bei der Betreuung unserer Nutzer unterst\u00fctzen, sofern diese Parteien zustimmen, diese Daten vertraulich zu behandeln. Wir k\u00f6nnen Daten auch ver\u00f6ffentlichen, wenn die Ver\u00f6ffentlichung angemessen ist, um das Gesetz zu befolgen, unsere Website-Richtlinien durchzusetzen oder unsere oder die Rechte, das Eigentum oder die Sicherheit anderer zu sch\u00fctzen.&nbsp;<\/p>\n\n\n\n<p>Nicht pers\u00f6nlich identifizierbare Besucherdaten k\u00f6nnen jedoch an andere Parteien f\u00fcr Marketing, Werbung oder andere Zwecke weitergegeben werden.<\/p>\n\n\n\n<p><strong>LINKS ZU DRITTEN<\/strong><\/p>\n\n\n\n<p>Wir bieten auf unserer Website keine Produkte oder Dienstleistungen Dritter an.<\/p>\n\n\n\n<p><strong>GOOGLE<\/strong><\/p>\n\n\n\n<p>Die Werbeanforderungen von Google lassen sich in den Werbegrunds\u00e4tzen von Google zusammenfassen. Sie dienen dazu, den Anwendern ein positives Erlebnis zu bieten.<\/p>\n\n\n\n<p><a href=\"https:\/\/support.google.com\/adwordspolicy\/answer\/1316548?hl=en\">https:\/\/support.google.com\/adwordspolicy\/answer\/1316548?hl=en<\/a><\/p>\n\n\n\n<p>Wir verwenden Google AdSense-Werbung auf unserer Website.<\/p>\n\n\n\n<p>Google, als Drittanbieter, verwendet Cookies, um Anzeigen auf unserer Website zu schalten. Die Verwendung des DART-Cookies durch Google erm\u00f6glicht die Schaltung von Anzeigen f\u00fcr unsere Anwender auf der Grundlage fr\u00fcherer Besuche auf unserer Website und anderen Websites im Internet. Anwender k\u00f6nnen die Verwendung des DART-Cookies deaktivieren, indem sie die Datenschutzbestimmungen des Google-Anzeigen- und Content-Netzwerks aufrufen.<\/p>\n\n\n\n<p><strong>WIR HABEN DAS FOLGENDE IMPLEMENTIERT:<\/strong><\/p>\n\n\n\n<ul class=\"wp-block-list\">\n<li>Remarketing mit Google AdSense<\/li>\n\n\n\n<li>Berichterstattung \u00fcber Impressionen im Google Display-Netzwerk<\/li>\n\n\n\n<li>Demografische Daten und Interessen-Berichte<\/li>\n\n\n\n<li>Facebook Tracking-Pixel f\u00fcr die Konvertierung<\/li>\n<\/ul>\n\n\n\n<p>Wir verwenden auf unserer Website das \u201eBesucheraktions-Pixel\u201c der Facebook Inc. (1 Hacker Way, Menlo Park, CA 94025, USA, oder, wenn Sie in der EU ans\u00e4ssig sind, Facebook Ireland Ltd., 4 Grand Canal Square, Grand Canal Harbour, Dublin 2, Irland (\u201eFacebook\u201c)).<\/p>\n\n\n\n<p>Dadurch kann das Verhalten der Anwender nachverfolgt werden, nachdem sie durch Klicken auf eine Facebook-Werbeanzeige auf die Website des Anbieters weitergeleitet wurden. Dies erm\u00f6glicht es uns, die Wirksamkeit von Facebook-Werbeanzeigen f\u00fcr statistische und Marktforschungszwecke zu messen. Die auf diese Weise erfassten Daten sind f\u00fcr uns anonym, d.&nbsp;h. wir sehen die pers\u00f6nlichen Daten der einzelnen Nutzer nicht. Diese Daten werden jedoch von Facebook gespeichert und verarbeitet, weshalb wir Sie aufgrund unserer Kenntnis der Sachlage informieren. Facebook kann diese Daten mit Ihrem Facebook-Konto verkn\u00fcpfen und sie auch f\u00fcr eigene Werbezwecke verwenden, in \u00dcbereinstimmung mit den Datenverwendungsrichtlinien von Facebook https:\/\/www.facebook.com\/about\/privacy\/. Du kannst Facebook und seinen Partnern erlauben, Anzeigen auf und au\u00dferhalb von Facebook zu schalten. F\u00fcr diese Zwecke kann auch ein Cookie auf deinem Computer gespeichert werden.<\/p>\n\n\n\n<p>Die Rechtsgrundlage f\u00fcr die Nutzung dieses Dienstes ist Art. 6 Abs. 1 Satz 1 Buchstabe f GDPR. Sie k\u00f6nnen der Erhebung Ihrer Daten durch das Facebook-Pixel bzw. der Nutzung Ihrer Daten zum Zwecke der Schaltung von Facebook-Werbeanzeigen widersprechen, indem Sie sich an folgende Adresse wenden: https:\/\/www.facebook.com\/settings?tab=ads.<\/p>\n\n\n\n<p>Facebook ist unter dem Privacy-Shield-Abkommen zertifiziert und garantiert damit die Einhaltung des europ\u00e4ischen Datenschutzrechts (<a href=\"https:\/\/www.privacyshield.gov\/participant?id=a2zt0000000GnywAAC&amp;status=Active)\">https:\/\/www.privacyshield.gov\/participant?id=a2zt0000000GnywAAC&amp;status=Active)<\/a>.<\/p>\n\n\n\n<p>Wir verwenden zusammen mit Drittanbietern wie Google Erstanbieter-Cookies (z.&nbsp;B. Google Analytics-Cookies) und Drittanbieter-Cookies (z.&nbsp;B. DoubleClick-Cookie) oder andere Drittanbieter-Identifikatoren, um Daten \u00fcber Anwenderinteraktionen mit Werbeeinblendungen und andere Werbeservicefunktionen im Zusammenhang mit unserer Website zu sammeln.<\/p>\n\n\n\n<p><strong>VERWEIGERUN DER ZUSTIMMUNG<\/strong><\/p>\n\n\n\n<p>Anwender k\u00f6nnen auf der Seite mit den Google-Anzeigeneinstellungen festlegen, wie Google f\u00fcr Sie wirbt. Alternativ k\u00f6nnen Sie die Opt-Out-Seite der Network Advertising Initiative besuchen oder das Browser-Add-on Google Analytics Opt-Out verwenden.<\/p>\n\n\n\n<p><strong>SIE WERDEN \u00dcBER ALLE \u00c4NDERUNGEN DER DATENSCHUTZBESTIMMUNGEN INFORMIERT:<\/strong><\/p>\n\n\n\n<p><strong>&nbsp;<\/strong>Auf unserer Seite mit den Datenschutzbestimmungen<\/p>\n\n\n\n<p><strong>K\u00d6NNEN SIE IHRE PERS\u00d6NLICHEN DATEN \u00c4NDERN:<\/strong><\/p>\n\n\n\n<p><strong>&nbsp;<\/strong>Indem Sie eine \u00c4nderung per E-Mail beantragen: Privacy@huishoutdoors.com<\/p>\n\n\n\n<p><strong>WIE GEHT UNSERE WEBSITE MIT \u201eDO NOT TRACK\u201c-SIGNALEN UM?<\/strong><\/p>\n\n\n\n<p>Wir respektieren Do Not Track-Signale und verzichten auf Tracking, Cookies oder Werbung, wenn ein Do Not Track (DNT) Browser-Mechanismus vorhanden ist.<\/p>\n\n\n\n<p><strong>ERLAUBT UNSERE WEBSITE DAS TRACKING VON VERHALTENSDATEN DURCH DRITTE?<\/strong><\/p>\n\n\n\n<p>Es ist auch wichtig, darauf hinzuweisen, dass wir das Verhaltenstracking durch Dritte erlauben<\/p>\n\n\n\n<p><strong>COPPA (GESETZ ZUM SCHUTZ DER PRIVATSPH\u00c4RE VON KINDERN IM INTERNET)<\/strong><\/p>\n\n\n\n<p>Wenn es um die Erfassung personenbezogener Daten von Kindern unter 13 Jahren geht, gibt der Children&#8217;s Online Privacy Protection Act (COPPA) den Eltern die Kontrolle. Die Federal Trade Commission, die Verbraucherschutzbeh\u00f6rde der Vereinigten Staaten, setzt die COPPA-Regel durch, die festlegt, was Betreiber von Websites und Online-Diensten tun m\u00fcssen, um die Privatsph\u00e4re und die Sicherheit von Kindern im Internet zu sch\u00fctzen.<\/p>\n\n\n\n<p>Wir vermarkten nicht speziell an Kinder unter 13 Jahren.<\/p>\n\n\n\n<p><strong>FAIRE INFORMATIONSPRAKTIKEN<\/strong><\/p>\n\n\n\n<p>Die Fair Information Practices Principles bilden das R\u00fcckgrat des Datenschutzrechts in den Vereinigten Staaten, und die darin enthaltenen Konzepte haben bei der Entwicklung von Datenschutzgesetzen auf der ganzen Welt eine wichtige Rolle gespielt. Das Verst\u00e4ndnis der Fair Information Practices Principles und ihrer Umsetzung ist entscheidend f\u00fcr die Einhaltung der verschiedenen Datenschutzgesetze zum Schutz personenbezogener Daten.<\/p>\n\n\n\n<p><strong>Um die Fair Information Practices einzuhalten, werden wir im Falle eines Datenschutzversto\u00dfes die folgenden Ma\u00dfnahmen ergreifen:<\/strong><\/p>\n\n\n\n<p><strong>Wir werden Sie per E-Mail benachrichtigen:<\/strong><\/p>\n\n\n\n<p>Innerhalb von 7 Werktagen<\/p>\n\n\n\n<p>Wir stimmen auch dem Grundsatz des individuellen Rechtsbehelfs zu, der besagt, dass Einzelpersonen das Recht haben, einklagbare Rechte gegen Datensammler und -verarbeiter geltend zu machen, die sich nicht an das Gesetz halten. Dieses Prinzip erfordert nicht nur, dass Einzelpersonen durchsetzbare Rechte gegen\u00fcber Nutzern von Daten haben, sondern auch, dass Einzelpersonen sich an Gerichte oder Regierungsbeh\u00f6rden wenden k\u00f6nnen, um die Nichteinhaltung von Datenverarbeitungsprozessen zu untersuchen und\/oder zu verfolgen.<\/p>\n\n\n\n<p><strong>CAN-SPAM-ACT<\/strong><\/p>\n\n\n\n<p>Der CAN-SPAM Act ist ein Gesetz, das die Regeln f\u00fcr kommerzielle E-Mails festlegt, Anforderungen f\u00fcr kommerzielle Nachrichten aufstellt, den Empf\u00e4ngern das Recht einr\u00e4umt, den Versand von E-Mails an sie zu unterbinden, und harte Strafen f\u00fcr Verst\u00f6\u00dfe vorsieht.<\/p>\n\n\n\n<p><strong>Wir erfassen Ihre E-Mail-Adresse, um:<\/strong><\/p>\n\n\n\n<ul class=\"wp-block-list\">\n<li>Informationen zu senden, auf Anfragen und\/oder andere Bitten oder Fragen zu antworten.<\/li>\n\n\n\n<li>Bestellungen zu bearbeiten und Informationen und Aktualisierungen zu Bestellungen zu versenden.<\/li>\n\n\n\n<li>Ihnen zus\u00e4tzliche Informationen zu Ihrem Produkt und\/oder Ihrer Dienstleistung zu senden.<\/li>\n\n\n\n<li>unsere Mailingliste zu vermarkten oder weiterhin E-Mails an unsere Kunden zu senden, nachdem die urspr\u00fcngliche Transaktion stattgefunden hat.<\/li>\n<\/ul>\n\n\n\n<p><strong>Um die CANSPAM-Vorschriften einzuhalten, verpflichten wir uns zu Folgendem:<\/strong><\/p>\n\n\n\n<ul class=\"wp-block-list\">\n<li>Keine falschen oder irref\u00fchrenden Betreffe oder E-Mail-Adressen zu verwenden.<\/li>\n\n\n\n<li>Die Nachricht in angemessener Weise als Werbung zu kennzeichnen.<\/li>\n\n\n\n<li>Die physische Adresse unseres Unternehmens oder des Hauptsitzes unserer Website anzugeben.<\/li>\n\n\n\n<li>\u00dcberwachung von E-Mail-Marketingdiensten von Drittanbietern auf Einhaltung der Vorschriften, falls solche Dienste genutzt werden.<\/li>\n\n\n\n<li>Rasche Beantwortung von Abmelde-\/Abbestellungsanfragen.<\/li>\n\n\n\n<li>Anwendern die M\u00f6glichkeit geben, sich \u00fcber den Link am Ende jeder E-Mail abzumelden.<\/li>\n<\/ul>\n\n\n\n<p><strong>Wenn Sie den Erhalt zuk\u00fcnftiger E-Mails abbestellen m\u00f6chten, k\u00f6nnen Sie uns eine E-Mail schicken:<\/strong><\/p>\n\n\n\n<p>Befolgen Sie die Anweisungen am Ende jeder E-Mail, und wir werden Sie umgehend aus <strong>ALLER<\/strong> Korrespondenz entfernen.<\/p>\n\n\n\n<p><strong>KONTAKTAUFNAHME MIT UNS<\/strong><\/p>\n\n\n\n<p>Wenn Sie Fragen zu dieser Datenschutzrichtlinie haben, k\u00f6nnen Sie uns \u00fcber die unten stehenden Informationen kontaktieren.<\/p>\n\n\n\n<p>www.oceanicworldwide.com<br>1540 North 2200 West<br>Salt Lake City, Utah 84116<br>Vereinigte Staaten von Amerika<\/p>\n\n\n\n<p><a href=\"mailto:Privacy@huishoutdoors.com\">Privacy@huishoutdoors.com<\/a><\/p>\n\n\n\n<p>Zuletzt bearbeitet am 09. 11. 2023<\/p>\n\n\n\n<div class=\"container-fluid\">\n<div class=\"row\">\n<div class=\"col\">\n<h4 class=\"wp-block-heading\">VERWENDEN WIR &#8216;COOKIES&#8217;?<\/h4>\n\n\n\n<script id=\"CookieDeclaration\" src=\"https:\/\/consent.cookiebot.com\/1552aead-e1ab-467d-9b17-f8cd3923101e\/cd.js\" type=\"text\/javascript\" async><\/script>\n<\/div>\n<\/div>\n<\/div>\n","protected":false},"excerpt":{"rendered":"<p>Datenschutzrichtlinie Diese Datenschutzrichtlinie wurde erstellt, um denjenigen, die sich Sorgen dar\u00fcber machen, wie ihre \u201epers\u00f6nlich identifizierbaren Informationen\u201c (PII) online verwendet werden, besser zu informieren. PII sind Informationen, die allein oder zusammen mit anderen Daten verwendet werden k\u00f6nnen, um eine einzelne Person zu identifizieren, zu kontaktieren oder ausfindig zu machen, oder um eine Person im Kontext [&hellip;]<\/p>\n","protected":false},"author":11,"featured_media":0,"parent":0,"menu_order":0,"comment_status":"closed","ping_status":"closed","template":"","meta":{"_acf_changed":false,"footnotes":""},"class_list":["post-1256","page","type-page","status-publish","hentry"],"acf":[],"_links":{"self":[{"href":"https:\/\/eu.oceanicworldwide.com\/de\/wp-json\/wp\/v2\/pages\/1256","targetHints":{"allow":["GET"]}}],"collection":[{"href":"https:\/\/eu.oceanicworldwide.com\/de\/wp-json\/wp\/v2\/pages"}],"about":[{"href":"https:\/\/eu.oceanicworldwide.com\/de\/wp-json\/wp\/v2\/types\/page"}],"author":[{"embeddable":true,"href":"https:\/\/eu.oceanicworldwide.com\/de\/wp-json\/wp\/v2\/users\/11"}],"replies":[{"embeddable":true,"href":"https:\/\/eu.oceanicworldwide.com\/de\/wp-json\/wp\/v2\/comments?post=1256"}],"version-history":[{"count":0,"href":"https:\/\/eu.oceanicworldwide.com\/de\/wp-json\/wp\/v2\/pages\/1256\/revisions"}],"wp:attachment":[{"href":"https:\/\/eu.oceanicworldwide.com\/de\/wp-json\/wp\/v2\/media?parent=1256"}],"curies":[{"name":"wp","href":"https:\/\/api.w.org\/{rel}","templated":true}]}}