{"id":804,"date":"2023-11-10T19:11:28","date_gmt":"2023-11-10T19:11:28","guid":{"rendered":"https:\/\/huisheuro.wpengine.com\/?page_id=804"},"modified":"2023-11-10T19:15:54","modified_gmt":"2023-11-10T19:15:54","slug":"oceanic-vilkaar-og-betingelser","status":"publish","type":"page","link":"https:\/\/eu.oceanicworldwide.com\/da\/oceanic-vilkaar-og-betingelser\/","title":{"rendered":"Oceanic Vilk\u00e5r og betingelser"},"content":{"rendered":"\n<div class=\"container\">\n<div class=\"row\">\n<div class=\"col\">\n<p>Oceanic Vilk\u00e5r og betingelser<\/p>\n\n\n\n<p>Velkommen til eu.OceanicWorldwide.com websstedet (\u201cwebstedet\u201d). Oceanic leverer tjenester til dig underlagt de meddelelser, vilk\u00e5r og betingelser, der er angivet i denne aftale (&#8220;aftalen&#8221;). Derudover vil du, n\u00e5r du bruger vores tjenester (f.eks. kundeanmeldelser), v\u00e6re underlagt de regler, retningslinjer, politikker, vilk\u00e5r og betingelser, der g\u00e6lder for en s\u00e5dan tjeneste, og de er indarbejdet i denne aftale med denne henvisning. Vi forbeholder os retten til at \u00e6ndre dette websted og disse vilk\u00e5r og betingelser til enhver tid.&nbsp;<strong>VED AT F\u00c5 ADGANG TIL, BROWSE ELLER P\u00c5 ANDEN M\u00c5DE BRUGE WEBSTEDET ANGIVER DU, AT DU ACCEPTERER ALLE VILK\u00c5R OG BETINGELSER I DENNE AFTALE. L\u00c6S DERFOR VENLIGST DENNE AFTALE OMHYGGELIGT, F\u00d8R DU FORTS\u00c6TTER.<\/strong><\/p>\n\n\n\n<p><strong>BRUG AF WEBSTEDET<\/strong><strong><br><\/strong>Du angiver og garanterer, at du er mindst 18 \u00e5r gammel eller bes\u00f8ger webstedet under opsyn af en for\u00e6lder eller v\u00e6rge.<\/p>\n\n\n\n<p>I henhold til vilk\u00e5rene og betingelserne i denne aftale giver vi dig hermed en begr\u00e6nset, tilbagekaldelig, ikke-overdragelig og ikke-eksklusiv licens til at f\u00e5 adgang til og bruge webstedet. Dette m\u00e5 kun ske gennem din internetbrowser og med det form\u00e5l at k\u00f8be de personlige genstande, der s\u00e6lges p\u00e5 webstedet og ikke til nogen kommerciel brug eller brug p\u00e5 vegne af nogen tredjepart, undtagen som udtrykkeligt tilladt af os p\u00e5 forh\u00e5nd. Ethvert brud p\u00e5 denne aftale vil medf\u00f8re \u00f8jeblikkelig tilbagekaldelse af licensen givet i dette afsnit uden at du p\u00e5 nogen m\u00e5de varsles herom.<\/p>\n\n\n\n<p>Medmindre det er tilladt i ovenst\u00e5ende afsnit, m\u00e5 du ikke reproducere, distribuere, vise, s\u00e6lge, lease, transmittere, skabe afledte v\u00e6rker fra, overs\u00e6tte, modificere, reverse-engineer, adskille, dekompilere eller p\u00e5 anden m\u00e5de udnytte dette websted eller nogen del af det, medmindre vi udtrykkeligt har tilladt det skriftligt. Du m\u00e5 ikke g\u00f8re nogen kommerciel brug af oplysningerne p\u00e5 webstedet eller bruge webstedet til gavn for en anden virksomhed, medmindre vi udtrykkeligt har tilladt det p\u00e5 forh\u00e5nd. Vi forbeholder os retten til at n\u00e6gte service, lukke konti og\/eller annullere ordrer efter eget sk\u00f8n, herunder, uden begr\u00e6nsning, hvis vi mener, at kundeadf\u00e6rd overtr\u00e6der g\u00e6ldende lovgivning eller er skadelig for vores interesser.<\/p>\n\n\n\n<p>Du m\u00e5 ikke uploade, distribuere eller p\u00e5 anden m\u00e5de offentligg\u00f8re noget indhold, oplysninger eller andet materiale via dette websted, der (a) kr\u00e6nker eller p\u00e5virker nogen persons ophavsrettigheder, patenter, varem\u00e6rker, servicem\u00e6rker, forretningshemmeligheder eller andre ejendomsrettigheder; (b) er injurierende, truende, \u00e6rekr\u00e6nkende, obsk\u00f8nt, uanst\u00e6ndigt, pornografisk eller kan give anledning til civilt eller strafferetligt ansvar i henhold til amerikansk eller international lov; eller (c) inkluderer eventuelle fejl, vira, orme, f\u00e6lder, trojanske heste eller anden skadelig kode eller egenskaber.<\/p>\n\n\n\n<p>Indhold p\u00e5 dette websted er udelukkende til informationsform\u00e5l. Det er dit eget ansvar at konsultere en autoriseret l\u00e6ge eller kvalificeret sundhedspersonale med henblik p\u00e5 r\u00e5dgivning, diagnose og\/eller behandling af enhver sundhedsrelateret tilstand. Indl\u00e6g eller meninger, der udtrykkes p\u00e5 dette websted, kan kun tilskrives den person, der udtrykker s\u00e5danne indl\u00e6g eller meninger og afspejler ikke n\u00f8dvendigvis vores meninger. Produktfremstillinger udtrykt p\u00e5 dette websted er leverand\u00f8rens og er ikke lavet af os.<\/p>\n\n\n\n<p>Vi kan tildele dig en adgangskode og et konto-id for at give dig adgang til og bruge visse dele af dette websted. Hver gang du bruger en adgangskode eller id, vil du blive anset for at v\u00e6re autoriseret til at f\u00e5 adgang til og bruge webstedet p\u00e5 en m\u00e5de, der er i overensstemmelse med vilk\u00e5rene og betingelserne i denne aftale, og vi har ingen forpligtelse til at unders\u00f8ge tilladelsen eller kilden til en s\u00e5dan adgang eller brug af webstedet.&nbsp;<strong>DU HAR DET FULDE ANSVAR FOR AL ADGANG TIL OG BRUG AF DETTE WEBSTED AF ENHVER, DER BRUGER ADGANGSKODEN OG ID\u2019ET, DER OPPRINDELIGT ER TILDELT DIG, UANSET OM EN S\u00c5DAN ADGANG TIL OG BRUG AF DETTE WEBSTED FAKTISK ER GODKENDT AF DIG, HERUNDER, UDEN BEGR\u00c6NSNING, AL KOMMUNIKATION OG ALLE TRANSMISSIONER OG ALLE FORPLIGTELSER (HERUNDER, UDEN BEGR\u00c6NSNING, FINANSIELLE FORPLIGTELSER) DER OPST\u00c5R VED S\u00c5DAN ADGANG ELLER BRUG.<\/strong>&nbsp;Du har det fulde ansvar for at beskytte sikkerheden og fortroligheden af den adgangskode og det id, du er blevet tildelt. Du skal straks underrette os om enhver uautoriseret brug af din adgangskode eller dit id eller ethvert andet brud eller trussel om p\u00e5 brud af webstedets sikkerhed.<\/p>\n\n\n\n<p><strong>ANMELDELSER OG KOMMENTARER<\/strong><strong><br><\/strong>Medmindre andet er angivet andetsteds i denne aftale eller p\u00e5 webstedet, er og vil alt, hvad du indsender eller poster til webstedet og\/eller giver os, herunder uden begr\u00e6nsning, ideer, knowhow, teknikker, sp\u00f8rgsm\u00e5l, anmeldelser, kommentarer og forslag (samlet &#8220;Indl\u00e6g&#8221;), blive behandlet som ikke-fortrolige og ikke-propriet\u00e6re, og vi vil have den royaltyfrie, verdensomsp\u00e6ndende, evige, uigenkaldelige og overf\u00f8rbare ret til at bruge, kopiere, distribuere, vise, udgive, opf\u00f8re, s\u00e6lge , lease, transmittere, tilpasse, skabe afledte v\u00e6rker fra s\u00e5danne indl\u00e6g p\u00e5 enhver m\u00e5de og i enhver form, og at overs\u00e6tte, modificere, reverse-engineer, adskille eller dekompilere s\u00e5danne indl\u00e6g. Alle indl\u00e6g bliver automatisk udelukkende vores eksklusive ejendom og returneres ikke til dig.<\/p>\n\n\n\n<p>Ud over de rettigheder, der g\u00e6lder for ethvert indl\u00e6g, giver du os, n\u00e5r du sender kommentarer eller anmeldelser til webstedet, ogs\u00e5 ret til at bruge det navn, du indsender med enhver anmeldelse, kommentar eller andet indhold, hvis noget, i forbindelse med s\u00e5danne anmeldelse, kommentar eller andet indhold. Du angiver og garanterer, at du ejer eller p\u00e5 anden m\u00e5de kontrollerer alle rettighederne til anmeldelser, kommentarer og andet indhold, som du poster p\u00e5 dette websted, og at vores brug af dine anmeldelser, kommentarer eller andet indhold ikke vil kr\u00e6nke eller kr\u00e6nke nogen tredjeparts rettigheder. Du m\u00e5 ikke bruge en falsk e-mailadresse, foregive at v\u00e6re en anden end dig selv eller p\u00e5 anden m\u00e5de vildlede os eller tredjeparter med hensyn til oprindelsen af indl\u00e6g eller indhold. Vi kan, men er ikke forpligtet til, at fjerne eller redigere nogen indl\u00e6g (inklusive kommentarer eller anmeldelser) uanset \u00e5rsag.<\/p>\n\n\n\n<p><strong>INTELLEKTUEL EJENDOM<\/strong><strong><br><\/strong>Hele indholdet p\u00e5 webstedet, inklusive, men ikke begr\u00e6nset, til teksten, grafikken, billederne og koden, samt eventuelle individuelle billeder eller fotografier, er ophavsretligt beskyttet i henhold til love om ophavsret og andre love i USA, og er Oceanic Worldwides eksklusive ejendom. Enhver brug, herunder enhver reproduktion, distribution, visning eller transmission af indholdet p\u00e5 webstedet eller individuelle billeder eller fotografier p\u00e5 webstedet er strengt forbudt.<\/p>\n\n\n\n<p>Alle andre firma-, m\u00e6rke- og produktnavne er varem\u00e6rker tilh\u00f8rende deres respektive indehavere. Denne webside har ingen tilknytning til og er ikke tilknyttet eller sponsoreret af nogen af disse varem\u00e6rkeindehavere.<\/p>\n\n\n\n<p>Selvom der g\u00f8res alt for at sikre, at oplysningerne p\u00e5 webstedet er n\u00f8jagtige, kan design, funktioner, komponenter, farver og priser \u00e6ndres.<\/p>\n\n\n\n<p><strong>PERSONDATAPOLITIK<\/strong><\/p>\n\n\n\n<p>L\u00e6s vores persondatapolitik, som ogs\u00e5 regulerer dit bes\u00f8g p\u00e5 webstedet, for at forst\u00e5 vores praksis.<\/p>\n\n\n\n<p><strong>OPSIGELSE OG VIRKNING AF OPSIGELSE<\/strong><strong><br><\/strong>Ud over alle andre juridiske eller rimelige retsmidler kan vi, uden forudg\u00e5ende varsel, \u00f8jeblikkeligt opsige aftalen eller tilbagekalde nogen eller alle dine rettigheder givet i henhold til denne aftale. Ved enhver opsigelse af denne aftale skal du \u00f8jeblikkeligt oph\u00f8re med al adgang til og brug af webstedet, og vi vil, ud over alle andre juridiske eller rimelige midler, \u00f8jeblikkeligt tilbagekalde alle adgangskoder og konto-id\u2019er, der er udstedt til dig, og n\u00e6gte dig adgang til og brug af webstedet b\u00e5de helt og delvist. Enhver opsigelse af denne aftale p\u00e5virker ikke parternes respektive rettigheder og forpligtelser (herunder uden begr\u00e6nsning betalingsforpligtelser), der opst\u00e5r f\u00f8r datoen for opsigelsen.<\/p>\n\n\n\n<p><strong>INTERNATIONAL ADGANG<\/strong><strong><br><\/strong>Dette websted (dom\u00e6ne og underdom\u00e6ner) kan tilg\u00e5s fra andre lande end USA. Dette websted kan indeholde produkter eller referencer til produkter, der ikke er tilg\u00e6ngelige uden for USA. S\u00e5danne referencer betyder ikke, at disse produkter vil blive gjort tilg\u00e6ngelige uden for USA. Hvis du tilg\u00e5r og bruger dette websted uden for USA, er du ansvarlig for at overholde de lokale love og regler.<\/p>\n\n\n\n<p><strong>ANSVARSFRASKRIVELSE<\/strong><strong><br><\/strong>Oceanic garanterer eller p\u00e5st\u00e5r ikke, at indholdet p\u00e5 webstedet er n\u00f8jagtigt, eller at webstedets drift vil v\u00e6re fejlfri eller uafbrudt, eller at det vil v\u00e6re fri for vira eller andre skadelige komponenter. Du bruger webstedet p\u00e5 egen risiko. Oceanic repr\u00e6senterer eller garanterer ikke, at din brug af materialer vist p\u00e5 dette websted ikke vil kr\u00e6nke tredjeparters rettigheder. Oplysninger offentliggjort p\u00e5 webstedet kan referere til produkter, programmer eller tjenester, der ikke er tilg\u00e6ngelige i dit land. Uden begr\u00e6nsning af det foreg\u00e5ende, leveres webstedet &#8220;SOM DET ER&#8221; og uden garanti af nogen art, hverken udtrykkelig eller underforst\u00e5et, herunder, men ikke begr\u00e6nset til, de underforst\u00e5ede garantier for salgbarhed, egnethed til et bestemt form\u00e5l eller ikke-kr\u00e6nkelse. Nogle jurisdiktioner tillader muligvis ikke udelukkelse af underforst\u00e5ede garantier, s\u00e5 nogle af ovenst\u00e5ende undtagelser g\u00e6lder muligvis ikke for dig.<\/p>\n\n\n\n<p><strong>ANSVARSBEGR\u00c6NSNING<\/strong><strong><br><\/strong>Hverken Oceanic eller nogen tredjepart, der er involveret i oprettelse eller driften af webstedet, vil v\u00e6re ansvarlige under nogen teori (herunder uagtsomhed) for eventuelle tilf\u00e6ldige skader, f\u00f8lgeskader, indirekte, s\u00e6rlige eller andre skader, der opst\u00e5r som f\u00f8lge af din adgang til eller brug af webstedet, selvom Oceanic er blevet informeret om muligheden for s\u00e5danne skader.<\/p>\n\n\n\n<p><strong>TYPOGRAFISKE FEJL<\/strong><strong><br><\/strong>I tilf\u00e6lde af at et produkt er angivet til en forkert pris eller med forkerte oplysninger p\u00e5 grund af typografiske fejl eller fejl i priss\u00e6tning eller produktoplysninger modtaget fra vores leverand\u00f8rer, har vi ret til at afvise eller annullere enhver ordre afgivet for produkter opf\u00f8rt til den forkerte pris . Vi har ret til at afvise eller annullere s\u00e5danne ordrer, uanset om ordren er blevet bekr\u00e6ftet og dit kreditkort er blevet debiteret. Hvis dit kreditkort allerede er blevet debiteret for k\u00f8bet, og din ordre annulleres, vil vi straks overf\u00f8re et bel\u00f8b til din kreditkortkonto svarende til det debiterede bel\u00f8b.<\/p>\n\n\n\n<p><strong>LINKS<\/strong><strong><br><\/strong>Dette websted kan indeholde links til andre websteder p\u00e5 internettet, der ejes og drives af tredjeparter. Du anerkender, at vi ikke er ansvarlige for driften af eller indholdet p\u00e5 eller tilg\u00e6ngeligt via et s\u00e5dant websted.<\/p>\n\n\n\n<p><strong>COPYRIGHT REKLAMATIONER<\/strong><strong><br><\/strong>Vi respekterer andres intellektuelle ejendom. Hvis du mener, at dit v\u00e6rk er blevet kopieret p\u00e5 en m\u00e5de, der udg\u00f8r en kr\u00e6nkelse af ophavsretten, bedes du kontakte os.<\/p>\n\n\n\n<p><strong>RETSMIDLER<\/strong><strong><br><\/strong>Du accepterer, at vores retsmiddel i henhold til lovgivningen for ethvert faktisk brud, eller enhver trussel om brud, p\u00e5 denne aftale ville v\u00e6re utilstr\u00e6kkeligt, og at vi er berettiget til at kr\u00e6ve specifikke handlinger eller nedl\u00e6gge forbud mod s\u00e5danne eller begge dele, ud over eventuelle skader, som vi kan v\u00e6re juridisk berettiget til at inddrive, sammen med rimelige udgifter til enhver form for tvistbil\u00e6ggelse, herunder, uden begr\u00e6nsning, advokatsal\u00e6rer.<\/p>\n\n\n\n<p>Ingen af vores rettigheder eller retsmidler vil v\u00e6re gensidigt udelukkende, hverken ved lov eller ud fra en almindelig rimelighedsbetragtning, herunder uden begr\u00e6nsning erstatningsp\u00e5bud, advokatsal\u00e6rer og udgifter.<\/p>\n\n\n\n<p>Hvis vi i noget tilf\u00e6lde giver afkald p\u00e5 vores rettigheder eller retsmidler i henhold til disse vilk\u00e5r og betingelser, indeb\u00e6rer det ikke nogen forpligtelse til at give noget lignende, fremtidigt eller andet afkald.<\/p>\n\n\n\n<p><strong>VORES ADRESSE<\/strong><strong><br><\/strong>Du bedes sende sp\u00f8rgsm\u00e5l eller kommentarer (herunder alle foresp\u00f8rgsler, der ikke er relateret til kr\u00e6nkelse af ophavsret) vedr\u00f8rende webstedet til:<\/p>\n\n\n\n<p><strong>Oceanic<\/strong><br>1540 N 2200 W<br>Salt Lake City, UT. 84116&nbsp; USA<\/p>\n<\/div>\n<\/div>\n<\/div>\n","protected":false},"excerpt":{"rendered":"","protected":false},"author":11,"featured_media":0,"parent":0,"menu_order":0,"comment_status":"closed","ping_status":"closed","template":"page-fullwidth-fluid.php","meta":{"_acf_changed":false,"footnotes":""},"class_list":["post-804","page","type-page","status-publish","hentry"],"acf":[],"_links":{"self":[{"href":"https:\/\/eu.oceanicworldwide.com\/da\/wp-json\/wp\/v2\/pages\/804","targetHints":{"allow":["GET"]}}],"collection":[{"href":"https:\/\/eu.oceanicworldwide.com\/da\/wp-json\/wp\/v2\/pages"}],"about":[{"href":"https:\/\/eu.oceanicworldwide.com\/da\/wp-json\/wp\/v2\/types\/page"}],"author":[{"embeddable":true,"href":"https:\/\/eu.oceanicworldwide.com\/da\/wp-json\/wp\/v2\/users\/11"}],"replies":[{"embeddable":true,"href":"https:\/\/eu.oceanicworldwide.com\/da\/wp-json\/wp\/v2\/comments?post=804"}],"version-history":[{"count":0,"href":"https:\/\/eu.oceanicworldwide.com\/da\/wp-json\/wp\/v2\/pages\/804\/revisions"}],"wp:attachment":[{"href":"https:\/\/eu.oceanicworldwide.com\/da\/wp-json\/wp\/v2\/media?parent=804"}],"curies":[{"name":"wp","href":"https:\/\/api.w.org\/{rel}","templated":true}]}}