{"id":768,"date":"2020-04-04T07:08:11","date_gmt":"2020-04-04T07:08:11","guid":{"rendered":"https:\/\/huisheuro.wpengine.com\/warranty\/"},"modified":"2024-02-23T23:13:40","modified_gmt":"2024-02-23T23:13:40","slug":"warranty","status":"publish","type":"page","link":"https:\/\/eu.oceanicworldwide.com\/da\/warranty\/","title":{"rendered":"Oceanic-garantien"},"content":{"rendered":"\n<h2 class=\"wp-block-heading\"><strong><strong>Oceanic-garantien<\/strong><\/strong><\/h2>\n\n\n\n<p><strong>Vores forpligtelse stopper ikke, n\u00e5r du k\u00f8ber et Oceanic-produkt. L\u00e6nge efter det f\u00f8rste salg giver vi hurtig og professionel eftersalgsservice og garantier for at sikre, at dit udstyr fungerer godt og ser godt ud.<\/strong><\/p>\n\n\n\n<h3 class=\"wp-block-heading\"><strong>Produktregistrering<\/strong><\/h3>\n\n\n\n<p><strong><em>Du beh\u00f8ver IKKE at registrere dit Oceanic+ Dive Housing her. Registrering sker automatisk gennem Oceanic+ appen, n\u00e5r du f\u00f8rste gang parrer dit your Dive Housing med din iPhone.<\/em><\/strong><\/p>\n\n\n\n<p><a href=\"https:\/\/my.huishoutdoors.com\/?utm_source=oceanic&amp;utm_medium=referral&amp;utm_campaign=registration\">Produktregistrering<\/a>\u00a0er et vigtigt skridt for at kunne nyde dit nye Oceanic-produkt. Registrering hj\u00e6lper os med lettere at yde garantiservice og giver os mulighed for at kontakte dig, hvis dit produkt skulle have brug for en opdatering eller anden service.<\/p>\n\n\n\n<p>HUSK, AT DET IKKE SV\u00c6KKER DINE GARANTIRETTIGHEDER, HVIS DU IKKE REGISTRERER DIT PRODUKT.<\/p>\n\n\n\n<p>Gem din originale daterede salgskvittering, hvis du skulle f\u00e5 brug for den p\u00e5 et senere tidspunkt. For garantiservice p\u00e5 dit Oceanic-produkt skal du freml\u00e6gge en kopi af din daterede salgskvittering, som du har f\u00e5et fra en autoriseret Oceanic-forhandler for at bekr\u00e6fte garantistatussen.<\/p>\n\n\n\n<p>N\u00e5r du k\u00f8ber online p\u00e5 EU.Oceanicworldwide.com, fungerer din f\u00f8lgeseddel, der sendes sammen med din forsendelse, som en kvittering. Hvis du har k\u00f8bt Oceanic-produktet gennem en autoriseret Oceanic-forhandler, tjener deres kvittering som dit k\u00f8bsbevis.<\/p>\n\n\n\n<h3 class=\"wp-block-heading\"><strong>Produktspecifik d\u00e6kning<\/strong><\/h3>\n\n\n\n<figure class=\"wp-block-table\"><table><tbody><tr><td>Oceanic+ Dive Housing<\/td><td>Materialer og fremstilling<\/td><td>Begr\u00e6nset 1-\u00e5rs garanti kun p\u00e5 Oceanic+ Dive Housing.<\/td><\/tr><\/tbody><\/table><\/figure>\n\n\n\n<h3 class=\"wp-block-heading\"><strong>OCEANIC+ DIVE HOUSING BEGR\u00c6NSET 1-\u00c5RS GARANTI<\/strong><\/h3>\n\n\n\n<p>Oceanic+ giver en begr\u00e6nset 1-\u00e5rs garanti p\u00e5 Oceanic+ Dive Housing og relateret tilbeh\u00f8r, der s\u00e6lges af Oceanic. Denne garanti d\u00e6kker materiale- og fabrikationsfejl ved normal brug i overensstemmelse med de offentliggjorte specifikationer. Garantien g\u00e6lder kun for den oprindelige k\u00f8ber og kan ikke overdrages. Hvis produktet viser sig at v\u00e6re defekt inden for garantiperioden, vil Oceanic+ enten reparere eller udskifte produktet efter eget sk\u00f8n, uden beregning. Produktet vil blive repareret eller erstattet med et nyt eller renoveret produkt af tilsvarende v\u00e6rdi. Se venligst afsnittet om udvidet garanti for information om udvidet garanti.<\/p>\n\n\n\n<p><strong>Undtagelser:<\/strong>&nbsp;Garantien d\u00e6kker ikke skader p\u00e5 smartphones, andre elektroniske enheder eller andre produkter, som bruges sammen med Oceanic+ Dive Housing. Brugeren p\u00e5tager sig risikoen for l\u00e6kage eller andre fejl, n\u00e5r produktet bruges. Denne garanti d\u00e6kker ikke skader, der skyldes forkert brug, misbrug, normal slitage eller uautoriserede \u00e6ndringer eller reparationer. Den d\u00e6kker heller ikke eventuelle f\u00f8lgeskader eller tilf\u00e6ldige skader, der opst\u00e5r som f\u00f8lge af brugen af produktet.<\/p>\n\n\n\n<p><strong>Reklamation under garantien:<\/strong>&nbsp;Brugeren er ansvarlig for at sende produktet til Oceanic+ i forbindelse med eventuelle garantisager. Oceanic+ d\u00e6kker udgifterne til returforsendelse. For at indlede en garantisag skal brugeren kontakte Oceanic+ kundeservice for at f\u00e5 instruktioner om, hvordan produktet kan returneres. Oceanic+ forbeholder sig ret til at anmode om yderligere oplysninger eller dokumentation for at verificere garantikravet.<\/p>\n\n\n\n<p>Denne garanti tr\u00e6der i stedet for alle andre garantier, hvad enten de er udtrykkelige eller underforst\u00e5ede, herunder enhver garanti for salgbarhed eller egnethed til et bestemt form\u00e5l. Oceanic+ er ikke ansvarlig for s\u00e6rlige skader, tilf\u00e6ldige skader eller f\u00f8lgeskader som f\u00f8lge af brugen af dette produkt, heller ikke selvom der er informeret om muligheden for s\u00e5danne skader.<\/p>\n","protected":false},"excerpt":{"rendered":"<p>Oceanic-garantien Vores forpligtelse stopper ikke, n\u00e5r du k\u00f8ber et Oceanic-produkt. L\u00e6nge efter det f\u00f8rste salg giver vi hurtig og professionel eftersalgsservice og garantier for at sikre, at dit udstyr fungerer godt og ser godt ud. Produktregistrering Du beh\u00f8ver IKKE at registrere dit Oceanic+ Dive Housing her. Registrering sker automatisk gennem Oceanic+ appen, n\u00e5r du f\u00f8rste [&hellip;]<\/p>\n","protected":false},"author":1,"featured_media":1064,"parent":0,"menu_order":0,"comment_status":"open","ping_status":"open","template":"","meta":{"_acf_changed":false,"footnotes":""},"class_list":["post-768","page","type-page","status-publish","has-post-thumbnail","hentry"],"acf":[],"_links":{"self":[{"href":"https:\/\/eu.oceanicworldwide.com\/da\/wp-json\/wp\/v2\/pages\/768","targetHints":{"allow":["GET"]}}],"collection":[{"href":"https:\/\/eu.oceanicworldwide.com\/da\/wp-json\/wp\/v2\/pages"}],"about":[{"href":"https:\/\/eu.oceanicworldwide.com\/da\/wp-json\/wp\/v2\/types\/page"}],"author":[{"embeddable":true,"href":"https:\/\/eu.oceanicworldwide.com\/da\/wp-json\/wp\/v2\/users\/1"}],"replies":[{"embeddable":true,"href":"https:\/\/eu.oceanicworldwide.com\/da\/wp-json\/wp\/v2\/comments?post=768"}],"version-history":[{"count":0,"href":"https:\/\/eu.oceanicworldwide.com\/da\/wp-json\/wp\/v2\/pages\/768\/revisions"}],"wp:featuredmedia":[{"embeddable":true,"href":"https:\/\/eu.oceanicworldwide.com\/da\/wp-json\/wp\/v2\/media\/1064"}],"wp:attachment":[{"href":"https:\/\/eu.oceanicworldwide.com\/da\/wp-json\/wp\/v2\/media?parent=768"}],"curies":[{"name":"wp","href":"https:\/\/api.w.org\/{rel}","templated":true}]}}