{"id":734,"date":"2023-10-13T18:12:05","date_gmt":"2023-10-13T18:12:05","guid":{"rendered":"https:\/\/huisheuro.wpengine.com\/policies\/"},"modified":"2026-03-18T21:23:25","modified_gmt":"2026-03-18T21:23:25","slug":"policies","status":"publish","type":"page","link":"https:\/\/eu.oceanicworldwide.com\/da\/policies\/","title":{"rendered":"Policies"},"content":{"rendered":"\n<div class=\"container\">\n<div class=\"row\">\n<div class=\"col col-12 pb-5\">\n<h2 class=\"wp-block-heading\">Shipping Policies<\/h2>\n\n\n\n<h3 class=\"wp-block-heading\"><strong>Gratis fragt<\/strong><\/h3>\n\n\n\n<p>Oceanicworldwide.com tilbyder gratis forsendelse med&nbsp;FedEx til alle lande i EU for ordrer p\u00e5 \u20ac199 og derover. Vi sender fra vores lager i Malta, og det kan tage adskillige arbejdsdage for pakken at n\u00e5 frem.<\/p>\n\n\n\n<h3 class=\"wp-block-heading pt-4\"><strong>DEADLINE FOR FORSENDELSE<\/strong><\/h3>\n\n\n\n<p>Hos Oceanic Worldwide str\u00e6ber vi efter at give vores kunder den bedst mulige k\u00f8bsoplevelse.<\/p>\n\n\n\n<p>Ordrer modtaget inden kl. 12:00 CET mandag-fredag (undtagen helligdage) afsendes samme dag, n\u00e5r kreditkortet er godkendt og verificeret.<\/p>\n\n\n\n<p>Ordrer modtaget efter kl. 12:00 CET mandag-fredag (undtagen helligdage) afsendes n\u00e6ste hverdag, n\u00e5r kreditkortet er godkendt og verificeret.<\/p>\n\n\n\n<p>Ordrer, der afgives en l\u00f8rdag eller s\u00f8ndag, afsendes den f\u00f8lgende mandag (undtagen helligdage).<\/p>\n<\/div>\n<\/div>\n\n\n\n<div class=\"row pt-4\">\n<div class=\"col col-12\">\n<h2 class=\"wp-block-heading\"><strong>RETURPOLITIK FOR EU.OCEANICWORLDWIDE.COM<\/strong><\/h2>\n\n\n\n<h3 class=\"wp-block-heading\"><strong>Standard returpolitik<\/strong><\/h3>\n\n\n\n<p>Hvis du ikke er tilfreds med dit\/dine produkt(er) fra Oceanic Worldwide, kan du returnere dit <em>ubrugte<\/em> k\u00f8b, men bem\u00e6rk venligst f\u00f8lgende:<\/p>\n\n\n\n<ul class=\"wp-block-list\">\n<li>Varer k\u00f8bt online p\u00e5 OceanicWorldwide.com skal returneres inden for 14 dage efter k\u00f8bet.<\/li>\n\n\n\n<li>Alle returneringer skal v\u00e6re med original emballage inkl. m\u00e6rker og\/eller etiketter.<\/li>\n\n\n\n<li>Dokumenter: Original kvittering eller ordrenummer skal indsendes for at fuldf\u00f8re returneringen.<\/li>\n\n\n\n<li>Varer, der er k\u00f8bt hos en fysisk forhandler eller p\u00e5 en tredjepartshjemmeside, kan ikke returneres via EU.OceanicWorldwide.com og skal i stedet returneres til det oprindelige k\u00f8bssted (i henhold til deres returpolitik).<\/li>\n<\/ul>\n\n\n\n<p>Bem\u00e6rk: Omkostninger til returforsendelse er p\u00e5 k\u00f8bers regning.<\/p>\n\n\n\n<h3 class=\"wp-block-heading pt-4\"><strong>RETURNERING AF ET K\u00d8B P\u00c5 EU.OCEANICWORLDWIDE.COM<\/strong><\/h3>\n\n\n\n<p>G\u00e5 til <a href=\"https:\/\/eu.oceanicworldwide.com\/request-return-authorization\/\">Oceanic Worldwide Return Form<\/a> og udfyld de relevante oplysninger. Et link til denne returformular findes ogs\u00e5 i e-mailen med din ordrebekr\u00e6ftelse. Instruktioner omkring forsendelse findes ligeledes i din bekr\u00e6ftelsesmail.<\/p>\n\n\n\n<ol class=\"wp-block-list\" style=\"list-style-type:1\">\n<li>Du f\u00e5r udstedt et returautorisationsnummer (RA-nummer), n\u00e5r du har udfyldt og indsendt returformularen.<\/li>\n\n\n\n<li>Udskriv din originale kvittering og skriv RA-nummeret p\u00e5 kvitteringen.<\/li>\n\n\n\n<li>Pak din vare forsvarligt ind og vedl\u00e6g kvittering med RA-nummer i pakken.<\/li>\n<\/ol>\n\n\n\n<p>Bem\u00e6rk: Omkostninger til returforsendelse er p\u00e5 k\u00f8bers regning.<\/p>\n\n\n\n<h3 class=\"wp-block-heading pt-4\"><strong>KREDIT<\/strong><\/h3>\n\n\n\n<p>N\u00e5r vi har modtaget din returforsendelse, vil vi inspicere varerne og behandle din kreditering (eksklusive det oprindelige forsendelsesgebyr) inden for 1-2 hverdage. Huish Outdoors er ikke ansvarlig for varer, der g\u00e5r tabt under transport.<\/p>\n<\/div>\n\n\n\n<div class=\"col\"><\/div>\n\n\n\n<div class=\"col\"><\/div>\n\n\n\n<div class=\"col\"><\/div>\n<\/div>\n<\/div>\n","protected":false},"excerpt":{"rendered":"","protected":false},"author":11,"featured_media":0,"parent":0,"menu_order":0,"comment_status":"closed","ping_status":"closed","template":"","meta":{"_acf_changed":false,"footnotes":""},"class_list":["post-734","page","type-page","status-publish","hentry"],"acf":[],"_links":{"self":[{"href":"https:\/\/eu.oceanicworldwide.com\/da\/wp-json\/wp\/v2\/pages\/734","targetHints":{"allow":["GET"]}}],"collection":[{"href":"https:\/\/eu.oceanicworldwide.com\/da\/wp-json\/wp\/v2\/pages"}],"about":[{"href":"https:\/\/eu.oceanicworldwide.com\/da\/wp-json\/wp\/v2\/types\/page"}],"author":[{"embeddable":true,"href":"https:\/\/eu.oceanicworldwide.com\/da\/wp-json\/wp\/v2\/users\/11"}],"replies":[{"embeddable":true,"href":"https:\/\/eu.oceanicworldwide.com\/da\/wp-json\/wp\/v2\/comments?post=734"}],"version-history":[{"count":0,"href":"https:\/\/eu.oceanicworldwide.com\/da\/wp-json\/wp\/v2\/pages\/734\/revisions"}],"wp:attachment":[{"href":"https:\/\/eu.oceanicworldwide.com\/da\/wp-json\/wp\/v2\/media?parent=734"}],"curies":[{"name":"wp","href":"https:\/\/api.w.org\/{rel}","templated":true}]}}