{"id":674,"date":"2023-10-23T18:49:57","date_gmt":"2023-10-23T18:49:57","guid":{"rendered":"https:\/\/huisheuro.wpengine.com\/?page_id=674"},"modified":"2023-10-23T18:54:37","modified_gmt":"2023-10-23T18:54:37","slug":"oceanic-og-dine-data","status":"publish","type":"page","link":"https:\/\/eu.oceanicworldwide.com\/da\/oceanic-og-dine-data\/","title":{"rendered":"Oceanic+ og dine data"},"content":{"rendered":"\n<h2 class=\"wp-block-heading\">Oceanic+ og dine data<br><br><\/h2>\n\n\n\n<p>Denne persondatapolitik beskriver vores politikker og procedurer for indsamling, brug og videregivelse af dine oplysninger, n\u00e5r du bruger tjenesten, og fort\u00e6ller dig om dine persondatarettigheder, og hvordan loven beskytter dig.<\/p>\n\n\n\n<p>Vi bruger dine personoplysninger til at levere og forbedre tjenesten. Ved at bruge tjenesten accepterer du, at vi indsamler og bruger oplysninger i overensstemmelse med denne persondatapolitik. Denne persondatapolitik er blevet oprettet ved hj\u00e6lp af <a href=\"https:\/\/www.privacypolicies.com\/privacy-policy-generator\/\">Privacy Policy Generator<\/a>.<\/p>\n\n\n\n<p>Fortolkning og definitioner<\/p>\n\n\n\n<h2 class=\"wp-block-heading\">Fortolkning<\/h2>\n\n\n\n<p>De ord, hvoraf det f\u00f8rste bogstav er stort, har betydninger defineret under f\u00f8lgende betingelser. De f\u00f8lgende definitioner har samme betydning, uanset om de optr\u00e6der i ental eller flertal.<\/p>\n\n\n\n<h2 class=\"wp-block-heading\">Definitioner<\/h2>\n\n\n\n<p>Hvad ang\u00e5r denne persondatapolitik:<\/p>\n\n\n\n<p><strong>Applikation<\/strong> betyder softwareprogrammet leveret af virksomheden, downloadet af dig p\u00e5 enhver elektronisk enhed, kaldet Oceanic+ App.<\/p>\n\n\n\n<p><strong>Brugsdata<\/strong> refererer til data, der indsamles automatisk, enten genereret via brugen af tjenesten eller fra selve tjenestens infrastruktur (f.eks. varigheden af bes\u00f8get p\u00e5 en side).<\/p>\n\n\n\n<p><strong>Dig<\/strong> betyder den person, der tilg\u00e5r eller bruger tjenesten, eller den virksomhed eller anden juridisk enhed, p\u00e5 vegne af hvilken en s\u00e5dan person har adgang til eller bruger tjenesten, alt efter hvad der er relevant.<\/p>\n\n\n\n<p><strong>Enhed<\/strong> betyder enhver enhed, der kan f\u00e5 adgang til Oceanic+-appen, inklusive &#8211; men ikke begr\u00e6nset til &#8211; en mobilenhed eller et ur.<\/p>\n\n\n\n<p><strong>Konto<\/strong> betyder en unik konto oprettet til dig for at f\u00e5 adgang til vores tjeneste eller dele af vores tjeneste.<\/p>\n\n\n\n<p><strong>Land<\/strong> henviser til: Utah, USA<\/p>\n\n\n\n<p><strong>Personoplysninger<\/strong> er enhver oplysning, der vedr\u00f8rer en identificeret eller identificerbar person.<\/p>\n\n\n\n<p><strong>Tilknyttet selskab<\/strong> betyder en enhed, der kontrollerer, kontrolleres af eller er under f\u00e6lles kontrol med en part, hvor &#8220;kontrol&#8221; betyder ejerskab af 50 % eller mere af aktierne, kapitalandele eller andre v\u00e6rdipapirer, der er berettiget til at stemme ved valg af bestyrelsesmedlemmer eller anden administrerende myndighed.<\/p>\n\n\n\n<p><strong>Tjeneste<\/strong> henviser til appen.<\/p>\n\n\n\n<p><strong>Tjenesteudbyder<\/strong> betyder enhver fysisk eller juridisk person, der behandler data p\u00e5 vegne af virksomheden. Det refererer til tredjepartsvirksomheder eller enkeltpersoner, der er ansat af virksomheden til at facilitere tjenesten, levere tjenesten p\u00e5 vegne af virksomheden, udf\u00f8re tjenester relateret til tjenesten eller bist\u00e5 virksomheden med at analysere, hvordan tjenesten bruges.<\/p>\n\n\n\n<p><strong>Tredjeparts sociale medietjeneste<\/strong> henviser til ethvert websted eller ethvert socialt netv\u00e6rkswebsted, hvorigennem en bruger kan logge ind eller oprette en konto for at bruge tjenesten.<\/p>\n\n\n\n<p><strong>Virksomhed<\/strong> (ben\u00e6vnt enten &#8220;virksomheden&#8221;, &#8220;vi&#8221;, &#8220;os&#8221; eller &#8220;vores&#8221; i denne aftale) henviser til Huish Outdoors , LLC, 1540 North 2200 West, Salt Lake City, UT 84116.<\/p>\n\n\n\n<p>Indsamling og brug af dine personoplysninger<\/p>\n\n\n\n<h2 class=\"wp-block-heading\">Typer af indsamlede data<\/h2>\n\n\n\n<h3 class=\"wp-block-heading\">Personoplysninger<\/h3>\n\n\n\n<p>Mens du bruger vores tjeneste, kan vi bede dig om at give os visse personligt identificerbare oplysninger, som kan bruges til at kontakte eller identificere dig. Personligt identificerbare oplysninger kan omfatte, men er ikke begr\u00e6nset til:<\/p>\n\n\n\n<p>E-mailadresse<\/p>\n\n\n\n<p>For- og efternavn<\/p>\n\n\n\n<p>Telefonnummer<\/p>\n\n\n\n<p>Brugsdata<\/p>\n\n\n\n<h3 class=\"wp-block-heading\">Brugsdata<\/h3>\n\n\n\n<p>Brugsdata indsamles automatisk, n\u00e5r tjenesten bruges.<\/p>\n\n\n\n<p>N\u00e5r du f\u00e5r adgang til tjenesten gennem eller via en mobilenhed, kan vi indsamle visse oplysninger automatisk, herunder, men ikke begr\u00e6nset til, typen af mobilenhed, du bruger, din mobile enheds unikke id, IP-adressen p\u00e5 din mobilenhed, dit mobiloperativsystem, den type mobil internetbrowser, du bruger, unikke enhedsidentifikatorer og andre diagnostiske data.<\/p>\n\n\n\n<p>Vi kan ogs\u00e5 indsamle oplysninger, som din browser sender, n\u00e5r du bes\u00f8ger vores tjeneste, eller n\u00e5r du f\u00e5r adgang til tjenesten gennem eller via en mobilenhed.<\/p>\n\n\n\n<h3 class=\"wp-block-heading\">Oplysninger fra tredjeparts sociale medietjenester<\/h3>\n\n\n\n<p>Virksomheden kan tillade dig at oprette en konto og logge ind for at bruge tjenesten gennem f\u00f8lgende tredjeparts sociale medietjenester:<\/p>\n\n\n\n<ul class=\"wp-block-list\">\n<li>Apple\/IOS<\/li>\n<\/ul>\n\n\n\n<p>Hvis du beslutter dig for at registrere dig gennem eller p\u00e5 anden m\u00e5de give os adgang til en tredjepartstjeneste, kan vi indsamle personoplysninger, der allerede er knyttet til din tredjepartstjenestes konto, s\u00e5som dit navn, din e-mailadresse, dine aktiviteter eller din kontaktliste knyttet til den p\u00e5g\u00e6ldende konto.<\/p>\n\n\n\n<p>Du har muligvis ogs\u00e5 mulighed for at dele yderligere oplysninger med virksomheden via din konto p\u00e5 den tredjeparts sociale medietjeneste. Hvis du v\u00e6lger at give s\u00e5danne oplysninger og personoplysninger, under registreringen eller p\u00e5 et senere tidspunkt, giver du virksomheden tilladelse til at bruge, dele og opbevare dem p\u00e5 en m\u00e5de, der er i overensstemmelse med denne persondatapolitik.<\/p>\n\n\n\n<h3 class=\"wp-block-heading\">Oplysninger der indsamles, mens du bruger appen<\/h3>\n\n\n\n<p>N\u00e5r du bruger vores app til at f\u00e5 adgang til funktioner i vores app, kan vi med din forudg\u00e5ende tilladelse indsamle:<\/p>\n\n\n\n<ul class=\"wp-block-list\">\n<li>Oplysninger om din GPS-position<\/li>\n<\/ul>\n\n\n\n<p>Vi bruger disse oplysninger til at levere funktionerne i vores tjeneste samt til at forbedre og tilpasse vores tjeneste. Du kan til enhver tid aktivere eller deaktivere adgang til GPS-position via dine enhedsindstillinger. Hvis det er aktiveret, vil det blive gemt i skyen og p\u00e5 din enhed. Alternative dykkedata vil ogs\u00e5 blive gemt i skyen og p\u00e5 din enhed.<\/p>\n\n\n\n<h2 class=\"wp-block-heading\">Brug af dine personoplysninger<\/h2>\n\n\n\n<p>Virksomheden kan bruge personoplysninger til f\u00f8lgende form\u00e5l:<\/p>\n\n\n\n<p><strong>Til at levere og vedligeholde vores tjeneste<\/strong>, herunder at overv\u00e5ge brugen af tjenesten.<\/p>\n\n\n\n<p><strong>Til at administrere din konto<\/strong>: til at administrere din registrering som bruger af tjenesten. De personoplysninger, du afgiver, kan give dig adgang til forskellige funktioner i tjenesten, som er tilg\u00e6ngelige for dig som registreret bruger.<\/p>\n\n\n\n<p><strong>Til udf\u00f8relse af en kontrakt<\/strong>: udvikling, overholdelse og gennemf\u00f8relse af k\u00f8bskontrakten for de produkter, varer eller tjenester, du har k\u00f8bt, eller af enhver anden kontrakt indg\u00e5et med os gennem tjenesten.<\/p>\n\n\n\n<p><strong>Til at kontakte dig:<\/strong> Til at kontakte dig via e-mail, telefon, SMS eller andre tilsvarende former for elektronisk kommunikation, s\u00e5som appens push-meddelelser vedr\u00f8rende opdateringer eller informativ kommunikation relateret til funktionerne, produkterne eller de aftalte tjenester, herunder sikkerhedsopdateringerne, n\u00e5r det er n\u00f8dvendigt eller rimeligt for deres implementering.<\/p>\n\n\n\n<p><strong>Til at give dig nyheder<\/strong>, s\u00e6rlige tilbud og generel information om andre varer, tjenester og arrangementer, som vi tilbyder, der ligner dem, du allerede har k\u00f8bt eller spurgt om, medmindre du har valgt ikke at modtage s\u00e5danne oplysninger.<\/p>\n\n\n\n<p><strong>Til at administrere dine anmodninger:<\/strong> Til at registrere og administrere dine anmodninger til os.<\/p>\n\n\n\n<p><strong>Til virksomhedsoverdragelser:<\/strong> Vi kan bruge dine oplysninger til at evaluere eller gennemf\u00f8re en fusion, frasalg, omstrukturering, reorganisering, opl\u00f8sning eller andet salg eller overf\u00f8rsel af nogle eller alle vores aktiver, hvad enten det er som almindelig forretningsdrift eller som en del af konkurs, likvidation eller lignende procedure, hvor personoplysninger, som vi opbevarer om brugerne af vores tjeneste, er blandt de overf\u00f8rte aktiver.<\/p>\n\n\n\n<p><strong>Til andre form\u00e5l<\/strong>: Vi kan bruge dine oplysninger til andre form\u00e5l, s\u00e5som dataanalyse, identifikation af brugstendenser, bestemmelse af effektiviteten af vores salgsfremmende kampagner og til at evaluere og forbedre vores tjeneste, produkter, tjenester, markedsf\u00f8ring og din oplevelse.<\/p>\n\n\n\n<p>Vi kan dele dine personoplysninger i f\u00f8lgende situationer:<\/p>\n\n\n\n<ul class=\"wp-block-list\">\n<li><strong>Med tjenesteudbydere:<\/strong> Vi kan dele dine personoplysninger med tjenesteudbydere for at overv\u00e5ge og analysere brugen af vores tjeneste, for at kontakte dig.<\/li>\n\n\n\n<li><strong>Til virksomhedsoverdragelser:<\/strong> Vi kan dele eller overf\u00f8re dine personoplysninger i forbindelse med eller under forhandlinger om enhver fusion, salg af virksomhedens aktiver, finansiering eller frasalg af hele eller en del af vores virksomhed til en anden virksomhed.<\/li>\n\n\n\n<li><strong>Med tilknyttede selskaber:<\/strong> Vi kan dele dine oplysninger med vores tilknyttede selskaber. Vi vil i s\u00e5 fald kr\u00e6ve, at disse tilknyttede selskaber overholder denne persondatapolitik. Tilknyttede selskaber omfatter vores moderselskab og alle andre datterselskaber, joint venture-partnere eller andre selskaber, som vi kontrollerer, eller som vi har f\u00e6lles kontrol over.<\/li>\n\n\n\n<li><strong>Med forretningspartnere:<\/strong> Vi kan dele dine oplysninger med vores forretningspartnere for at tilbyde dig visse produkter, tjenester eller kampagner.<\/li>\n\n\n\n<li><strong>Med andre brugere<\/strong>: n\u00e5r du deler personoplysninger eller p\u00e5 anden m\u00e5de interagerer i de offentlige omr\u00e5der med andre brugere, kan s\u00e5danne oplysninger ses af alle brugere og kan distribueres offentligt. Hvis du interagerer med andre brugere eller registrerer dig via en tredjepartstjeneste, kan dine kontakter p\u00e5 tredjepartstjenesten se dit navn, din profil, dine billeder, din placering og en beskrivelse af din aktivitet. P\u00e5 samme m\u00e5de vil andre brugere v\u00e6re i stand til at se beskrivelser af din aktivitet, kommunikere med dig og se din profil.<\/li>\n\n\n\n<li><strong>Med dit samtykke<\/strong>: Vi kan videregive dine personoplysninger til ethvert andet form\u00e5l med dit samtykke.<\/li>\n<\/ul>\n\n\n\n<h2 class=\"wp-block-heading\"><a>Opbevaring af dine personoplysninger<\/a><\/h2>\n\n\n\n<p>Virksomheden opbevarer kun dine personlige profiloplysninger, s\u00e5 l\u00e6nge det er n\u00f8dvendigt til de form\u00e5l, der er angivet i denne persondatapolitik. Vi vil beholde og bruge dine personlige profiloplysninger i det omfang, det er n\u00f8dvendigt for at overholde vores juridiske forpligtelser (for eksempel hvis vi er forpligtet til at opbevare dine oplysninger for at overholde g\u00e6ldende love), l\u00f8se tvister og h\u00e5ndh\u00e6ve vores juridiske aftaler og politikker. Under Oceanic+ Free-abonnementet vil virksomheden kun opbevare oplysninger om dine seneste 12 loggede aktiviteter.&nbsp; Brugeren kan logge et ubegr\u00e6nset antal aktiviteter under Oceanic+ Abonnement og Dagligt Abonnement.&nbsp; De loggede oplysninger vil v\u00e6re tilg\u00e6ngelige i en periode p\u00e5 365 dage (1 \u00e5r) uden et betalt abonnement.<br><br><\/p>\n\n\n\n<h2 class=\"wp-block-heading\">Overf\u00f8rsel af dine personoplysninger<\/h2>\n\n\n\n<p>Dine oplysninger, herunder personoplysninger, behandles p\u00e5 virksomhedens kontorer og andre steder, hvor de parter, der er involveret i behandlingen, befinder sig. Det betyder, at disse oplysninger kan overf\u00f8res til &#8211; og opbevares p\u00e5 &#8211; computere, der er placeret uden for den stat, provins, land eller anden statslig jurisdiktion, du befinder dig i, hvor databeskyttelseslovene kan afvige fra dem i din jurisdiktion.<\/p>\n\n\n\n<p>Dit samtykke til denne persondatapolitik efterfulgt af din indsendelse af s\u00e5danne oplysninger repr\u00e6senterer din accept af denne overf\u00f8rsel.<\/p>\n\n\n\n<p>Virksomheden vil tage alle n\u00f8dvendige skridt for at sikre, at dine oplysninger behandles sikkert og i overensstemmelse med denne persondatapolitik, og ingen overf\u00f8rsel af dine personoplysninger vil finde sted til en organisation eller et land, medmindre der er tilstr\u00e6kkelig kontrol p\u00e5 plads, herunder at dine data og andre personoplysninger er sikre.<\/p>\n\n\n\n<h2 class=\"wp-block-heading\">Videregivelse af dine personoplysninger<\/h2>\n\n\n\n<h3 class=\"wp-block-heading\">Forretningstransaktioner<\/h3>\n\n\n\n<p>Hvis virksomheden er involveret i en fusion, et opk\u00f8b eller et salg af aktiver, kan dine personoplysninger blive overf\u00f8rt. Vi giver besked, f\u00f8r dine personoplysninger overf\u00f8res og bliver underlagt en anden persondatapolitik.<\/p>\n\n\n\n<h3 class=\"wp-block-heading\">Retsh\u00e5ndh\u00e6velse<\/h3>\n\n\n\n<p>Under visse omst\u00e6ndigheder kan virksomheden v\u00e6re forpligtet til at videregive dine personoplysninger, hvis det er p\u00e5kr\u00e6vet ved lov eller som svar p\u00e5 gyldige anmodninger fra offentlige myndigheder (fx en domstol eller offentlig myndighed).<\/p>\n\n\n\n<h3 class=\"wp-block-heading\">Andre retskrav<\/h3>\n\n\n\n<p>Virksomheden kan videregive dine personoplysninger i god tro, hvis den mener, at en s\u00e5dan handling er n\u00f8dvendig for at:<\/p>\n\n\n\n<ul class=\"wp-block-list\">\n<li>Overholde en juridisk forpligtelse<\/li>\n\n\n\n<li>Beskytte og forsvare virksomhedens rettigheder eller ejendom<\/li>\n\n\n\n<li>Forebygge eller unders\u00f8ge mulige forseelser i forbindelse med tjenesten<\/li>\n\n\n\n<li>Beskytte den personlige sikkerhed for brugere af tjenesten eller offentligheden<\/li>\n\n\n\n<li>Beskytte mod juridisk ansvar<\/li>\n<\/ul>\n\n\n\n<h2 class=\"wp-block-heading\">Sikkerhed af dine personoplysninger<\/h2>\n\n\n\n<p>Sikkerheden af dine personoplysninger er vigtig for os., men husk, at ingen metode til overf\u00f8rsel over internettet eller metode til elektronisk lagring er 100 % sikker. Selvom vi bestr\u00e6ber os p\u00e5 at bruge kommercielt acceptable midler til at beskytte dine personoplysninger, kan vi derfor ikke garantere deres absolutte sikkerhed.<\/p>\n\n\n\n<p>B\u00f8rns personoplysninger<\/p>\n\n\n\n<p>Vi anmoder personer under 13 \u00e5r i USA og under 16 \u00e5r i resten af verden om ikke at give os personoplysninger. Vi indsamler ikke bevidst personligt identificerbare oplysninger fra nogen under disse aldre. Hvis du er for\u00e6lder eller v\u00e6rge, og du bliver klar over, at dit barn har givet os personoplysninger, bedes du kontakte os. Hvis vi bliver opm\u00e6rksomme p\u00e5, at vi har indsamlet personoplysninger fra nogen under 13 \u00e5r i USA eller under 16 \u00e5r i resten af verden uden f\u00f8rst at have indhentet for\u00e6ldrenes samtykke, tager vi skridt til at fjerne disse oplysninger fra vores servere.<\/p>\n\n\n\n<p>Hvis vi er n\u00f8dt til at stole p\u00e5 samtykke som et juridisk grundlag for at behandle dine oplysninger, og dit land kr\u00e6ver samtykke fra en for\u00e6lder, kan vi kr\u00e6ve din for\u00e6lders samtykke, f\u00f8r vi indsamler og bruger disse oplysninger.<\/p>\n\n\n\n<p>Link til andre websteder<\/p>\n\n\n\n<p>Vores tjeneste kan indeholde links til andre websteder, der ikke drives af os. Hvis du klikker p\u00e5 et tredjepartslink, vil du blive dirigeret til denne tredjeparts websted. Vi anbefaler dig p\u00e5 det kraftigste at gennemg\u00e5 persondatapolitikken p\u00e5 hvert websted, du bes\u00f8ger.<\/p>\n\n\n\n<p>Vi har ingen kontrol over og p\u00e5tager os intet ansvar for indholdet, persondatapolitikker eller praksis p\u00e5 nogen tredjeparts websteder eller tjenester.<\/p>\n\n\n\n<p>\u00c6ndringer af denne persondatapolitik<\/p>\n\n\n\n<p>Vi kan opdatere vores persondatapolitik fra tid til anden. Vi vil underrette dig om eventuelle \u00e6ndringer ved at offentligg\u00f8re den nye persondatapolitik p\u00e5 denne side.<\/p>\n\n\n\n<p>Vi giver dig besked via e-mail og\/eller via en fremtr\u00e6dende meddelelse p\u00e5 vores tjeneste, f\u00f8r \u00e6ndringen tr\u00e6der i kraft, og opdaterer datoen for &#8220;Sidst opdateret&#8221; \u00f8verst i denne persondatapolitik.<\/p>\n\n\n\n<p>Du opfordres til at gennemg\u00e5 denne persondatapolitik med j\u00e6vne mellemrum for eventuelle \u00e6ndringer. \u00c6ndringer af denne persondatapolitik tr\u00e6der i kraft, n\u00e5r de offentligg\u00f8res p\u00e5 denne side.<\/p>\n\n\n\n<p>Kontakt os<\/p>\n\n\n\n<p>Hvis du har sp\u00f8rgsm\u00e5l eller bekymringer vedr\u00f8rende denne persondatapolitik, kan du kontakte os:<\/p>\n\n\n\n<p>Via e-mail: <a href=\"mailto:oceanicplus@huishoutdoors.com\">oceanicplus@huishoutdoors.com<\/a>&nbsp;&nbsp;&nbsp;<\/p>\n\n\n\n<p>Ved at g\u00e5 ind p\u00e5 denne side p\u00e5 vores websted: <a href=\"http:\/\/www.oceanicworldwide.com\/oceanicplus\">http:\/\/www.oceanicworldwide.com\/oceanicplus<\/a>&nbsp;<\/p>\n","protected":false},"excerpt":{"rendered":"<p>Oceanic+ og dine data Denne persondatapolitik beskriver vores politikker og procedurer for indsamling, brug og videregivelse af dine oplysninger, n\u00e5r du bruger tjenesten, og fort\u00e6ller dig om dine persondatarettigheder, og hvordan loven beskytter dig. Vi bruger dine personoplysninger til at levere og forbedre tjenesten. Ved at bruge tjenesten accepterer du, at vi indsamler og bruger [&hellip;]<\/p>\n","protected":false},"author":11,"featured_media":719,"parent":0,"menu_order":0,"comment_status":"closed","ping_status":"closed","template":"","meta":{"_acf_changed":false,"footnotes":""},"class_list":["post-674","page","type-page","status-publish","has-post-thumbnail","hentry"],"acf":[],"_links":{"self":[{"href":"https:\/\/eu.oceanicworldwide.com\/da\/wp-json\/wp\/v2\/pages\/674","targetHints":{"allow":["GET"]}}],"collection":[{"href":"https:\/\/eu.oceanicworldwide.com\/da\/wp-json\/wp\/v2\/pages"}],"about":[{"href":"https:\/\/eu.oceanicworldwide.com\/da\/wp-json\/wp\/v2\/types\/page"}],"author":[{"embeddable":true,"href":"https:\/\/eu.oceanicworldwide.com\/da\/wp-json\/wp\/v2\/users\/11"}],"replies":[{"embeddable":true,"href":"https:\/\/eu.oceanicworldwide.com\/da\/wp-json\/wp\/v2\/comments?post=674"}],"version-history":[{"count":0,"href":"https:\/\/eu.oceanicworldwide.com\/da\/wp-json\/wp\/v2\/pages\/674\/revisions"}],"wp:featuredmedia":[{"embeddable":true,"href":"https:\/\/eu.oceanicworldwide.com\/da\/wp-json\/wp\/v2\/media\/719"}],"wp:attachment":[{"href":"https:\/\/eu.oceanicworldwide.com\/da\/wp-json\/wp\/v2\/media?parent=674"}],"curies":[{"name":"wp","href":"https:\/\/api.w.org\/{rel}","templated":true}]}}