{"id":619,"date":"2022-09-13T16:02:02","date_gmt":"2022-09-13T16:02:02","guid":{"rendered":"https:\/\/huisheuro.wpengine.com\/?page_id=619"},"modified":"2023-10-19T20:52:45","modified_gmt":"2023-10-19T20:52:45","slug":"vilkaar-og-betingelser","status":"publish","type":"page","link":"https:\/\/eu.oceanicworldwide.com\/da\/vilkaar-og-betingelser\/","title":{"rendered":"Vilk\u00e5r og betingelser"},"content":{"rendered":"\n<p><p>Vilk\u00e5r og betingelser<\/p>\n<p>L\u00c6S BETINGELSERNE I DENNE LICENSAFTALE (&#8220;AFTALE&#8221;), DER REGULERER BRUGEN AF SOFTWAREN, LEVERET DIG AF HUISH OUTDOORS, LLC (&#8220;HUISH&#8221;), DER DRIVER FORRETNING SOM &#8220;OCEANIC&#8221; OG &#8220;OCEANIC+&#8221;, INDEN BRUG AF SOFTWAREN ELLER HARDWAREN.<\/p>\n<p>N\u00c5R DU ANGIVER DIN ACCEPT AF DISSE VILK\u00c5R VED AT S\u00c6TTE M\u00c6RKE I BOKSEN &#8220;DU BEKR\u00c6FTER AT DU HAR L\u00c6ST OG ACCEPTERET B\u00c5DE OCEANIC+, DINE DATA, OG VILK\u00c5RENE I AFTALERNE\u201d, ERKL\u00c6RER DU (1), AT DU ER OVER 18 \u00c5R (2), AT DU HAR RET OG AUTORITET TIL AT INDG\u00c5 I EN JURIDISK BINDENDE AFTALE OG (3), AT DU ACCEPTERER AT V\u00c6RE JURIDISK BUNDET AF ALLE VILK\u00c5RENE I DENNE AFTALE.&nbsp; HVIS DU IKKE ACCEPTERER ALLE DISSE VILK\u00c5R, ELLER DU IKKE KAN OPFYLDE OVENST\u00c5ENDE KRAV, SKAL DU IKKE S\u00c6TTE M\u00c6RKE I BOKSEN, HVOR DU BEKR\u00c6FTER AT \u201dDU ACCEPTERER OCEANIC+, DINE DATA, OG VILK\u00c5RENE I AFTALERNE\u201d, OG UNDLADE AT BRUGE SOFTWAREN ELLER HARDWAREN.<\/p>\n<p>Dette er en aftale mellem dig, slutbrugeren (&#8220;licenstager&#8221;) og Huish (&#8220;licensgiver&#8221;).&nbsp; Ved at klikke for at acceptere vilk\u00e5rene i denne licens eller bruge Oceanic+&#8221;-softwaren (alle titler og versioner), data og dokumentation (&#8220;softwaren&#8221;), og Oceanic+ hardware, accepterer du at v\u00e6re bundet af vilk\u00e5rene i denne aftale.<\/p>\n<p>Softwaren best\u00e5r af en proces til download og\/eller visning af brugerens dykkelogfiler, \u00e6ndring af dykkeparametre, overv\u00e5gning af dykkedata og opdatering af systemets firmware. Softwaren er beskyttet af amerikanske og udenlandske love om ophavsret.&nbsp; Du har ingen ejerskabsrettigheder til softwaren.&nbsp; I stedet har du udelukkende en licens til at bruge softwaren til de begr\u00e6nsede form\u00e5l at downloade og\/eller se brugeroplysninger og dykkelogfiler, \u00e6ndre dykkeparametre , overv\u00e5ge dykkedata og opdatere softwarerevisionen.<\/p>\n<p>Licenstager forst\u00e5r og accepterer, at varem\u00e6rker, handelsnavne, servicem\u00e6rker, ophavsrettigheder og andre ejendomsrettigheder tilh\u00f8rende licensgiver er og forbliver licensgivers eksklusive eneejendom, og at licenstager ikke p\u00e5 nogen m\u00e5de vil erhverve nogen ejerskabsrettigheder dertil.&nbsp; Licenstager accepterer endvidere, at denne ikke vil g\u00f8re brug af s\u00e5danne rettigheder, undtagen som angivet i denne aftale.<\/p>\n<p>Du har ikke ret til at s\u00e6lge, tildele, underlicensere, udleje, lease, udl\u00e5ne, formidle, reproducere, distribuere eller p\u00e5 anden m\u00e5de overf\u00f8re softwaren til nogen tredjepart eller kopiere, duplikere, overs\u00e6tte eller konvertere softwaren til et andet programmeringssprog, undtagen som udtrykkeligt angivet heri.&nbsp; Du har ingen ret til at \u00e6ndre eller modificere softwaren eller skabe noget afledt arbejde.&nbsp; Du m\u00e5 ikke udf\u00f8re reverse engineering, dekompilere, adskille eller p\u00e5 anden m\u00e5de f\u00e5 adgang til kildekoden eller softwarens logiske struktur og indhold.<\/p>\n<p>Medmindre det udtrykkeligt er angivet heri, er ingen licens eller rettighed, udtrykkelig eller underforst\u00e5et, hermed overf\u00f8rt eller givet af Huish til dig for nogen intellektuel ejendom tilh\u00f8rende Huish.&nbsp; Alle rettigheder, der ikke specifikt er givet i denne aftale, er forbeholdt licensgiver.<\/p>\n<p><strong><u>Ejerskab og ophavsret.<\/u><\/strong>&nbsp; Softwaren er ophavsretligt beskyttet og ejet af Huish.&nbsp; Du accepterer og anerkender, at Huish hverken overf\u00f8rer ejerskab eller intellektuel ejendom i softwaren til dig i henhold til denne aftale eller p\u00e5 anden m\u00e5de, og at Huish bevarer alle rettigheder, ejendomsrettigheder og interesser til softwaren.<\/p>\n<p><strong><u>Eksportbegr\u00e6nsninger.<\/u><\/strong>&nbsp; Du accepterer at overholde alle g\u00e6ldende eksportkontrollove og -bestemmelser i det involverede land og ikke at eksportere eller reeksportere, direkte eller indirekte, softwaren i strid med s\u00e5danne love og regler.<\/p>\n<p><strong><u>Support og opdatering.<\/u><\/strong>&nbsp; Huish, Hushis datterselskaber og tilknyttede selskaber, virksomhedens distribut\u00f8rer og forhandlere er ikke ansvarlige for at vedligeholde eller hj\u00e6lpe dig med din brug af softwaren.&nbsp; Det er dit ansvar at downloade eventuelle opdateringer, fejlrettelser eller support til softwaren.<br><br><strong><u>Kontobehandling og betalinger.<\/u><\/strong> Behandling og betalinger, herunder aktivering og annullering af din konto, h\u00e5ndteres via Apple Store-indstillingerne. Hvis du har sp\u00f8rgsm\u00e5l eller bekymringer vedr\u00f8rende din konto, bedes du kontakte os p\u00e5 <a href=\"mailto:oceanicplus@huishoutdoors.com\">oceanicplus@huishoutdoors.com<\/a>.<\/p>\n<p><strong><u>Ansvarsfraskrivelse.<\/u><\/strong>&nbsp; <strong>Software.<\/strong> Huish garanterer ikke for fuldst\u00e6ndigheden eller n\u00f8jagtigheden af softwaren, eller at dens brug vil opfylde dine behov eller v\u00e6re uafbrudt eller fejlfri. &nbsp;I DET MAKSIMALE OMFANG DET ER TILLADT AF LOVEN, MED UNDTAGELSE AF DE OVENST\u00c5ENDE GARANTIER, ER SOFTWAREN LICENSERET &#8220;SOM DEN ER&#8221; OG HUISH FRASKRIVER SIG ALLE ANDRE GARANTIER, UDTRYKKELIGE ELLER UNDERFORST\u00c5EDE, HERUNDER UDEN BEGR\u00c6NSNING UNDERFORST\u00c5EDE GARANTIER OM SALGBARHED ELLER EGNETHED TIL ET BESTEMT FORM\u00c5L.&nbsp; HELE RISIKOEN MED HENSYN TIL SOFTWARENS KVALITET OG YDELSE P\u00c5HVILER DIG.&nbsp; SKULLE SOFTWAREN VISE SIG AT V\u00c6RE DEFEKT, P\u00c5TAGER DU (OG IKKE HUISH, HUISHS DATTERSELSKABER OG TILKNYTTEDE SELSKABER, DERES DISTRIBUT\u00d8RER OG FORHANDLERE) ALLE OMKOSTNINGERNE TIL ENHVER N\u00d8DVENDIG SERVICE, REPARATION ELLER RETTELSE.&nbsp; OVENST\u00c5ENDE UDELUKKELSE G\u00c6LDER MULIGVIS IKKE FOR DIG I LANDE, SOM IKKE TILLADER UDELUKKELSE AF UNDERFORST\u00c5EDE GARANTIER. Huish, Huishs datterselskaber og tilknyttede selskaber, deres distribut\u00f8rer og forhandlere garanterer ikke, at funktionerne i softwaren vil opfylde dine krav, eller at driften af softwaren vil v\u00e6re uafbrudt eller fejlfri.<\/p>\n<p><strong><u>Ansvarsfraskrivelse.<\/u><\/strong> <strong>Hardware:<\/strong> Oceanic+ giver en begr\u00e6nset 1-\u00e5rs garanti p\u00e5 Oceanic+ Dive Housing og relateret tilbeh\u00f8r, der kun s\u00e6lges af Oceanic. Denne garanti d\u00e6kker materiale- og fabrikationsfejl ved normal brug i overensstemmelse med de offentliggjorte specifikationer. Garantien g\u00e6lder kun for den oprindelige k\u00f8ber og kan ikke overdrages. Hvis produktet viser sig at v\u00e6re defekt inden for garantiperioden, vil Oceanic+ enten reparere eller udskifte produktet efter eget sk\u00f8n, uden beregning. Produktet vil blive repareret eller erstattet med et nyt eller renoveret produkt af tilsvarende v\u00e6rdi. Se venligst afsnittet om udvidet garanti for information om udvidet garanti. <strong>UNDTAGELSER:<\/strong>&nbsp;GARANTIEN D\u00c6KKER IKKE SKADER P\u00c5 SMARTPHONES, ANDRE ELEKTRONISKE ENHEDER ELLER PRODUKTER, SOM BRUGES SAMMEN MED OCEANIC+ DIVE HOUSING. BRUGEREN P\u00c5TAGER SIG RISIKOEN FOR L\u00c6KAGE ELLER ANDRE FEJL, N\u00c5R PRODUKTET BRUGES. Denne garanti d\u00e6kker ikke skader, der skyldes forkert brug, misbrug, normal slitage eller uautoriserede \u00e6ndringer eller reparationer. Den d\u00e6kker heller ikke eventuelle f\u00f8lgeskader eller tilf\u00e6ldige skader, der opst\u00e5r som f\u00f8lge af brugen af produktet. <strong>Reklamation under garantien:<\/strong><strong>&nbsp;<\/strong>Brugeren er ansvarlig for at sende produktet til Oceanic+ i forbindelse med eventuelle garantisager. Oceanic+ d\u00e6kker udgifterne til returforsendelse. For at indlede en garantisag skal brugeren kontakte Oceanic+ kundeservice for at f\u00e5 instruktioner om, hvordan produktet kan returneres. Oceanic+ forbeholder sig ret til at anmode om yderligere oplysninger eller dokumentation for at verificere garantikravet. Denne garanti tr\u00e6der i stedet for alle andre garantier, hvad enten de er udtrykkelige eller underforst\u00e5ede, herunder enhver garanti for salgbarhed eller egnethed til et bestemt form\u00e5l. Oceanic+ er ikke ansvarlig for s\u00e6rlige skader, tilf\u00e6ldige skader eller f\u00f8lgeskader som f\u00f8lge af brugen af dette produkt, heller ikke selvom der er informeret om muligheden for s\u00e5danne skader.<\/p>\n<p><strong><u>Ingen f\u00f8lgeskader.<\/u><\/strong>&nbsp; HUISH KAN UNDER INGEN OMST\u00c6NDIGHEDER HOLDES ANSVARLIG FOR NOGEN S\u00c6RLIGE, INDIREKTE, ELLER F\u00d8LGESKADER, INKLUSIVE, MEN IKKE BEGR\u00c6NSET TIL, TAB AF INDT\u00c6GTER ELLER FORTJENESTER, SELVOM HUISH ER BLEVET INFORMERET OM MULIGHEDEN FOR SKADE.<\/p>\n<p><strong><u>Ansvarsfraskrivelse.<\/u><\/strong>&nbsp; LICENSHAVER FRASIGER SIG, AFSKRIVER OG OPGIVER FRIVILLIGT ENHVER RET TIL S\u00d8GSM\u00c5L, HANDLINGER, KRAV ELLER \u00c5RSAGER TIL HANDLING FOR SKADER, D\u00d8DSFALD ELLER SKADER P\u00c5 HANS\/HENDES PERSON ELLER EJENDOM, UANSET OM DE SKYLDES ELLER ER ET RESULTAT AF, MANGLER VED DESIGN, FREMSTILLING ELLER MANGLENDE ADVARSEL, BRUD P\u00c5 GARANTI, ELLER UAGTSOM HANDLING ELLER UNDLADELSE FRA DE ANSVARSFRIHOLDTE PARTER I FORBINDELSE MED DESIGN, MATERIALER, SAMLING, TEST, STRUKTUREL INTEGRITET, UDF\u00d8RELSE AF SOFTWAREN OG\/ELLER BRUG OG BETJENING AF HARDWAREN.<\/p>\n<p><strong><u>Udtrykkelig p\u00e5tagelse af risikoen.<\/u><\/strong>&nbsp; LICENSTAGEREN ACCEPTERER UDTRYKKELIGT OG FRIVILLIGT AT P\u00c5TAGE ENHVER RISIKO FOR PERSONSKADE, D\u00d8D ELLER SKADE P\u00c5 SIN PERSON ELLER EJENDOM, SOM OPST\u00c5R SOM F\u00d8LGE AF ELLER I SAMMENH\u00c6NG MED BRUG AF SOFTWAREN OG\/ELLER BRUG ELLER BETJENING AF HARDWAREN. BRUGEREN P\u00c5TAGER SIG RISIKOEN FOR SKADER P\u00c5 SMARTPHONES (HERUNDER APPLE IPHONE) ELLER ELEKTRONISKE ENHEDER, DER BRUGES INDE I OCEANIC DIVE HOUSING.<\/p>\n<p><strong><u>Advarsler om brug.<\/u><\/strong> LICENSTAGEREN ER UDTRYKKELIGT OG FRIVILLIGT INDFORST\u00c5ET MED OG FORST\u00c5R, AT ADVARSLERNE OM BRUG INKLUDERER, MEN ER IKKE BEGR\u00c6NSET TIL:<\/p>\n<p>KUN CERTIFICEREDE DYKKERE B\u00d8R BRUGE EN DYKKERCOMPUTER-APP TIL SCUBADYKNING! Utilstr\u00e6kkelig uddannelse i enhver form for dykning, inkl. fridykning, kan f\u00f8re til, at dykkeren beg\u00e5r fejl s\u00e5som forkert brug af gasblandinger eller forkert dekompression, som kan medf\u00f8re alvorlig tilskadekomst eller d\u00f8d.<\/p>\n<p>DER ER ALTID RISIKO FOR FARE, N\u00c5R MAN ER I VANDET. Det anbefales p\u00e5 det kraftigste, at du tjekker vejret og forholdene i vandet, inden du g\u00e5r i, og ikke g\u00e5r i vandet, n\u00e5r der er kraftig str\u00f8m eller d\u00f8nninger. V\u00e6r opm\u00e6rksom p\u00e5 dine omgivelser, inkl. potentielt farlige livsformer i vandet, klipper og andre b\u00e5de, som kan v\u00e6re til stede. Hvis du ignorerer denne advarsel, kan det medf\u00f8re alvorlig personskade eller d\u00f8d.<\/p>\n<p>LYT ALTID TIL DIN KROP, N\u00c5R DU ER I VANDET. Hvis du f\u00f8ler dig svimmel eller desorienteret, eller udvikler hovedpine, skal du straks forlade vandet. Du oplever muligvis en potentielt livstruende tilstand med ophobning af kuldioxid i dit udstyr. Hvis du har det d\u00e5rligt, skal du forholde dig i ro og forlade vandet med det samme.<\/p>\n<p>DER ER ALTID EN RISIKO FOR TRYKFALDSSYGE (DECOMPRESSION SICKNESS \u2013 DCS) I EN ENHVER DYKKERPROFIL, SELV HVIS DU F\u00d8LGER EN DYKKERPLAN P\u00c5 BAGGRUND AF TABELLER ELLER EN DYKKERCOMPUTER-APP. INGEN PROCEDURE, DYKKERCOMPUTER-APP ELLER DYKKERTABEL KAN FORHINDRE RISIKOEN FOR DCS ELLER ILTFORGIFTNING, N\u00c5R APP\u2019EN BRUGES TIL SCUBADYKNING! En persons fysiologiske tilstand kan skifte fra dag til dag. Dykkercomputer-app\u2019en kan ikke tage h\u00f8jde for disse forskelle. Det anbefales p\u00e5 det kraftigste, at du holder dig inden for de eksponeringsgr\u00e6nser, som instrumentet angiver, for at minimere din risiko for DCS. Som en ekstra sikkerhedsforanstaltning b\u00f8r du konsultere en l\u00e6ge omkring dit helbred, inden du scubadykker.<\/p>\n<p>Hvis du har pacemaker, anbefaler vi, at du konsulterer din l\u00e6ge, inden du scubadykker, fridykker eller snorkler. Disse aktiviteter medf\u00f8rer fysiske anstrengelser for kroppen, som muligvis ikke er egnede for pacemakere.<\/p>\n<p>Hvis du har pacemaker, skal du konsultere en l\u00e6ge, inden du bruger denne enhed. Enhedens induktionsfrekvens kan v\u00e6re forstyrrende for pacemakere.&nbsp;<\/p>\n<p>Tjek din dykkercomputer-app regelm\u00e6ssigt under dit dyk. Hvis du formoder eller fastsl\u00e5r, at der er noget som helst problem med nogen softwarefunktion, skal du afbryde dykket med det samme og vende tilbage til overfladen p\u00e5 en sikker m\u00e5de. Kontakt Oceanics kundesupport for at f\u00e5 hj\u00e6lp med produktet.<\/p>\n<p>Oceanic Dive App er kun beregnet til fritidsbrug. Erhvervsdykning eller professionel dykning er kr\u00e6vende og kan uds\u00e6tte dykkeren for dybder og forhold, som typisk \u00f8ger riskoen for at f\u00e5 trykfaldssyge (DCS). Derfor anbefaler Oceanic p\u00e5 det kraftigste, at enheden ikke anvendes til erhvervsdykning eller professionel scubadykning.<\/p>\n<p>DYKKERCOMPUTER-APP\u2019EN M\u00c5 ALDRIG UDVEKSLES ELLER DELES MELLEM BRUGERE, MENS DEN ER I DRIFT! Dens oplysninger vil ikke v\u00e6re gyldige for en person, som ikke har haft den p\u00e5 under et dyk eller en r\u00e6kke af dyk. Dens dykkerprofiler skal svare til brugerens profiler. Hvis den efterlades p\u00e5 overfladen under et enkelt dyk, vil dykkercomputer-app\u2019en give un\u00f8jagtige oplysninger om efterf\u00f8lgende dyk. Ingen dykkercomputer-app kan tage h\u00f8jde for dyk, som er foretaget uden den. Derfor kan enhver scubadykning op til fire dage inden f\u00f8rste brug af dykkercomputer-app\u2019en f\u00f8re til vildledende oplysninger og skal undg\u00e5s.<\/p>\n<p>HUSK TJEK INDEN DYKNING! Tjek altid, at din dykkercomputer-app fungerer korrekt og er indstillet rigtigt inden dykning. Tjek at displayet fungerer, at der er tilstr\u00e6kkeligt batteri og s\u00e5 fremdeles.<\/p>\n<p>Tjek din dykkercomputer-app regelm\u00e6ssigt under dit dyk. Hvis du mener, at der er et problem med nogen softwarefunktion, skal du f\u00f8lge dit certificerede dykkeruddannelsescenters n\u00f8dprocedurer, afslutte dykket og foretage en sikker opstigning. Ring til Oceanic kundesupport for at f\u00e5 hj\u00e6lp.<\/p>\n<p>DYK IKKE MED EN GASBLANDING, HVIS DU IKKE HAR BEKR\u00c6FTET INDHOLDET PERSONLIGT OG INDTASTET DEN ANALYSEREDE V\u00c6RDI I DIN DYKKERCOMPUTER-APP! Hvis du ikke har verificeret indholdet af din flaske og indtastet de relevante v\u00e6rdier i din dykkercomputer-app, vil det resultere i forkerte planl\u00e6gningsoplysninger til dit dyk.<\/p>\n<p>Brug af software til dykplanl\u00e6gning er ikke en erstatning for rigtig uddannelse i scubadykning. Scubadykning med beriget luft indeb\u00e6rer risici, som man ikke er bekendt med som scubadykker med ren luft. For at kunne dykke med Nitrox skal man have gennemg\u00e5et den relevante specialiserede dykkeruddannelse.<\/p>\n<p>Overskrid aldrig hardwareenhedens maksimale gr\u00e6nser for dybde og temperatur.<\/p>\n<p>Brug altid backup-instrumenter, inkl. dybdem\u00e5ler og timer eller ur i forbindelse med scubadykning eller fridykning. Du b\u00f8r benytte en dykkertabel til scubadykning med denne enhed.<\/p>\n<p>Af sikkerhedshensyn b\u00f8r du aldrig dykke alene. Dyk sammen med en aftalt makker (buddy). Du b\u00f8r ogs\u00e5 blive sammen med andre i et stykke tid efter et dyk, fordi muligheden for trykfaldssyge (DCS) eller anden lidelse kan blive forsinket eller udl\u00f8st af aktiviteter over vandet.<\/p>\n<p>Forbig\u00e5else af l\u00e5sefunktionen ved deko-overskridelse p\u00e5 enheden kan medf\u00f8re \u00f8get risiko for DCS, hvilket kan resultere i personskade eller d\u00f8d. Det er p\u00e5 dit eget ansvar, hvis du ignorerer denne advarsel.<\/p>\n<p>Hvis et p\u00e5kr\u00e6vet dekompressionstop ikke overholdes, kan det resultere i alvorlig tilskadekomst eller d\u00f8d. Stig aldrig op over den viste dybde for deko-stoppet.<\/p>\n<p>Udf\u00f8r altid et sikkerhedsstop ved den viste stopdybde, selv hvis der ikke er behov for et dekompressionsstop.<\/p>\n<p>Denne dykkercomputer-app har fejl. Fejl (bugs) er en uundg\u00e5elig del af enhver software eller app og eksisterer ogs\u00e5 i denne dykkercomputer-app \u2013 vi har bare ikke opdaget dem alle endnu. Vi anbefaler brug af en sekund\u00e6r computer eller tabeller, da disse fejl kan p\u00e5virke kritisk vigtig information.<\/p>\n<p>Du m\u00e5 ikke v\u00e6re afh\u00e6ngig af din dykkercomputer-app, da den kan svigte. Hav altid en plan for, hvad du g\u00f8r i tilf\u00e6lde af svigt, og brug backup-enheder eller dykkertabeller. \u200fAutomatiske systemer kan ikke erstatte den rette dykkerviden og rigtig uddannelse.<\/p>\n<p>Vi anbefaler altid, at du aktiverer din app manuelt f\u00f8r hvert dyk for at tjekke indstillingerne og batteriniveauet.<\/p>\n<p>Alle alarmsystemer har nogle f\u00e6lles svagheder. De kan give alarm, n\u00e5r der ikke er nogen fejltilstand (falsk positiv), eller de kan undlade at alarmere, n\u00e5r der opst\u00e5r en reel fejltilstand (falsk negativ). Hold altid \u00f8je med dine kritiske dykkerdata under dykket. Ellers risikerer du alvorlig personskade eller d\u00f8d.<\/p>\n<p>S\u00f8rg altid for, at din iPhone er tilsluttet Oceanic+ Dive Housing f\u00f8r dykning.<\/p>\n<p>S\u00f8rg altid for, at din iPhone og Oceanic+ Dive Housing er fuldt opladet f\u00f8r dykning.<\/p>\n<p>G\u00e5 f\u00f8rst i vandet, n\u00e5r Oceanic+ Dive Housing har fuldf\u00f8rt f\u00f8r-dyk-sekvensen og er forseglet ved hj\u00e6lp af det automatiske forseglingssystem<\/p>\n<p>Skil aldrig Oceanic+ Dive Housing ad. Hvis du mener, at der er et problem med Oceanic+ Dive Housing, skal du afbryde brugen og kontakte Oceanics tekniske support for at f\u00e5 hj\u00e6lp.<\/p>\n<p>Efterlad ikke Oceanic+ Dive Housing s\u00e5 det uds\u00e6ttes for varmekilder og opbevar det ikke ved h\u00f8je temperaturer (f.eks. i en afl\u00e5st bil parkeret i solen).<\/p>\n<p>Overskrid aldrig den laveste eller h\u00f8jeste driftstemperatur p\u00e5 din iOS-enhed.<\/p>\n<p>S\u00f8rg for at oplade Oceanic+ Dive Housing, hvis det ikke skal bruges i l\u00e6ngere perioder. (f.eks. mellem dykkerture) for at undg\u00e5 beskadigelse af batteriet. Fors\u00f8g aldrig at adskille Oceanic+ Dive Housing for at f\u00e5 adgang til batteriet, da dette kan beskadige elektronikken.<\/p>\n<p>For at undg\u00e5 ut\u00e6theder b\u00f8r O-ringene kontrolleres for at sikre, at de er fri for snavs, sand, h\u00e5r og st\u00f8v, hver gang f\u00f8r Oceanic+ Dive Housing tages i brug. Brug en bl\u00f8d klud til at reng\u00f8re O-ringene, hvis det er n\u00f8dvendigt. O-ringene b\u00f8r ogs\u00e5 kontrolleres omhyggeligt for revner eller pletter. P\u00e5f\u00f8r forsigtigt og j\u00e6vnt et tyndt lag fedt p\u00e5 hele O-ringen regelm\u00e6ssigt for at forl\u00e6nge O-ringenes levetid. Pas p\u00e5 ikke at ridse O-ringens overflade. Hvis der opst\u00e5r revner eller pletter, skal O-ringene udskiftes med det samme, ellers skal de udskiftes baseret p\u00e5 serviceintervallet.&nbsp; &nbsp;<\/p>\n<p>\u00c5bn ikke Oceanic+ Dive Housing, vakuumporten, og fors\u00f8g ikke at tage trykket af huset, mens du er i vandet. Hvis du g\u00f8r det, kan det oversv\u00f8mme og\/eller beskadige huset og din sekund\u00e6re elektronik.<\/p>\n<p>Vask ydersiden af Oceanic+ Dive Housing grundigt med rent ferskvand umiddelbart efter brug. Ibl\u00f8ds\u00e6tning af huset i ferskvand vil hj\u00e6lpe med at fjerne saltaflejringer f\u00f8r det l\u00e6gges v\u00e6k.<\/p>\n<p>Brug ikke skrappe kemikalier til at rense huset, da de kan beskadige plastikhuset.<\/p>\n<p>Brug altid et bl\u00f8dt, rent h\u00e5ndkl\u00e6de til at t\u00f8rre med for at undg\u00e5 at ridse glaslinsen eller den gennemsigtige polycarbonat.<\/p>\n<p>S\u00f8rg for, at Oceanic+ Dive Housing er t\u00f8rt, f\u00f8r du \u00e5bner det. Hvis der kommer vand i kontakt med enhedens indre kan for\u00e5rsage skade p\u00e5 enheden.<\/p>\n<p>Oceanic+ Dive Housing m\u00e5 ikke adskilles, modificeres, genfremstilles, punkteres eller beskadiges.<\/p>\n<p><strong><u>L\u00f8betid, opsigelse og overdragelse.<\/u><\/strong>&nbsp; Denne aftale bliver gyldig, n\u00e5r du klikker p\u00e5 \u201dJEG ACCEPTERER\u201d.&nbsp; Du kan opsige aftalen ved at slette softwaren.&nbsp; Denne aftale oph\u00f8rer ogs\u00e5, hvis du ikke overholder alle vilk\u00e5rene i aftalen.&nbsp; Hvis Huish v\u00e6lger at h\u00e5ndh\u00e6ve enhver af sine juridiske rettigheder, skal du derefter straks slette softwaren.&nbsp; Huish kan til enhver tid opsige denne aftale ved at deaktivere softwaren af en hvilken som helst grund, herunder, men ikke begr\u00e6nset til, hvis Huish finder, at du har overtr\u00e5dt nogen af vilk\u00e5rene i denne aftale, eller at du har fors\u00f8gt at overskride den licenserede anvendelse p\u00e5 nogen m\u00e5de.&nbsp; Opsigelse er et supplement til, og ikke i stedet for, andre retsmidler, der er tilg\u00e6ngelige for Huish.&nbsp; Alle bestemmelser vedr\u00f8rende ejendomsrettigheder skal overleve opsigelse.&nbsp; Du er ikke autoriseret til at overf\u00f8re dine rettigheder i henhold til denne aftale.<\/p>\n<p><strong><u>Brugerdata.<\/u><\/strong>&nbsp; Licenstager forst\u00e5r og accepterer, at alle brugerdata, der genereres af licenstagers brug af softwaren, herunder, men ikke begr\u00e6nset til, dykkelogfiler, information downloadet fra licenstagers dykkercomputer og andre brugerdata, kan overf\u00f8res til eller tilg\u00e5s af Huish.&nbsp; Licenstager accepterer, at Huish ikke er ansvarlig over for licenstager for nogen retssager, handlinger, krav eller \u00e5rsager til sagsanl\u00e6g om skader, d\u00f8dsfald eller skader p\u00e5 hans\/hendes person eller ejendom i forbindelse med, at Huish har adgang til nogen af licenstagerens brugerdata.&nbsp; Huish har ingen pligt til at advare licenstager eller nogen tredjepart om nogen oplysninger, der overf\u00f8res til, eller som Huish m\u00e5tte have adgang til som f\u00f8lge af licenstagers brug af softwaren.<\/p>\n<p><strong><u>MEDDELELSE OM BEGR\u00c6NSEDE RETTIGHEDER FOR USA\u2019S REGERING:<\/u><\/strong><\/p>\n<p>Meddelelse om begr\u00e6nsede rettigheder for USAs regering.&nbsp; Softwaren er en &#8220;kommerciel vare&#8221;, som dette udtryk er defineret i 48 C.F.R. 2.101 (okt. 1995), best\u00e5ende af &#8220;kommerciel computersoftware&#8221; og &#8220;kommerciel computersoftwaredokumentation&#8221;, som s\u00e5danne udtryk bruges i 48 C.F.R. 12.212 (sep. 1995).&nbsp; I overensstemmelse med 48 C.F.R. 12.212 og 48 C.F.R. 227.7202-1 til og med 227.72024 (juni 1995), vil alle slutbrugere i den amerikanske regering kun erhverve softwaren med de rettigheder, der er anf\u00f8rt heri.&nbsp; Producenten er Huish, 1540 N 2200 W Salt Lake City Utah 84116.<\/p>\n<p><strong><u>Adskillelighed.<\/u><\/strong>&nbsp; I tilf\u00e6lde af at en bestemmelse i denne aftale erkl\u00e6res eller findes ulovlig af en domstol eller ret med kompetent jurisdiktion, er en s\u00e5dan bestemmelse ugyldig med hensyn til den p\u00e5g\u00e6ldende domstols eller rets jurisdiktion, og alle de resterende bestemmelser i denne aftale forbliver i fuld kraft og virkning.<\/p>\n<p><strong><u>Andet.<\/u><\/strong>&nbsp; Denne aftale indeholder den fuldst\u00e6ndige forst\u00e5else mellem parterne og erstatter og tilsides\u00e6tter enhver tidligere eller samtidig aftale eller forst\u00e5else, hvad enten den er mundtlig eller skriftlig, med hensyn til dens emne.&nbsp;<\/p>\n<p>Denne aftale er underlagt lovene i staten Utah, USA.&nbsp; Ethvert s\u00f8gsm\u00e5l i forbindelse med denne aftale skal anl\u00e6gges ved en f\u00f8deral eller statslig domstol i Utah, USA, og parterne giver samtykke til den personlige jurisdiktion for en af disse domstole.&nbsp;<\/p>\n<p>Enhver m\u00e6gling, sagsanl\u00e6g eller anden h\u00f8ring skal indgives inden for et (1) \u00e5r efter datoen for enhver ulykke, h\u00e6ndelse eller begivet, som kravet om erstatning er baseret p\u00e5. Licenstager accepterer og anerkender, at vilk\u00e5rene og betingelserne i denne aftale fortsat skal v\u00e6re i kraft nu og i fremtiden og til enhver tid, hvor licenstager bruger softwaren og\/eller dykkercomputeren, og at de er bindende for mine arvinger, bobestyrere, administratorer, personlige repr\u00e6sentanter og\/eller enhver anden, der g\u00f8r krav p\u00e5 mine vegne.<\/p>\n<p><strong><u>Bekr\u00e6ftelse.<\/u><\/strong>&nbsp; VED AT KLIKKE P\u00c5 &#8220;ACCEPTERER&#8221; ANSES DU FOR AT HAVE ANERKENDT, AT DU HAR L\u00c6ST DENNE AFTALE, FORST\u00c5ET DEN OG ACCEPTERER AT V\u00c6RE BUNDET AF DENS VILK\u00c5R OG BETINGELSER. DU ACCEPTERER DESUDEN, AT DENNE AFTALE ER DEN KOMPLETTE OG EKSKLUSIVE AFTALEERKL\u00c6RING MELLEM DIG OG HUISH VEDR\u00d8RENDE GENNEMF\u00d8RELSEN HERAF, SOM TILSIDES\u00c6TTER ALLE FORSLAG ELLER TIDLIGERE MUNDTLIGE ELLER SKRIFTLIG AFTALER OG ENHVER ANDEN KOMMUNIKATION, DER M\u00c5TTE V\u00c6RE MELLEM PARTERNE VEDR\u00d8RENDE DENNE AFTALES EMNE. INGEN \u00c6NDRINGER AF DENNE AFTALE VIL TR\u00c6DE I KRAFT, MEDMINDRE DE ER UNDERSKREVET AF EN BEH\u00d8RIGT AUTORISERET REPR\u00c6SENTANT FOR HUISH.<\/p>\n<p>Jeg har l\u00e6st og forst\u00e5et ovenst\u00e5ende oplysninger og accepterer dem, og \u00f8nsker at downloade den angivne software.<\/p>\n<p>Copyright\u00a9 2023 Huish.<\/p><\/p>\n","protected":false},"excerpt":{"rendered":"<p>Vilk\u00e5r og betingelser L\u00c6S BETINGELSERNE I DENNE LICENSAFTALE (&#8220;AFTALE&#8221;), DER REGULERER BRUGEN AF SOFTWAREN, LEVERET DIG AF HUISH OUTDOORS, LLC (&#8220;HUISH&#8221;), DER DRIVER FORRETNING SOM &#8220;OCEANIC&#8221; OG &#8220;OCEANIC+&#8221;, INDEN BRUG AF SOFTWAREN ELLER HARDWAREN. N\u00c5R DU ANGIVER DIN ACCEPT AF DISSE VILK\u00c5R VED AT S\u00c6TTE M\u00c6RKE I BOKSEN &#8220;DU BEKR\u00c6FTER AT DU HAR L\u00c6ST OG [&hellip;]<\/p>\n","protected":false},"author":11,"featured_media":621,"parent":0,"menu_order":0,"comment_status":"open","ping_status":"open","template":"","meta":{"_acf_changed":false,"footnotes":""},"class_list":["post-619","page","type-page","status-publish","has-post-thumbnail","hentry"],"acf":[],"_links":{"self":[{"href":"https:\/\/eu.oceanicworldwide.com\/da\/wp-json\/wp\/v2\/pages\/619","targetHints":{"allow":["GET"]}}],"collection":[{"href":"https:\/\/eu.oceanicworldwide.com\/da\/wp-json\/wp\/v2\/pages"}],"about":[{"href":"https:\/\/eu.oceanicworldwide.com\/da\/wp-json\/wp\/v2\/types\/page"}],"author":[{"embeddable":true,"href":"https:\/\/eu.oceanicworldwide.com\/da\/wp-json\/wp\/v2\/users\/11"}],"replies":[{"embeddable":true,"href":"https:\/\/eu.oceanicworldwide.com\/da\/wp-json\/wp\/v2\/comments?post=619"}],"version-history":[{"count":0,"href":"https:\/\/eu.oceanicworldwide.com\/da\/wp-json\/wp\/v2\/pages\/619\/revisions"}],"wp:featuredmedia":[{"embeddable":true,"href":"https:\/\/eu.oceanicworldwide.com\/da\/wp-json\/wp\/v2\/media\/621"}],"wp:attachment":[{"href":"https:\/\/eu.oceanicworldwide.com\/da\/wp-json\/wp\/v2\/media?parent=619"}],"curies":[{"name":"wp","href":"https:\/\/api.w.org\/{rel}","templated":true}]}}