{"id":1264,"date":"2023-09-14T17:24:07","date_gmt":"2023-09-14T17:24:07","guid":{"rendered":"https:\/\/huisheuro.wpengine.com\/?page_id=1264"},"modified":"2023-11-28T19:15:25","modified_gmt":"2023-11-28T19:15:25","slug":"oceanic-persondatapolitik","status":"publish","type":"page","link":"https:\/\/eu.oceanicworldwide.com\/da\/oceanic-persondatapolitik\/","title":{"rendered":"Oceanic persondatapolitik"},"content":{"rendered":"\n<p><strong>Persondatapolitik<\/strong><\/p>\n\n\n\n<p>Denne persondatapolitik er blevet udarbejdet for bedre at kunne betjene dem, der er bekymrede over, hvordan deres &#8220;Personligt Identificerbare oplysninger&#8221; (PII) bliver brugt online. PII er oplysninger, der kan bruges alene eller sammen med andre oplysninger til at identificere, kontakte eller lokalisere en enkelt person eller til at identificere en person i kontekst. L\u00e6s venligst vores persondatapolitik omhyggeligt for at f\u00e5 en klar forst\u00e5else af, hvordan vi indsamler, bruger, beskytter eller p\u00e5 anden m\u00e5de h\u00e5ndterer dine personligt identificerbare oplysninger p\u00e5 vores websted.<\/p>\n\n\n\n<p><strong>HVILKE PERSONLIGE OPLYSNINGER INDSAMLER VI FRA DE PERSONER, DER BES\u00d8GER VORES WEBSTED?<\/strong><\/p>\n\n\n\n<p>N\u00e5r du bestiller eller registrerer dig p\u00e5 vores websted, alt efter hvad der er relevant, kan du blive bedt om at indtaste navn, e-mailadresse, postadresse, telefonnummer, kreditkortoplysninger eller andre detaljer for at g\u00f8re din oplevelse bedre.<\/p>\n\n\n\n<p><strong>HVILKE OPLYSNINGER INDSAMLER VI?<\/strong><\/p>\n\n\n\n<p>Vi indsamler oplysninger fra dig, n\u00e5r du afgiver en ordre, abonnerer p\u00e5 et nyhedsbrev, udfylder en formular eller indtaster oplysninger p\u00e5 vores websted eller giver os feedback p\u00e5 vores produkter eller tjenester.&nbsp;<\/p>\n\n\n\n<p><strong>HVORDAN BRUGER VI DINE OPLYSNINGER?<\/strong><\/p>\n\n\n\n<p>Vi kan bruge de oplysninger, vi indsamler fra dig, n\u00e5r du registrerer dig, foretager et k\u00f8b, tilmelder dig vores nyhedsbrev, besvarer en unders\u00f8gelse eller marketingkommunikation, surfer p\u00e5 webstedet eller bruger visse andre webstedsfunktioner p\u00e5 f\u00f8lgende m\u00e5der:<\/p>\n\n\n\n<ul class=\"wp-block-list\">\n<li>Til at tilpasse din oplevelse og give os mulighed for at levere den type indhold og de produkttilbud, som du er mest interesseret i.<\/li>\n\n\n\n<li>Til at forbedre vores websted for bedre at kunne betjene dig.<\/li>\n\n\n\n<li>Til at give os mulighed for bedre at betjene dig ved at svare p\u00e5 dine kundeserviceanmodninger.<\/li>\n\n\n\n<li>Til at administrere konkurrencer, promovering, unders\u00f8gelser eller andre funktioner p\u00e5 webstedet.<\/li>\n\n\n\n<li>Til hurtigt at behandle dine transaktioner.<\/li>\n\n\n\n<li>Til at bede om vurderinger og anmeldelser af tjenester eller produkter.<\/li>\n<\/ul>\n\n\n\n<p><strong>HVORDAN BESKYTTER VI DINE OPLYSNINGER?<\/strong><\/p>\n\n\n\n<p>Vores websted scannes l\u00f8bende for sikkerhedshuller og kendte s\u00e5rbarheder for at g\u00f8re dit bes\u00f8g p\u00e5 vores websted s\u00e5 sikkert som muligt.<\/p>\n\n\n\n<p>Vi bruger ikke Malware-scanning.<\/p>\n\n\n\n<p>Dine personlige oplysninger opbevares bag sikrede netv\u00e6rk og er kun tilg\u00e6ngelige for et begr\u00e6nset antal personer, som har s\u00e6rlige adgangsrettigheder til s\u00e5danne systemer, og som er forpligtet til at holde oplysningerne fortrolige. Derudover er alle f\u00f8lsomme\/kreditoplysninger, du afgiver, krypteret via Secure Socket Layer (SSL) teknologi.<\/p>\n\n\n\n<p>Vi implementerer en r\u00e6kke sikkerhedsforanstaltninger, n\u00e5r en bruger afgiver en ordre, indtaster, sender eller f\u00e5r adgang til ordreoplysninger for at opretholde sikkerheden af dine personoplysninger.<\/p>\n\n\n\n<p>Alle transaktioner behandles gennem en gateway-udbyder og opbevares eller behandles ikke p\u00e5 vores servere.<\/p>\n\n\n\n<p><strong>BRUGER VI COOKIES?<\/strong><\/p>\n\n\n\n<p>Dette websted bruger cookies. Vi bruger cookies til at tilpasse indhold og annoncer, til at levere funktioner p\u00e5 sociale medier og til at analysere vores trafik. Vi deler ogs\u00e5 oplysninger om din brug af vores websted med vores sociale medier, reklame- og analysepartnere, som kan kombinere dem med andre oplysninger, som du har givet dem, eller som de har indsamlet gennem din brug af deres tjenester. Du giver samtykke til vores cookies, hvis du forts\u00e6tter med at bruge vores websted.<\/p>\n\n\n\n<p>Cookies er sm\u00e5 tekstfiler, der kan bruges af websteder til at g\u00f8re en brugers oplevelse mere effektiv.<br><br>Loven siger, at vi kan gemme cookies p\u00e5 din enhed, hvis de er strengt n\u00f8dvendige for driften af webstedet. For alle andre typer cookies har vi brug for din tilladelse.<br><br>Dette websted bruger forskellige typer cookies. Nogle cookies placeres af tredjepartstjenester, der vises p\u00e5 vores websted.<br><br>Du kan til enhver tid \u00e6ndre eller tr\u00e6kke dit samtykke tilbage fra Cookie-erkl\u00e6ringen p\u00e5 vores websted.<br><br>L\u00e6r mere om, hvem vi er, hvordan du kan kontakte os, og hvordan vi behandler personoplysninger i vores persondatapolitik.<\/p>\n\n\n\n<p>Dit samtykke g\u00e6lder for f\u00f8lgende dom\u00e6ner: <a href=\"http:\/\/www.oceanicworldwide.com\">www.oceanicworldwide.com<\/a> og www.eu.oceanicworldwide.com<\/p>\n\n\n\n<p>Cookie-erkl\u00e6ring sidste opdateret den 7\/24\/23 af&nbsp;<a href=\"https:\/\/www.cookiebot.com\/\" target=\"_blank\" rel=\"noreferrer noopener\">Cookiebot<\/a>:<\/p>\n\n\n\n<p><strong>OPLYSNINGER TIL TREDJEPARTER<\/strong><\/p>\n\n\n\n<p>Vi s\u00e6lger, bytter eller overf\u00f8rer ikke p\u00e5 anden m\u00e5de dine personligt identificerbare oplysninger til eksterne parter, medmindre vi giver forudg\u00e5ende varsel. Dette inkluderer ikke webstedshostingpartnere og andre parter, der hj\u00e6lper os med at drive vores websted, drive vores forretning eller betjene vores brugere, s\u00e5 l\u00e6nge disse parter er enige om at holde disse oplysninger fortrolige. Vi kan ogs\u00e5 videregive oplysninger, n\u00e5r videregivelsen er n\u00f8dvendig for at overholde loven, h\u00e5ndh\u00e6ve vores webstedspolitikker eller beskytte vores eller andres rettigheder, ejendom eller sikkerhed.&nbsp;<\/p>\n\n\n\n<p>Ikke-personligt identificerbare bes\u00f8gsoplysninger kan dog gives til andre parter til markedsf\u00f8ring, annoncering eller anden brug.<\/p>\n\n\n\n<p><strong>TREDJEPARTSLINK<\/strong><\/p>\n\n\n\n<p>Vi inkluderer eller tilbyder ikke tredjepartsprodukter eller -tjenester p\u00e5 vores websted.<\/p>\n\n\n\n<p><strong>GOOGLE<\/strong><\/p>\n\n\n\n<p>Googles annonceringskrav kan opsummeres af Googles annonceringsprincipper. De er der for at give en positiv oplevelse for brugerne.<\/p>\n\n\n\n<figure class=\"wp-block-embed\"><div class=\"wp-block-embed__wrapper\">\nhttps:\/\/support.google.com\/adwordspolicy\/answer\/1316548?hl=en\n<\/div><\/figure>\n\n\n\n<p>Vi bruger Google AdSense-annoncering p\u00e5 vores websted.<\/p>\n\n\n\n<p>Google bruger, som tredjepartsleverand\u00f8r, cookies til at vise annoncer p\u00e5 vores websted. Googles brug af DART-cookien g\u00f8r det muligt for dem at vise annoncer til vores brugere baseret p\u00e5 tidligere bes\u00f8g p\u00e5 vores websted og andre websteder p\u00e5 internettet. Brugere kan frav\u00e6lge brugen af DART-cookien ved at bes\u00f8ge Googles annonce- og indholdsnetv\u00e6rks persondatapolitik.<\/p>\n\n\n\n<p><strong>VI HAR IMPLEMENTERET F\u00d8LGENDE:<\/strong><\/p>\n\n\n\n<ul class=\"wp-block-list\">\n<li>Remarketing med Google AdSense<\/li>\n\n\n\n<li>Google Display Network Impression Reporting<\/li>\n\n\n\n<li>Rapportering af demografi og interesser<\/li>\n\n\n\n<li>Facebooks konverteringssporingspixel<\/li>\n<\/ul>\n\n\n\n<p>Vi bruger &#8220;visitor action pixels&#8221; fra Facebook Inc (1 Hacker Way, Menlo Park, CA 94025, USA, eller, hvis du er baseret i EU, Facebook Ireland Ltd., 4 Grand Canal Square, Grand Canal Harbour, Dublin 2, Irland (&#8220;Facebook&#8221;)) p\u00e5 vores websted.<\/p>\n\n\n\n<p>Dette g\u00f8r det muligt at spore brugeradf\u00e6rd, efter at de er blevet omdirigeret til udbyderens websted ved at klikke p\u00e5 en Facebook-annonce. Dette g\u00f8r os i stand til at m\u00e5le effektiviteten af Facebook-annoncer til statistiske og markedsunders\u00f8gelsesform\u00e5l. De data, der indsamles p\u00e5 denne m\u00e5de, er anonyme for os, det vil sige, at vi ikke kan se individuelle brugeres personoplysninger. Disse oplysninger opbevares og behandles dog af Facebook, hvilket er grunden til, at vi informerer dig p\u00e5 baggrund af vores viden om situationen. Facebook kan linke disse oplysninger til din Facebook-konto og ogs\u00e5 bruge dem til sine egne salgsfremmende form\u00e5l i overensstemmelse med Facebooks politik for databrug https:\/\/www.facebook.com\/about\/privacy\/. Du kan tillade Facebook og dets partnere at placere annoncer p\u00e5 og uden for Facebook. En cookie kan ogs\u00e5 blive gemt p\u00e5 din computer til disse form\u00e5l.<\/p>\n\n\n\n<p>Retsgrundlaget for brugen af denne tjeneste er art. 6 stk. 1 punktum 1 litra f i GDPR. Du kan g\u00f8re indsigelse mod indsamlingen af dine data ved hj\u00e6lp af Facebook pixel, eller mod brugen af dine data med det form\u00e5l at vise Facebook-annoncer ved at kontakte f\u00f8lgende adresse: https:\/\/www.facebook.com\/settings?tab=ads.<\/p>\n\n\n\n<p>Facebook er certificeret under Privacy Shield Agreement og garanterer dermed overholdelse af europ\u00e6isk databeskyttelseslovgivning (<a href=\"https:\/\/www.privacyshield.gov\/participant?id=a2zt0000000GnywAAC&amp;status=Active)\">https:\/\/www.privacyshield.gov\/participant?id=a2zt0000000GnywAAC&amp;status=Active)<\/a>.<\/p>\n\n\n\n<p>Vi bruger, sammen med tredjepartsleverand\u00f8rer s\u00e5som Google, f\u00f8rstepartscookies (s\u00e5som Google Analytics-cookies) og tredjepartscookies (s\u00e5som DoubleClick-cookien) eller andre tredjeparts-id&#8217;er sammen til at kompilere data vedr\u00f8rende brugerinteraktioner med annoncevisninger og andre annonceservicefunktioner, som de relaterer til vores websted.<\/p>\n\n\n\n<p><strong>FRAVALG:<\/strong><\/p>\n\n\n\n<p>Brugere kan angive pr\u00e6ferencer for, hvordan Google annoncerer for dig ved hj\u00e6lp af siden med Google-annonceindstillinger. Alternativt kan du framelde dig ved at bes\u00f8ge Network Advertising Initiative Opt Out-siden eller ved at bruge tilf\u00f8jelsen Google Analytics Opt Out Browser.<\/p>\n\n\n\n<p><strong>DU VIL BLIVE UNDERRETTET OM \u00c6NDRINGER AF PERSONDATAPOLITIKKEN:<\/strong><\/p>\n\n\n\n<p><strong>&nbsp;<\/strong>P\u00e5 vores persondatapolitikside<\/p>\n\n\n\n<p><strong>DU KAN \u00c6NDRE DINE PERSONOPLYSINGER:<\/strong><\/p>\n\n\n\n<p><strong>&nbsp;<\/strong>Ved at anmode om \u00e6ndringen via e-mail: Privacy@huishoutdoors.com<\/p>\n\n\n\n<p><strong>HVORDAN SPORER VORES WEBSTED IKKE SIGNALER?<\/strong><\/p>\n\n\n\n<p>Vi respekterer Do Not Track-signaler og sporer ikke, anbringer ikke cookies eller viser ikke reklamer, n\u00e5r en Do Not Track (DNT) browsermekanisme er aktiveret.<\/p>\n\n\n\n<p><strong>TILLADER VORES WEBSTED TREDJEPARTS ADF\u00c6RDSPORING?<\/strong><\/p>\n\n\n\n<p>Det er ogs\u00e5 vigtigt at bem\u00e6rke, at vi tillader tredjeparts adf\u00e6rdssporing<\/p>\n\n\n\n<p><strong>COPPA (LOV OM BESKYTTELSE AF B\u00d8RNS PRIVATLIV ONLINE)<\/strong><\/p>\n\n\n\n<p>N\u00e5r det g\u00e6lder indsamling af personoplysninger fra b\u00f8rn under 13 \u00e5r, giver COPPA (lov om beskyttelse af b\u00f8rns privatliv online) for\u00e6ldre kontrollen. Federal Trade Commission, USA&#8217;s forbrugerbeskyttelsesagentur, h\u00e5ndh\u00e6ver COPPA-reglen, som pr\u00e6ciserer, hvad operat\u00f8rer af websteder og onlinetjenester skal g\u00f8re for at beskytte b\u00f8rns privatliv og sikkerhed online.<\/p>\n\n\n\n<p>Vi markedsf\u00f8rer ikke specifikt til b\u00f8rn under 13 \u00e5r.<\/p>\n\n\n\n<p><strong>FAIR INFORMATIONSPRAKSIS<\/strong><\/p>\n\n\n\n<p>Fair informationspraksis-principperne udg\u00f8r rygraden i privatlivslovgivningen i USA, og de begreber, de inkluderer, har spillet en v\u00e6sentlig rolle i udviklingen af databeskyttelseslove over hele kloden. Forst\u00e5else af principperne for fair informationspraksis og hvordan de skal implementeres er afg\u00f8rende for at overholde de forskellige privatlivslove, der beskytter personoplysninger.<\/p>\n\n\n\n<p><strong>For at v\u00e6re i overensstemmelse med fair informationspraksis vil vi tr\u00e6ffe f\u00f8lgende responsive handlinger, hvis der skulle opst\u00e5 et databrud:<\/strong><\/p>\n\n\n\n<p><strong>Vi vil underrette dig via e-mail:<\/strong><\/p>\n\n\n\n<p>Inden for 7 hverdage<\/p>\n\n\n\n<p>Vi accepterer ogs\u00e5 princippet om individuel klageadgang, som kr\u00e6ver, at enkeltpersoner har ret til juridisk at forf\u00f8lge h\u00e5ndh\u00e6vede rettigheder over for dataindsamlere og databehandlere, som ikke overholder loven. Dette princip kr\u00e6ver ikke kun, at enkeltpersoner har rettigheder, der kan h\u00e5ndh\u00e6ves over for databrugere, men ogs\u00e5, at enkeltpersoner har adgang til domstole eller offentlige myndigheder for at efterforske og\/eller retsforf\u00f8lge databehandleres manglende overholdelse.<\/p>\n\n\n\n<p><strong>CAN SPAM-LOVEN<\/strong><\/p>\n\n\n\n<p>CAN-SPAM-loven er en lov, der s\u00e6tter reglerne for kommerciel e-mail, opstiller krav til kommercielle meddelelser, giver modtagere ret til at forhindre e-mails i at blive sendt til dem, og fasts\u00e6tter h\u00e5rde straffe for overtr\u00e6delser.<\/p>\n\n\n\n<p><strong>Vi registrerer din e-mailadresse for at:<\/strong><\/p>\n\n\n\n<ul class=\"wp-block-list\">\n<li>Sende oplysninger, svare p\u00e5 foresp\u00f8rgsler og\/eller andre anmodninger eller sp\u00f8rgsm\u00e5l<\/li>\n\n\n\n<li>Behandle ordrer og sende oplysninger og opdateringer vedr\u00f8rende ordrer.<\/li>\n\n\n\n<li>Sende dig yderligere oplysninger: relateret til dit produkt og\/eller din tjeneste<\/li>\n\n\n\n<li>Markedsf\u00f8re til vores mailingliste eller forts\u00e6tte med at sende e-mails til vores kunder, efter den oprindelige transaktion har fundet sted.<\/li>\n<\/ul>\n\n\n\n<p><strong>For at v\u00e6re i overensstemmelse med CANSPAM accepterer vi f\u00f8lgende:<\/strong><\/p>\n\n\n\n<ul class=\"wp-block-list\">\n<li>Ikke at bruge falske eller vildledende emner eller e-mailadresser.<\/li>\n\n\n\n<li>Identificere meddelelsen som en reklame p\u00e5 en fornuftig m\u00e5de.<\/li>\n\n\n\n<li>Inkludere den fysiske adresse p\u00e5 vores virksomhed eller hovedkvarter.<\/li>\n\n\n\n<li>Overv\u00e5ge tredjeparts e-mailmarketingtjenester for overholdelse, hvis en s\u00e5dan bruges.<\/li>\n\n\n\n<li>Im\u00f8dekomme anmodninger om fra-\/afmelding hurtigt.<\/li>\n\n\n\n<li>Tillad brugere at afmelde sig ved at bruge linket nederst i hver e-mail.<\/li>\n<\/ul>\n\n\n\n<p><strong>Hvis du p\u00e5 noget tidspunkt \u00f8nsker at afmelde modtagelse af fremtidige e-mails, kan du sende os en e-mail p\u00e5:<\/strong><\/p>\n\n\n\n<p>F\u00f8lg anvisningerne nederst i hver e-mail, s\u00e5 fjerner vi dig straks fra&nbsp;<strong>AL<\/strong>&nbsp;korrespondance.<\/p>\n\n\n\n<p><strong>KONTAKT OS<\/strong><\/p>\n\n\n\n<p>Hvis der er sp\u00f8rgsm\u00e5l vedr\u00f8rende denne persondatapolitik, kan du kontakte os ved hj\u00e6lp af oplysningerne nedenfor.<\/p>\n\n\n\n<p>www.oceanicworldwide.com<br>1540 North 2200 West<br>Salt Lake City, Utah 84116<br>United States<\/p>\n\n\n\n<p><a href=\"mailto:Privacy@huishoutdoors.com\">Privacy@huishoutdoors.com<\/a><\/p>\n\n\n\n<p>Sidst redigeret den 09-11-2023<\/p>\n\n\n\n<div class=\"container-fluid\">\n<div class=\"row\">\n<div class=\"col\">\n<h4 class=\"wp-block-heading\">BRUGER VI COOKIES?<\/h4>\n\n\n\n<script id=\"CookieDeclaration\" src=\"https:\/\/consent.cookiebot.com\/1552aead-e1ab-467d-9b17-f8cd3923101e\/cd.js\" type=\"text\/javascript\" async><\/script>\n<\/div>\n<\/div>\n<\/div>\n","protected":false},"excerpt":{"rendered":"<p>Persondatapolitik Denne persondatapolitik er blevet udarbejdet for bedre at kunne betjene dem, der er bekymrede over, hvordan deres &#8220;Personligt Identificerbare oplysninger&#8221; (PII) bliver brugt online. PII er oplysninger, der kan bruges alene eller sammen med andre oplysninger til at identificere, kontakte eller lokalisere en enkelt person eller til at identificere en person i kontekst. L\u00e6s [&hellip;]<\/p>\n","protected":false},"author":11,"featured_media":0,"parent":0,"menu_order":0,"comment_status":"closed","ping_status":"closed","template":"","meta":{"_acf_changed":false,"footnotes":""},"class_list":["post-1264","page","type-page","status-publish","hentry"],"acf":[],"_links":{"self":[{"href":"https:\/\/eu.oceanicworldwide.com\/da\/wp-json\/wp\/v2\/pages\/1264","targetHints":{"allow":["GET"]}}],"collection":[{"href":"https:\/\/eu.oceanicworldwide.com\/da\/wp-json\/wp\/v2\/pages"}],"about":[{"href":"https:\/\/eu.oceanicworldwide.com\/da\/wp-json\/wp\/v2\/types\/page"}],"author":[{"embeddable":true,"href":"https:\/\/eu.oceanicworldwide.com\/da\/wp-json\/wp\/v2\/users\/11"}],"replies":[{"embeddable":true,"href":"https:\/\/eu.oceanicworldwide.com\/da\/wp-json\/wp\/v2\/comments?post=1264"}],"version-history":[{"count":0,"href":"https:\/\/eu.oceanicworldwide.com\/da\/wp-json\/wp\/v2\/pages\/1264\/revisions"}],"wp:attachment":[{"href":"https:\/\/eu.oceanicworldwide.com\/da\/wp-json\/wp\/v2\/media?parent=1264"}],"curies":[{"name":"wp","href":"https:\/\/api.w.org\/{rel}","templated":true}]}}